{"id":6723,"date":"2026-02-24T00:23:42","date_gmt":"2026-02-23T23:23:42","guid":{"rendered":"https:\/\/poradenstvikhk.cz\/ndusevni\/?page_id=6723"},"modified":"2026-03-16T10:36:12","modified_gmt":"2026-03-16T09:36:12","slug":"zapojene-skoly","status":"publish","type":"page","link":"https:\/\/poradenstvikhk.cz\/ndusevni\/zapojene-skoly\/","title":{"rendered":"Zapojen\u00e9 \u0161koly"},"content":{"rendered":"\t\t<div data-elementor-type=\"wp-page\" data-elementor-id=\"6723\" class=\"elementor elementor-6723\">\n\t\t\t\t<div class=\"elementor-element elementor-element-1f282342 e-flex e-con-boxed e-con e-parent\" data-id=\"1f282342\" data-element_type=\"container\" data-e-type=\"container\" data-settings=\"{&quot;background_background&quot;:&quot;classic&quot;}\">\n\t\t\t\t\t<div class=\"e-con-inner\">\n\t\t\t\t<div class=\"elementor-element elementor-element-1b74553f elementor-widget elementor-widget-heading\" data-id=\"1b74553f\" data-element_type=\"widget\" data-e-type=\"widget\" data-widget_type=\"heading.default\">\n\t\t\t\t\t\t<div class=\"elementor-widget-container\">\n\t\t\t\t\t<h1 class=\"elementor-heading-title elementor-size-default\">Zapojen\u00e9 \u0161koly<\/h1>\t\t\t\t<\/div>\n\t\t\t\t<\/div>\n\t\t\t\t<div class=\"elementor-element elementor-element-8049ef5 elementor-view-default elementor-widget elementor-widget-icon\" data-id=\"8049ef5\" data-element_type=\"widget\" data-e-type=\"widget\" data-widget_type=\"icon.default\">\n\t\t\t\t\t\t<div class=\"elementor-widget-container\">\n\t\t\t\t\t\t\t<div class=\"elementor-icon-wrapper\">\n\t\t\t<div class=\"elementor-icon\">\n\t\t\t<svg aria-hidden=\"true\" class=\"e-font-icon-svg e-fas-school\" viewBox=\"0 0 640 512\" xmlns=\"http:\/\/www.w3.org\/2000\/svg\"><path d=\"M0 224v272c0 8.84 7.16 16 16 16h80V192H32c-17.67 0-32 14.33-32 32zm360-48h-24v-40c0-4.42-3.58-8-8-8h-16c-4.42 0-8 3.58-8 8v64c0 4.42 3.58 8 8 8h48c4.42 0 8-3.58 8-8v-16c0-4.42-3.58-8-8-8zm137.75-63.96l-160-106.67a32.02 32.02 0 0 0-35.5 0l-160 106.67A32.002 32.002 0 0 0 128 138.66V512h128V368c0-8.84 7.16-16 16-16h96c8.84 0 16 7.16 16 16v144h128V138.67c0-10.7-5.35-20.7-14.25-26.63zM320 256c-44.18 0-80-35.82-80-80s35.82-80 80-80 80 35.82 80 80-35.82 80-80 80zm288-64h-64v320h80c8.84 0 16-7.16 16-16V224c0-17.67-14.33-32-32-32z\"><\/path><\/svg>\t\t\t<\/div>\n\t\t<\/div>\n\t\t\t\t\t\t<\/div>\n\t\t\t\t<\/div>\n\t\t\t\t\t<\/div>\n\t\t\t\t<\/div>\n\t\t\t\t<section class=\"elementor-section elementor-top-section elementor-element elementor-element-1dc1b22a elementor-section-boxed elementor-section-height-default elementor-section-height-default\" data-id=\"1dc1b22a\" data-element_type=\"section\" data-e-type=\"section\" data-settings=\"{&quot;background_background&quot;:&quot;classic&quot;}\">\n\t\t\t\t\t\t<div class=\"elementor-container elementor-column-gap-default\">\n\t\t\t\t\t<div class=\"elementor-column elementor-col-100 elementor-top-column elementor-element elementor-element-5171b942\" data-id=\"5171b942\" data-element_type=\"column\" data-e-type=\"column\">\n\t\t\t<div class=\"elementor-widget-wrap elementor-element-populated\">\n\t\t\t\t\t\t<div class=\"elementor-element elementor-element-54c45f55 elementor-widget elementor-widget-text-editor\" data-id=\"54c45f55\" data-element_type=\"widget\" data-e-type=\"widget\" data-widget_type=\"text-editor.default\">\n\t\t\t\t\t\t<div class=\"elementor-widget-container\">\n\t\t\t\t\t\t\t\t\t<div id=\"pe-content-part\" tabindex=\"-1\" role=\"main\"><div id=\"pe-content-part-in\" class=\"pe-container \"><div class=\"pe-row\"><div id=\"pe-content\" class=\"col-md-12\"><p><strong>2024\/2025<\/strong><\/p><table width=\"1377\"><tbody><tr><td width=\"31\">\u00a0<\/td><td width=\"533\"><strong>\u0160KOLA<\/strong><\/td><td width=\"171\"><strong>WEBOV\u00c9 STR\u00c1NKY<\/strong><\/td><td width=\"147\"><strong>KONTAKTN\u00cd OSOBA<\/strong><\/td><td width=\"231\"><strong>KONTAKT<\/strong><\/td><\/tr><tr><td width=\"31\">1<\/td><td width=\"533\">Z\u00e1kladn\u00ed \u0161kola, \u017deleznick\u00e1 460<\/td><td><a href=\"http:\/\/www.4zs.jicin.cz\/\">www.4zs.jicin.cz<\/a><\/td><td width=\"147\">\u0160imonov\u00e1 Aneta, Bryknerov\u00e1 Mabel<\/td><td width=\"231\">simonova@4zs.jicin.cz, bryknerova@4zs.jicin.cz<\/td><\/tr><tr><td width=\"31\">2<\/td><td width=\"533\">St\u0159edn\u00ed \u0161kola slu\u017eeb, obchodu a&nbsp;gastronomie Hradec Kr\u00e1lov\u00e9<\/td><td width=\"171\"><a href=\"http:\/\/www.sssoghk.cz\/\">www.sssoghk.cz<\/a><\/td><td width=\"147\">Nehybov\u00e1 Renata<\/td><td width=\"231\">nehybovar@sssoghk.cz<\/td><\/tr><tr><td width=\"31\">3<\/td><td width=\"533\">Z\u00e1kladn\u00ed \u0161kola Hradec Kr\u00e1lov\u00e9 t\u0159\u00eddy SNP 694<\/td><td width=\"171\"><a href=\"http:\/\/www.zssnp.cz\/\">www.zssnp.cz<\/a><\/td><td width=\"147\">Ran\u010d\u00e1kov\u00e1 Nela<\/td><td width=\"231\">rancakova@edu-zssnp.cz<\/td><\/tr><tr><td width=\"31\">4<\/td><td width=\"533\">Z\u00e1kladn\u00ed \u0161kola a&nbsp;Praktick\u00e1 \u0161kola, Broumov<\/td><td width=\"171\"><a href=\"http:\/\/www.skolabroumov.cz\/\">www.skolabroumov.cz<\/a><\/td><td width=\"147\">Pancnerova Petra<\/td><td width=\"231\">reditel@skolabroumov.cz<\/td><\/tr><tr><td width=\"31\">5<\/td><td width=\"533\">Gymn\u00e1zium F. M. Pelcla v&nbsp;Rychnov\u011b nad Kn\u011b\u017enou<\/td><td width=\"171\"><a href=\"http:\/\/www.grk.cz\/\">www.grk.cz<\/a><\/td><td width=\"147\">\u0160koln\u00edkov\u00e1 Pavl\u00edna<\/td><td width=\"231\">skolnikova@grk.cz<\/td><\/tr><tr><td width=\"31\">6<\/td><td width=\"533\">Z\u0160 a&nbsp;M\u0160, V\u0161estary<\/td><td width=\"171\"><a href=\"http:\/\/www.zsvsestary.cz\/\">www.zsvsestary.cz<\/a><\/td><td width=\"147\">Pe\u010denkov\u00e1 Iveta<\/td><td width=\"231\">pecenkova@zsvsestary.cz<\/td><\/tr><tr><td width=\"31\">7<\/td><td width=\"533\">Z\u00e1kladn\u00ed \u0161kola a&nbsp;Praktick\u00e1 \u0161kola Dv\u016fr Kr\u00e1lov\u00e9 nad Labem<\/td><td width=\"171\"><a href=\"http:\/\/www.zs-dk.cz\/\">www.zs-dk.cz<\/a><\/td><td>J\u00e1klov\u00e1 Kate\u0159ina<\/td><td width=\"231\">jaklova@zs-dk.cz<\/td><\/tr><tr><td width=\"31\">8<\/td><td width=\"533\">Vy\u0161\u0161\u00ed odborn\u00e1 \u0161kola zdravotnick\u00e1, St\u0159edn\u00ed zdravotnick\u00e1 \u0161kola a&nbsp;Obchodn\u00ed akademie, Trutnov<\/td><td><a href=\"http:\/\/www.szstrutnov.cz\/\">www.szstrutnov.cz<\/a><\/td><td width=\"147\">Tal\u00e1bov\u00e1 Lenka<\/td><td width=\"231\">ta@oatrutnov.cz<\/td><\/tr><tr><td width=\"31\">9<\/td><td width=\"533\">Z\u00e1kladn\u00ed \u0161kola, Trutnov 2, Ml\u00e1de\u017enick\u00e1 536<\/td><td width=\"171\"><a href=\"http:\/\/www.zsmltu.cz\/\">www.zsmltu.cz<\/a><\/td><td width=\"147\">Teichmann Ji\u0159\u00ed<\/td><td width=\"231\">teicjir@gmail.com<\/td><\/tr><tr><td width=\"31\">10<\/td><td width=\"533\">Z\u00e1kladn\u00ed \u0161kola Mraveni\u0161t\u011b<\/td><td width=\"171\"><a href=\"http:\/\/www.domraveniste.cz\/\">www.domraveniste.cz<\/a><\/td><td width=\"147\">Portychov\u00e1 Eva<\/td><td width=\"231\">eva.portychova@domraveniste.cz<\/td><\/tr><tr><td width=\"31\">11<\/td><td width=\"533\">TRIVIS \u2013 St\u0159edn\u00ed \u0161kola ve\u0159ejnopr\u00e1vn\u00ed T\u0159ebechovice pod Orebem s.r.o.<\/td><td width=\"171\"><a href=\"http:\/\/www.trivistreb.cz\/\">www.trivistreb.cz<\/a><\/td><td width=\"147\">\u0160\u016flov\u00e1 Stanislava<\/td><td width=\"231\">sulova@trivis.cz<\/td><\/tr><tr><td width=\"31\">12<\/td><td width=\"533\">Domov ml\u00e1de\u017ee, intern\u00e1t a&nbsp;\u0161koln\u00ed j\u00eddelna, Hradec Kr\u00e1lov\u00e9, Vocelova 1469\/5<\/td><td width=\"171\"><a href=\"http:\/\/www.sosasou-vocelova.cz\/\">www.sosasou-vocelova.cz<\/a><\/td><td width=\"147\">Sylva Nekolov\u00e1<\/td><td width=\"231\">nekolova@dmhk.cz<\/td><\/tr><tr><td width=\"31\">13<\/td><td width=\"533\">St\u0159edn\u00ed \u0161kola profesn\u00ed p\u0159\u00edpravy<\/td><td width=\"171\"><a href=\"http:\/\/www.sspphk.cz\/\">www.sspphk.cz<\/a><\/td><td width=\"147\">Simonov\u00e1 Carmen<\/td><td width=\"231\">carmen.simonova@sspphk.cz<\/td><\/tr><tr><td width=\"31\">14<\/td><td width=\"533\">Z\u00e1kladn\u00ed \u0161kola, Hradec Kr\u00e1lov\u00e9, Bezru\u010dova 1468<\/td><td width=\"171\"><a href=\"http:\/\/www.bezrucka.cz\/\">www.bezrucka.cz<\/a><\/td><td width=\"147\">\u0158e\u010dinsk\u00e1 Jana<\/td><td width=\"231\">recinska@bezrucka.cz<\/td><\/tr><tr><td width=\"31\">15<\/td><td width=\"533\">St\u0159edn\u00ed pr\u016fmyslov\u00e1 \u0161kola, St\u0159edn\u00ed odborn\u00e1 \u0161kola a&nbsp;St\u0159edn\u00ed odborn\u00e9 u\u010dili\u0161t\u011b, Hradec Kr\u00e1lov\u00e9<\/td><td width=\"171\"><a href=\"http:\/\/www.hradebni.cz\/\">www.hradebni.cz<\/a><\/td><td width=\"147\">Miroslav Toby\u0161ka<\/td><td width=\"231\">tobyska@hradebni.cz<\/td><\/tr><tr><td width=\"31\">16<\/td><td width=\"533\">Gymn\u00e1zium a&nbsp;St\u0159edn\u00ed odborn\u00e1 \u0161kola pedagogick\u00e1, Nov\u00e1 Paka<\/td><td width=\"171\"><a href=\"http:\/\/www.gymnp.cz\/\">www.gymnp.cz<\/a><\/td><td width=\"147\">Hor\u00e1kov\u00e1 \u0160\u00e1rka<\/td><td width=\"231\">sarka.horakova@gymnp.cz<\/td><\/tr><\/tbody><\/table><p><strong>2025\/2026<\/strong><\/p><table width=\"1240\"><tbody><tr><td width=\"31\">\u00a0<\/td><td width=\"565\">\u0160KOLA<\/td><td width=\"439\">WEB<\/td><\/tr><tr><td width=\"31\">1<\/td><td width=\"565\">Z\u00e1kladn\u00ed \u0161kola a&nbsp;Mate\u0159sk\u00e1 \u0161kola, Chvalkovice, okres N\u00e1chod<\/td><td><a href=\"http:\/\/www.zschvalkovice.cz\/\">http:\/\/www.zschvalkovice.cz\/<\/a><\/td><\/tr><tr><td width=\"31\">2<\/td><td width=\"565\">Z\u00e1kladn\u00ed \u0161kola, Nov\u00fd Hr\u00e1dek, okres N\u00e1chod<\/td><td width=\"439\"><a href=\"https:\/\/www.zsnovyhradek.cz\/\">https:\/\/www.zsnovyhradek.cz\/<\/a><\/td><\/tr><tr><td width=\"31\">3<\/td><td width=\"565\">Z\u00e1kladn\u00ed \u0161kola, Ji\u010d\u00edn, Pod\u011bbradova 18<\/td><td width=\"439\"><a href=\"https:\/\/3zs.jicin.cz\/\">https:\/\/3zs.jicin.cz\/<\/a><\/td><\/tr><tr><td width=\"31\">4<\/td><td width=\"565\">Z\u00e1kladn\u00ed \u0161kola, Dobr\u00e9, okres Rychnov nad Kn\u011b\u017enou<\/td><td width=\"439\"><a href=\"https:\/\/www.zsdobre.cz\/\">https:\/\/www.zsdobre.cz\/<\/a><\/td><\/tr><tr><td width=\"31\">5<\/td><td>Z\u00e1kladn\u00ed \u0161kola, Ji\u010d\u00edn, Husova 170<\/td><td width=\"439\"><a href=\"https:\/\/www.2zsjc.cz\/\">https:\/\/www.2zsjc.cz\/<\/a><\/td><\/tr><tr><td width=\"31\">6<\/td><td width=\"565\">Montessori mate\u0159sk\u00e1 \u0161kola a&nbsp;z\u00e1kladn\u00ed \u0161kola s.r.o.<\/td><td width=\"439\"><a href=\"https:\/\/www.zvonenka.cz\/\">https:\/\/www.zvonenka.cz\/<\/a><\/td><\/tr><tr><td width=\"31\">7<\/td><td width=\"565\">Krkono\u0161sk\u00e9 gymn\u00e1zium a&nbsp;St\u0159edn\u00ed odborn\u00e1 \u0161kola<\/td><td width=\"439\"><a href=\"https:\/\/www.gymvr.cz\/skola2\/\">https:\/\/www.gymvr.cz\/skola2\/<\/a><\/td><\/tr><tr><td width=\"31\">8<\/td><td width=\"565\">St\u0159edn\u00ed um\u011bleckopr\u016fmyslov\u00e1 \u0161kola hudebn\u00edch n\u00e1stroj\u016f a&nbsp;n\u00e1bytku, Hradec Kr\u00e1lov\u00e9, 17.&nbsp;listopadu 1202<\/td><td><a href=\"https:\/\/www.hnn.cz\/informace-pro-uchazece-o-studium-na-sups-hnn\/\">https:\/\/www.hnn.cz\/informace-pro-uchazece-o-studium-na-sups-hnn\/<\/a><\/td><\/tr><tr><td width=\"31\">9<\/td><td width=\"565\">Obchodn\u00ed akademie T. G. Masaryka, Kostelec nad Orlic\u00ed, Komensk\u00e9ho 522<\/td><td width=\"439\"><a href=\"https:\/\/www.oakostelec.cz\/\">https:\/\/www.oakostelec.cz\/<\/a><\/td><\/tr><tr><td width=\"31\">10<\/td><td width=\"565\">Z\u00e1kladn\u00ed \u0161kola a&nbsp;Mate\u0159sk\u00e1 \u0161kola, Hradec Kr\u00e1lov\u00e9, \u00daprkova 1<\/td><td width=\"439\"><a href=\"https:\/\/zsuprkova.cz\/\">https:\/\/zsuprkova.cz\/<\/a><\/td><\/tr><tr><td width=\"31\">11<\/td><td width=\"565\">ACADEMIA MERCURII soukrom\u00e1 st\u0159edn\u00ed \u0161kola, s.r.o.<\/td><td width=\"439\"><a href=\"https:\/\/www.amnachod.cz\/\">https:\/\/www.amnachod.cz<\/a><\/td><\/tr><tr><td width=\"31\">12<\/td><td width=\"565\">Z\u00e1kladn\u00ed \u0161kola a&nbsp;Mate\u0159sk\u00e1 \u0161kola Kopidlno<\/td><td width=\"439\"><a href=\"https:\/\/www.zskopidlno.cz\/\">https:\/\/www.zskopidlno.cz\/<\/a><\/td><\/tr><tr><td width=\"31\">13<\/td><td width=\"565\">Scio\u0160kola Hradec Kr\u00e1lov\u00e9<\/td><td width=\"439\"><a href=\"https:\/\/hradec.scioskola.cz\/\">https:\/\/hradec.scioskola.cz\/<\/a><\/td><\/tr><tr><td width=\"31\">14<\/td><td width=\"565\">Z\u00e1kladn\u00ed \u0161kola a&nbsp;Mate\u0159sk\u00e1 \u0161kola Lib\u00e1\u0148, okres Ji\u010d\u00edn<\/td><td width=\"439\"><a href=\"https:\/\/www.zs-liban.cz\/\">https:\/\/www.zs-liban.cz\/<\/a><\/td><\/tr><tr><td width=\"31\">15<\/td><td width=\"565\">Z\u00e1kladn\u00ed \u0161kola Eduarda \u0160torcha a&nbsp;mate\u0159sk\u00e1 \u0161kola Ostrom\u011b\u0159<\/td><td width=\"439\"><a href=\"https:\/\/www.zsostromer.cz\/\">https:\/\/www.zsostromer.cz\/<\/a><\/td><\/tr><\/tbody><\/table><\/div><\/div><\/div><\/div>\t\t\t\t\t\t\t\t<\/div>\n\t\t\t\t<\/div>\n\t\t\t\t\t<\/div>\n\t\t<\/div>\n\t\t\t\t\t<\/div>\n\t\t<\/section>\n\t\t\t\t<\/div>\n\t\t","protected":false},"excerpt":{"rendered":"<p>Zapojen\u00e9 \u0161koly 2024\/2025 \u00a0 \u0160KOLA WEBOV\u00c9 STR\u00c1NKY KONTAKTN\u00cd OSOBA KONTAKT 1 Z\u00e1kladn\u00ed \u0161kola, \u017deleznick\u00e1 460 www.4zs.jicin.cz \u0160imonov\u00e1 Aneta, Bryknerov\u00e1 Mabel [&hellip;]<\/p>\n","protected":false},"author":1,"featured_media":0,"parent":0,"menu_order":0,"comment_status":"closed","ping_status":"closed","template":"","meta":{"site-sidebar-layout":"no-sidebar","site-content-layout":"","ast-site-content-layout":"full-width-container","site-content-style":"default","site-sidebar-style":"default","ast-global-header-display":"","ast-banner-title-visibility":"","ast-main-header-display":"","ast-hfb-above-header-display":"","ast-hfb-below-header-display":"","ast-hfb-mobile-header-display":"","site-post-title":"disabled","ast-breadcrumbs-content":"","ast-featured-img":"disabled","footer-sml-layout":"","ast-disable-related-posts":"","theme-transparent-header-meta":"","adv-header-id-meta":"","stick-header-meta":"","header-above-stick-meta":"","header-main-stick-meta":"","header-below-stick-meta":"","astra-migrate-meta-layouts":"default","ast-page-background-enabled":"default","ast-page-background-meta":{"desktop":{"background-color":"var(--ast-global-color-5)","background-image":"","background-repeat":"repeat","background-position":"center center","background-size":"auto","background-attachment":"scroll","background-type":"","background-media":"","overlay-type":"","overlay-color":"","overlay-opacity":"","overlay-gradient":""},"tablet":{"background-color":"","background-image":"","background-repeat":"repeat","background-position":"center center","background-size":"auto","background-attachment":"scroll","background-type":"","background-media":"","overlay-type":"","overlay-color":"","overlay-opacity":"","overlay-gradient":""},"mobile":{"background-color":"","background-image":"","background-repeat":"repeat","background-position":"center center","background-size":"auto","background-attachment":"scroll","background-type":"","background-media":"","overlay-type":"","overlay-color":"","overlay-opacity":"","overlay-gradient":""}},"ast-content-background-meta":{"desktop":{"background-color":"var(--ast-global-color-4)","background-image":"","background-repeat":"repeat","background-position":"center center","background-size":"auto","background-attachment":"scroll","background-type":"","background-media":"","overlay-type":"","overlay-color":"","overlay-opacity":"","overlay-gradient":""},"tablet":{"background-color":"var(--ast-global-color-4)","background-image":"","background-repeat":"repeat","background-position":"center center","background-size":"auto","background-attachment":"scroll","background-type":"","background-media":"","overlay-type":"","overlay-color":"","overlay-opacity":"","overlay-gradient":""},"mobile":{"background-color":"var(--ast-global-color-4)","background-image":"","background-repeat":"repeat","background-position":"center center","background-size":"auto","background-attachment":"scroll","background-type":"","background-media":"","overlay-type":"","overlay-color":"","overlay-opacity":"","overlay-gradient":""}},"footnotes":""},"class_list":["post-6723","page","type-page","status-publish","hentry"],"_links":{"self":[{"href":"https:\/\/poradenstvikhk.cz\/ndusevni\/wp-json\/wp\/v2\/pages\/6723","targetHints":{"allow":["GET"]}}],"collection":[{"href":"https:\/\/poradenstvikhk.cz\/ndusevni\/wp-json\/wp\/v2\/pages"}],"about":[{"href":"https:\/\/poradenstvikhk.cz\/ndusevni\/wp-json\/wp\/v2\/types\/page"}],"author":[{"embeddable":true,"href":"https:\/\/poradenstvikhk.cz\/ndusevni\/wp-json\/wp\/v2\/users\/1"}],"replies":[{"embeddable":true,"href":"https:\/\/poradenstvikhk.cz\/ndusevni\/wp-json\/wp\/v2\/comments?post=6723"}],"version-history":[{"count":19,"href":"https:\/\/poradenstvikhk.cz\/ndusevni\/wp-json\/wp\/v2\/pages\/6723\/revisions"}],"predecessor-version":[{"id":10093,"href":"https:\/\/poradenstvikhk.cz\/ndusevni\/wp-json\/wp\/v2\/pages\/6723\/revisions\/10093"}],"wp:attachment":[{"href":"https:\/\/poradenstvikhk.cz\/ndusevni\/wp-json\/wp\/v2\/media?parent=6723"}],"curies":[{"name":"wp","href":"https:\/\/api.w.org\/{rel}","templated":true}]}}