{"id":6719,"date":"2026-02-24T00:23:06","date_gmt":"2026-02-23T23:23:06","guid":{"rendered":"https:\/\/poradenstvikhk.cz\/ndusevni\/?page_id=6719"},"modified":"2026-03-26T17:07:34","modified_gmt":"2026-03-26T16:07:34","slug":"tym","status":"publish","type":"page","link":"https:\/\/poradenstvikhk.cz\/ndusevni\/tym\/","title":{"rendered":"T\u00fdm"},"content":{"rendered":"\t\t<div data-elementor-type=\"wp-page\" data-elementor-id=\"6719\" class=\"elementor elementor-6719\">\n\t\t\t\t<div class=\"elementor-element elementor-element-37c34ed e-flex e-con-boxed e-con e-parent\" data-id=\"37c34ed\" data-element_type=\"container\" data-e-type=\"container\" data-settings=\"{&quot;background_background&quot;:&quot;classic&quot;}\">\n\t\t\t\t\t<div class=\"e-con-inner\">\n\t\t\t\t<div class=\"elementor-element elementor-element-6e0b9dc elementor-widget elementor-widget-heading\" data-id=\"6e0b9dc\" data-element_type=\"widget\" data-e-type=\"widget\" data-widget_type=\"heading.default\">\n\t\t\t\t\t\t<div class=\"elementor-widget-container\">\n\t\t\t\t\t<h1 class=\"elementor-heading-title elementor-size-default\">T\u00fdm<\/h1>\t\t\t\t<\/div>\n\t\t\t\t<\/div>\n\t\t\t\t<div class=\"elementor-element elementor-element-253a0e5c elementor-view-default elementor-widget elementor-widget-icon\" data-id=\"253a0e5c\" data-element_type=\"widget\" data-e-type=\"widget\" data-widget_type=\"icon.default\">\n\t\t\t\t\t\t<div class=\"elementor-widget-container\">\n\t\t\t\t\t\t\t<div class=\"elementor-icon-wrapper\">\n\t\t\t<div class=\"elementor-icon\">\n\t\t\t<svg aria-hidden=\"true\" class=\"e-font-icon-svg e-fas-users\" viewBox=\"0 0 640 512\" xmlns=\"http:\/\/www.w3.org\/2000\/svg\"><path d=\"M96 224c35.3 0 64-28.7 64-64s-28.7-64-64-64-64 28.7-64 64 28.7 64 64 64zm448 0c35.3 0 64-28.7 64-64s-28.7-64-64-64-64 28.7-64 64 28.7 64 64 64zm32 32h-64c-17.6 0-33.5 7.1-45.1 18.6 40.3 22.1 68.9 62 75.1 109.4h66c17.7 0 32-14.3 32-32v-32c0-35.3-28.7-64-64-64zm-256 0c61.9 0 112-50.1 112-112S381.9 32 320 32 208 82.1 208 144s50.1 112 112 112zm76.8 32h-8.3c-20.8 10-43.9 16-68.5 16s-47.6-6-68.5-16h-8.3C179.6 288 128 339.6 128 403.2V432c0 26.5 21.5 48 48 48h288c26.5 0 48-21.5 48-48v-28.8c0-63.6-51.6-115.2-115.2-115.2zm-223.7-13.4C161.5 263.1 145.6 256 128 256H64c-35.3 0-64 28.7-64 64v32c0 17.7 14.3 32 32 32h65.9c6.3-47.4 34.9-87.3 75.2-109.4z\"><\/path><\/svg>\t\t\t<\/div>\n\t\t<\/div>\n\t\t\t\t\t\t<\/div>\n\t\t\t\t<\/div>\n\t\t\t\t\t<\/div>\n\t\t\t\t<\/div>\n\t\t\t\t<section class=\"elementor-section elementor-top-section elementor-element elementor-element-6db52885 elementor-section-boxed elementor-section-height-default elementor-section-height-default\" data-id=\"6db52885\" data-element_type=\"section\" data-e-type=\"section\" data-settings=\"{&quot;background_background&quot;:&quot;classic&quot;}\">\n\t\t\t\t\t\t<div class=\"elementor-container elementor-column-gap-default\">\n\t\t\t\t\t<div class=\"elementor-column elementor-col-100 elementor-top-column elementor-element elementor-element-7e913d06\" data-id=\"7e913d06\" data-element_type=\"column\" data-e-type=\"column\">\n\t\t\t<div class=\"elementor-widget-wrap elementor-element-populated\">\n\t\t\t\t\t\t<div class=\"elementor-element elementor-element-63b04eac elementor-widget elementor-widget-text-editor\" data-id=\"63b04eac\" data-element_type=\"widget\" data-e-type=\"widget\" data-widget_type=\"text-editor.default\">\n\t\t\t\t\t\t<div class=\"elementor-widget-container\">\n\t\t\t\t\t\t\t\t\t<p>Vedouc\u00ed t\u00fdmu metodik\u016f prevence p\u0159ed\u010dasn\u00fdch odchod\u016f ze vzd\u011bl\u00e1v\u00e1n\u00ed:<\/p><p><strong>Mgr. Bc. Jitka Musilov\u00e1, DiS.<\/strong><br \/>vedouc\u00ed pracovi\u0161t\u011b Centrum prevence a&nbsp;metodick\u00e9 podpory, psycholog<br \/>e-mail:\u00a0<a href=\"mailto:j.musilova@prevencekhk.cz\">j.musilova@prevencekhk.cz<\/a><br \/>tel.: 606&nbsp;082&nbsp;588, 495&nbsp;265&nbsp;423<br \/>adresa: Na Okrouhl\u00edku 1371, Hradec Kr\u00e1lov\u00e9<br \/>Kl\u00ed\u010dov\u00fd pracovn\u00edk pro okres Hradec Kr\u00e1lov\u00e9<\/p><p><strong>Projektov\u00e9 aktivity realizuj\u00ed projektov\u00ed pracovn\u00edci \u2013 metodici prevence p\u0159ed\u010dasn\u00fdch odchod\u016f ze vzd\u011bl\u00e1v\u00e1n\u00ed za podpory kmenov\u00fdch pracovn\u00edk\u016f PPP KHK \u2013 metodik\u016f prevence.<\/strong><\/p><p><a href=\"https:\/\/poradenstvikhk.cz\/metodik-prevence-kontakty\/\">https:\/\/poradenstvikhk.cz\/metodik-prevence-kontakty\/<\/a><\/p>\t\t\t\t\t\t\t\t<\/div>\n\t\t\t\t<\/div>\n\t\t\t\t\t<\/div>\n\t\t<\/div>\n\t\t\t\t\t<\/div>\n\t\t<\/section>\n\t\t\t\t<\/div>\n\t\t","protected":false},"excerpt":{"rendered":"<p>T\u00fdm Vedouc\u00ed t\u00fdmu metodik\u016f prevence p\u0159ed\u010dasn\u00fdch odchod\u016f ze vzd\u011bl\u00e1v\u00e1n\u00ed: Mgr. Bc. Jitka Musilov\u00e1, DiS.vedouc\u00ed pracovi\u0161t\u011b Centrum prevence a&nbsp;metodick\u00e9 podpory, psychologe-mail:\u00a0j.musilova@prevencekhk.cztel.: [&hellip;]<\/p>\n","protected":false},"author":1,"featured_media":0,"parent":0,"menu_order":0,"comment_status":"closed","ping_status":"closed","template":"","meta":{"site-sidebar-layout":"no-sidebar","site-content-layout":"","ast-site-content-layout":"full-width-container","site-content-style":"default","site-sidebar-style":"default","ast-global-header-display":"","ast-banner-title-visibility":"","ast-main-header-display":"","ast-hfb-above-header-display":"","ast-hfb-below-header-display":"","ast-hfb-mobile-header-display":"","site-post-title":"disabled","ast-breadcrumbs-content":"","ast-featured-img":"disabled","footer-sml-layout":"","ast-disable-related-posts":"","theme-transparent-header-meta":"","adv-header-id-meta":"","stick-header-meta":"","header-above-stick-meta":"","header-main-stick-meta":"","header-below-stick-meta":"","astra-migrate-meta-layouts":"default","ast-page-background-enabled":"default","ast-page-background-meta":{"desktop":{"background-color":"var(--ast-global-color-5)","background-image":"","background-repeat":"repeat","background-position":"center center","background-size":"auto","background-attachment":"scroll","background-type":"","background-media":"","overlay-type":"","overlay-color":"","overlay-opacity":"","overlay-gradient":""},"tablet":{"background-color":"","background-image":"","background-repeat":"repeat","background-position":"center center","background-size":"auto","background-attachment":"scroll","background-type":"","background-media":"","overlay-type":"","overlay-color":"","overlay-opacity":"","overlay-gradient":""},"mobile":{"background-color":"","background-image":"","background-repeat":"repeat","background-position":"center center","background-size":"auto","background-attachment":"scroll","background-type":"","background-media":"","overlay-type":"","overlay-color":"","overlay-opacity":"","overlay-gradient":""}},"ast-content-background-meta":{"desktop":{"background-color":"var(--ast-global-color-4)","background-image":"","background-repeat":"repeat","background-position":"center center","background-size":"auto","background-attachment":"scroll","background-type":"","background-media":"","overlay-type":"","overlay-color":"","overlay-opacity":"","overlay-gradient":""},"tablet":{"background-color":"var(--ast-global-color-4)","background-image":"","background-repeat":"repeat","background-position":"center center","background-size":"auto","background-attachment":"scroll","background-type":"","background-media":"","overlay-type":"","overlay-color":"","overlay-opacity":"","overlay-gradient":""},"mobile":{"background-color":"var(--ast-global-color-4)","background-image":"","background-repeat":"repeat","background-position":"center center","background-size":"auto","background-attachment":"scroll","background-type":"","background-media":"","overlay-type":"","overlay-color":"","overlay-opacity":"","overlay-gradient":""}},"footnotes":""},"class_list":["post-6719","page","type-page","status-publish","hentry"],"_links":{"self":[{"href":"https:\/\/poradenstvikhk.cz\/ndusevni\/wp-json\/wp\/v2\/pages\/6719","targetHints":{"allow":["GET"]}}],"collection":[{"href":"https:\/\/poradenstvikhk.cz\/ndusevni\/wp-json\/wp\/v2\/pages"}],"about":[{"href":"https:\/\/poradenstvikhk.cz\/ndusevni\/wp-json\/wp\/v2\/types\/page"}],"author":[{"embeddable":true,"href":"https:\/\/poradenstvikhk.cz\/ndusevni\/wp-json\/wp\/v2\/users\/1"}],"replies":[{"embeddable":true,"href":"https:\/\/poradenstvikhk.cz\/ndusevni\/wp-json\/wp\/v2\/comments?post=6719"}],"version-history":[{"count":28,"href":"https:\/\/poradenstvikhk.cz\/ndusevni\/wp-json\/wp\/v2\/pages\/6719\/revisions"}],"predecessor-version":[{"id":10576,"href":"https:\/\/poradenstvikhk.cz\/ndusevni\/wp-json\/wp\/v2\/pages\/6719\/revisions\/10576"}],"wp:attachment":[{"href":"https:\/\/poradenstvikhk.cz\/ndusevni\/wp-json\/wp\/v2\/media?parent=6719"}],"curies":[{"name":"wp","href":"https:\/\/api.w.org\/{rel}","templated":true}]}}