{"id":2803,"date":"2025-03-13T23:18:52","date_gmt":"2025-03-13T22:18:52","guid":{"rendered":"https:\/\/poradenstvikhk.cz\/akce\/?page_id=2803"},"modified":"2025-03-13T23:42:24","modified_gmt":"2025-03-13T22:42:24","slug":"skoda2025","status":"publish","type":"page","link":"https:\/\/poradenstvikhk.cz\/akce\/skoda2025\/","title":{"rendered":"\u0160koda 2025"},"content":{"rendered":"\t\t<div data-elementor-type=\"wp-page\" data-elementor-id=\"2803\" class=\"elementor elementor-2803\">\n\t\t\t\t\t\t<section class=\"elementor-section elementor-top-section elementor-element elementor-element-0d50121 elementor-section-boxed elementor-section-height-default elementor-section-height-default\" data-id=\"0d50121\" data-element_type=\"section\">\n\t\t\t\t\t\t<div class=\"elementor-container elementor-column-gap-default\">\n\t\t\t\t\t<div class=\"elementor-column elementor-col-100 elementor-top-column elementor-element elementor-element-4533e99\" data-id=\"4533e99\" data-element_type=\"column\">\n\t\t\t<div class=\"elementor-widget-wrap elementor-element-populated\">\n\t\t\t\t\t\t<div class=\"elementor-element elementor-element-4ab05b8 elementor-widget elementor-widget-spacer\" data-id=\"4ab05b8\" data-element_type=\"widget\" data-widget_type=\"spacer.default\">\n\t\t\t\t<div class=\"elementor-widget-container\">\n\t\t\t\t\t\t\t<div class=\"elementor-spacer\">\n\t\t\t<div class=\"elementor-spacer-inner\"><\/div>\n\t\t<\/div>\n\t\t\t\t\t\t<\/div>\n\t\t\t\t<\/div>\n\t\t\t\t<div class=\"elementor-element elementor-element-88a7960 elementor-widget elementor-widget-heading\" data-id=\"88a7960\" data-element_type=\"widget\" data-widget_type=\"heading.default\">\n\t\t\t\t<div class=\"elementor-widget-container\">\n\t\t\t\t\t<h2 class=\"elementor-heading-title elementor-size-default\">Miky \u0160koda<\/h2>\t\t\t\t<\/div>\n\t\t\t\t<\/div>\n\t\t\t\t\t<\/div>\n\t\t<\/div>\n\t\t\t\t\t<\/div>\n\t\t<\/section>\n\t\t\t\t<section class=\"elementor-section elementor-top-section elementor-element elementor-element-d59c2d3 elementor-section-boxed elementor-section-height-default elementor-section-height-default\" data-id=\"d59c2d3\" data-element_type=\"section\">\n\t\t\t\t\t\t<div class=\"elementor-container elementor-column-gap-default\">\n\t\t\t\t\t<div class=\"elementor-column elementor-col-50 elementor-top-column elementor-element elementor-element-5727e05\" data-id=\"5727e05\" data-element_type=\"column\">\n\t\t\t<div class=\"elementor-widget-wrap elementor-element-populated\">\n\t\t\t\t\t\t<div class=\"elementor-element elementor-element-6cc728f elementor-widget elementor-widget-text-editor\" data-id=\"6cc728f\" data-element_type=\"widget\" data-widget_type=\"text-editor.default\">\n\t\t\t\t<div class=\"elementor-widget-container\">\n\t\t\t\t\t\t\t\t\t<p>Zakladatel n\u011bkolika vzd\u011bl\u00e1vac\u00edch organizac\u00ed v \u010dele s Mobilis Institute, populariz\u00e1tor AI, technologick\u00e9ho rozvoje multioborov\u00e9ho p\u0159\u00edstupu k \u0159e\u0161en\u00ed spole\u010densko-technologick\u00fdch probl\u00e9m\u016f. Miky sb\u00edr\u00e1 zku\u0161enosti z vlastn\u00edho podnik\u00e1n\u00ed, v\u011bdeck\u00e9ho p\u0159\u00edstupu i z horolezeck\u00fdch a cestovatelsk\u00fdch aktivit. D\u011bl\u00ed se o n\u011b skrze vlastn\u00ed po\u0159ady, ve\u0159ejn\u00e9 vystupov\u00e1n\u00ed a rozvoj adaptability v projektech se zam\u011b\u0159en\u00edm na inovace vzd\u011bl\u00e1v\u00e1n\u00ed.<\/p>\t\t\t\t\t\t\t\t<\/div>\n\t\t\t\t<\/div>\n\t\t\t\t\t<\/div>\n\t\t<\/div>\n\t\t\t\t<div class=\"elementor-column elementor-col-50 elementor-top-column elementor-element elementor-element-05ec2b1\" data-id=\"05ec2b1\" data-element_type=\"column\">\n\t\t\t<div class=\"elementor-widget-wrap elementor-element-populated\">\n\t\t\t\t\t\t<div class=\"elementor-element elementor-element-5a1ff8c elementor-widget elementor-widget-image\" data-id=\"5a1ff8c\" data-element_type=\"widget\" data-widget_type=\"image.default\">\n\t\t\t\t<div class=\"elementor-widget-container\">\n\t\t\t\t\t\t\t\t\t\t\t\t\t\t\t<img decoding=\"async\" src=\"https:\/\/poradenstvikhk.cz\/akce\/wp-content\/uploads\/elementor\/thumbs\/thumbnail_Skoda-Miky_foto-r2ti2rbhyitf2zh8guxhdt43g0b8335xbfmy2nr0ug.jpg\" title=\"thumbnail_\u0160koda Miky_foto\" alt=\"thumbnail_\u0160koda Miky_foto\" loading=\"lazy\" \/>\t\t\t\t\t\t\t\t\t\t\t\t\t\t\t<\/div>\n\t\t\t\t<\/div>\n\t\t\t\t\t<\/div>\n\t\t<\/div>\n\t\t\t\t\t<\/div>\n\t\t<\/section>\n\t\t\t\t<section class=\"elementor-section elementor-top-section elementor-element elementor-element-f04cc39 elementor-section-boxed elementor-section-height-default elementor-section-height-default\" data-id=\"f04cc39\" data-element_type=\"section\">\n\t\t\t\t\t\t<div class=\"elementor-container elementor-column-gap-default\">\n\t\t\t\t\t<div class=\"elementor-column elementor-col-100 elementor-top-column elementor-element elementor-element-aaed920\" data-id=\"aaed920\" data-element_type=\"column\">\n\t\t\t<div class=\"elementor-widget-wrap elementor-element-populated\">\n\t\t\t\t\t\t<div class=\"elementor-element elementor-element-6cc553e elementor-widget elementor-widget-heading\" data-id=\"6cc553e\" data-element_type=\"widget\" data-widget_type=\"heading.default\">\n\t\t\t\t<div class=\"elementor-widget-container\">\n\t\t\t\t\t<h5 class=\"elementor-heading-title elementor-size-default\">P\u0159\u00ed\u0161p\u011bvek: Mobilis in mobili - \u010clov\u011bk, AI a pohyb v prom\u011bnliv\u00e9m sv\u011bt\u011b<\/h5>\t\t\t\t<\/div>\n\t\t\t\t<\/div>\n\t\t\t\t<div class=\"elementor-element elementor-element-2f14376 elementor-widget elementor-widget-text-editor\" data-id=\"2f14376\" data-element_type=\"widget\" data-widget_type=\"text-editor.default\">\n\t\t\t\t<div class=\"elementor-widget-container\">\n\t\t\t\t\t\t\t\t\t<p>\u201eMobilis in mobili\u201c \u2013 motto kapit\u00e1na Nema znamen\u00e1 \u201epohybliv\u00fd v pohybliv\u00e9m\u201c a symbolizuje adaptabilitu jako kl\u00ed\u010d k p\u0159e\u017eit\u00ed i prosperit\u011b. Miky \u0160koda, zakladatel Mobilis Institute, propoj\u00ed sv\u011bt AI, osobn\u00edho i pracovn\u00edho mindsetu a adopce technologi\u00ed z historie s principy pohybu a lidsk\u00e9 flexibility. Uk\u00e1\u017eeme si, kde technologie roz\u0161i\u0159uj\u00ed na\u0161e mo\u017enosti, ale tak\u00e9 pro\u010d je \u010dlov\u011bk v mnoha oblastech nenahraditeln\u00fd. Na z\u00e1v\u011br na\u0161eho setk\u00e1n\u00ed p\u0159ineseme inspiraci a optimistick\u00fd pohled do budoucnosti ve sv\u011bt\u011b neust\u00e1l\u00fdch zm\u011bn.<\/p>\t\t\t\t\t\t\t\t<\/div>\n\t\t\t\t<\/div>\n\t\t\t\t<div class=\"elementor-element elementor-element-cd4441f elementor-widget elementor-widget-spacer\" data-id=\"cd4441f\" data-element_type=\"widget\" data-widget_type=\"spacer.default\">\n\t\t\t\t<div class=\"elementor-widget-container\">\n\t\t\t\t\t\t\t<div class=\"elementor-spacer\">\n\t\t\t<div class=\"elementor-spacer-inner\"><\/div>\n\t\t<\/div>\n\t\t\t\t\t\t<\/div>\n\t\t\t\t<\/div>\n\t\t\t\t\t<\/div>\n\t\t<\/div>\n\t\t\t\t\t<\/div>\n\t\t<\/section>\n\t\t\t\t<\/div>\n\t\t","protected":false},"excerpt":{"rendered":"<p>Miky \u0160koda Zakladatel n\u011bkolika vzd\u011bl\u00e1vac\u00edch organizac\u00ed v \u010dele s Mobilis Institute, populariz\u00e1tor AI, technologick\u00e9ho rozvoje multioborov\u00e9ho p\u0159\u00edstupu k \u0159e\u0161en\u00ed spole\u010densko-technologick\u00fdch probl\u00e9m\u016f. Miky sb\u00edr\u00e1 zku\u0161enosti z vlastn\u00edho podnik\u00e1n\u00ed, v\u011bdeck\u00e9ho p\u0159\u00edstupu i z horolezeck\u00fdch a cestovatelsk\u00fdch aktivit. D\u011bl\u00ed se o n\u011b skrze vlastn\u00ed po\u0159ady, ve\u0159ejn\u00e9 vystupov\u00e1n\u00ed a rozvoj adaptability v projektech se zam\u011b\u0159en\u00edm na inovace vzd\u011bl\u00e1v\u00e1n\u00ed. P\u0159\u00ed\u0161p\u011bvek: [&hellip;]<\/p>\n","protected":false},"author":2,"featured_media":0,"parent":0,"menu_order":0,"comment_status":"closed","ping_status":"closed","template":"","meta":{"site-sidebar-layout":"no-sidebar","site-content-layout":"page-builder","ast-site-content-layout":"full-width-container","site-content-style":"default","site-sidebar-style":"default","ast-global-header-display":"","ast-banner-title-visibility":"","ast-main-header-display":"","ast-hfb-above-header-display":"","ast-hfb-below-header-display":"","ast-hfb-mobile-header-display":"","site-post-title":"disabled","ast-breadcrumbs-content":"","ast-featured-img":"disabled","footer-sml-layout":"","theme-transparent-header-meta":"","adv-header-id-meta":"","stick-header-meta":"","header-above-stick-meta":"","header-main-stick-meta":"","header-below-stick-meta":"","astra-migrate-meta-layouts":"set","ast-page-background-enabled":"default","ast-page-background-meta":{"desktop":{"background-color":"","background-image":"","background-repeat":"repeat","background-position":"center center","background-size":"auto","background-attachment":"scroll","background-type":"","background-media":"","overlay-type":"","overlay-color":"","overlay-opacity":"","overlay-gradient":""},"tablet":{"background-color":"","background-image":"","background-repeat":"repeat","background-position":"center center","background-size":"auto","background-attachment":"scroll","background-type":"","background-media":"","overlay-type":"","overlay-color":"","overlay-opacity":"","overlay-gradient":""},"mobile":{"background-color":"","background-image":"","background-repeat":"repeat","background-position":"center center","background-size":"auto","background-attachment":"scroll","background-type":"","background-media":"","overlay-type":"","overlay-color":"","overlay-opacity":"","overlay-gradient":""}},"ast-content-background-meta":{"desktop":{"background-color":"var(--ast-global-color-5)","background-image":"","background-repeat":"repeat","background-position":"center center","background-size":"auto","background-attachment":"scroll","background-type":"","background-media":"","overlay-type":"","overlay-color":"","overlay-opacity":"","overlay-gradient":""},"tablet":{"background-color":"var(--ast-global-color-5)","background-image":"","background-repeat":"repeat","background-position":"center center","background-size":"auto","background-attachment":"scroll","background-type":"","background-media":"","overlay-type":"","overlay-color":"","overlay-opacity":"","overlay-gradient":""},"mobile":{"background-color":"var(--ast-global-color-5)","background-image":"","background-repeat":"repeat","background-position":"center center","background-size":"auto","background-attachment":"scroll","background-type":"","background-media":"","overlay-type":"","overlay-color":"","overlay-opacity":"","overlay-gradient":""}},"footnotes":""},"class_list":["post-2803","page","type-page","status-publish","hentry"],"_links":{"self":[{"href":"https:\/\/poradenstvikhk.cz\/akce\/wp-json\/wp\/v2\/pages\/2803","targetHints":{"allow":["GET"]}}],"collection":[{"href":"https:\/\/poradenstvikhk.cz\/akce\/wp-json\/wp\/v2\/pages"}],"about":[{"href":"https:\/\/poradenstvikhk.cz\/akce\/wp-json\/wp\/v2\/types\/page"}],"author":[{"embeddable":true,"href":"https:\/\/poradenstvikhk.cz\/akce\/wp-json\/wp\/v2\/users\/2"}],"replies":[{"embeddable":true,"href":"https:\/\/poradenstvikhk.cz\/akce\/wp-json\/wp\/v2\/comments?post=2803"}],"version-history":[{"count":11,"href":"https:\/\/poradenstvikhk.cz\/akce\/wp-json\/wp\/v2\/pages\/2803\/revisions"}],"predecessor-version":[{"id":2831,"href":"https:\/\/poradenstvikhk.cz\/akce\/wp-json\/wp\/v2\/pages\/2803\/revisions\/2831"}],"wp:attachment":[{"href":"https:\/\/poradenstvikhk.cz\/akce\/wp-json\/wp\/v2\/media?parent=2803"}],"curies":[{"name":"wp","href":"https:\/\/api.w.org\/{rel}","templated":true}]}}