{"id":2621,"date":"2025-03-01T22:58:28","date_gmt":"2025-03-01T21:58:28","guid":{"rendered":"https:\/\/poradenstvikhk.cz\/akce\/?page_id=2621"},"modified":"2025-03-01T23:09:39","modified_gmt":"2025-03-01T22:09:39","slug":"brychtova-jankovska-2025","status":"publish","type":"page","link":"https:\/\/poradenstvikhk.cz\/akce\/brychtova-jankovska-2025\/","title":{"rendered":"Brychtov\u00e1, Jankovsk\u00e1 2025"},"content":{"rendered":"\t\t<div data-elementor-type=\"wp-page\" data-elementor-id=\"2621\" class=\"elementor elementor-2621\">\n\t\t\t\t\t\t<section class=\"elementor-section elementor-top-section elementor-element elementor-element-d757e98 elementor-section-boxed elementor-section-height-default elementor-section-height-default\" data-id=\"d757e98\" data-element_type=\"section\">\n\t\t\t\t\t\t<div class=\"elementor-container elementor-column-gap-default\">\n\t\t\t\t\t<div class=\"elementor-column elementor-col-100 elementor-top-column elementor-element elementor-element-2789de9\" data-id=\"2789de9\" data-element_type=\"column\">\n\t\t\t<div class=\"elementor-widget-wrap elementor-element-populated\">\n\t\t\t\t\t\t<div class=\"elementor-element elementor-element-03eaf43 elementor-widget__width-initial elementor-widget elementor-widget-spacer\" data-id=\"03eaf43\" data-element_type=\"widget\" data-widget_type=\"spacer.default\">\n\t\t\t\t<div class=\"elementor-widget-container\">\n\t\t\t\t\t\t\t<div class=\"elementor-spacer\">\n\t\t\t<div class=\"elementor-spacer-inner\"><\/div>\n\t\t<\/div>\n\t\t\t\t\t\t<\/div>\n\t\t\t\t<\/div>\n\t\t\t\t<div class=\"elementor-element elementor-element-4d348c5 elementor-widget elementor-widget-heading\" data-id=\"4d348c5\" data-element_type=\"widget\" data-widget_type=\"heading.default\">\n\t\t\t\t<div class=\"elementor-widget-container\">\n\t\t\t\t\t<h2 class=\"elementor-heading-title elementor-size-default\">Mgr. Veronika Brychtov\u00e1, Mgr. \u0160\u00e1rka Jankovsk\u00e1<\/h2>\t\t\t\t<\/div>\n\t\t\t\t<\/div>\n\t\t\t\t\t<\/div>\n\t\t<\/div>\n\t\t\t\t\t<\/div>\n\t\t<\/section>\n\t\t\t\t<section class=\"elementor-section elementor-top-section elementor-element elementor-element-f80bbf5 elementor-section-boxed elementor-section-height-default elementor-section-height-default\" data-id=\"f80bbf5\" data-element_type=\"section\">\n\t\t\t\t\t\t<div class=\"elementor-container elementor-column-gap-default\">\n\t\t\t\t\t<div class=\"elementor-column elementor-col-50 elementor-top-column elementor-element elementor-element-94a8d2d\" data-id=\"94a8d2d\" data-element_type=\"column\">\n\t\t\t<div class=\"elementor-widget-wrap elementor-element-populated\">\n\t\t\t\t\t\t<div class=\"elementor-element elementor-element-08d9070 elementor-widget elementor-widget-text-editor\" data-id=\"08d9070\" data-element_type=\"widget\" data-widget_type=\"text-editor.default\">\n\t\t\t\t<div class=\"elementor-widget-container\">\n\t\t\t\t\t\t\t\t\t<p><span data-contrast=\"none\">Jsme speci\u00e1ln\u00ed pedago\u017eky pracuj\u00edc\u00ed ve speci\u00e1ln\u011b pedagogick\u00e9m centru, specializujeme se na d\u011bti s PAS, zav\u00e1\u017enou vadou \u0159e\u010di nebo ment\u00e1ln\u00edm posti\u017een\u00edm. Jednou z oblastn\u00ed na\u0161eho z\u00e1jmu je ran\u00fd v\u00fdvoj d\u00edt\u011bte a jeho motorick\u00fd v\u00fdvoj, kter\u00fd je pro n\u00e1s cestou k rozvoji v\u0161ech dal\u0161\u00edch oblast\u00ed v neposledn\u00ed \u0159ad\u011b \u0159e\u010di jako n\u00e1stroje my\u0161len\u00ed.<\/span><span data-ccp-props=\"{&quot;201341983&quot;:0,&quot;335559739&quot;:0,&quot;335559740&quot;:240}\">\u00a0<\/span><\/p><p>Steiner:<em> \u201eTak jako mluven\u00ed vych\u00e1z\u00ed z ch\u016fze a pohybu ruky, tak my\u0161len\u00ed vych\u00e1z\u00ed z mluven\u00ed.\u201d\u00a0<\/em><\/p>\t\t\t\t\t\t\t\t<\/div>\n\t\t\t\t<\/div>\n\t\t\t\t\t<\/div>\n\t\t<\/div>\n\t\t\t\t<div class=\"elementor-column elementor-col-50 elementor-top-column elementor-element elementor-element-ac48a23\" data-id=\"ac48a23\" data-element_type=\"column\">\n\t\t\t<div class=\"elementor-widget-wrap elementor-element-populated\">\n\t\t\t\t\t\t<div class=\"elementor-element elementor-element-1c6bcbb elementor-widget elementor-widget-image\" data-id=\"1c6bcbb\" data-element_type=\"widget\" data-widget_type=\"image.default\">\n\t\t\t\t<div class=\"elementor-widget-container\">\n\t\t\t\t\t\t\t\t\t\t\t\t\t\t\t<img decoding=\"async\" src=\"https:\/\/poradenstvikhk.cz\/akce\/wp-content\/uploads\/elementor\/thumbs\/Brychtova-Jankovska_foto2-r28lmspm6kgzsos4o2hoj832q8sm96enrwq63rq1wo.jpeg\" title=\"Brychtova, Jankovska_foto2\" alt=\"Brychtova, Jankovska_foto2\" loading=\"lazy\" \/>\t\t\t\t\t\t\t\t\t\t\t\t\t\t\t<\/div>\n\t\t\t\t<\/div>\n\t\t\t\t\t<\/div>\n\t\t<\/div>\n\t\t\t\t\t<\/div>\n\t\t<\/section>\n\t\t\t\t<section class=\"elementor-section elementor-top-section elementor-element elementor-element-8c17093 elementor-section-boxed elementor-section-height-default elementor-section-height-default\" data-id=\"8c17093\" data-element_type=\"section\">\n\t\t\t\t\t\t<div class=\"elementor-container elementor-column-gap-default\">\n\t\t\t\t\t<div class=\"elementor-column elementor-col-100 elementor-top-column elementor-element elementor-element-343fca0\" data-id=\"343fca0\" data-element_type=\"column\">\n\t\t\t<div class=\"elementor-widget-wrap elementor-element-populated\">\n\t\t\t\t\t\t<div class=\"elementor-element elementor-element-c449ffd elementor-widget elementor-widget-heading\" data-id=\"c449ffd\" data-element_type=\"widget\" data-widget_type=\"heading.default\">\n\t\t\t\t<div class=\"elementor-widget-container\">\n\t\t\t\t\t<h5 class=\"elementor-heading-title elementor-size-default\">P\u0159\u00edsp\u011bvek: D\u00edt\u011b s adapta\u010dn\u00edmi obt\u00ed\u017eemi v prost\u0159ed\u00ed M\u0160\u202f\n <\/h5>\t\t\t\t<\/div>\n\t\t\t\t<\/div>\n\t\t\t\t<div class=\"elementor-element elementor-element-ee656f2 elementor-widget elementor-widget-text-editor\" data-id=\"ee656f2\" data-element_type=\"widget\" data-widget_type=\"text-editor.default\">\n\t\t\t\t<div class=\"elementor-widget-container\">\n\t\t\t\t\t\t\t\t\t<p><span style=\"font-style: inherit; font-weight: inherit; color: var(--ast-global-color-3); background-color: var(--ast-global-color-4);\" data-contrast=\"none\">Poj\u010fme reflektovat, jak \u0159e\u0161\u00edme d\u011bti p\u0159ed\u0161koln\u00edho a mlad\u0161\u00edho v\u011bku, kter\u00e9 se v\u202fmate\u0159sk\u00e9 \u0161kolce zt\u011b\u017eka adaptuj\u00ed (pedagog upozor\u0148uje na v\u00fdchovn\u00e9 obt\u00ed\u017ee). Co kdy\u017e nejde o d\u00edt\u011b, kter\u00e9 pro\u0161lo diagnostick\u00fdm procesem?<\/span><span style=\"font-style: inherit; font-weight: inherit; color: var(--ast-global-color-3); background-color: var(--ast-global-color-4);\" data-ccp-props=\"{&quot;201341983&quot;:0,&quot;335559739&quot;:0,&quot;335559740&quot;:240}\">\u00a0<\/span><\/p><p><span data-contrast=\"none\">Pro\u010d je pro n\u00e1s kl\u00ed\u010dov\u00e9 anamnestick\u00e9 zji\u0161\u0165ov\u00e1n\u00ed? \u202fKde klademe d\u016fraz na v\u00fdvojov\u00e9 mezn\u00edky v\u010detn\u011b v\u00fdvoje pohybu, mapov\u00e1n\u00ed typologie osobnosti d\u00edt\u011bte, rozvoj komunikace, jak si d\u00edt\u011b hraje a s\u202f\u010d\u00edm, mapov\u00e1n\u00ed senzorick\u00e9 citlivosti, projevy v\u202fchov\u00e1n\u00ed (kdy\u017e n\u011bco chce\/pot\u0159ebuje).<\/span><span data-ccp-props=\"{&quot;201341983&quot;:0,&quot;335559739&quot;:0,&quot;335559740&quot;:240}\">\u00a0<\/span><\/p><p><span data-contrast=\"none\">Sd\u00edlen\u00ed mo\u017enost\u00ed a doporu\u010den\u00ed: p\u0159i senzorick\u00e9m p\u0159et\u00ed\u017een\u00ed, pro pr\u00e1ci s motivac\u00ed d\u00edt\u011bte, k vizualizaci \u010dasu a prost\u0159ed\u00ed, rozvoji komunikace (pomoc\u00ed jazykov\u00e9ho portfolia \u2013 vhodn\u00e9ho i pro cizince). Tipy k z\u00e1sad\u00e1m logopedick\u00e9 prevence a d\u016fsledc\u00edch vlivu p\u0159etrv\u00e1vaj\u00edc\u00edch prim\u00e1rn\u00edch reflex\u016f.<\/span><span data-ccp-props=\"{&quot;201341983&quot;:0,&quot;335559739&quot;:0,&quot;335559740&quot;:240}\">\u00a0<\/span><\/p>\t\t\t\t\t\t\t\t<\/div>\n\t\t\t\t<\/div>\n\t\t\t\t<div class=\"elementor-element elementor-element-1d8a5ae elementor-widget__width-initial elementor-widget elementor-widget-spacer\" data-id=\"1d8a5ae\" data-element_type=\"widget\" data-widget_type=\"spacer.default\">\n\t\t\t\t<div class=\"elementor-widget-container\">\n\t\t\t\t\t\t\t<div class=\"elementor-spacer\">\n\t\t\t<div class=\"elementor-spacer-inner\"><\/div>\n\t\t<\/div>\n\t\t\t\t\t\t<\/div>\n\t\t\t\t<\/div>\n\t\t\t\t\t<\/div>\n\t\t<\/div>\n\t\t\t\t\t<\/div>\n\t\t<\/section>\n\t\t\t\t<\/div>\n\t\t","protected":false},"excerpt":{"rendered":"<p>Mgr. Veronika Brychtov\u00e1, Mgr. \u0160\u00e1rka Jankovsk\u00e1 Jsme speci\u00e1ln\u00ed pedago\u017eky pracuj\u00edc\u00ed ve speci\u00e1ln\u011b pedagogick\u00e9m centru, specializujeme se na d\u011bti s PAS, zav\u00e1\u017enou vadou \u0159e\u010di nebo ment\u00e1ln\u00edm posti\u017een\u00edm. Jednou z oblastn\u00ed na\u0161eho z\u00e1jmu je ran\u00fd v\u00fdvoj d\u00edt\u011bte a jeho motorick\u00fd v\u00fdvoj, kter\u00fd je pro n\u00e1s cestou k rozvoji v\u0161ech dal\u0161\u00edch oblast\u00ed v neposledn\u00ed \u0159ad\u011b \u0159e\u010di jako n\u00e1stroje [&hellip;]<\/p>\n","protected":false},"author":2,"featured_media":0,"parent":0,"menu_order":0,"comment_status":"closed","ping_status":"closed","template":"","meta":{"site-sidebar-layout":"no-sidebar","site-content-layout":"page-builder","ast-site-content-layout":"full-width-container","site-content-style":"default","site-sidebar-style":"default","ast-global-header-display":"","ast-banner-title-visibility":"","ast-main-header-display":"","ast-hfb-above-header-display":"","ast-hfb-below-header-display":"","ast-hfb-mobile-header-display":"","site-post-title":"disabled","ast-breadcrumbs-content":"","ast-featured-img":"disabled","footer-sml-layout":"","theme-transparent-header-meta":"","adv-header-id-meta":"","stick-header-meta":"","header-above-stick-meta":"","header-main-stick-meta":"","header-below-stick-meta":"","astra-migrate-meta-layouts":"set","ast-page-background-enabled":"default","ast-page-background-meta":{"desktop":{"background-color":"","background-image":"","background-repeat":"repeat","background-position":"center center","background-size":"auto","background-attachment":"scroll","background-type":"","background-media":"","overlay-type":"","overlay-color":"","overlay-opacity":"","overlay-gradient":""},"tablet":{"background-color":"","background-image":"","background-repeat":"repeat","background-position":"center center","background-size":"auto","background-attachment":"scroll","background-type":"","background-media":"","overlay-type":"","overlay-color":"","overlay-opacity":"","overlay-gradient":""},"mobile":{"background-color":"","background-image":"","background-repeat":"repeat","background-position":"center center","background-size":"auto","background-attachment":"scroll","background-type":"","background-media":"","overlay-type":"","overlay-color":"","overlay-opacity":"","overlay-gradient":""}},"ast-content-background-meta":{"desktop":{"background-color":"var(--ast-global-color-5)","background-image":"","background-repeat":"repeat","background-position":"center center","background-size":"auto","background-attachment":"scroll","background-type":"","background-media":"","overlay-type":"","overlay-color":"","overlay-opacity":"","overlay-gradient":""},"tablet":{"background-color":"var(--ast-global-color-5)","background-image":"","background-repeat":"repeat","background-position":"center center","background-size":"auto","background-attachment":"scroll","background-type":"","background-media":"","overlay-type":"","overlay-color":"","overlay-opacity":"","overlay-gradient":""},"mobile":{"background-color":"var(--ast-global-color-5)","background-image":"","background-repeat":"repeat","background-position":"center center","background-size":"auto","background-attachment":"scroll","background-type":"","background-media":"","overlay-type":"","overlay-color":"","overlay-opacity":"","overlay-gradient":""}},"footnotes":""},"class_list":["post-2621","page","type-page","status-publish","hentry"],"_links":{"self":[{"href":"https:\/\/poradenstvikhk.cz\/akce\/wp-json\/wp\/v2\/pages\/2621","targetHints":{"allow":["GET"]}}],"collection":[{"href":"https:\/\/poradenstvikhk.cz\/akce\/wp-json\/wp\/v2\/pages"}],"about":[{"href":"https:\/\/poradenstvikhk.cz\/akce\/wp-json\/wp\/v2\/types\/page"}],"author":[{"embeddable":true,"href":"https:\/\/poradenstvikhk.cz\/akce\/wp-json\/wp\/v2\/users\/2"}],"replies":[{"embeddable":true,"href":"https:\/\/poradenstvikhk.cz\/akce\/wp-json\/wp\/v2\/comments?post=2621"}],"version-history":[{"count":11,"href":"https:\/\/poradenstvikhk.cz\/akce\/wp-json\/wp\/v2\/pages\/2621\/revisions"}],"predecessor-version":[{"id":2633,"href":"https:\/\/poradenstvikhk.cz\/akce\/wp-json\/wp\/v2\/pages\/2621\/revisions\/2633"}],"wp:attachment":[{"href":"https:\/\/poradenstvikhk.cz\/akce\/wp-json\/wp\/v2\/media?parent=2621"}],"curies":[{"name":"wp","href":"https:\/\/api.w.org\/{rel}","templated":true}]}}