{"id":2610,"date":"2025-03-01T22:47:19","date_gmt":"2025-03-01T21:47:19","guid":{"rendered":"https:\/\/poradenstvikhk.cz\/akce\/?page_id=2610"},"modified":"2025-03-13T23:38:32","modified_gmt":"2025-03-13T22:38:32","slug":"cervena-sedlackova-2025","status":"publish","type":"page","link":"https:\/\/poradenstvikhk.cz\/akce\/cervena-sedlackova-2025\/","title":{"rendered":"\u010cerven\u00e1, Sedl\u00e1\u010dkov\u00e1 2025"},"content":{"rendered":"\t\t<div data-elementor-type=\"wp-page\" data-elementor-id=\"2610\" class=\"elementor elementor-2610\">\n\t\t\t\t\t\t<section class=\"elementor-section elementor-top-section elementor-element elementor-element-c2341d8 elementor-section-boxed elementor-section-height-default elementor-section-height-default\" data-id=\"c2341d8\" data-element_type=\"section\">\n\t\t\t\t\t\t<div class=\"elementor-container elementor-column-gap-default\">\n\t\t\t\t\t<div class=\"elementor-column elementor-col-100 elementor-top-column elementor-element elementor-element-ef7f939\" data-id=\"ef7f939\" data-element_type=\"column\">\n\t\t\t<div class=\"elementor-widget-wrap elementor-element-populated\">\n\t\t\t\t\t\t<div class=\"elementor-element elementor-element-2815f7f elementor-widget elementor-widget-spacer\" data-id=\"2815f7f\" data-element_type=\"widget\" data-widget_type=\"spacer.default\">\n\t\t\t\t<div class=\"elementor-widget-container\">\n\t\t\t\t\t\t\t<div class=\"elementor-spacer\">\n\t\t\t<div class=\"elementor-spacer-inner\"><\/div>\n\t\t<\/div>\n\t\t\t\t\t\t<\/div>\n\t\t\t\t<\/div>\n\t\t\t\t\t<\/div>\n\t\t<\/div>\n\t\t\t\t\t<\/div>\n\t\t<\/section>\n\t\t\t\t<section class=\"elementor-section elementor-top-section elementor-element elementor-element-316a0c4 elementor-section-boxed elementor-section-height-default elementor-section-height-default\" data-id=\"316a0c4\" data-element_type=\"section\">\n\t\t\t\t\t\t<div class=\"elementor-container elementor-column-gap-default\">\n\t\t\t\t\t<div class=\"elementor-column elementor-col-100 elementor-top-column elementor-element elementor-element-9953090\" data-id=\"9953090\" data-element_type=\"column\">\n\t\t\t<div class=\"elementor-widget-wrap elementor-element-populated\">\n\t\t\t\t\t\t<div class=\"elementor-element elementor-element-a6aec66 elementor-widget elementor-widget-heading\" data-id=\"a6aec66\" data-element_type=\"widget\" data-widget_type=\"heading.default\">\n\t\t\t\t<div class=\"elementor-widget-container\">\n\t\t\t\t\t<h2 class=\"elementor-heading-title elementor-size-default\">PhDr. Krist\u00fdna \u010cerven\u00e1, Mgr. Sylvie Sedl\u00e1\u010dkov\u00e1<\/h2>\t\t\t\t<\/div>\n\t\t\t\t<\/div>\n\t\t\t\t<div class=\"elementor-element elementor-element-9f9bade elementor-widget elementor-widget-spacer\" data-id=\"9f9bade\" data-element_type=\"widget\" data-widget_type=\"spacer.default\">\n\t\t\t\t<div class=\"elementor-widget-container\">\n\t\t\t\t\t\t\t<div class=\"elementor-spacer\">\n\t\t\t<div class=\"elementor-spacer-inner\"><\/div>\n\t\t<\/div>\n\t\t\t\t\t\t<\/div>\n\t\t\t\t<\/div>\n\t\t\t\t\t<\/div>\n\t\t<\/div>\n\t\t\t\t\t<\/div>\n\t\t<\/section>\n\t\t\t\t<section class=\"elementor-section elementor-top-section elementor-element elementor-element-220346b elementor-section-boxed elementor-section-height-default elementor-section-height-default\" data-id=\"220346b\" data-element_type=\"section\">\n\t\t\t\t\t\t<div class=\"elementor-container elementor-column-gap-default\">\n\t\t\t\t\t<div class=\"elementor-column elementor-col-50 elementor-top-column elementor-element elementor-element-8e7a609\" data-id=\"8e7a609\" data-element_type=\"column\">\n\t\t\t<div class=\"elementor-widget-wrap elementor-element-populated\">\n\t\t\t\t\t\t<div class=\"elementor-element elementor-element-a73b1f6 elementor-widget elementor-widget-text-editor\" data-id=\"a73b1f6\" data-element_type=\"widget\" data-widget_type=\"text-editor.default\">\n\t\t\t\t<div class=\"elementor-widget-container\">\n\t\t\t\t\t\t\t\t\t<p><span class=\"TextRun SCXW112437042 BCX0\" lang=\"CS-CZ\" xml:lang=\"CS-CZ\" data-contrast=\"auto\"><span class=\"NormalTextRun SCXW112437042 BCX0\">Krist\u00fdna \u010cerven<\/span><span class=\"NormalTextRun SCXW112437042 BCX0\">\u00e1<\/span><span class=\"NormalTextRun SCXW112437042 BCX0\"> je absolventkou jednooborov\u00e9 psychologie na Filosofick\u00e9 fakult\u011b Univerzity Palack\u00e9ho v\u202fOlomouci a oboru \u010cesk\u00e1 filologie a Knihovnictv\u00ed na <\/span><span class=\"NormalTextRun SpellingErrorV2Themed SCXW112437042 BCX0\">Filosoficko<\/span><span class=\"NormalTextRun SCXW112437042 BCX0\"> \u2013 p\u0159\u00edrodov\u011bdeck\u00e9 fakult\u011b Slezsk\u00e9 univerzity v\u202fOpav\u011b. Jej\u00edm oborem je d\u011btsk\u00e1 poradensk\u00e1 psychologie. Zaj\u00edm\u00e1 se o psychologii hodnot, intertextualitu a psychologii um\u011bleck\u00e9 literatury.<\/span><\/span><span class=\"EOP SCXW112437042 BCX0\" data-ccp-props=\"{}\">\u00a0<\/span><\/p>\t\t\t\t\t\t\t\t<\/div>\n\t\t\t\t<\/div>\n\t\t\t\t\t<\/div>\n\t\t<\/div>\n\t\t\t\t<div class=\"elementor-column elementor-col-50 elementor-top-column elementor-element elementor-element-b5ba67b\" data-id=\"b5ba67b\" data-element_type=\"column\">\n\t\t\t<div class=\"elementor-widget-wrap elementor-element-populated\">\n\t\t\t\t\t\t<div class=\"elementor-element elementor-element-d26d013 elementor-widget elementor-widget-image\" data-id=\"d26d013\" data-element_type=\"widget\" data-widget_type=\"image.default\">\n\t\t\t\t<div class=\"elementor-widget-container\">\n\t\t\t\t\t\t\t\t\t\t\t\t\t\t\t<img decoding=\"async\" src=\"https:\/\/poradenstvikhk.cz\/akce\/wp-content\/uploads\/elementor\/thumbs\/Cervena_foto-r28kr2nosjrqznys9ib9m2z0como9vjcvtc4bqh1w0.jpg\" title=\"\u010cerven\u00e1_foto\" alt=\"\u010cerven\u00e1_foto\" loading=\"lazy\" \/>\t\t\t\t\t\t\t\t\t\t\t\t\t\t\t<\/div>\n\t\t\t\t<\/div>\n\t\t\t\t\t<\/div>\n\t\t<\/div>\n\t\t\t\t\t<\/div>\n\t\t<\/section>\n\t\t\t\t<section class=\"elementor-section elementor-top-section elementor-element elementor-element-a6742d6 elementor-section-boxed elementor-section-height-default elementor-section-height-default\" data-id=\"a6742d6\" data-element_type=\"section\">\n\t\t\t\t\t\t<div class=\"elementor-container elementor-column-gap-default\">\n\t\t\t\t\t<div class=\"elementor-column elementor-col-100 elementor-top-column elementor-element elementor-element-fb80e30\" data-id=\"fb80e30\" data-element_type=\"column\">\n\t\t\t<div class=\"elementor-widget-wrap elementor-element-populated\">\n\t\t\t\t\t\t<div class=\"elementor-element elementor-element-445771d elementor-widget elementor-widget-spacer\" data-id=\"445771d\" data-element_type=\"widget\" data-widget_type=\"spacer.default\">\n\t\t\t\t<div class=\"elementor-widget-container\">\n\t\t\t\t\t\t\t<div class=\"elementor-spacer\">\n\t\t\t<div class=\"elementor-spacer-inner\"><\/div>\n\t\t<\/div>\n\t\t\t\t\t\t<\/div>\n\t\t\t\t<\/div>\n\t\t\t\t\t<\/div>\n\t\t<\/div>\n\t\t\t\t\t<\/div>\n\t\t<\/section>\n\t\t\t\t<section class=\"elementor-section elementor-top-section elementor-element elementor-element-c5e236a elementor-section-boxed elementor-section-height-default elementor-section-height-default\" data-id=\"c5e236a\" data-element_type=\"section\">\n\t\t\t\t\t\t<div class=\"elementor-container elementor-column-gap-default\">\n\t\t\t\t\t<div class=\"elementor-column elementor-col-50 elementor-top-column elementor-element elementor-element-20b2ae8\" data-id=\"20b2ae8\" data-element_type=\"column\">\n\t\t\t<div class=\"elementor-widget-wrap elementor-element-populated\">\n\t\t\t\t\t\t<div class=\"elementor-element elementor-element-64f2fa1 elementor-widget elementor-widget-text-editor\" data-id=\"64f2fa1\" data-element_type=\"widget\" data-widget_type=\"text-editor.default\">\n\t\t\t\t<div class=\"elementor-widget-container\">\n\t\t\t\t\t\t\t\t\t<p><span data-contrast=\"auto\">Sylvie Sedl\u00e1\u010dkov\u00e1 vystudovala speci\u00e1ln\u00ed pedagogiku pro u\u010ditele na Masarykov\u011b univerzit\u011b a n\u00e1sledn\u011b si roz\u0161\u00ed\u0159ila odbornou kvalifikaci o u\u010ditelstv\u00ed anglick\u00e9ho jazyka na Akcent College v\u202fPraze.<\/span><span data-ccp-props=\"{&quot;134233117&quot;:true,&quot;134233118&quot;:true,&quot;201341983&quot;:0,&quot;335559740&quot;:240}\">&nbsp;<\/span><\/p>\n<p><span data-contrast=\"auto\">V\u202fporadn\u011b aktu\u00e1ln\u011b p\u016fsob\u00ed jako jeden z\u202fpr\u016fvodc\u016f kari\u00e9rov\u00e9ho vzd\u011bl\u00e1v\u00e1n\u00ed v\u202fr\u00e1mci projektu IDZ. Tato pr\u00e1ce j\u00ed d\u00e1v\u00e1 velk\u00fd smysl, ct\u00ed partnersk\u00fd, individu\u00e1ln\u00ed a podporuj\u00edc\u00ed p\u0159\u00edstup k\u202fpedagog\u016fm, bav\u00ed ji p\u0159edev\u0161\u00edm objevovat jejich skryt\u00fd potenci\u00e1l a zdroje, kter\u00e9 lze vyu\u017e\u00edt k\u202frozvoji kari\u00e9rov\u00e9ho vzd\u011bl\u00e1v\u00e1n\u00ed na \u0161kol\u00e1ch.<\/span><span data-ccp-props=\"{&quot;134233117&quot;:true,&quot;134233118&quot;:true,&quot;201341983&quot;:0,&quot;335559740&quot;:240}\">&nbsp;<\/span><\/p>\n<p><span data-contrast=\"auto\">Krom\u011b dobr\u00fdch anglick\u00fdch detektivek miluje pleten\u00ed a zvelebov\u00e1n\u00ed domku s\u202fnefal\u0161ovan\u00fdm anglick\u00fdm dvorkem. Stavte se na kafe <img decoding=\"async\" draggable=\"false\" role=\"img\" class=\"emoji\" alt=\"\u263a\" src=\"https:\/\/s.w.org\/images\/core\/emoji\/15.0.3\/svg\/263a.svg\"><\/span><span data-ccp-props=\"{&quot;134233117&quot;:true,&quot;134233118&quot;:true,&quot;201341983&quot;:0,&quot;335559740&quot;:240}\">&nbsp;<\/span><\/p>\n<p><span data-ccp-props=\"{}\">&nbsp;<\/span><\/p>\t\t\t\t\t\t\t\t<\/div>\n\t\t\t\t<\/div>\n\t\t\t\t\t<\/div>\n\t\t<\/div>\n\t\t\t\t<div class=\"elementor-column elementor-col-50 elementor-top-column elementor-element elementor-element-40ef957\" data-id=\"40ef957\" data-element_type=\"column\">\n\t\t\t<div class=\"elementor-widget-wrap elementor-element-populated\">\n\t\t\t\t\t\t<div class=\"elementor-element elementor-element-c8910cc elementor-widget elementor-widget-spacer\" data-id=\"c8910cc\" data-element_type=\"widget\" data-widget_type=\"spacer.default\">\n\t\t\t\t<div class=\"elementor-widget-container\">\n\t\t\t\t\t\t\t<div class=\"elementor-spacer\">\n\t\t\t<div class=\"elementor-spacer-inner\"><\/div>\n\t\t<\/div>\n\t\t\t\t\t\t<\/div>\n\t\t\t\t<\/div>\n\t\t\t\t<div class=\"elementor-element elementor-element-9baf3eb elementor-widget elementor-widget-image\" data-id=\"9baf3eb\" data-element_type=\"widget\" data-widget_type=\"image.default\">\n\t\t\t\t<div class=\"elementor-widget-container\">\n\t\t\t\t\t\t\t\t\t\t\t\t\t\t\t<img decoding=\"async\" src=\"https:\/\/poradenstvikhk.cz\/akce\/wp-content\/uploads\/elementor\/thumbs\/Sedlackova_foto-r28kr7cvqpy6lpryi2cegjsbblzicd20kgljq4a30w.jpg\" title=\"Sedl\u00e1\u010dkov\u00e1_foto\" alt=\"Sedl\u00e1\u010dkov\u00e1_foto\" loading=\"lazy\" \/>\t\t\t\t\t\t\t\t\t\t\t\t\t\t\t<\/div>\n\t\t\t\t<\/div>\n\t\t\t\t\t<\/div>\n\t\t<\/div>\n\t\t\t\t\t<\/div>\n\t\t<\/section>\n\t\t\t\t<section class=\"elementor-section elementor-top-section elementor-element elementor-element-8decf1d elementor-section-boxed elementor-section-height-default elementor-section-height-default\" data-id=\"8decf1d\" data-element_type=\"section\">\n\t\t\t\t\t\t<div class=\"elementor-container elementor-column-gap-default\">\n\t\t\t\t\t<div class=\"elementor-column elementor-col-100 elementor-top-column elementor-element elementor-element-c14be07\" data-id=\"c14be07\" data-element_type=\"column\">\n\t\t\t<div class=\"elementor-widget-wrap elementor-element-populated\">\n\t\t\t\t\t\t<div class=\"elementor-element elementor-element-4769d4c elementor-widget elementor-widget-heading\" data-id=\"4769d4c\" data-element_type=\"widget\" data-widget_type=\"heading.default\">\n\t\t\t\t<div class=\"elementor-widget-container\">\n\t\t\t\t\t<h5 class=\"elementor-heading-title elementor-size-default\">P\u0159\u00edsp\u011bvek: Sebepozn\u00e1n\u00ed jako cesta ke kvalitn\u011bj\u0161\u00edmu \u017eivotu <\/h5>\t\t\t\t<\/div>\n\t\t\t\t<\/div>\n\t\t\t\t<div class=\"elementor-element elementor-element-0c621db elementor-widget elementor-widget-text-editor\" data-id=\"0c621db\" data-element_type=\"widget\" data-widget_type=\"text-editor.default\">\n\t\t\t\t<div class=\"elementor-widget-container\">\n\t\t\t\t\t\t\t\t\t<p>Vydejte se n\u00e1mi na cestu sebepozn\u00e1n\u00ed. Provedeme v\u00e1s sv\u011btem sebezku\u0161enostn\u00edch technik, kter\u00e9 mohou obohatit v\u00e1\u0161 profesn\u00ed i osobn\u00ed \u017eivot; pozn\u00e1te sv\u00e9 siln\u00e9 str\u00e1nky, identifikujete sv\u00e9 v\u00fdzvy, bl\u00ed\u017ee nahl\u00e9dnete na sv\u00e9 hodnoty. P\u0159edstaven\u00e9 postupy m\u016f\u017eete vyu\u017e\u00edt v poradensk\u00e9 praxi a obohatit tak reperto\u00e1r sv\u00fdch praktick\u00fdch dovednost\u00ed.<\/p><p>V\u011b\u0159\u00edme, \u017ee s n\u00e1mi pro\u017eijete p\u0159\u00edjemn\u00e9 dopoledne, kter\u00e9 p\u0159isp\u011bje i k va\u0161emu wellbeingu.<\/p><p>\u2026 a mo\u017en\u00e1 se dotkneme i kari\u00e9rov\u00e9ho poradenstv\u00ed.<\/p>\t\t\t\t\t\t\t\t<\/div>\n\t\t\t\t<\/div>\n\t\t\t\t<div class=\"elementor-element elementor-element-0f24a06 elementor-widget__width-initial elementor-widget elementor-widget-spacer\" data-id=\"0f24a06\" data-element_type=\"widget\" data-widget_type=\"spacer.default\">\n\t\t\t\t<div class=\"elementor-widget-container\">\n\t\t\t\t\t\t\t<div class=\"elementor-spacer\">\n\t\t\t<div class=\"elementor-spacer-inner\"><\/div>\n\t\t<\/div>\n\t\t\t\t\t\t<\/div>\n\t\t\t\t<\/div>\n\t\t\t\t\t<\/div>\n\t\t<\/div>\n\t\t\t\t\t<\/div>\n\t\t<\/section>\n\t\t\t\t<\/div>\n\t\t","protected":false},"excerpt":{"rendered":"<p>PhDr. Krist\u00fdna \u010cerven\u00e1, Mgr. Sylvie Sedl\u00e1\u010dkov\u00e1 Krist\u00fdna \u010cerven\u00e1 je absolventkou jednooborov\u00e9 psychologie na Filosofick\u00e9 fakult\u011b Univerzity Palack\u00e9ho v\u202fOlomouci a oboru \u010cesk\u00e1 filologie a Knihovnictv\u00ed na Filosoficko \u2013 p\u0159\u00edrodov\u011bdeck\u00e9 fakult\u011b Slezsk\u00e9 univerzity v\u202fOpav\u011b. Jej\u00edm oborem je d\u011btsk\u00e1 poradensk\u00e1 psychologie. Zaj\u00edm\u00e1 se o psychologii hodnot, intertextualitu a psychologii um\u011bleck\u00e9 literatury.\u00a0 Sylvie Sedl\u00e1\u010dkov\u00e1 vystudovala speci\u00e1ln\u00ed pedagogiku pro u\u010ditele [&hellip;]<\/p>\n","protected":false},"author":2,"featured_media":0,"parent":0,"menu_order":0,"comment_status":"closed","ping_status":"closed","template":"","meta":{"site-sidebar-layout":"no-sidebar","site-content-layout":"page-builder","ast-site-content-layout":"full-width-container","site-content-style":"default","site-sidebar-style":"default","ast-global-header-display":"","ast-banner-title-visibility":"","ast-main-header-display":"","ast-hfb-above-header-display":"","ast-hfb-below-header-display":"","ast-hfb-mobile-header-display":"","site-post-title":"disabled","ast-breadcrumbs-content":"","ast-featured-img":"disabled","footer-sml-layout":"","theme-transparent-header-meta":"","adv-header-id-meta":"","stick-header-meta":"","header-above-stick-meta":"","header-main-stick-meta":"","header-below-stick-meta":"","astra-migrate-meta-layouts":"set","ast-page-background-enabled":"default","ast-page-background-meta":{"desktop":{"background-color":"","background-image":"","background-repeat":"repeat","background-position":"center center","background-size":"auto","background-attachment":"scroll","background-type":"","background-media":"","overlay-type":"","overlay-color":"","overlay-opacity":"","overlay-gradient":""},"tablet":{"background-color":"","background-image":"","background-repeat":"repeat","background-position":"center center","background-size":"auto","background-attachment":"scroll","background-type":"","background-media":"","overlay-type":"","overlay-color":"","overlay-opacity":"","overlay-gradient":""},"mobile":{"background-color":"","background-image":"","background-repeat":"repeat","background-position":"center center","background-size":"auto","background-attachment":"scroll","background-type":"","background-media":"","overlay-type":"","overlay-color":"","overlay-opacity":"","overlay-gradient":""}},"ast-content-background-meta":{"desktop":{"background-color":"var(--ast-global-color-5)","background-image":"","background-repeat":"repeat","background-position":"center center","background-size":"auto","background-attachment":"scroll","background-type":"","background-media":"","overlay-type":"","overlay-color":"","overlay-opacity":"","overlay-gradient":""},"tablet":{"background-color":"var(--ast-global-color-5)","background-image":"","background-repeat":"repeat","background-position":"center center","background-size":"auto","background-attachment":"scroll","background-type":"","background-media":"","overlay-type":"","overlay-color":"","overlay-opacity":"","overlay-gradient":""},"mobile":{"background-color":"var(--ast-global-color-5)","background-image":"","background-repeat":"repeat","background-position":"center center","background-size":"auto","background-attachment":"scroll","background-type":"","background-media":"","overlay-type":"","overlay-color":"","overlay-opacity":"","overlay-gradient":""}},"footnotes":""},"class_list":["post-2610","page","type-page","status-publish","hentry"],"_links":{"self":[{"href":"https:\/\/poradenstvikhk.cz\/akce\/wp-json\/wp\/v2\/pages\/2610","targetHints":{"allow":["GET"]}}],"collection":[{"href":"https:\/\/poradenstvikhk.cz\/akce\/wp-json\/wp\/v2\/pages"}],"about":[{"href":"https:\/\/poradenstvikhk.cz\/akce\/wp-json\/wp\/v2\/types\/page"}],"author":[{"embeddable":true,"href":"https:\/\/poradenstvikhk.cz\/akce\/wp-json\/wp\/v2\/users\/2"}],"replies":[{"embeddable":true,"href":"https:\/\/poradenstvikhk.cz\/akce\/wp-json\/wp\/v2\/comments?post=2610"}],"version-history":[{"count":10,"href":"https:\/\/poradenstvikhk.cz\/akce\/wp-json\/wp\/v2\/pages\/2610\/revisions"}],"predecessor-version":[{"id":2822,"href":"https:\/\/poradenstvikhk.cz\/akce\/wp-json\/wp\/v2\/pages\/2610\/revisions\/2822"}],"wp:attachment":[{"href":"https:\/\/poradenstvikhk.cz\/akce\/wp-json\/wp\/v2\/media?parent=2610"}],"curies":[{"name":"wp","href":"https:\/\/api.w.org\/{rel}","templated":true}]}}