{"id":2595,"date":"2025-03-01T21:55:17","date_gmt":"2025-03-01T20:55:17","guid":{"rendered":"https:\/\/poradenstvikhk.cz\/akce\/?page_id=2595"},"modified":"2025-03-01T21:58:24","modified_gmt":"2025-03-01T20:58:24","slug":"musilova-2025","status":"publish","type":"page","link":"https:\/\/poradenstvikhk.cz\/akce\/musilova-2025\/","title":{"rendered":"Musilov\u00e1 2025"},"content":{"rendered":"\t\t<div data-elementor-type=\"wp-page\" data-elementor-id=\"2595\" class=\"elementor elementor-2595\">\n\t\t\t\t\t\t<section class=\"elementor-section elementor-top-section elementor-element elementor-element-58c2c8a elementor-section-boxed elementor-section-height-default elementor-section-height-default\" data-id=\"58c2c8a\" data-element_type=\"section\">\n\t\t\t\t\t\t<div class=\"elementor-container elementor-column-gap-default\">\n\t\t\t\t\t<div class=\"elementor-column elementor-col-100 elementor-top-column elementor-element elementor-element-f090621\" data-id=\"f090621\" data-element_type=\"column\">\n\t\t\t<div class=\"elementor-widget-wrap elementor-element-populated\">\n\t\t\t\t\t\t<div class=\"elementor-element elementor-element-44f5c36 elementor-widget elementor-widget-spacer\" data-id=\"44f5c36\" data-element_type=\"widget\" data-widget_type=\"spacer.default\">\n\t\t\t\t<div class=\"elementor-widget-container\">\n\t\t\t\t\t\t\t<div class=\"elementor-spacer\">\n\t\t\t<div class=\"elementor-spacer-inner\"><\/div>\n\t\t<\/div>\n\t\t\t\t\t\t<\/div>\n\t\t\t\t<\/div>\n\t\t\t\t\t<\/div>\n\t\t<\/div>\n\t\t\t\t\t<\/div>\n\t\t<\/section>\n\t\t\t\t<section class=\"elementor-section elementor-top-section elementor-element elementor-element-2f1ca60 elementor-section-boxed elementor-section-height-default elementor-section-height-default\" data-id=\"2f1ca60\" data-element_type=\"section\">\n\t\t\t\t\t\t<div class=\"elementor-container elementor-column-gap-default\">\n\t\t\t\t\t<div class=\"elementor-column elementor-col-100 elementor-top-column elementor-element elementor-element-a4684a7\" data-id=\"a4684a7\" data-element_type=\"column\">\n\t\t\t<div class=\"elementor-widget-wrap elementor-element-populated\">\n\t\t\t\t\t\t<div class=\"elementor-element elementor-element-eba4c7c elementor-widget elementor-widget-heading\" data-id=\"eba4c7c\" data-element_type=\"widget\" data-widget_type=\"heading.default\">\n\t\t\t\t<div class=\"elementor-widget-container\">\n\t\t\t\t\t<h2 class=\"elementor-heading-title elementor-size-default\"><b>Mgr. et Bc. Jitka Musilov\u00e1, DiS.<\/b><\/h2>\t\t\t\t<\/div>\n\t\t\t\t<\/div>\n\t\t\t\t\t<\/div>\n\t\t<\/div>\n\t\t\t\t\t<\/div>\n\t\t<\/section>\n\t\t\t\t<section class=\"elementor-section elementor-top-section elementor-element elementor-element-6cdac05 elementor-section-boxed elementor-section-height-default elementor-section-height-default\" data-id=\"6cdac05\" data-element_type=\"section\">\n\t\t\t\t\t\t<div class=\"elementor-container elementor-column-gap-default\">\n\t\t\t\t\t<div class=\"elementor-column elementor-col-50 elementor-top-column elementor-element elementor-element-00443a5\" data-id=\"00443a5\" data-element_type=\"column\">\n\t\t\t<div class=\"elementor-widget-wrap elementor-element-populated\">\n\t\t\t\t\t\t<div class=\"elementor-element elementor-element-4640e13 elementor-widget elementor-widget-text-editor\" data-id=\"4640e13\" data-element_type=\"widget\" data-widget_type=\"text-editor.default\">\n\t\t\t\t<div class=\"elementor-widget-container\">\n\t\t\t\t\t\t\t\t\t<p><span style=\"font-style: inherit; font-weight: inherit; background-color: var(--ast-global-color-4); color: var(--ast-global-color-3);\" data-contrast=\"auto\">V\u202fporadn\u011b pracuji od roku 2013, aktu\u00e1ln\u011b jako vedouc\u00ed Centra prevence a metodick\u00e9 podpory (CPMP). Vzd\u011bl\u00e1n\u00edm jsem psycholog (a soci\u00e1ln\u00ed pracovn\u00edk) a sv\u00e9 zku\u0161enosti se sna\u017e\u00edm p\u0159ed\u00e1vat v\u202fr\u00e1mci Centra. <\/span><span style=\"font-style: inherit; font-weight: inherit; background-color: var(--ast-global-color-4); color: var(--ast-global-color-3);\" data-ccp-props=\"{&quot;201341983&quot;:0,&quot;335551550&quot;:6,&quot;335551620&quot;:6,&quot;335559739&quot;:0,&quot;335559740&quot;:240}\">\u00a0<\/span><\/p><p><span data-contrast=\"auto\">Pracuji zejm\u00e9na v\u202fadlerovsk\u00e9m p\u0159\u00edstupu v\u202fterapii a poradenstv\u00ed (Individu\u00e1ln\u00ed psychologie A. Adlera) a zaj\u00edm\u00e1m se i o mindfulness a trauma terapii.<\/span><span data-ccp-props=\"{&quot;201341983&quot;:0,&quot;335551550&quot;:6,&quot;335551620&quot;:6,&quot;335559739&quot;:0,&quot;335559740&quot;:240}\">\u00a0<\/span><\/p><p><span data-contrast=\"auto\">V\u202fCPMP se zam\u011b\u0159ujeme zejm\u00e9na na selektivn\u00ed prevenci, ob\u010das i v\u0161eobecnou. Jednou ze st\u011b\u017eejn\u00edch oblast\u00ed na\u0161\u00ed pr\u00e1ce je prov\u00e1zen\u00ed pedagog\u016f, p\u0159\u00edpadn\u011b cel\u00fdch sbor\u016f.<\/span><\/p>\t\t\t\t\t\t\t\t<\/div>\n\t\t\t\t<\/div>\n\t\t\t\t\t<\/div>\n\t\t<\/div>\n\t\t\t\t<div class=\"elementor-column elementor-col-50 elementor-top-column elementor-element elementor-element-9d391a7\" data-id=\"9d391a7\" data-element_type=\"column\">\n\t\t\t<div class=\"elementor-widget-wrap elementor-element-populated\">\n\t\t\t\t\t\t<div class=\"elementor-element elementor-element-afe1b28 elementor-widget elementor-widget-image\" data-id=\"afe1b28\" data-element_type=\"widget\" data-widget_type=\"image.default\">\n\t\t\t\t<div class=\"elementor-widget-container\">\n\t\t\t\t\t\t\t\t\t\t\t\t\t\t\t<img decoding=\"async\" src=\"https:\/\/poradenstvikhk.cz\/akce\/wp-content\/uploads\/elementor\/thumbs\/Musilova_foto-r28ijnanwgfpqvf19mrqz5xzt87x6htqwl3niph9ok.jpg\" title=\"Musilov\u00e1_foto\" alt=\"Musilov\u00e1_foto\" loading=\"lazy\" \/>\t\t\t\t\t\t\t\t\t\t\t\t\t\t\t<\/div>\n\t\t\t\t<\/div>\n\t\t\t\t\t<\/div>\n\t\t<\/div>\n\t\t\t\t\t<\/div>\n\t\t<\/section>\n\t\t\t\t<section class=\"elementor-section elementor-top-section elementor-element elementor-element-4d3707d elementor-section-boxed elementor-section-height-default elementor-section-height-default\" data-id=\"4d3707d\" data-element_type=\"section\">\n\t\t\t\t\t\t<div class=\"elementor-container elementor-column-gap-default\">\n\t\t\t\t\t<div class=\"elementor-column elementor-col-100 elementor-top-column elementor-element elementor-element-6120fc6\" data-id=\"6120fc6\" data-element_type=\"column\">\n\t\t\t<div class=\"elementor-widget-wrap elementor-element-populated\">\n\t\t\t\t\t\t<div class=\"elementor-element elementor-element-72a2bac elementor-widget elementor-widget-text-editor\" data-id=\"72a2bac\" data-element_type=\"widget\" data-widget_type=\"text-editor.default\">\n\t\t\t\t<div class=\"elementor-widget-container\">\n\t\t\t\t\t\t\t\t\t<p><span data-contrast=\"auto\">Role metodika prevence je mi velkou p\u0159\u00edle\u017eitost\u00ed ve snaze prom\u011b\u0148ovat \u0161kolstv\u00ed tak, aby v\u202fn\u011bm bylo mo\u017en\u00e9 rozv\u00edjet lidskost a z\u00e1rove\u0148 tak, aby u\u010ditel\u00e9 podporovali vyu\u017e\u00edv\u00e1n\u00ed vlastn\u00edch zdroj\u016f \u017e\u00e1k\u016f. Byla bych moc r\u00e1da, kdyby se n\u00e1m tato pr\u00e1ce da\u0159ila co nejv\u00edce.<\/span><span data-ccp-props=\"{&quot;201341983&quot;:0,&quot;335551550&quot;:6,&quot;335551620&quot;:6,&quot;335559739&quot;:0,&quot;335559740&quot;:240}\">\u00a0<\/span><\/p>\t\t\t\t\t\t\t\t<\/div>\n\t\t\t\t<\/div>\n\t\t\t\t\t<\/div>\n\t\t<\/div>\n\t\t\t\t\t<\/div>\n\t\t<\/section>\n\t\t\t\t<section class=\"elementor-section elementor-top-section elementor-element elementor-element-668ba24 elementor-section-boxed elementor-section-height-default elementor-section-height-default\" data-id=\"668ba24\" data-element_type=\"section\">\n\t\t\t\t\t\t<div class=\"elementor-container elementor-column-gap-default\">\n\t\t\t\t\t<div class=\"elementor-column elementor-col-100 elementor-top-column elementor-element elementor-element-70c9179\" data-id=\"70c9179\" data-element_type=\"column\">\n\t\t\t<div class=\"elementor-widget-wrap elementor-element-populated\">\n\t\t\t\t\t\t<div class=\"elementor-element elementor-element-407efea elementor-widget elementor-widget-spacer\" data-id=\"407efea\" data-element_type=\"widget\" data-widget_type=\"spacer.default\">\n\t\t\t\t<div class=\"elementor-widget-container\">\n\t\t\t\t\t\t\t<div class=\"elementor-spacer\">\n\t\t\t<div class=\"elementor-spacer-inner\"><\/div>\n\t\t<\/div>\n\t\t\t\t\t\t<\/div>\n\t\t\t\t<\/div>\n\t\t\t\t\t<\/div>\n\t\t<\/div>\n\t\t\t\t\t<\/div>\n\t\t<\/section>\n\t\t\t\t<section class=\"elementor-section elementor-top-section elementor-element elementor-element-1a8c900 elementor-section-boxed elementor-section-height-default elementor-section-height-default\" data-id=\"1a8c900\" data-element_type=\"section\">\n\t\t\t\t\t\t<div class=\"elementor-container elementor-column-gap-default\">\n\t\t\t\t\t<div class=\"elementor-column elementor-col-100 elementor-top-column elementor-element elementor-element-f690680\" data-id=\"f690680\" data-element_type=\"column\">\n\t\t\t<div class=\"elementor-widget-wrap elementor-element-populated\">\n\t\t\t\t\t\t<div class=\"elementor-element elementor-element-3edc187 elementor-widget elementor-widget-heading\" data-id=\"3edc187\" data-element_type=\"widget\" data-widget_type=\"heading.default\">\n\t\t\t\t<div class=\"elementor-widget-container\">\n\t\t\t\t\t<h5 class=\"elementor-heading-title elementor-size-default\">P\u0159\u00edsp\u011bvek: V\u00fdznam podporuj\u00edc\u00edho p\u0159\u00edstupu ve v\u00fdchov\u011b a vzd\u011bl\u00e1v\u00e1n\u00ed<\/h5>\t\t\t\t<\/div>\n\t\t\t\t<\/div>\n\t\t\t\t<div class=\"elementor-element elementor-element-ce278ef elementor-widget elementor-widget-text-editor\" data-id=\"ce278ef\" data-element_type=\"widget\" data-widget_type=\"text-editor.default\">\n\t\t\t\t<div class=\"elementor-widget-container\">\n\t\t\t\t\t\t\t\t\t<p><span data-contrast=\"none\">\u00dast\u0159edn\u00edmi t\u00e9maty, na\u202fkter\u00e1 je zam\u011b\u0159ov\u00e1na pozornost p\u0159i pr\u00e1ce s\u202frodi\u010di a pedagogy, je budov\u00e1n\u00ed pocitu soun\u00e1le\u017eitosti a\u202fv\u00fdznam podporuj\u00edc\u00edho p\u0159\u00edstupu ve v\u00fdchov\u011b.<\/span><span data-ccp-props=\"{&quot;201341983&quot;:0,&quot;335551550&quot;:6,&quot;335551620&quot;:6,&quot;335559739&quot;:0,&quot;335559740&quot;:240}\">\u00a0<\/span><\/p><p><span data-contrast=\"none\">Ot\u00e1zky, kter\u00e9 m\u011b napadaj\u00ed a na kter\u00e9 m\u016f\u017eeme spole\u010dn\u011b hledat odpov\u011b\u010f, zn\u00ed:<\/span><span data-ccp-props=\"{&quot;201341983&quot;:0,&quot;335551550&quot;:6,&quot;335551620&quot;:6,&quot;335559739&quot;:0,&quot;335559740&quot;:240}\">\u00a0<\/span><\/p><p><span data-contrast=\"none\">Jak m\u016f\u017eeme p\u0159i v\u00fdchov\u011b a vzd\u011bl\u00e1v\u00e1n\u00ed nau\u010dit d\u011bti napl\u0148ovat sv\u00e9 pot\u0159eby a jak\u00e9 komunika\u010dn\u00ed styly jsou pro to v\u00fdhodn\u00e9?<\/span><span data-ccp-props=\"{&quot;201341983&quot;:0,&quot;335551550&quot;:6,&quot;335551620&quot;:6,&quot;335559739&quot;:0,&quot;335559740&quot;:240}\">\u00a0<\/span><\/p><p><span data-contrast=\"none\">Jak m\u016f\u017eeme porozum\u011bt chov\u00e1n\u00ed, kter\u00e9 vych\u00e1z\u00ed z\u202fnenapln\u011bn\u00fdch pot\u0159eb a jak ho p\u0159\u00edpadn\u011b ovlivnit?<\/span><span data-ccp-props=\"{&quot;201341983&quot;:0,&quot;335551550&quot;:6,&quot;335551620&quot;:6,&quot;335559739&quot;:0,&quot;335559740&quot;:240}\">\u00a0<\/span><\/p><p><span data-contrast=\"none\">A hlavn\u011b, je mo\u017en\u00e9 dod\u00e1vat odvahu a podpo\u0159it d\u011bti, \u017e\u00e1ky jinak ne\u017e pochvalou? Encouragement (dod\u00e1v\u00e1n\u00ed odvahy) je st\u011b\u017eejn\u00edm term\u00ednem adlerovsk\u00e9 psychologie. Mysl\u00edm si, \u017ee stoj\u00ed za to, ho v\u00edce prozkoumat.<\/span><span data-ccp-props=\"{&quot;201341983&quot;:0,&quot;335551550&quot;:6,&quot;335551620&quot;:6,&quot;335559739&quot;:0,&quot;335559740&quot;:240}\">\u00a0<\/span><\/p><p><span data-contrast=\"none\">Pokud chcete v\u202fr\u00e1mci workshopu toto t\u00e9ma prozkoum\u00e1vat se mnou, t\u011b\u0161\u00edm se na v\u00e1s <\/span><span data-contrast=\"none\"><img decoding=\"async\" class=\"emoji\" role=\"img\" draggable=\"false\" src=\"https:\/\/s.w.org\/images\/core\/emoji\/15.0.3\/svg\/1f60a.svg\" alt=\"\ud83d\ude0a\" \/><\/span><span data-ccp-props=\"{&quot;201341983&quot;:0,&quot;335551550&quot;:6,&quot;335551620&quot;:6,&quot;335559739&quot;:0,&quot;335559740&quot;:240}\">\u00a0<\/span><\/p>\t\t\t\t\t\t\t\t<\/div>\n\t\t\t\t<\/div>\n\t\t\t\t<div class=\"elementor-element elementor-element-0c951e2 elementor-widget elementor-widget-spacer\" data-id=\"0c951e2\" data-element_type=\"widget\" data-widget_type=\"spacer.default\">\n\t\t\t\t<div class=\"elementor-widget-container\">\n\t\t\t\t\t\t\t<div class=\"elementor-spacer\">\n\t\t\t<div class=\"elementor-spacer-inner\"><\/div>\n\t\t<\/div>\n\t\t\t\t\t\t<\/div>\n\t\t\t\t<\/div>\n\t\t\t\t\t<\/div>\n\t\t<\/div>\n\t\t\t\t\t<\/div>\n\t\t<\/section>\n\t\t\t\t<\/div>\n\t\t","protected":false},"excerpt":{"rendered":"<p>Mgr. et Bc. Jitka Musilov\u00e1, DiS. V\u202fporadn\u011b pracuji od roku 2013, aktu\u00e1ln\u011b jako vedouc\u00ed Centra prevence a metodick\u00e9 podpory (CPMP). Vzd\u011bl\u00e1n\u00edm jsem psycholog (a soci\u00e1ln\u00ed pracovn\u00edk) a sv\u00e9 zku\u0161enosti se sna\u017e\u00edm p\u0159ed\u00e1vat v\u202fr\u00e1mci Centra. \u00a0 Pracuji zejm\u00e9na v\u202fadlerovsk\u00e9m p\u0159\u00edstupu v\u202fterapii a poradenstv\u00ed (Individu\u00e1ln\u00ed psychologie A. Adlera) a zaj\u00edm\u00e1m se i o mindfulness a trauma terapii.\u00a0 [&hellip;]<\/p>\n","protected":false},"author":2,"featured_media":0,"parent":0,"menu_order":0,"comment_status":"closed","ping_status":"closed","template":"","meta":{"site-sidebar-layout":"no-sidebar","site-content-layout":"page-builder","ast-site-content-layout":"full-width-container","site-content-style":"default","site-sidebar-style":"default","ast-global-header-display":"","ast-banner-title-visibility":"","ast-main-header-display":"","ast-hfb-above-header-display":"","ast-hfb-below-header-display":"","ast-hfb-mobile-header-display":"","site-post-title":"disabled","ast-breadcrumbs-content":"","ast-featured-img":"disabled","footer-sml-layout":"","theme-transparent-header-meta":"","adv-header-id-meta":"","stick-header-meta":"","header-above-stick-meta":"","header-main-stick-meta":"","header-below-stick-meta":"","astra-migrate-meta-layouts":"set","ast-page-background-enabled":"default","ast-page-background-meta":{"desktop":{"background-color":"","background-image":"","background-repeat":"repeat","background-position":"center center","background-size":"auto","background-attachment":"scroll","background-type":"","background-media":"","overlay-type":"","overlay-color":"","overlay-opacity":"","overlay-gradient":""},"tablet":{"background-color":"","background-image":"","background-repeat":"repeat","background-position":"center center","background-size":"auto","background-attachment":"scroll","background-type":"","background-media":"","overlay-type":"","overlay-color":"","overlay-opacity":"","overlay-gradient":""},"mobile":{"background-color":"","background-image":"","background-repeat":"repeat","background-position":"center center","background-size":"auto","background-attachment":"scroll","background-type":"","background-media":"","overlay-type":"","overlay-color":"","overlay-opacity":"","overlay-gradient":""}},"ast-content-background-meta":{"desktop":{"background-color":"var(--ast-global-color-5)","background-image":"","background-repeat":"repeat","background-position":"center center","background-size":"auto","background-attachment":"scroll","background-type":"","background-media":"","overlay-type":"","overlay-color":"","overlay-opacity":"","overlay-gradient":""},"tablet":{"background-color":"var(--ast-global-color-5)","background-image":"","background-repeat":"repeat","background-position":"center center","background-size":"auto","background-attachment":"scroll","background-type":"","background-media":"","overlay-type":"","overlay-color":"","overlay-opacity":"","overlay-gradient":""},"mobile":{"background-color":"var(--ast-global-color-5)","background-image":"","background-repeat":"repeat","background-position":"center center","background-size":"auto","background-attachment":"scroll","background-type":"","background-media":"","overlay-type":"","overlay-color":"","overlay-opacity":"","overlay-gradient":""}},"footnotes":""},"class_list":["post-2595","page","type-page","status-publish","hentry"],"_links":{"self":[{"href":"https:\/\/poradenstvikhk.cz\/akce\/wp-json\/wp\/v2\/pages\/2595","targetHints":{"allow":["GET"]}}],"collection":[{"href":"https:\/\/poradenstvikhk.cz\/akce\/wp-json\/wp\/v2\/pages"}],"about":[{"href":"https:\/\/poradenstvikhk.cz\/akce\/wp-json\/wp\/v2\/types\/page"}],"author":[{"embeddable":true,"href":"https:\/\/poradenstvikhk.cz\/akce\/wp-json\/wp\/v2\/users\/2"}],"replies":[{"embeddable":true,"href":"https:\/\/poradenstvikhk.cz\/akce\/wp-json\/wp\/v2\/comments?post=2595"}],"version-history":[{"count":4,"href":"https:\/\/poradenstvikhk.cz\/akce\/wp-json\/wp\/v2\/pages\/2595\/revisions"}],"predecessor-version":[{"id":2600,"href":"https:\/\/poradenstvikhk.cz\/akce\/wp-json\/wp\/v2\/pages\/2595\/revisions\/2600"}],"wp:attachment":[{"href":"https:\/\/poradenstvikhk.cz\/akce\/wp-json\/wp\/v2\/media?parent=2595"}],"curies":[{"name":"wp","href":"https:\/\/api.w.org\/{rel}","templated":true}]}}