{"id":2589,"date":"2025-03-01T21:41:40","date_gmt":"2025-03-01T20:41:40","guid":{"rendered":"https:\/\/poradenstvikhk.cz\/akce\/?page_id=2589"},"modified":"2025-03-01T21:43:21","modified_gmt":"2025-03-01T20:43:21","slug":"martinek-2025","status":"publish","type":"page","link":"https:\/\/poradenstvikhk.cz\/akce\/martinek-2025\/","title":{"rendered":"Martinek 2025"},"content":{"rendered":"\t\t<div data-elementor-type=\"wp-page\" data-elementor-id=\"2589\" class=\"elementor elementor-2589\">\n\t\t\t\t\t\t<section class=\"elementor-section elementor-top-section elementor-element elementor-element-b047f4e elementor-section-boxed elementor-section-height-default elementor-section-height-default\" data-id=\"b047f4e\" data-element_type=\"section\">\n\t\t\t\t\t\t<div class=\"elementor-container elementor-column-gap-default\">\n\t\t\t\t\t<div class=\"elementor-column elementor-col-100 elementor-top-column elementor-element elementor-element-39ecc94\" data-id=\"39ecc94\" data-element_type=\"column\">\n\t\t\t<div class=\"elementor-widget-wrap elementor-element-populated\">\n\t\t\t\t\t\t<div class=\"elementor-element elementor-element-a8d8247 elementor-widget elementor-widget-spacer\" data-id=\"a8d8247\" data-element_type=\"widget\" data-widget_type=\"spacer.default\">\n\t\t\t\t<div class=\"elementor-widget-container\">\n\t\t\t\t\t\t\t<div class=\"elementor-spacer\">\n\t\t\t<div class=\"elementor-spacer-inner\"><\/div>\n\t\t<\/div>\n\t\t\t\t\t\t<\/div>\n\t\t\t\t<\/div>\n\t\t\t\t\t<\/div>\n\t\t<\/div>\n\t\t\t\t\t<\/div>\n\t\t<\/section>\n\t\t\t\t<section class=\"elementor-section elementor-top-section elementor-element elementor-element-42e6153 elementor-section-boxed elementor-section-height-default elementor-section-height-default\" data-id=\"42e6153\" data-element_type=\"section\">\n\t\t\t\t\t\t<div class=\"elementor-container elementor-column-gap-default\">\n\t\t\t\t\t<div class=\"elementor-column elementor-col-100 elementor-top-column elementor-element elementor-element-f850575\" data-id=\"f850575\" data-element_type=\"column\">\n\t\t\t<div class=\"elementor-widget-wrap elementor-element-populated\">\n\t\t\t\t\t\t<div class=\"elementor-element elementor-element-25b6a10 elementor-widget elementor-widget-heading\" data-id=\"25b6a10\" data-element_type=\"widget\" data-widget_type=\"heading.default\">\n\t\t\t\t<div class=\"elementor-widget-container\">\n\t\t\t\t\t<h2 class=\"elementor-heading-title elementor-size-default\"><strong>Mgr. et Ing. Ladislav Martinek<\/strong><\/h2>\t\t\t\t<\/div>\n\t\t\t\t<\/div>\n\t\t\t\t\t<\/div>\n\t\t<\/div>\n\t\t\t\t\t<\/div>\n\t\t<\/section>\n\t\t\t\t<section class=\"elementor-section elementor-top-section elementor-element elementor-element-171a562 elementor-section-boxed elementor-section-height-default elementor-section-height-default\" data-id=\"171a562\" data-element_type=\"section\">\n\t\t\t\t\t\t<div class=\"elementor-container elementor-column-gap-default\">\n\t\t\t\t\t<div class=\"elementor-column elementor-col-50 elementor-top-column elementor-element elementor-element-da5c9ec\" data-id=\"da5c9ec\" data-element_type=\"column\">\n\t\t\t<div class=\"elementor-widget-wrap elementor-element-populated\">\n\t\t\t\t\t\t<div class=\"elementor-element elementor-element-2ff4456 elementor-widget elementor-widget-text-editor\" data-id=\"2ff4456\" data-element_type=\"widget\" data-widget_type=\"text-editor.default\">\n\t\t\t\t<div class=\"elementor-widget-container\">\n\t\t\t\t\t\t\t\t\t<p><span data-contrast=\"auto\">Ve sv\u00e9 pr\u00e1ci propojuji znalosti a zku\u0161enosti z informa\u010dn\u00edch technologi\u00ed a psychologie. Neust\u00e1le se rozv\u00edj\u00edm v oblasti psychologick\u00e9ho poradenstv\u00ed a \u010derp\u00e1m z princip\u016f kognitivn\u011b-behavior\u00e1ln\u00ed terapie. P\u0159i pr\u00e1ci s klienty kladu d\u016fraz na efektivn\u00ed spolupr\u00e1ci, kter\u00e1 respektuje jejich individu\u00e1ln\u00ed pot\u0159eby a c\u00edle.<\/span><span data-ccp-props=\"{&quot;201341983&quot;:0,&quot;335559739&quot;:0,&quot;335559740&quot;:240}\">\u00a0<\/span><\/p><p><span data-contrast=\"auto\">Jako KBT terapeut pom\u00e1h\u00e1m lidem m\u011bnit to, co jim v \u017eivot\u011b ji\u017e neslou\u017e\u00ed, aby mohli doslova hacknout svou vlastn\u00ed budoucnost. V terapeutick\u00e9m vztahu m\u011b \u010dasto fascinuje, jak\u00e9ho pokroku mohou motivovan\u00ed klienti dos\u00e1hnout.<\/span><span data-ccp-props=\"{&quot;201341983&quot;:0,&quot;335559739&quot;:0,&quot;335559740&quot;:240}\">\u00a0<\/span><\/p><p><span data-contrast=\"auto\">Jsem hrd\u00fdm otcem dvou skv\u011bl\u00fdch d\u011bt\u00ed a ve voln\u00e9m \u010dase se v\u011bnuji aktivit\u00e1m, kter\u00e9 vy\u017eaduj\u00ed odhodl\u00e1n\u00ed a vytrvalost.\u00a0<\/span><span data-ccp-props=\"{&quot;201341983&quot;:0,&quot;335559739&quot;:0,&quot;335559740&quot;:240}\">\u00a0<\/span><\/p>\t\t\t\t\t\t\t\t<\/div>\n\t\t\t\t<\/div>\n\t\t\t\t\t<\/div>\n\t\t<\/div>\n\t\t\t\t<div class=\"elementor-column elementor-col-50 elementor-top-column elementor-element elementor-element-cb26676\" data-id=\"cb26676\" data-element_type=\"column\">\n\t\t\t<div class=\"elementor-widget-wrap elementor-element-populated\">\n\t\t\t\t\t\t<div class=\"elementor-element elementor-element-23ffa4b elementor-widget elementor-widget-image\" data-id=\"23ffa4b\" data-element_type=\"widget\" data-widget_type=\"image.default\">\n\t\t\t\t<div class=\"elementor-widget-container\">\n\t\t\t\t\t\t\t\t\t\t\t\t\t\t\t<img decoding=\"async\" src=\"https:\/\/poradenstvikhk.cz\/akce\/wp-content\/uploads\/elementor\/thumbs\/Martinek_foto-scaled-r28hyrbsmx8jjtu6g25smh4f3na3giicb3hso1otyw.jpg\" title=\"Martinek_foto\" alt=\"Martinek_foto\" loading=\"lazy\" \/>\t\t\t\t\t\t\t\t\t\t\t\t\t\t\t<\/div>\n\t\t\t\t<\/div>\n\t\t\t\t\t<\/div>\n\t\t<\/div>\n\t\t\t\t\t<\/div>\n\t\t<\/section>\n\t\t\t\t<section class=\"elementor-section elementor-top-section elementor-element elementor-element-818befb elementor-section-boxed elementor-section-height-default elementor-section-height-default\" data-id=\"818befb\" data-element_type=\"section\">\n\t\t\t\t\t\t<div class=\"elementor-container elementor-column-gap-default\">\n\t\t\t\t\t<div class=\"elementor-column elementor-col-100 elementor-top-column elementor-element elementor-element-4aed7c3\" data-id=\"4aed7c3\" data-element_type=\"column\">\n\t\t\t<div class=\"elementor-widget-wrap elementor-element-populated\">\n\t\t\t\t\t\t<div class=\"elementor-element elementor-element-c6dbec7 elementor-widget elementor-widget-heading\" data-id=\"c6dbec7\" data-element_type=\"widget\" data-widget_type=\"heading.default\">\n\t\t\t\t<div class=\"elementor-widget-container\">\n\t\t\t\t\t<h5 class=\"elementor-heading-title elementor-size-default\">P\u0159\u00edsp\u011bvek: Psychologick\u00e9 aspekty soci\u00e1ln\u00edch s\u00edt\u00ed, AI, konzumace digit\u00e1ln\u00edho obsahu a pro\u010d u\u017e je mo\u017en\u00e1 pozd\u011b? Aneb z\u00e1sadn\u00ed v\u011bci, o kter\u00fdch se nemluv\u00ed<\/h5>\t\t\t\t<\/div>\n\t\t\t\t<\/div>\n\t\t\t\t<div class=\"elementor-element elementor-element-71a50df elementor-widget__width-initial elementor-widget elementor-widget-text-editor\" data-id=\"71a50df\" data-element_type=\"widget\" data-widget_type=\"text-editor.default\">\n\t\t\t\t<div class=\"elementor-widget-container\">\n\t\t\t\t\t\t\t\t\t<p><span style=\"font-style: inherit; font-weight: inherit; background-color: var(--ast-global-color-4); color: var(--ast-global-color-3);\" data-contrast=\"auto\">Na n\u00e1zorn\u00fdch p\u0159\u00edkladech a evidence-based formou budeme pracovat s t\u011bmito t\u00e9maty:\u00a0<\/span><span style=\"font-style: inherit; font-weight: inherit; background-color: var(--ast-global-color-4); color: var(--ast-global-color-3);\" data-ccp-props=\"{&quot;201341983&quot;:0,&quot;335559739&quot;:0,&quot;335559740&quot;:240}\">\u00a0<\/span><\/p><ul><li><span data-contrast=\"auto\">\u202f\u202f\u202f\u202f\u202f\u202f\u202f\u202f\u202f\u202f\u202f\u202f M\u00e1me se b\u00e1t?\u00a0<\/span><\/li><li><span data-contrast=\"auto\">\u202f\u202f\u202f\u202f\u202f\u202f\u202f\u202f\u202f\u202f\u202f\u202f Hroz\u00ed n\u00e1m digit\u00e1ln\u00ed demence?\u00a0<\/span><\/li><li><span data-contrast=\"auto\">\u202f\u202f\u202f\u202f\u202f\u202f\u202f\u202f\u202f\u202f\u202f\u202f Je na\u0161e kognitivn\u00ed bezpe\u010dnost v ohro\u017een\u00ed?\u00a0<\/span><\/li><li><span data-contrast=\"auto\">\u202f\u202f\u202f\u202f\u202f\u202f\u202f\u202f\u202f\u202f\u202f\u202f Jak do hry promlouv\u00e1 AI, soci\u00e1ln\u00ed s\u00edt\u011b, po\u010d\u00edta\u010dov\u00e9 hry\u00a0<\/span><\/li><li><span data-contrast=\"auto\">\u202f\u202f\u202f\u202f\u202f\u202f\u202f\u202f\u202f\u202f\u202f\u202f Aplikovan\u00e9 poznatky kognitivn\u00ed psychologie a neurov\u011bdy<\/span><\/li><li><span data-contrast=\"auto\">\u202f\u202f\u202f\u202f\u202f\u202f\u202f\u202f\u202f\u202f\u202f\u202f Dopady na d\u011bti, dosp\u011bl\u00e9 a spole\u010dnost\u00a0<\/span><\/li><li><span data-contrast=\"auto\">\u202f\u202f\u202f\u202f\u202f\u202f\u202f\u202f\u202f\u202f\u202f\u202f Co bude na konci tunelu?\u00a0<\/span><\/li><\/ul>\t\t\t\t\t\t\t\t<\/div>\n\t\t\t\t<\/div>\n\t\t\t\t\t<\/div>\n\t\t<\/div>\n\t\t\t\t\t<\/div>\n\t\t<\/section>\n\t\t\t\t<section class=\"elementor-section elementor-top-section elementor-element elementor-element-7355201 elementor-section-boxed elementor-section-height-default elementor-section-height-default\" data-id=\"7355201\" data-element_type=\"section\">\n\t\t\t\t\t\t<div class=\"elementor-container elementor-column-gap-default\">\n\t\t\t\t\t<div class=\"elementor-column elementor-col-100 elementor-top-column elementor-element elementor-element-08292f7\" data-id=\"08292f7\" data-element_type=\"column\">\n\t\t\t<div class=\"elementor-widget-wrap elementor-element-populated\">\n\t\t\t\t\t\t<div class=\"elementor-element elementor-element-5b0a499 elementor-widget elementor-widget-spacer\" data-id=\"5b0a499\" data-element_type=\"widget\" data-widget_type=\"spacer.default\">\n\t\t\t\t<div class=\"elementor-widget-container\">\n\t\t\t\t\t\t\t<div class=\"elementor-spacer\">\n\t\t\t<div class=\"elementor-spacer-inner\"><\/div>\n\t\t<\/div>\n\t\t\t\t\t\t<\/div>\n\t\t\t\t<\/div>\n\t\t\t\t\t<\/div>\n\t\t<\/div>\n\t\t\t\t\t<\/div>\n\t\t<\/section>\n\t\t\t\t<\/div>\n\t\t","protected":false},"excerpt":{"rendered":"<p>Mgr. et Ing. Ladislav Martinek Ve sv\u00e9 pr\u00e1ci propojuji znalosti a zku\u0161enosti z informa\u010dn\u00edch technologi\u00ed a psychologie. Neust\u00e1le se rozv\u00edj\u00edm v oblasti psychologick\u00e9ho poradenstv\u00ed a \u010derp\u00e1m z princip\u016f kognitivn\u011b-behavior\u00e1ln\u00ed terapie. P\u0159i pr\u00e1ci s klienty kladu d\u016fraz na efektivn\u00ed spolupr\u00e1ci, kter\u00e1 respektuje jejich individu\u00e1ln\u00ed pot\u0159eby a c\u00edle.\u00a0 Jako KBT terapeut pom\u00e1h\u00e1m lidem m\u011bnit to, co jim [&hellip;]<\/p>\n","protected":false},"author":2,"featured_media":0,"parent":0,"menu_order":0,"comment_status":"closed","ping_status":"closed","template":"","meta":{"site-sidebar-layout":"no-sidebar","site-content-layout":"page-builder","ast-site-content-layout":"full-width-container","site-content-style":"default","site-sidebar-style":"default","ast-global-header-display":"","ast-banner-title-visibility":"","ast-main-header-display":"","ast-hfb-above-header-display":"","ast-hfb-below-header-display":"","ast-hfb-mobile-header-display":"","site-post-title":"disabled","ast-breadcrumbs-content":"","ast-featured-img":"disabled","footer-sml-layout":"","theme-transparent-header-meta":"","adv-header-id-meta":"","stick-header-meta":"","header-above-stick-meta":"","header-main-stick-meta":"","header-below-stick-meta":"","astra-migrate-meta-layouts":"set","ast-page-background-enabled":"default","ast-page-background-meta":{"desktop":{"background-color":"","background-image":"","background-repeat":"repeat","background-position":"center center","background-size":"auto","background-attachment":"scroll","background-type":"","background-media":"","overlay-type":"","overlay-color":"","overlay-opacity":"","overlay-gradient":""},"tablet":{"background-color":"","background-image":"","background-repeat":"repeat","background-position":"center center","background-size":"auto","background-attachment":"scroll","background-type":"","background-media":"","overlay-type":"","overlay-color":"","overlay-opacity":"","overlay-gradient":""},"mobile":{"background-color":"","background-image":"","background-repeat":"repeat","background-position":"center center","background-size":"auto","background-attachment":"scroll","background-type":"","background-media":"","overlay-type":"","overlay-color":"","overlay-opacity":"","overlay-gradient":""}},"ast-content-background-meta":{"desktop":{"background-color":"var(--ast-global-color-5)","background-image":"","background-repeat":"repeat","background-position":"center center","background-size":"auto","background-attachment":"scroll","background-type":"","background-media":"","overlay-type":"","overlay-color":"","overlay-opacity":"","overlay-gradient":""},"tablet":{"background-color":"var(--ast-global-color-5)","background-image":"","background-repeat":"repeat","background-position":"center center","background-size":"auto","background-attachment":"scroll","background-type":"","background-media":"","overlay-type":"","overlay-color":"","overlay-opacity":"","overlay-gradient":""},"mobile":{"background-color":"var(--ast-global-color-5)","background-image":"","background-repeat":"repeat","background-position":"center center","background-size":"auto","background-attachment":"scroll","background-type":"","background-media":"","overlay-type":"","overlay-color":"","overlay-opacity":"","overlay-gradient":""}},"footnotes":""},"class_list":["post-2589","page","type-page","status-publish","hentry"],"_links":{"self":[{"href":"https:\/\/poradenstvikhk.cz\/akce\/wp-json\/wp\/v2\/pages\/2589","targetHints":{"allow":["GET"]}}],"collection":[{"href":"https:\/\/poradenstvikhk.cz\/akce\/wp-json\/wp\/v2\/pages"}],"about":[{"href":"https:\/\/poradenstvikhk.cz\/akce\/wp-json\/wp\/v2\/types\/page"}],"author":[{"embeddable":true,"href":"https:\/\/poradenstvikhk.cz\/akce\/wp-json\/wp\/v2\/users\/2"}],"replies":[{"embeddable":true,"href":"https:\/\/poradenstvikhk.cz\/akce\/wp-json\/wp\/v2\/comments?post=2589"}],"version-history":[{"count":4,"href":"https:\/\/poradenstvikhk.cz\/akce\/wp-json\/wp\/v2\/pages\/2589\/revisions"}],"predecessor-version":[{"id":2594,"href":"https:\/\/poradenstvikhk.cz\/akce\/wp-json\/wp\/v2\/pages\/2589\/revisions\/2594"}],"wp:attachment":[{"href":"https:\/\/poradenstvikhk.cz\/akce\/wp-json\/wp\/v2\/media?parent=2589"}],"curies":[{"name":"wp","href":"https:\/\/api.w.org\/{rel}","templated":true}]}}