{"id":2579,"date":"2025-03-01T21:01:57","date_gmt":"2025-03-01T20:01:57","guid":{"rendered":"https:\/\/poradenstvikhk.cz\/akce\/?page_id=2579"},"modified":"2025-03-01T21:04:48","modified_gmt":"2025-03-01T20:04:48","slug":"matula-2025","status":"publish","type":"page","link":"https:\/\/poradenstvikhk.cz\/akce\/matula-2025\/","title":{"rendered":"Matula 2025"},"content":{"rendered":"\t\t<div data-elementor-type=\"wp-page\" data-elementor-id=\"2579\" class=\"elementor elementor-2579\">\n\t\t\t\t\t\t<section class=\"elementor-section elementor-top-section elementor-element elementor-element-fbd9e75 elementor-section-boxed elementor-section-height-default elementor-section-height-default\" data-id=\"fbd9e75\" data-element_type=\"section\">\n\t\t\t\t\t\t<div class=\"elementor-container elementor-column-gap-default\">\n\t\t\t\t\t<div class=\"elementor-column elementor-col-100 elementor-top-column elementor-element elementor-element-18411ff\" data-id=\"18411ff\" data-element_type=\"column\">\n\t\t\t<div class=\"elementor-widget-wrap elementor-element-populated\">\n\t\t\t\t\t\t<div class=\"elementor-element elementor-element-c8bd954 elementor-widget elementor-widget-spacer\" data-id=\"c8bd954\" data-element_type=\"widget\" data-widget_type=\"spacer.default\">\n\t\t\t\t<div class=\"elementor-widget-container\">\n\t\t\t\t\t\t\t<div class=\"elementor-spacer\">\n\t\t\t<div class=\"elementor-spacer-inner\"><\/div>\n\t\t<\/div>\n\t\t\t\t\t\t<\/div>\n\t\t\t\t<\/div>\n\t\t\t\t<div class=\"elementor-element elementor-element-3ffcf6a elementor-widget elementor-widget-heading\" data-id=\"3ffcf6a\" data-element_type=\"widget\" data-widget_type=\"heading.default\">\n\t\t\t\t<div class=\"elementor-widget-container\">\n\t\t\t\t\t<h2 class=\"elementor-heading-title elementor-size-default\"><b>PhDr. Zdenko Matula<\/b><\/h2>\t\t\t\t<\/div>\n\t\t\t\t<\/div>\n\t\t\t\t\t<\/div>\n\t\t<\/div>\n\t\t\t\t\t<\/div>\n\t\t<\/section>\n\t\t\t\t<section class=\"elementor-section elementor-top-section elementor-element elementor-element-bba3a00 elementor-section-boxed elementor-section-height-default elementor-section-height-default\" data-id=\"bba3a00\" data-element_type=\"section\">\n\t\t\t\t\t\t<div class=\"elementor-container elementor-column-gap-default\">\n\t\t\t\t\t<div class=\"elementor-column elementor-col-50 elementor-top-column elementor-element elementor-element-156d16c\" data-id=\"156d16c\" data-element_type=\"column\">\n\t\t\t<div class=\"elementor-widget-wrap elementor-element-populated\">\n\t\t\t\t\t\t<div class=\"elementor-element elementor-element-8110157 elementor-widget elementor-widget-spacer\" data-id=\"8110157\" data-element_type=\"widget\" data-widget_type=\"spacer.default\">\n\t\t\t\t<div class=\"elementor-widget-container\">\n\t\t\t\t\t\t\t<div class=\"elementor-spacer\">\n\t\t\t<div class=\"elementor-spacer-inner\"><\/div>\n\t\t<\/div>\n\t\t\t\t\t\t<\/div>\n\t\t\t\t<\/div>\n\t\t\t\t<div class=\"elementor-element elementor-element-0ca0d81 elementor-widget elementor-widget-text-editor\" data-id=\"0ca0d81\" data-element_type=\"widget\" data-widget_type=\"text-editor.default\">\n\t\t\t\t<div class=\"elementor-widget-container\">\n\t\t\t\t\t\t\t\t\t<p><span style=\"font-style: inherit; font-weight: inherit; background-color: var(--ast-global-color-4); color: var(--ast-global-color-3);\">M\u00e1 dlouholet\u00e9 zku\u0161enosti z oblasti praktick\u00e9 aplikace skupinov\u011b dynamick\u00fdch p\u0159\u00edstup\u016f v r\u016fzn\u00fdch oblastech. Zam\u011b\u0159uje se zejm\u00e9na na mezilidskou komunikaci, t\u00fdmovou pr\u00e1ci a efektivn\u00ed veden\u00ed, motivov\u00e1n\u00ed lid\u00ed a praktick\u00e9 vyu\u017e\u00edv\u00e1n\u00ed neurov\u011bdn\u00edch poznatk\u016f ve vzd\u011bl\u00e1vac\u00edch a poradensk\u00fdch programech.\u00a0<\/span><\/p>\t\t\t\t\t\t\t\t<\/div>\n\t\t\t\t<\/div>\n\t\t\t\t\t<\/div>\n\t\t<\/div>\n\t\t\t\t<div class=\"elementor-column elementor-col-50 elementor-top-column elementor-element elementor-element-3110227\" data-id=\"3110227\" data-element_type=\"column\">\n\t\t\t<div class=\"elementor-widget-wrap elementor-element-populated\">\n\t\t\t\t\t\t<div class=\"elementor-element elementor-element-8efd14d elementor-widget__width-initial elementor-widget elementor-widget-image\" data-id=\"8efd14d\" data-element_type=\"widget\" data-widget_type=\"image.default\">\n\t\t\t\t<div class=\"elementor-widget-container\">\n\t\t\t\t\t\t\t\t\t\t\t\t\t\t\t<img decoding=\"async\" src=\"https:\/\/poradenstvikhk.cz\/akce\/wp-content\/uploads\/elementor\/thumbs\/Matula_foto-r28g1urntcqf8imfwu3kl35g1byopzxldr6srwqxnw.jpg\" title=\"Matula_foto\" alt=\"Matula_foto\" loading=\"lazy\" \/>\t\t\t\t\t\t\t\t\t\t\t\t\t\t\t<\/div>\n\t\t\t\t<\/div>\n\t\t\t\t\t<\/div>\n\t\t<\/div>\n\t\t\t\t\t<\/div>\n\t\t<\/section>\n\t\t\t\t<section class=\"elementor-section elementor-top-section elementor-element elementor-element-8636a78 elementor-section-boxed elementor-section-height-default elementor-section-height-default\" data-id=\"8636a78\" data-element_type=\"section\">\n\t\t\t\t\t\t<div class=\"elementor-container elementor-column-gap-default\">\n\t\t\t\t\t<div class=\"elementor-column elementor-col-100 elementor-top-column elementor-element elementor-element-f8b5b48\" data-id=\"f8b5b48\" data-element_type=\"column\">\n\t\t\t<div class=\"elementor-widget-wrap elementor-element-populated\">\n\t\t\t\t\t\t<div class=\"elementor-element elementor-element-5a59334 elementor-widget__width-initial elementor-widget elementor-widget-text-editor\" data-id=\"5a59334\" data-element_type=\"widget\" data-widget_type=\"text-editor.default\">\n\t\t\t\t<div class=\"elementor-widget-container\">\n\t\t\t\t\t\t\t\t\t<p><span data-contrast=\"auto\">Pod\u00edl\u00ed se na vzd\u011bl\u00e1v\u00e1n\u00ed a rozvoji dovednost\u00ed pedagogick\u00fdch pracovn\u00edk\u016f z\u00e1kladn\u00edch a st\u0159edn\u00edch \u0161kol, prost\u0159ednictv\u00edm spolupr\u00e1ce s r\u016fzn\u00fdmi neziskov\u00fdmi organizacemi, jako nap\u0159. \u010clov\u011bk v t\u00edsni aj., pod\u00edl\u00ed se na v\u00fdchov\u011b a vzd\u011bl\u00e1v\u00e1n\u00ed budouc\u00edch u\u010ditel\u016f na Husitsk\u00e9 teologick\u00e9 fakult\u011b Univerzity Karlovy v Praze.<\/span><span data-ccp-props=\"{}\">\u00a0<\/span><\/p><p><span data-contrast=\"auto\">Absolvoval jednooborov\u00e9 studium psychologie na Univerzit\u011b J. A. Komensk\u00e9ho v Bratislav\u011b. Je certifikovan\u00fdm brain based kou\u010dem v oblasti individu\u00e1ln\u00edho i t\u00fdmov\u00e9ho kou\u010dingu (Results System Coaching).<\/span><span data-ccp-props=\"{}\">\u00a0<\/span><\/p>\t\t\t\t\t\t\t\t<\/div>\n\t\t\t\t<\/div>\n\t\t\t\t\t<\/div>\n\t\t<\/div>\n\t\t\t\t\t<\/div>\n\t\t<\/section>\n\t\t\t\t<section class=\"elementor-section elementor-top-section elementor-element elementor-element-09eb555 elementor-section-boxed elementor-section-height-default elementor-section-height-default\" data-id=\"09eb555\" data-element_type=\"section\">\n\t\t\t\t\t\t<div class=\"elementor-container elementor-column-gap-default\">\n\t\t\t\t\t<div class=\"elementor-column elementor-col-100 elementor-top-column elementor-element elementor-element-5dfc0dd\" data-id=\"5dfc0dd\" data-element_type=\"column\">\n\t\t\t<div class=\"elementor-widget-wrap elementor-element-populated\">\n\t\t\t\t\t\t<div class=\"elementor-element elementor-element-4f2bac5 elementor-widget elementor-widget-heading\" data-id=\"4f2bac5\" data-element_type=\"widget\" data-widget_type=\"heading.default\">\n\t\t\t\t<div class=\"elementor-widget-container\">\n\t\t\t\t\t<h5 class=\"elementor-heading-title elementor-size-default\">P\u0159\u00edsp\u011bvek: Komunika\u010dn\u00ed posilovna<\/h5>\t\t\t\t<\/div>\n\t\t\t\t<\/div>\n\t\t\t\t<div class=\"elementor-element elementor-element-fdce868 elementor-widget elementor-widget-text-editor\" data-id=\"fdce868\" data-element_type=\"widget\" data-widget_type=\"text-editor.default\">\n\t\t\t\t<div class=\"elementor-widget-container\">\n\t\t\t\t\t\t\t\t\t<p>Workshop navazuje na cyklus kurz\u016f \u201eNezra\u0148uj\u00edc\u00ed komunikace a \u0159e\u0161en\u00ed konflikt\u016f ve \u0161koln\u00edm poradenstv\u00ed\u201c a je zam\u011b\u0159en na modelov\u00e1n\u00ed a \u0159e\u0161en\u00ed konkr\u00e9tn\u00edch probl\u00e9m\u016f v aplikaci postup\u016f inspirovan\u00fdch v\u00fd\u0161e uveden\u00fdmi kurzy.<\/p>\t\t\t\t\t\t\t\t<\/div>\n\t\t\t\t<\/div>\n\t\t\t\t<div class=\"elementor-element elementor-element-4e1d7b3 elementor-widget elementor-widget-spacer\" data-id=\"4e1d7b3\" data-element_type=\"widget\" data-widget_type=\"spacer.default\">\n\t\t\t\t<div class=\"elementor-widget-container\">\n\t\t\t\t\t\t\t<div class=\"elementor-spacer\">\n\t\t\t<div class=\"elementor-spacer-inner\"><\/div>\n\t\t<\/div>\n\t\t\t\t\t\t<\/div>\n\t\t\t\t<\/div>\n\t\t\t\t\t<\/div>\n\t\t<\/div>\n\t\t\t\t\t<\/div>\n\t\t<\/section>\n\t\t\t\t<\/div>\n\t\t","protected":false},"excerpt":{"rendered":"<p>PhDr. Zdenko Matula M\u00e1 dlouholet\u00e9 zku\u0161enosti z oblasti praktick\u00e9 aplikace skupinov\u011b dynamick\u00fdch p\u0159\u00edstup\u016f v r\u016fzn\u00fdch oblastech. Zam\u011b\u0159uje se zejm\u00e9na na mezilidskou komunikaci, t\u00fdmovou pr\u00e1ci a efektivn\u00ed veden\u00ed, motivov\u00e1n\u00ed lid\u00ed a praktick\u00e9 vyu\u017e\u00edv\u00e1n\u00ed neurov\u011bdn\u00edch poznatk\u016f ve vzd\u011bl\u00e1vac\u00edch a poradensk\u00fdch programech.\u00a0 Pod\u00edl\u00ed se na vzd\u011bl\u00e1v\u00e1n\u00ed a rozvoji dovednost\u00ed pedagogick\u00fdch pracovn\u00edk\u016f z\u00e1kladn\u00edch a st\u0159edn\u00edch \u0161kol, prost\u0159ednictv\u00edm spolupr\u00e1ce s [&hellip;]<\/p>\n","protected":false},"author":2,"featured_media":0,"parent":0,"menu_order":0,"comment_status":"closed","ping_status":"closed","template":"","meta":{"site-sidebar-layout":"no-sidebar","site-content-layout":"page-builder","ast-site-content-layout":"full-width-container","site-content-style":"default","site-sidebar-style":"default","ast-global-header-display":"","ast-banner-title-visibility":"","ast-main-header-display":"","ast-hfb-above-header-display":"","ast-hfb-below-header-display":"","ast-hfb-mobile-header-display":"","site-post-title":"disabled","ast-breadcrumbs-content":"","ast-featured-img":"disabled","footer-sml-layout":"","theme-transparent-header-meta":"","adv-header-id-meta":"","stick-header-meta":"","header-above-stick-meta":"","header-main-stick-meta":"","header-below-stick-meta":"","astra-migrate-meta-layouts":"set","ast-page-background-enabled":"default","ast-page-background-meta":{"desktop":{"background-color":"","background-image":"","background-repeat":"repeat","background-position":"center center","background-size":"auto","background-attachment":"scroll","background-type":"","background-media":"","overlay-type":"","overlay-color":"","overlay-opacity":"","overlay-gradient":""},"tablet":{"background-color":"","background-image":"","background-repeat":"repeat","background-position":"center center","background-size":"auto","background-attachment":"scroll","background-type":"","background-media":"","overlay-type":"","overlay-color":"","overlay-opacity":"","overlay-gradient":""},"mobile":{"background-color":"","background-image":"","background-repeat":"repeat","background-position":"center center","background-size":"auto","background-attachment":"scroll","background-type":"","background-media":"","overlay-type":"","overlay-color":"","overlay-opacity":"","overlay-gradient":""}},"ast-content-background-meta":{"desktop":{"background-color":"var(--ast-global-color-5)","background-image":"","background-repeat":"repeat","background-position":"center center","background-size":"auto","background-attachment":"scroll","background-type":"","background-media":"","overlay-type":"","overlay-color":"","overlay-opacity":"","overlay-gradient":""},"tablet":{"background-color":"var(--ast-global-color-5)","background-image":"","background-repeat":"repeat","background-position":"center center","background-size":"auto","background-attachment":"scroll","background-type":"","background-media":"","overlay-type":"","overlay-color":"","overlay-opacity":"","overlay-gradient":""},"mobile":{"background-color":"var(--ast-global-color-5)","background-image":"","background-repeat":"repeat","background-position":"center center","background-size":"auto","background-attachment":"scroll","background-type":"","background-media":"","overlay-type":"","overlay-color":"","overlay-opacity":"","overlay-gradient":""}},"footnotes":""},"class_list":["post-2579","page","type-page","status-publish","hentry"],"_links":{"self":[{"href":"https:\/\/poradenstvikhk.cz\/akce\/wp-json\/wp\/v2\/pages\/2579","targetHints":{"allow":["GET"]}}],"collection":[{"href":"https:\/\/poradenstvikhk.cz\/akce\/wp-json\/wp\/v2\/pages"}],"about":[{"href":"https:\/\/poradenstvikhk.cz\/akce\/wp-json\/wp\/v2\/types\/page"}],"author":[{"embeddable":true,"href":"https:\/\/poradenstvikhk.cz\/akce\/wp-json\/wp\/v2\/users\/2"}],"replies":[{"embeddable":true,"href":"https:\/\/poradenstvikhk.cz\/akce\/wp-json\/wp\/v2\/comments?post=2579"}],"version-history":[{"count":4,"href":"https:\/\/poradenstvikhk.cz\/akce\/wp-json\/wp\/v2\/pages\/2579\/revisions"}],"predecessor-version":[{"id":2584,"href":"https:\/\/poradenstvikhk.cz\/akce\/wp-json\/wp\/v2\/pages\/2579\/revisions\/2584"}],"wp:attachment":[{"href":"https:\/\/poradenstvikhk.cz\/akce\/wp-json\/wp\/v2\/media?parent=2579"}],"curies":[{"name":"wp","href":"https:\/\/api.w.org\/{rel}","templated":true}]}}