{"id":2562,"date":"2025-03-01T18:07:07","date_gmt":"2025-03-01T17:07:07","guid":{"rendered":"https:\/\/poradenstvikhk.cz\/akce\/?page_id=2562"},"modified":"2025-03-01T18:11:28","modified_gmt":"2025-03-01T17:11:28","slug":"duchonova","status":"publish","type":"page","link":"https:\/\/poradenstvikhk.cz\/akce\/duchonova\/","title":{"rendered":"Ducho\u0148ov\u00e1\u00a02025"},"content":{"rendered":"\t\t<div data-elementor-type=\"wp-page\" data-elementor-id=\"2562\" class=\"elementor elementor-2562\">\n\t\t\t\t\t\t<section class=\"elementor-section elementor-top-section elementor-element elementor-element-aac1e5c elementor-section-boxed elementor-section-height-default elementor-section-height-default\" data-id=\"aac1e5c\" data-element_type=\"section\">\n\t\t\t\t\t\t<div class=\"elementor-container elementor-column-gap-default\">\n\t\t\t\t\t<div class=\"elementor-column elementor-col-100 elementor-top-column elementor-element elementor-element-b63fb07\" data-id=\"b63fb07\" data-element_type=\"column\">\n\t\t\t<div class=\"elementor-widget-wrap elementor-element-populated\">\n\t\t\t\t\t\t<div class=\"elementor-element elementor-element-e251ec7 elementor-widget elementor-widget-spacer\" data-id=\"e251ec7\" data-element_type=\"widget\" data-widget_type=\"spacer.default\">\n\t\t\t\t<div class=\"elementor-widget-container\">\n\t\t\t\t\t\t\t<div class=\"elementor-spacer\">\n\t\t\t<div class=\"elementor-spacer-inner\"><\/div>\n\t\t<\/div>\n\t\t\t\t\t\t<\/div>\n\t\t\t\t<\/div>\n\t\t\t\t<div class=\"elementor-element elementor-element-cfa88e9 elementor-widget elementor-widget-heading\" data-id=\"cfa88e9\" data-element_type=\"widget\" data-widget_type=\"heading.default\">\n\t\t\t\t<div class=\"elementor-widget-container\">\n\t\t\t\t\t<h2 class=\"elementor-heading-title elementor-size-default\">Mgr. Hana Ducho\u0148ov\u00e1 <\/h2>\t\t\t\t<\/div>\n\t\t\t\t<\/div>\n\t\t\t\t\t<\/div>\n\t\t<\/div>\n\t\t\t\t\t<\/div>\n\t\t<\/section>\n\t\t\t\t<section class=\"elementor-section elementor-top-section elementor-element elementor-element-2a6fa13 elementor-section-boxed elementor-section-height-default elementor-section-height-default\" data-id=\"2a6fa13\" data-element_type=\"section\">\n\t\t\t\t\t\t<div class=\"elementor-container elementor-column-gap-default\">\n\t\t\t\t\t<div class=\"elementor-column elementor-col-50 elementor-top-column elementor-element elementor-element-ff04b83\" data-id=\"ff04b83\" data-element_type=\"column\">\n\t\t\t<div class=\"elementor-widget-wrap elementor-element-populated\">\n\t\t\t\t\t\t<div class=\"elementor-element elementor-element-e0b929c elementor-widget elementor-widget-text-editor\" data-id=\"e0b929c\" data-element_type=\"widget\" data-widget_type=\"text-editor.default\">\n\t\t\t\t<div class=\"elementor-widget-container\">\n\t\t\t\t\t\t\t\t\t<p><span class=\"NormalTextRun SCXW216542175 BCX0\">Hana Ducho\u0148ov\u00e1 je psycholo\u017eka a psychoterapeutka, kter\u00e1 se zam\u011b\u0159uje p\u0159edev\u0161\u00edm na podporu ohro\u017een\u00fdch d\u011bt\u00ed a jejich rodin. Na Masarykov\u011b univerzit\u011b absolvovala bakal\u00e1\u0159sk\u00fd program v\u202foboru Soci\u00e1ln\u00ed politika a soci\u00e1ln\u00ed pr\u00e1ce a jednooborov\u00fd magistersk\u00fd program v\u202foboru Psychologie. Zab\u00fdv\u00e1 se dyadickou v\u00fdvojovou psychoterapi\u00ed a od roku 2014 p\u016fsob\u00ed p\u0159edev\u0161\u00edm v\u202foblasti podpory d\u011bt\u00ed v\u202fn\u00e1hradn\u00ed rodinn\u00e9 p\u00e9\u010di.<\/span><\/p>\t\t\t\t\t\t\t\t<\/div>\n\t\t\t\t<\/div>\n\t\t\t\t\t<\/div>\n\t\t<\/div>\n\t\t\t\t<div class=\"elementor-column elementor-col-50 elementor-top-column elementor-element elementor-element-9833810\" data-id=\"9833810\" data-element_type=\"column\">\n\t\t\t<div class=\"elementor-widget-wrap elementor-element-populated\">\n\t\t\t\t\t\t<div class=\"elementor-element elementor-element-ef84035 elementor-widget elementor-widget-image\" data-id=\"ef84035\" data-element_type=\"widget\" data-widget_type=\"image.default\">\n\t\t\t\t<div class=\"elementor-widget-container\">\n\t\t\t\t\t\t\t\t\t\t\t\t\t\t\t<img decoding=\"async\" src=\"https:\/\/poradenstvikhk.cz\/akce\/wp-content\/uploads\/elementor\/thumbs\/Duchonova_foto-r288qek4jrubbzztfb75qxw69fxsjzwlyrfgx2uq04.png\" title=\"Ducho\u0148ov\u00e1_foto\" alt=\"Ducho\u0148ov\u00e1_foto\" loading=\"lazy\" \/>\t\t\t\t\t\t\t\t\t\t\t\t\t\t\t<\/div>\n\t\t\t\t<\/div>\n\t\t\t\t\t<\/div>\n\t\t<\/div>\n\t\t\t\t\t<\/div>\n\t\t<\/section>\n\t\t\t\t<section class=\"elementor-section elementor-top-section elementor-element elementor-element-db8e67f elementor-section-boxed elementor-section-height-default elementor-section-height-default\" data-id=\"db8e67f\" data-element_type=\"section\">\n\t\t\t\t\t\t<div class=\"elementor-container elementor-column-gap-default\">\n\t\t\t\t\t<div class=\"elementor-column elementor-col-100 elementor-top-column elementor-element elementor-element-7aff683\" data-id=\"7aff683\" data-element_type=\"column\">\n\t\t\t<div class=\"elementor-widget-wrap elementor-element-populated\">\n\t\t\t\t\t\t<div class=\"elementor-element elementor-element-5396d58 elementor-widget elementor-widget-text-editor\" data-id=\"5396d58\" data-element_type=\"widget\" data-widget_type=\"text-editor.default\">\n\t\t\t\t<div class=\"elementor-widget-container\">\n\t\t\t\t\t\t\t\t\t<p><span style=\"background-color: var(--ast-global-color-4); color: var(--ast-global-color-3); font-size: 1rem;\">Spolupracovala s\u202fmnoha organizacemi zam\u011b\u0159en\u00fdmi pr\u00e1v\u011b na n\u00e1hradn\u00ed rodin<\/span><span style=\"background-color: var(--ast-global-color-4); color: var(--ast-global-color-3); font-size: 1rem;\">n<\/span><span style=\"background-color: var(--ast-global-color-4); color: var(--ast-global-color-3); font-size: 1rem;\">ou p\u00e9\u010di, ale tak\u00e9 s\u202forganizacemi poskytuj\u00edc\u00edmi podporu <\/span><span style=\"background-color: var(--ast-global-color-4); color: var(--ast-global-color-3); font-size: 1rem;\">rodin\u00e1m v\u202fn\u00e1ro\u010dn\u00fdch \u017eivotn\u00edch situac\u00edch a <\/span><span style=\"background-color: var(--ast-global-color-4); color: var(--ast-global-color-3); font-size: 1rem;\">s <\/span><span style=\"background-color: var(--ast-global-color-4); color: var(--ast-global-color-3); font-size: 1rem;\">odbory soci\u00e1ln\u011b pr\u00e1vn\u00ed ochrany d\u011bt\u00ed.\u00a0<\/span>Lektorsky se zam\u011b\u0159uje na t\u00e9mata spojen\u00e1 s\u202fran\u00fdm v\u00fdvojem,\u00a0vztahovou vazbu, komplexn\u00ed v\u00fdvojov\u00e9 trauma, ale tak\u00e9 nap\u0159\u00edklad na v\u00fdznam hry v\u202fterapii nebo podporu emo\u010dn\u00edho v\u00fdvoje d\u011bt\u00ed.<\/p>\t\t\t\t\t\t\t\t<\/div>\n\t\t\t\t<\/div>\n\t\t\t\t<div class=\"elementor-element elementor-element-96fc88c elementor-widget elementor-widget-heading\" data-id=\"96fc88c\" data-element_type=\"widget\" data-widget_type=\"heading.default\">\n\t\t\t\t<div class=\"elementor-widget-container\">\n\t\t\t\t\t<h5 class=\"elementor-heading-title elementor-size-default\">P\u0159\u00edsp\u011bvek: Vztahov\u00e1 vazba<\/h5>\t\t\t\t<\/div>\n\t\t\t\t<\/div>\n\t\t\t\t<div class=\"elementor-element elementor-element-0b92668 elementor-widget elementor-widget-text-editor\" data-id=\"0b92668\" data-element_type=\"widget\" data-widget_type=\"text-editor.default\">\n\t\t\t\t<div class=\"elementor-widget-container\">\n\t\t\t\t\t\t\t\t\t<p><span data-contrast=\"auto\">Ka\u017ed\u00e9 d\u00edt\u011b pot\u0159ebuje ke sv\u00e9mu \u017eivotu ochranu a pomoc pe\u010duj\u00edc\u00ed osoby. Pokud je d\u00edt\u011b vystra\u0161en\u00e9, smutn\u00e9 nebo v nebezpe\u010d\u00ed, pot\u0159ebuje c\u00edtit jistotu, \u017ee se m\u00e1 na koho obr\u00e1tit. Pot\u0159eba d\u00edt\u011bte nav\u00e1zat tento bezpe\u010dn\u00fd vztah je z\u00e1kladn\u00ed a z\u00e1sadn\u00ed podm\u00ednkou pro p\u0159e\u017eit\u00ed i dobr\u00fd rozvoj. To, jak je v ran\u00e9m v\u011bku pot\u0159eba t\u00e9to vazby napl\u0148ov\u00e1na, m\u00e1 vliv na v\u00fdvoj d\u00edt\u011bte v mnoha oblastech jeho \u017eivota (navazov\u00e1n\u00ed vztah\u016f, vn\u00edm\u00e1n\u00ed sebe, ovl\u00e1d\u00e1n\u00ed emoc\u00ed a chov\u00e1n\u00ed, schopnost u\u010dit se nov\u00e9mu).\u00a0<\/span><span data-ccp-props=\"{}\">\u00a0<\/span><\/p><p><span data-contrast=\"auto\">C\u00edlem p\u0159edn\u00e1\u0161ky je p\u0159edstavit teorii vztahov\u00e9 vazby a vysv\u011btlit, jak je utv\u00e1\u0159ena, jak\u00e9 jsou typy vztahov\u00e9 vazby a jak\u00fd vliv m\u00e1 typ vztahov\u00e9 vazby na dal\u0161\u00ed \u017eivot. Workshop p\u0159edstav\u00ed vztahovou vazbu v\u202fsouvislostech teori\u00ed v\u00fdvojov\u00e9 psychologie a v\u00fdvoje mozku. Jeho dal\u0161\u00ed \u010d\u00e1st pak bude zam\u011b\u0159ena na d\u016fsledky poruch vztahov\u00e9 vazby, mo\u017enosti jejich diagnostiky a terapii.\u00a0<\/span><span data-ccp-props=\"{}\">\u00a0<\/span><\/p>\t\t\t\t\t\t\t\t<\/div>\n\t\t\t\t<\/div>\n\t\t\t\t<div class=\"elementor-element elementor-element-ada4a01 elementor-widget elementor-widget-spacer\" data-id=\"ada4a01\" data-element_type=\"widget\" data-widget_type=\"spacer.default\">\n\t\t\t\t<div class=\"elementor-widget-container\">\n\t\t\t\t\t\t\t<div class=\"elementor-spacer\">\n\t\t\t<div class=\"elementor-spacer-inner\"><\/div>\n\t\t<\/div>\n\t\t\t\t\t\t<\/div>\n\t\t\t\t<\/div>\n\t\t\t\t\t<\/div>\n\t\t<\/div>\n\t\t\t\t\t<\/div>\n\t\t<\/section>\n\t\t\t\t<\/div>\n\t\t","protected":false},"excerpt":{"rendered":"<p>Mgr. Hana Ducho\u0148ov\u00e1 Hana Ducho\u0148ov\u00e1 je psycholo\u017eka a psychoterapeutka, kter\u00e1 se zam\u011b\u0159uje p\u0159edev\u0161\u00edm na podporu ohro\u017een\u00fdch d\u011bt\u00ed a jejich rodin. Na Masarykov\u011b univerzit\u011b absolvovala bakal\u00e1\u0159sk\u00fd program v\u202foboru Soci\u00e1ln\u00ed politika a soci\u00e1ln\u00ed pr\u00e1ce a jednooborov\u00fd magistersk\u00fd program v\u202foboru Psychologie. Zab\u00fdv\u00e1 se dyadickou v\u00fdvojovou psychoterapi\u00ed a od roku 2014 p\u016fsob\u00ed p\u0159edev\u0161\u00edm v\u202foblasti podpory d\u011bt\u00ed v\u202fn\u00e1hradn\u00ed rodinn\u00e9 p\u00e9\u010di. [&hellip;]<\/p>\n","protected":false},"author":2,"featured_media":0,"parent":0,"menu_order":0,"comment_status":"closed","ping_status":"closed","template":"","meta":{"site-sidebar-layout":"no-sidebar","site-content-layout":"page-builder","ast-site-content-layout":"full-width-container","site-content-style":"default","site-sidebar-style":"default","ast-global-header-display":"","ast-banner-title-visibility":"","ast-main-header-display":"","ast-hfb-above-header-display":"","ast-hfb-below-header-display":"","ast-hfb-mobile-header-display":"","site-post-title":"disabled","ast-breadcrumbs-content":"","ast-featured-img":"disabled","footer-sml-layout":"","theme-transparent-header-meta":"","adv-header-id-meta":"","stick-header-meta":"","header-above-stick-meta":"","header-main-stick-meta":"","header-below-stick-meta":"","astra-migrate-meta-layouts":"default","ast-page-background-enabled":"default","ast-page-background-meta":{"desktop":{"background-color":"","background-image":"","background-repeat":"repeat","background-position":"center center","background-size":"auto","background-attachment":"scroll","background-type":"","background-media":"","overlay-type":"","overlay-color":"","overlay-opacity":"","overlay-gradient":""},"tablet":{"background-color":"","background-image":"","background-repeat":"repeat","background-position":"center center","background-size":"auto","background-attachment":"scroll","background-type":"","background-media":"","overlay-type":"","overlay-color":"","overlay-opacity":"","overlay-gradient":""},"mobile":{"background-color":"","background-image":"","background-repeat":"repeat","background-position":"center center","background-size":"auto","background-attachment":"scroll","background-type":"","background-media":"","overlay-type":"","overlay-color":"","overlay-opacity":"","overlay-gradient":""}},"ast-content-background-meta":{"desktop":{"background-color":"var(--ast-global-color-5)","background-image":"","background-repeat":"repeat","background-position":"center center","background-size":"auto","background-attachment":"scroll","background-type":"","background-media":"","overlay-type":"","overlay-color":"","overlay-opacity":"","overlay-gradient":""},"tablet":{"background-color":"var(--ast-global-color-5)","background-image":"","background-repeat":"repeat","background-position":"center center","background-size":"auto","background-attachment":"scroll","background-type":"","background-media":"","overlay-type":"","overlay-color":"","overlay-opacity":"","overlay-gradient":""},"mobile":{"background-color":"var(--ast-global-color-5)","background-image":"","background-repeat":"repeat","background-position":"center center","background-size":"auto","background-attachment":"scroll","background-type":"","background-media":"","overlay-type":"","overlay-color":"","overlay-opacity":"","overlay-gradient":""}},"footnotes":""},"class_list":["post-2562","page","type-page","status-publish","hentry"],"_links":{"self":[{"href":"https:\/\/poradenstvikhk.cz\/akce\/wp-json\/wp\/v2\/pages\/2562","targetHints":{"allow":["GET"]}}],"collection":[{"href":"https:\/\/poradenstvikhk.cz\/akce\/wp-json\/wp\/v2\/pages"}],"about":[{"href":"https:\/\/poradenstvikhk.cz\/akce\/wp-json\/wp\/v2\/types\/page"}],"author":[{"embeddable":true,"href":"https:\/\/poradenstvikhk.cz\/akce\/wp-json\/wp\/v2\/users\/2"}],"replies":[{"embeddable":true,"href":"https:\/\/poradenstvikhk.cz\/akce\/wp-json\/wp\/v2\/comments?post=2562"}],"version-history":[{"count":7,"href":"https:\/\/poradenstvikhk.cz\/akce\/wp-json\/wp\/v2\/pages\/2562\/revisions"}],"predecessor-version":[{"id":2571,"href":"https:\/\/poradenstvikhk.cz\/akce\/wp-json\/wp\/v2\/pages\/2562\/revisions\/2571"}],"wp:attachment":[{"href":"https:\/\/poradenstvikhk.cz\/akce\/wp-json\/wp\/v2\/media?parent=2562"}],"curies":[{"name":"wp","href":"https:\/\/api.w.org\/{rel}","templated":true}]}}