{"id":2552,"date":"2025-03-01T17:52:30","date_gmt":"2025-03-01T16:52:30","guid":{"rendered":"https:\/\/poradenstvikhk.cz\/akce\/?page_id=2552"},"modified":"2025-03-01T17:57:38","modified_gmt":"2025-03-01T16:57:38","slug":"kucera-2025","status":"publish","type":"page","link":"https:\/\/poradenstvikhk.cz\/akce\/kucera-2025\/","title":{"rendered":"Ku\u010dera 2025"},"content":{"rendered":"\t\t<div data-elementor-type=\"wp-page\" data-elementor-id=\"2552\" class=\"elementor elementor-2552\">\n\t\t\t\t\t\t<section class=\"elementor-section elementor-top-section elementor-element elementor-element-a683a6e elementor-section-boxed elementor-section-height-default elementor-section-height-default\" data-id=\"a683a6e\" data-element_type=\"section\">\n\t\t\t\t\t\t<div class=\"elementor-container elementor-column-gap-default\">\n\t\t\t\t\t<div class=\"elementor-column elementor-col-100 elementor-top-column elementor-element elementor-element-4b26851\" data-id=\"4b26851\" data-element_type=\"column\">\n\t\t\t<div class=\"elementor-widget-wrap elementor-element-populated\">\n\t\t\t\t\t\t<div class=\"elementor-element elementor-element-9893b80 elementor-widget elementor-widget-spacer\" data-id=\"9893b80\" data-element_type=\"widget\" data-widget_type=\"spacer.default\">\n\t\t\t\t<div class=\"elementor-widget-container\">\n\t\t\t\t\t\t\t<div class=\"elementor-spacer\">\n\t\t\t<div class=\"elementor-spacer-inner\"><\/div>\n\t\t<\/div>\n\t\t\t\t\t\t<\/div>\n\t\t\t\t<\/div>\n\t\t\t\t\t<\/div>\n\t\t<\/div>\n\t\t\t\t\t<\/div>\n\t\t<\/section>\n\t\t\t\t<section class=\"elementor-section elementor-top-section elementor-element elementor-element-32e352c elementor-section-boxed elementor-section-height-default elementor-section-height-default\" data-id=\"32e352c\" data-element_type=\"section\">\n\t\t\t\t\t\t<div class=\"elementor-container elementor-column-gap-default\">\n\t\t\t\t\t<div class=\"elementor-column elementor-col-100 elementor-top-column elementor-element elementor-element-72e09be\" data-id=\"72e09be\" data-element_type=\"column\">\n\t\t\t<div class=\"elementor-widget-wrap elementor-element-populated\">\n\t\t\t\t\t\t<div class=\"elementor-element elementor-element-da169e5 elementor-widget elementor-widget-heading\" data-id=\"da169e5\" data-element_type=\"widget\" data-widget_type=\"heading.default\">\n\t\t\t\t<div class=\"elementor-widget-container\">\n\t\t\t\t\t<h2 class=\"elementor-heading-title elementor-size-default\">MUDr. Martin Ku\u010dera <\/h2>\t\t\t\t<\/div>\n\t\t\t\t<\/div>\n\t\t\t\t\t<\/div>\n\t\t<\/div>\n\t\t\t\t\t<\/div>\n\t\t<\/section>\n\t\t\t\t<section class=\"elementor-section elementor-top-section elementor-element elementor-element-4169223 elementor-section-boxed elementor-section-height-default elementor-section-height-default\" data-id=\"4169223\" data-element_type=\"section\">\n\t\t\t\t\t\t<div class=\"elementor-container elementor-column-gap-default\">\n\t\t\t\t\t<div class=\"elementor-column elementor-col-50 elementor-top-column elementor-element elementor-element-93f94a1\" data-id=\"93f94a1\" data-element_type=\"column\">\n\t\t\t<div class=\"elementor-widget-wrap elementor-element-populated\">\n\t\t\t\t\t\t<div class=\"elementor-element elementor-element-6940170 elementor-widget elementor-widget-text-editor\" data-id=\"6940170\" data-element_type=\"widget\" data-widget_type=\"text-editor.default\">\n\t\t\t\t<div class=\"elementor-widget-container\">\n\t\t\t\t\t\t\t\t\t<p><span class=\"TextRun SCXW259355141 BCX0\" lang=\"CS-CZ\" xml:lang=\"CS-CZ\" data-contrast=\"auto\"><span class=\"NormalTextRun SCXW259355141 BCX0\">MUDr. Martin Ku\u010dera, atestovan\u00fd l\u00e9ka\u0159 ORL a foniatrie. Mimo z\u00e1kladn\u00ed \u010dinnost ve sv\u00e9m oboru se v\u011bnuje praktick\u00e9 rehabilitaci a v\u00fdzkumu v\u202foblasti poruch komunikace. Je autorem n\u011bkolika rehabilita\u010dn\u00edch technik (vyu\u017eit\u00ed alikv\u00f3tn\u00ed p\u00ed\u0161\u0165aly koncovky v\u202fRHB poruch komunikace, senzomotorick\u00e1 integra\u010dn\u00ed terapie aj.). V\u202fminulosti dlouhodob\u011b spolupracoval nap\u0159\u00edklad s V\u00fdzkumn\u00fdm centrem hudebn\u00ed akustiky HAMU, je extern\u00edm vyu\u010duj\u00edc\u00edm na UPOL, po\u0159\u00e1d\u00e1 kurzy na t\u00e9ma rehabilitace hlasov\u00fdch poruch a poruch \u0159e\u010di a jazyka.\u00a0<\/span><\/span><\/p>\t\t\t\t\t\t\t\t<\/div>\n\t\t\t\t<\/div>\n\t\t\t\t\t<\/div>\n\t\t<\/div>\n\t\t\t\t<div class=\"elementor-column elementor-col-50 elementor-top-column elementor-element elementor-element-e3a86e8\" data-id=\"e3a86e8\" data-element_type=\"column\">\n\t\t\t<div class=\"elementor-widget-wrap elementor-element-populated\">\n\t\t\t\t\t\t<div class=\"elementor-element elementor-element-65cdb72 elementor-widget elementor-widget-image\" data-id=\"65cdb72\" data-element_type=\"widget\" data-widget_type=\"image.default\">\n\t\t\t\t<div class=\"elementor-widget-container\">\n\t\t\t\t\t\t\t\t\t\t\t\t\t\t\t<img decoding=\"async\" src=\"https:\/\/poradenstvikhk.cz\/akce\/wp-content\/uploads\/elementor\/thumbs\/Kucera_foto-scaled-r287xu8p86djzzxmjmynlz1ep3zq8ngz4x3tqscl3k.jpg\" title=\"Ku\u010dera_foto\" alt=\"Ku\u010dera_foto\" loading=\"lazy\" \/>\t\t\t\t\t\t\t\t\t\t\t\t\t\t\t<\/div>\n\t\t\t\t<\/div>\n\t\t\t\t\t<\/div>\n\t\t<\/div>\n\t\t\t\t\t<\/div>\n\t\t<\/section>\n\t\t\t\t<section class=\"elementor-section elementor-top-section elementor-element elementor-element-65d6903 elementor-section-boxed elementor-section-height-default elementor-section-height-default\" data-id=\"65d6903\" data-element_type=\"section\">\n\t\t\t\t\t\t<div class=\"elementor-container elementor-column-gap-default\">\n\t\t\t\t\t<div class=\"elementor-column elementor-col-100 elementor-top-column elementor-element elementor-element-ebdc55c\" data-id=\"ebdc55c\" data-element_type=\"column\">\n\t\t\t<div class=\"elementor-widget-wrap elementor-element-populated\">\n\t\t\t\t\t\t<div class=\"elementor-element elementor-element-6c01af7 elementor-widget elementor-widget-text-editor\" data-id=\"6c01af7\" data-element_type=\"widget\" data-widget_type=\"text-editor.default\">\n\t\t\t\t<div class=\"elementor-widget-container\">\n\t\t\t\t\t\t\t\t\t<p><span class=\"TextRun SCXW259355141 BCX0\" lang=\"CS-CZ\" xml:lang=\"CS-CZ\" data-contrast=\"auto\"><span class=\"NormalTextRun SCXW259355141 BCX0\">Po\u0159\u00e1d\u00e1 vzd\u011bl\u00e1vac\u00ed akce pro AL\u0160 \u010cR, AKL \u010cR,\u00a0<\/span><span class=\"NormalTextRun SCXW259355141 BCX0\">SKIZP<\/span><span class=\"NormalTextRun SCXW259355141 BCX0\">\u00a0ve Slovensk\u00e9 republice. Je autorem a spoluautorem n\u011bkolika monografi\u00ed a \u0159ady odborn\u00fdch \u010dl\u00e1nk\u016f.<\/span><\/span><span class=\"EOP SCXW259355141 BCX0\" data-ccp-props=\"{&quot;335559739&quot;:0}\">\u00a0<\/span><\/p>\t\t\t\t\t\t\t\t<\/div>\n\t\t\t\t<\/div>\n\t\t\t\t\t<\/div>\n\t\t<\/div>\n\t\t\t\t\t<\/div>\n\t\t<\/section>\n\t\t\t\t<section class=\"elementor-section elementor-top-section elementor-element elementor-element-ec01dd2 elementor-section-boxed elementor-section-height-default elementor-section-height-default\" data-id=\"ec01dd2\" data-element_type=\"section\">\n\t\t\t\t\t\t<div class=\"elementor-container elementor-column-gap-default\">\n\t\t\t\t\t<div class=\"elementor-column elementor-col-100 elementor-top-column elementor-element elementor-element-c1cd1db\" data-id=\"c1cd1db\" data-element_type=\"column\">\n\t\t\t<div class=\"elementor-widget-wrap elementor-element-populated\">\n\t\t\t\t\t\t<div class=\"elementor-element elementor-element-2ac4dc9 elementor-widget elementor-widget-heading\" data-id=\"2ac4dc9\" data-element_type=\"widget\" data-widget_type=\"heading.default\">\n\t\t\t\t<div class=\"elementor-widget-container\">\n\t\t\t\t\t<h5 class=\"elementor-heading-title elementor-size-default\">P\u0159\u00edsp\u011bvek: Senzomotorick\u00e1 integra\u010dn\u00ed terapie v\u202frehabilitaci t\u011b\u017ek\u00fdch poruch komunikace d\u011btsk\u00e9ho v\u011bku <\/h5>\t\t\t\t<\/div>\n\t\t\t\t<\/div>\n\t\t\t\t<div class=\"elementor-element elementor-element-cb697ae elementor-widget elementor-widget-text-editor\" data-id=\"cb697ae\" data-element_type=\"widget\" data-widget_type=\"text-editor.default\">\n\t\t\t\t<div class=\"elementor-widget-container\">\n\t\t\t\t\t\t\t\t\t<p><span class=\"TextRun SCXW224941820 BCX0\" lang=\"CS-CZ\" xml:lang=\"CS-CZ\" data-contrast=\"auto\"><span class=\"NormalTextRun SCXW224941820 BCX0\">Senzomotorick\u00e1 integra\u010dn\u00ed terapie (<\/span><span class=\"NormalTextRun SpellingErrorV2Themed SCXW224941820 BCX0\">SMITh<\/span><span class=\"NormalTextRun SCXW224941820 BCX0\">) pat\u0159\u00ed do <\/span><span class=\"NormalTextRun SpellingErrorV2Themed SCXW224941820 BCX0\">neurorehabilita\u010dn\u00edch<\/span><span class=\"NormalTextRun SCXW224941820 BCX0\"> technik zam\u011b\u0159uj\u00edc\u00edch se na v\u00fdvojov\u00e9 poruchy komunikace<\/span><span class=\"NormalTextRun SCXW224941820 BCX0\"> a vybran\u00e9 poruchy u\u010den\u00ed<\/span><span class=\"NormalTextRun SCXW224941820 BCX0\">. <\/span><span class=\"NormalTextRun SCXW224941820 BCX0\">Na tomto konceptu za\u010dala pracovat dvojice autor\u016f M. Ku\u010dera a K\u202f<\/span><span class=\"NormalTextRun SpellingErrorV2Themed SCXW224941820 BCX0\">Fritzlov\u00e1<\/span><span class=\"NormalTextRun SCXW224941820 BCX0\"> od roku 2008. <\/span><span class=\"NormalTextRun SpellingErrorV2Themed SCXW224941820 BCX0\">SMITh<\/span><span class=\"NormalTextRun SCXW224941820 BCX0\"> vych\u00e1z\u00ed ze dvou tradi\u010dn\u00edch sm\u011br\u016f. Senzorick\u00e9 integra<\/span><span class=\"NormalTextRun SCXW224941820 BCX0\">ce<\/span> <span class=\"NormalTextRun SCXW224941820 BCX0\">dle <\/span><span class=\"NormalTextRun SCXW224941820 BCX0\">J.<\/span> <span class=\"NormalTextRun SpellingErrorV2Themed SCXW224941820 BCX0\">A<\/span><span class=\"NormalTextRun SpellingErrorV2Themed SCXW224941820 BCX0\">y<\/span><span class=\"NormalTextRun SpellingErrorV2Themed SCXW224941820 BCX0\">res<\/span><span class=\"NormalTextRun SCXW224941820 BCX0\"> a <\/span><span class=\"NormalTextRun SCXW224941820 BCX0\">proprioceptivn\u00ed <\/span><span class=\"NormalTextRun SpellingErrorV2Themed SCXW224941820 BCX0\">senzomotoriky<\/span><span class=\"NormalTextRun SCXW224941820 BCX0\">, jak je vn\u00edm\u00e1na v\u202frehabilita\u010dn\u00ed medic\u00edn\u011b. <\/span><span class=\"NormalTextRun SCXW224941820 BCX0\">Auto\u0159i <\/span><span class=\"NormalTextRun SpellingErrorV2Themed SCXW224941820 BCX0\">SMITh<\/span><span class=\"NormalTextRun SCXW224941820 BCX0\"> vid\u00ed jako z\u00e1kladn\u00ed probl\u00e9m<\/span><span class=\"NormalTextRun SCXW224941820 BCX0\"> u v\u00fdvojov\u00fdch<\/span> <span class=\"NormalTextRun SCXW224941820 BCX0\">poruch<\/span><span class=\"NormalTextRun SCXW224941820 BCX0\"> komuni<\/span><span class=\"NormalTextRun SCXW224941820 BCX0\">k<\/span><span class=\"NormalTextRun SCXW224941820 BCX0\">ace<\/span><span class=\"NormalTextRun SCXW224941820 BCX0\">,<\/span> <span class=\"NormalTextRun SCXW224941820 BCX0\">pr\u00e1v\u011b <\/span><span class=\"NormalTextRun SCXW224941820 BCX0\">posti\u017een\u00ed schopnosti <\/span><span class=\"NormalTextRun SCXW224941820 BCX0\">zachytit<\/span><span class=\"NormalTextRun SCXW224941820 BCX0\"> a zpracovat<\/span><span class=\"NormalTextRun SCXW224941820 BCX0\">\/integrovat<\/span><span class=\"NormalTextRun SCXW224941820 BCX0\"> smyslov<\/span><span class=\"NormalTextRun SCXW224941820 BCX0\">\u00e9<\/span><span class=\"NormalTextRun SCXW224941820 BCX0\"> vjem<\/span><span class=\"NormalTextRun SCXW224941820 BCX0\">y v<\/span><span class=\"NormalTextRun SCXW224941820 BCX0\"> CNS. <\/span><span class=\"NormalTextRun SCXW224941820 BCX0\">Rehabilitace<\/span> <span class=\"NormalTextRun SCXW224941820 BCX0\">cestou <\/span><span class=\"NormalTextRun SpellingErrorV2Themed SCXW224941820 BCX0\">SMITh<\/span> <span class=\"NormalTextRun SCXW224941820 BCX0\">spo\u010d\u00edv\u00e1 v<\/span><span class=\"NormalTextRun SCXW224941820 BCX0\">\u202freflexn\u00edm navozen\u00ed<\/span><span class=\"NormalTextRun SCXW224941820 BCX0\"> koordinovan\u00e9 \u010dinnosti smysl\u016f<\/span><span class=\"NormalTextRun SCXW224941820 BCX0\"> a motoriky<\/span><span class=\"NormalTextRun SCXW224941820 BCX0\">.\u00a0<\/span><\/span><span class=\"EOP SCXW224941820 BCX0\" data-ccp-props=\"{}\">\u00a0<\/span><\/p>\t\t\t\t\t\t\t\t<\/div>\n\t\t\t\t<\/div>\n\t\t\t\t\t<\/div>\n\t\t<\/div>\n\t\t\t\t\t<\/div>\n\t\t<\/section>\n\t\t\t\t<section class=\"elementor-section elementor-top-section elementor-element elementor-element-987686e elementor-section-boxed elementor-section-height-default elementor-section-height-default\" data-id=\"987686e\" data-element_type=\"section\">\n\t\t\t\t\t\t<div class=\"elementor-container elementor-column-gap-default\">\n\t\t\t\t\t<div class=\"elementor-column elementor-col-100 elementor-top-column elementor-element elementor-element-c2ad035\" data-id=\"c2ad035\" data-element_type=\"column\">\n\t\t\t<div class=\"elementor-widget-wrap elementor-element-populated\">\n\t\t\t\t\t\t<div class=\"elementor-element elementor-element-87b75bb elementor-widget elementor-widget-spacer\" data-id=\"87b75bb\" data-element_type=\"widget\" data-widget_type=\"spacer.default\">\n\t\t\t\t<div class=\"elementor-widget-container\">\n\t\t\t\t\t\t\t<div class=\"elementor-spacer\">\n\t\t\t<div class=\"elementor-spacer-inner\"><\/div>\n\t\t<\/div>\n\t\t\t\t\t\t<\/div>\n\t\t\t\t<\/div>\n\t\t\t\t\t<\/div>\n\t\t<\/div>\n\t\t\t\t\t<\/div>\n\t\t<\/section>\n\t\t\t\t<\/div>\n\t\t","protected":false},"excerpt":{"rendered":"<p>MUDr. Martin Ku\u010dera MUDr. Martin Ku\u010dera, atestovan\u00fd l\u00e9ka\u0159 ORL a foniatrie. Mimo z\u00e1kladn\u00ed \u010dinnost ve sv\u00e9m oboru se v\u011bnuje praktick\u00e9 rehabilitaci a v\u00fdzkumu v\u202foblasti poruch komunikace. Je autorem n\u011bkolika rehabilita\u010dn\u00edch technik (vyu\u017eit\u00ed alikv\u00f3tn\u00ed p\u00ed\u0161\u0165aly koncovky v\u202fRHB poruch komunikace, senzomotorick\u00e1 integra\u010dn\u00ed terapie aj.). V\u202fminulosti dlouhodob\u011b spolupracoval nap\u0159\u00edklad s V\u00fdzkumn\u00fdm centrem hudebn\u00ed akustiky HAMU, je extern\u00edm vyu\u010duj\u00edc\u00edm [&hellip;]<\/p>\n","protected":false},"author":2,"featured_media":0,"parent":0,"menu_order":0,"comment_status":"closed","ping_status":"closed","template":"","meta":{"site-sidebar-layout":"no-sidebar","site-content-layout":"page-builder","ast-site-content-layout":"full-width-container","site-content-style":"default","site-sidebar-style":"default","ast-global-header-display":"","ast-banner-title-visibility":"","ast-main-header-display":"","ast-hfb-above-header-display":"","ast-hfb-below-header-display":"","ast-hfb-mobile-header-display":"","site-post-title":"disabled","ast-breadcrumbs-content":"","ast-featured-img":"disabled","footer-sml-layout":"","theme-transparent-header-meta":"","adv-header-id-meta":"","stick-header-meta":"","header-above-stick-meta":"","header-main-stick-meta":"","header-below-stick-meta":"","astra-migrate-meta-layouts":"set","ast-page-background-enabled":"default","ast-page-background-meta":{"desktop":{"background-color":"","background-image":"","background-repeat":"repeat","background-position":"center center","background-size":"auto","background-attachment":"scroll","background-type":"","background-media":"","overlay-type":"","overlay-color":"","overlay-opacity":"","overlay-gradient":""},"tablet":{"background-color":"","background-image":"","background-repeat":"repeat","background-position":"center center","background-size":"auto","background-attachment":"scroll","background-type":"","background-media":"","overlay-type":"","overlay-color":"","overlay-opacity":"","overlay-gradient":""},"mobile":{"background-color":"","background-image":"","background-repeat":"repeat","background-position":"center center","background-size":"auto","background-attachment":"scroll","background-type":"","background-media":"","overlay-type":"","overlay-color":"","overlay-opacity":"","overlay-gradient":""}},"ast-content-background-meta":{"desktop":{"background-color":"var(--ast-global-color-5)","background-image":"","background-repeat":"repeat","background-position":"center center","background-size":"auto","background-attachment":"scroll","background-type":"","background-media":"","overlay-type":"","overlay-color":"","overlay-opacity":"","overlay-gradient":""},"tablet":{"background-color":"var(--ast-global-color-5)","background-image":"","background-repeat":"repeat","background-position":"center center","background-size":"auto","background-attachment":"scroll","background-type":"","background-media":"","overlay-type":"","overlay-color":"","overlay-opacity":"","overlay-gradient":""},"mobile":{"background-color":"var(--ast-global-color-5)","background-image":"","background-repeat":"repeat","background-position":"center center","background-size":"auto","background-attachment":"scroll","background-type":"","background-media":"","overlay-type":"","overlay-color":"","overlay-opacity":"","overlay-gradient":""}},"footnotes":""},"class_list":["post-2552","page","type-page","status-publish","hentry"],"_links":{"self":[{"href":"https:\/\/poradenstvikhk.cz\/akce\/wp-json\/wp\/v2\/pages\/2552","targetHints":{"allow":["GET"]}}],"collection":[{"href":"https:\/\/poradenstvikhk.cz\/akce\/wp-json\/wp\/v2\/pages"}],"about":[{"href":"https:\/\/poradenstvikhk.cz\/akce\/wp-json\/wp\/v2\/types\/page"}],"author":[{"embeddable":true,"href":"https:\/\/poradenstvikhk.cz\/akce\/wp-json\/wp\/v2\/users\/2"}],"replies":[{"embeddable":true,"href":"https:\/\/poradenstvikhk.cz\/akce\/wp-json\/wp\/v2\/comments?post=2552"}],"version-history":[{"count":5,"href":"https:\/\/poradenstvikhk.cz\/akce\/wp-json\/wp\/v2\/pages\/2552\/revisions"}],"predecessor-version":[{"id":2558,"href":"https:\/\/poradenstvikhk.cz\/akce\/wp-json\/wp\/v2\/pages\/2552\/revisions\/2558"}],"wp:attachment":[{"href":"https:\/\/poradenstvikhk.cz\/akce\/wp-json\/wp\/v2\/media?parent=2552"}],"curies":[{"name":"wp","href":"https:\/\/api.w.org\/{rel}","templated":true}]}}