{"id":2538,"date":"2025-03-01T17:34:25","date_gmt":"2025-03-01T16:34:25","guid":{"rendered":"https:\/\/poradenstvikhk.cz\/akce\/?page_id=2538"},"modified":"2026-02-25T14:17:48","modified_gmt":"2026-02-25T13:17:48","slug":"corkery2025","status":"publish","type":"page","link":"https:\/\/poradenstvikhk.cz\/akce\/corkery2025\/","title":{"rendered":"Corkery 2025"},"content":{"rendered":"\t\t<div data-elementor-type=\"wp-page\" data-elementor-id=\"2538\" class=\"elementor elementor-2538\">\n\t\t\t\t\t\t<section class=\"elementor-section elementor-top-section elementor-element elementor-element-d5b8678 elementor-section-boxed elementor-section-height-default elementor-section-height-default\" data-id=\"d5b8678\" data-element_type=\"section\">\n\t\t\t\t\t\t<div class=\"elementor-container elementor-column-gap-default\">\n\t\t\t\t\t<div class=\"elementor-column elementor-col-100 elementor-top-column elementor-element elementor-element-92d86d2\" data-id=\"92d86d2\" data-element_type=\"column\">\n\t\t\t<div class=\"elementor-widget-wrap elementor-element-populated\">\n\t\t\t\t\t\t<div class=\"elementor-element elementor-element-e0f4dd4 elementor-widget elementor-widget-spacer\" data-id=\"e0f4dd4\" data-element_type=\"widget\" data-widget_type=\"spacer.default\">\n\t\t\t\t<div class=\"elementor-widget-container\">\n\t\t\t\t\t\t\t<div class=\"elementor-spacer\">\n\t\t\t<div class=\"elementor-spacer-inner\"><\/div>\n\t\t<\/div>\n\t\t\t\t\t\t<\/div>\n\t\t\t\t<\/div>\n\t\t\t\t\t<\/div>\n\t\t<\/div>\n\t\t\t\t\t<\/div>\n\t\t<\/section>\n\t\t\t\t<section class=\"elementor-section elementor-top-section elementor-element elementor-element-6032a18 elementor-section-boxed elementor-section-height-default elementor-section-height-default\" data-id=\"6032a18\" data-element_type=\"section\">\n\t\t\t\t\t\t<div class=\"elementor-container elementor-column-gap-default\">\n\t\t\t\t\t<div class=\"elementor-column elementor-col-100 elementor-top-column elementor-element elementor-element-550359a\" data-id=\"550359a\" data-element_type=\"column\">\n\t\t\t<div class=\"elementor-widget-wrap elementor-element-populated\">\n\t\t\t\t\t\t<div class=\"elementor-element elementor-element-7a5ccca elementor-widget elementor-widget-heading\" data-id=\"7a5ccca\" data-element_type=\"widget\" data-widget_type=\"heading.default\">\n\t\t\t\t<div class=\"elementor-widget-container\">\n\t\t\t\t\t<h2 class=\"elementor-heading-title elementor-size-default\">Mgr. Eva Corkery<\/h2>\t\t\t\t<\/div>\n\t\t\t\t<\/div>\n\t\t\t\t\t<\/div>\n\t\t<\/div>\n\t\t\t\t\t<\/div>\n\t\t<\/section>\n\t\t\t\t<section class=\"elementor-section elementor-top-section elementor-element elementor-element-55691db elementor-section-boxed elementor-section-height-default elementor-section-height-default\" data-id=\"55691db\" data-element_type=\"section\">\n\t\t\t\t\t\t<div class=\"elementor-container elementor-column-gap-default\">\n\t\t\t\t\t<div class=\"elementor-column elementor-col-50 elementor-top-column elementor-element elementor-element-596eac8\" data-id=\"596eac8\" data-element_type=\"column\">\n\t\t\t<div class=\"elementor-widget-wrap elementor-element-populated\">\n\t\t\t\t\t\t<div class=\"elementor-element elementor-element-6c0ba3b elementor-widget elementor-widget-spacer\" data-id=\"6c0ba3b\" data-element_type=\"widget\" data-widget_type=\"spacer.default\">\n\t\t\t\t<div class=\"elementor-widget-container\">\n\t\t\t\t\t\t\t<div class=\"elementor-spacer\">\n\t\t\t<div class=\"elementor-spacer-inner\"><\/div>\n\t\t<\/div>\n\t\t\t\t\t\t<\/div>\n\t\t\t\t<\/div>\n\t\t\t\t<div class=\"elementor-element elementor-element-dcd092f elementor-widget elementor-widget-text-editor\" data-id=\"dcd092f\" data-element_type=\"widget\" data-widget_type=\"text-editor.default\">\n\t\t\t\t<div class=\"elementor-widget-container\">\n\t\t\t\t\t\t\t\t\t<p><span class=\"TextRun SCXW185691919 BCX0\" lang=\"CS-CZ\" xml:lang=\"CS-CZ\" data-contrast=\"auto\"><span class=\"NormalTextRun SCXW185691919 BCX0\">Mgr. Eva <\/span><span class=\"NormalTextRun SpellingErrorV2Themed SCXW185691919 BCX0\">Corkery<\/span><\/span><span class=\"TextRun SCXW185691919 BCX0\" lang=\"CS-CZ\" xml:lang=\"CS-CZ\" data-contrast=\"auto\"><span class=\"NormalTextRun SCXW185691919 BCX0\">\u00a0je st\u0159edo\u0161kolskou pedago\u017ekou a mezin\u00e1rodn\u00ed tren\u00e9rkou programu Instrument\u00e1ln\u00edho obohacov\u00e1n\u00ed prof. <\/span><span class=\"NormalTextRun SpellingErrorV2Themed SCXW185691919 BCX0\">Reuvena<\/span> <span class=\"NormalTextRun SpellingErrorV2Themed SCXW185691919 BCX0\">Feuersteina<\/span><span class=\"NormalTextRun SCXW185691919 BCX0\">. Zam\u011b\u0159uje se p\u0159ev\u00e1\u017en\u011b na pr\u00e1ci s\u202fdosp\u011bl\u00fdmi. Vede kurzy na Univerzit\u011b t\u0159et\u00edho v\u011bku, kde vyu\u017e\u00edv\u00e1 metodu pro pr\u00e1ci se seniory, kte\u0159\u00ed cht\u011bj\u00ed sv\u00e9 my\u0161len\u00ed udr\u017eet aktivn\u00ed a nad\u00e1le rozv\u00edjet sv\u00e9 schopnosti.\u00a0 V\u202f\u010cesk\u00e9 republice nab\u00edz\u00ed kognitivn\u00ed rehabilitaci pro klienty se z\u00edskan\u00fdm po\u0161kozen\u00edm mozku.<\/span><\/span><span class=\"EOP SCXW185691919 BCX0\" data-ccp-props=\"{&quot;335551550&quot;:6,&quot;335551620&quot;:6,&quot;335559685&quot;:-397,&quot;335559737&quot;:-340}\">\u00a0<\/span><\/p>\t\t\t\t\t\t\t\t<\/div>\n\t\t\t\t<\/div>\n\t\t\t\t\t<\/div>\n\t\t<\/div>\n\t\t\t\t<div class=\"elementor-column elementor-col-50 elementor-top-column elementor-element elementor-element-26bdc14\" data-id=\"26bdc14\" data-element_type=\"column\">\n\t\t\t<div class=\"elementor-widget-wrap elementor-element-populated\">\n\t\t\t\t\t\t<div class=\"elementor-element elementor-element-83c0159 elementor-widget__width-initial elementor-widget elementor-widget-image\" data-id=\"83c0159\" data-element_type=\"widget\" data-widget_type=\"image.default\">\n\t\t\t\t<div class=\"elementor-widget-container\">\n\t\t\t\t\t\t\t\t\t\t\t\t\t\t\t<img decoding=\"async\" src=\"https:\/\/poradenstvikhk.cz\/akce\/wp-content\/uploads\/elementor\/thumbs\/Corkery_foto-1-r287b6cs2tpql2emk614uv9srgfn1uj8x7gtc6t544.jpg\" title=\"Corkery_foto\" alt=\"Corkery_foto\" loading=\"lazy\" \/>\t\t\t\t\t\t\t\t\t\t\t\t\t\t\t<\/div>\n\t\t\t\t<\/div>\n\t\t\t\t\t<\/div>\n\t\t<\/div>\n\t\t\t\t\t<\/div>\n\t\t<\/section>\n\t\t\t\t<section class=\"elementor-section elementor-top-section elementor-element elementor-element-7588a95 elementor-section-boxed elementor-section-height-default elementor-section-height-default\" data-id=\"7588a95\" data-element_type=\"section\">\n\t\t\t\t\t\t<div class=\"elementor-container elementor-column-gap-default\">\n\t\t\t\t\t<div class=\"elementor-column elementor-col-100 elementor-top-column elementor-element elementor-element-684125c\" data-id=\"684125c\" data-element_type=\"column\">\n\t\t\t<div class=\"elementor-widget-wrap elementor-element-populated\">\n\t\t\t\t\t\t<div class=\"elementor-element elementor-element-24a63ad elementor-widget elementor-widget-heading\" data-id=\"24a63ad\" data-element_type=\"widget\" data-widget_type=\"heading.default\">\n\t\t\t\t<div class=\"elementor-widget-container\">\n\t\t\t\t\t<h5 class=\"elementor-heading-title elementor-size-default\">P\u0159\u00edsp\u011bvek: \u017divotn\u00ed p\u0159\u00edb\u011bh prof. Reuvena Feuersteina<\/h5>\t\t\t\t<\/div>\n\t\t\t\t<\/div>\n\t\t\t\t\t<\/div>\n\t\t<\/div>\n\t\t\t\t\t<\/div>\n\t\t<\/section>\n\t\t\t\t<section class=\"elementor-section elementor-top-section elementor-element elementor-element-1babdb7 elementor-section-boxed elementor-section-height-default elementor-section-height-default\" data-id=\"1babdb7\" data-element_type=\"section\">\n\t\t\t\t\t\t<div class=\"elementor-container elementor-column-gap-default\">\n\t\t\t\t\t<div class=\"elementor-column elementor-col-100 elementor-top-column elementor-element elementor-element-e86db11\" data-id=\"e86db11\" data-element_type=\"column\">\n\t\t\t<div class=\"elementor-widget-wrap elementor-element-populated\">\n\t\t\t\t\t\t<div class=\"elementor-element elementor-element-4f7e820 elementor-widget elementor-widget-text-editor\" data-id=\"4f7e820\" data-element_type=\"widget\" data-widget_type=\"text-editor.default\">\n\t\t\t\t<div class=\"elementor-widget-container\">\n\t\t\t\t\t\t\t\t\t<p><span style=\"font-style: inherit; font-weight: inherit; background-color: var(--ast-global-color-4); color: var(--ast-global-color-3);\" data-contrast=\"auto\">Profesor Reuven Feuerstein byl jedn\u00edm z\u202fnejv\u00fdznamn\u011bj\u0161\u00edch pedagog\u016f a psycholog\u016f 20. stolet\u00ed. Sv\u00fdmi teoriemi vznikaj\u00edc\u00edmi od 50. letech minul\u00e9ho stolet\u00ed p\u0159edb\u011bhl o mnoho des\u00edtek let svou dobu, proto\u017ee p\u0159ipustil, \u017ee i na\u0161e my\u0161len\u00ed a proces u\u010den\u00ed je neust\u00e1le v pohybu a lze ho ovlivnit v\u202fka\u017ed\u00e9 f\u00e1zi na\u0161eho \u017eivota. V\u202froce 2005 byl za svou pr\u00e1ci navr\u017een na Nobelovu cenu m\u00edru.&nbsp;<\/span><span style=\"font-style: inherit; font-weight: inherit; background-color: var(--ast-global-color-4); color: var(--ast-global-color-3);\" data-ccp-props=\"{&quot;335551550&quot;:6,&quot;335551620&quot;:6,&quot;335559685&quot;:-397,&quot;335559737&quot;:-340}\">&nbsp;<\/span><\/p>\t\t\t\t\t\t\t\t<\/div>\n\t\t\t\t<\/div>\n\t\t\t\t\t<\/div>\n\t\t<\/div>\n\t\t\t\t\t<\/div>\n\t\t<\/section>\n\t\t\t\t<section class=\"elementor-section elementor-top-section elementor-element elementor-element-f9795a0 elementor-section-boxed elementor-section-height-default elementor-section-height-default\" data-id=\"f9795a0\" data-element_type=\"section\">\n\t\t\t\t\t\t<div class=\"elementor-container elementor-column-gap-default\">\n\t\t\t\t\t<div class=\"elementor-column elementor-col-100 elementor-top-column elementor-element elementor-element-79651eb\" data-id=\"79651eb\" data-element_type=\"column\">\n\t\t\t<div class=\"elementor-widget-wrap elementor-element-populated\">\n\t\t\t\t\t\t<div class=\"elementor-element elementor-element-0174470 elementor-widget elementor-widget-heading\" data-id=\"0174470\" data-element_type=\"widget\" data-widget_type=\"heading.default\">\n\t\t\t\t<div class=\"elementor-widget-container\">\n\t\t\t\t\t<h5 class=\"elementor-heading-title elementor-size-default\">P\u0159\u00edsp\u011bvek: Jak se u\u010dit na z\u00e1klad\u011b kresby\u00a0\u00a0<\/h5>\t\t\t\t<\/div>\n\t\t\t\t<\/div>\n\t\t\t\t<div class=\"elementor-element elementor-element-d5ca45f elementor-widget elementor-widget-text-editor\" data-id=\"d5ca45f\" data-element_type=\"widget\" data-widget_type=\"text-editor.default\">\n\t\t\t\t<div class=\"elementor-widget-container\">\n\t\t\t\t\t\t\t\t\t<p><span data-contrast=\"auto\">Budeme malovat a vypr\u00e1v\u011bt p\u0159\u00edb\u011bhy! A zjist\u00edme, jak k\u202ftomu vyu\u017e\u00edv\u00e1me na\u0161e my\u0161len\u00ed a jak lze kresbu zapojit, kdy\u017e u\u010d\u00edme druh\u00e9! Na\u0161\u00edm pr\u016fvodcem budou Ilustrace-jeden z\u202fn\u00e1stroj\u016f metody Instrument\u00e1ln\u00edho obohacov\u00e1n\u00ed. A mo\u017en\u00e1 se n\u00e1m poda\u0159\u00ed zjistit, jak ten druh\u00fd nad \u00fakolem p\u0159em\u00fd\u0161l\u00ed a v\u202f\u010dem m\u016f\u017ee b\u00fdt jeho \u0159e\u0161en\u00ed zaj\u00edmav\u00e9 a origin\u00e1ln\u00ed. P\u0159ineste si pastelky a chu\u0165 rozh\u00fdbat neurony, kter\u00e9 jste mo\u017en\u00e1 ji\u017e dlouho nevyu\u017eili!\u00a0\u00a0\u00a0<\/span><span data-ccp-props=\"{&quot;335551550&quot;:6,&quot;335551620&quot;:6,&quot;335559685&quot;:-397,&quot;335559737&quot;:-340}\">\u00a0<\/span><\/p>\t\t\t\t\t\t\t\t<\/div>\n\t\t\t\t<\/div>\n\t\t\t\t<div class=\"elementor-element elementor-element-1771c0d elementor-widget elementor-widget-spacer\" data-id=\"1771c0d\" data-element_type=\"widget\" data-widget_type=\"spacer.default\">\n\t\t\t\t<div class=\"elementor-widget-container\">\n\t\t\t\t\t\t\t<div class=\"elementor-spacer\">\n\t\t\t<div class=\"elementor-spacer-inner\"><\/div>\n\t\t<\/div>\n\t\t\t\t\t\t<\/div>\n\t\t\t\t<\/div>\n\t\t\t\t\t<\/div>\n\t\t<\/div>\n\t\t\t\t\t<\/div>\n\t\t<\/section>\n\t\t\t\t<\/div>\n\t\t","protected":false},"excerpt":{"rendered":"<p>Mgr. Eva Corkery Mgr. Eva Corkery\u00a0je st\u0159edo\u0161kolskou pedago\u017ekou a mezin\u00e1rodn\u00ed tren\u00e9rkou programu Instrument\u00e1ln\u00edho obohacov\u00e1n\u00ed prof. Reuvena Feuersteina. Zam\u011b\u0159uje se p\u0159ev\u00e1\u017en\u011b na pr\u00e1ci s\u202fdosp\u011bl\u00fdmi. Vede kurzy na Univerzit\u011b t\u0159et\u00edho v\u011bku, kde vyu\u017e\u00edv\u00e1 metodu pro pr\u00e1ci se seniory, kte\u0159\u00ed cht\u011bj\u00ed sv\u00e9 my\u0161len\u00ed udr\u017eet aktivn\u00ed a nad\u00e1le rozv\u00edjet sv\u00e9 schopnosti.\u00a0 V\u202f\u010cesk\u00e9 republice nab\u00edz\u00ed kognitivn\u00ed rehabilitaci pro klienty se [&hellip;]<\/p>\n","protected":false},"author":2,"featured_media":0,"parent":0,"menu_order":0,"comment_status":"closed","ping_status":"closed","template":"","meta":{"site-sidebar-layout":"no-sidebar","site-content-layout":"page-builder","ast-site-content-layout":"full-width-container","site-content-style":"unboxed","site-sidebar-style":"unboxed","ast-global-header-display":"","ast-banner-title-visibility":"","ast-main-header-display":"","ast-hfb-above-header-display":"","ast-hfb-below-header-display":"","ast-hfb-mobile-header-display":"","site-post-title":"disabled","ast-breadcrumbs-content":"","ast-featured-img":"disabled","footer-sml-layout":"","theme-transparent-header-meta":"","adv-header-id-meta":"","stick-header-meta":"","header-above-stick-meta":"","header-main-stick-meta":"","header-below-stick-meta":"","astra-migrate-meta-layouts":"set","ast-page-background-enabled":"default","ast-page-background-meta":{"desktop":{"background-color":"","background-image":"","background-repeat":"repeat","background-position":"center center","background-size":"auto","background-attachment":"scroll","background-type":"","background-media":"","overlay-type":"","overlay-color":"","overlay-opacity":"","overlay-gradient":""},"tablet":{"background-color":"","background-image":"","background-repeat":"repeat","background-position":"center center","background-size":"auto","background-attachment":"scroll","background-type":"","background-media":"","overlay-type":"","overlay-color":"","overlay-opacity":"","overlay-gradient":""},"mobile":{"background-color":"","background-image":"","background-repeat":"repeat","background-position":"center center","background-size":"auto","background-attachment":"scroll","background-type":"","background-media":"","overlay-type":"","overlay-color":"","overlay-opacity":"","overlay-gradient":""}},"ast-content-background-meta":{"desktop":{"background-color":"var(--ast-global-color-5)","background-image":"","background-repeat":"repeat","background-position":"center center","background-size":"auto","background-attachment":"scroll","background-type":"","background-media":"","overlay-type":"","overlay-color":"","overlay-opacity":"","overlay-gradient":""},"tablet":{"background-color":"var(--ast-global-color-5)","background-image":"","background-repeat":"repeat","background-position":"center center","background-size":"auto","background-attachment":"scroll","background-type":"","background-media":"","overlay-type":"","overlay-color":"","overlay-opacity":"","overlay-gradient":""},"mobile":{"background-color":"var(--ast-global-color-5)","background-image":"","background-repeat":"repeat","background-position":"center center","background-size":"auto","background-attachment":"scroll","background-type":"","background-media":"","overlay-type":"","overlay-color":"","overlay-opacity":"","overlay-gradient":""}},"footnotes":""},"class_list":["post-2538","page","type-page","status-publish","hentry"],"_links":{"self":[{"href":"https:\/\/poradenstvikhk.cz\/akce\/wp-json\/wp\/v2\/pages\/2538","targetHints":{"allow":["GET"]}}],"collection":[{"href":"https:\/\/poradenstvikhk.cz\/akce\/wp-json\/wp\/v2\/pages"}],"about":[{"href":"https:\/\/poradenstvikhk.cz\/akce\/wp-json\/wp\/v2\/types\/page"}],"author":[{"embeddable":true,"href":"https:\/\/poradenstvikhk.cz\/akce\/wp-json\/wp\/v2\/users\/2"}],"replies":[{"embeddable":true,"href":"https:\/\/poradenstvikhk.cz\/akce\/wp-json\/wp\/v2\/comments?post=2538"}],"version-history":[{"count":13,"href":"https:\/\/poradenstvikhk.cz\/akce\/wp-json\/wp\/v2\/pages\/2538\/revisions"}],"predecessor-version":[{"id":3010,"href":"https:\/\/poradenstvikhk.cz\/akce\/wp-json\/wp\/v2\/pages\/2538\/revisions\/3010"}],"wp:attachment":[{"href":"https:\/\/poradenstvikhk.cz\/akce\/wp-json\/wp\/v2\/media?parent=2538"}],"curies":[{"name":"wp","href":"https:\/\/api.w.org\/{rel}","templated":true}]}}