{"id":2335,"date":"2024-11-12T10:50:43","date_gmt":"2024-11-12T09:50:43","guid":{"rendered":"https:\/\/poradenstvikhk.cz\/akce\/?page_id=2335"},"modified":"2025-02-28T12:31:08","modified_gmt":"2025-02-28T11:31:08","slug":"cesty-k-pohode","status":"publish","type":"page","link":"https:\/\/poradenstvikhk.cz\/akce\/cesty-k-pohode\/","title":{"rendered":"Cesty vedouc\u00ed k\u00a0pohod\u011b ve \u0161kole \u2013 sd\u00edlen\u00ed dobr\u00e9 praxe"},"content":{"rendered":"\t\t<div data-elementor-type=\"wp-page\" data-elementor-id=\"2335\" class=\"elementor elementor-2335\">\n\t\t\t\t\t\t<section class=\"elementor-section elementor-top-section elementor-element elementor-element-0d332fa elementor-section-boxed elementor-section-height-default elementor-section-height-default\" data-id=\"0d332fa\" data-element_type=\"section\">\n\t\t\t\t\t\t<div class=\"elementor-container elementor-column-gap-default\">\n\t\t\t\t\t<div class=\"elementor-column elementor-col-100 elementor-top-column elementor-element elementor-element-103a66b\" data-id=\"103a66b\" data-element_type=\"column\">\n\t\t\t<div class=\"elementor-widget-wrap elementor-element-populated\">\n\t\t\t\t\t\t<div class=\"elementor-element elementor-element-8f42d28 elementor-widget elementor-widget-heading\" data-id=\"8f42d28\" data-element_type=\"widget\" data-widget_type=\"heading.default\">\n\t\t\t\t<div class=\"elementor-widget-container\">\n\t\t\t\t\t<h3 class=\"elementor-heading-title elementor-size-default\">Cesty vedouc\u00ed k pohod\u011b ve \u0161kole \u2013 sd\u00edlen\u00ed dobr\u00e9 praxe<\/h3>\t\t\t\t<\/div>\n\t\t\t\t<\/div>\n\t\t\t\t<div class=\"elementor-element elementor-element-12307aa elementor-widget elementor-widget-image\" data-id=\"12307aa\" data-element_type=\"widget\" data-widget_type=\"image.default\">\n\t\t\t\t<div class=\"elementor-widget-container\">\n\t\t\t\t\t\t\t\t\t\t\t\t\t\t\t<img fetchpriority=\"high\" decoding=\"async\" width=\"768\" height=\"526\" src=\"https:\/\/poradenstvikhk.cz\/akce\/wp-content\/uploads\/2024\/11\/PPP_KHK_Cesty-768x526.jpg\" class=\"attachment-medium_large size-medium_large wp-image-2299\" alt=\"\" srcset=\"https:\/\/poradenstvikhk.cz\/akce\/wp-content\/uploads\/2024\/11\/PPP_KHK_Cesty-768x526.jpg 768w, https:\/\/poradenstvikhk.cz\/akce\/wp-content\/uploads\/2024\/11\/PPP_KHK_Cesty-300x206.jpg 300w, https:\/\/poradenstvikhk.cz\/akce\/wp-content\/uploads\/2024\/11\/PPP_KHK_Cesty-1024x702.jpg 1024w, https:\/\/poradenstvikhk.cz\/akce\/wp-content\/uploads\/2024\/11\/PPP_KHK_Cesty-1536x1053.jpg 1536w, https:\/\/poradenstvikhk.cz\/akce\/wp-content\/uploads\/2024\/11\/PPP_KHK_Cesty-2048x1403.jpg 2048w\" sizes=\"(max-width: 768px) 100vw, 768px\" \/>\t\t\t\t\t\t\t\t\t\t\t\t\t\t\t<\/div>\n\t\t\t\t<\/div>\n\t\t\t\t<div class=\"elementor-element elementor-element-bed27fb elementor-widget elementor-widget-text-editor\" data-id=\"bed27fb\" data-element_type=\"widget\" data-widget_type=\"text-editor.default\">\n\t\t\t\t<div class=\"elementor-widget-container\">\n\t\t\t\t\t\t\t\t\t<h5><span style=\"color: #cc99ff;\">Kdy\u017e se do \u0161koly t\u011b\u0161\u00edm&#8230; <br \/><\/span><\/h5><p><b>TERM\u00cdN A \u010cAS AKCE:<\/b><\/p><p>6. \u00fanora 2025 15:30\u201316:30, webin\u00e1\u0159<\/p><p><b>O akci<\/b><\/p><p>V r\u00e1mci webin\u00e1\u0159e s v\u00e1mi r\u00e1di posd\u00edl\u00edme pracovn\u00ed zku\u0161enosti t\u00fdmu Centra prevence a metodick\u00e9 podpory p\u0159i PPP a SPC KHK. P\u0159edstav\u00edme v\u00e1m projekt Implementace dlouhodob\u00e9ho z\u00e1m\u011bru, na jeho\u017e realizaci se pod\u00edl\u00edme.<\/p><p>Chceme b\u00fdt n\u00e1pomocn\u00ed, aby \u017e\u00e1ci vyr\u016fstali a vzd\u011bl\u00e1vali se v podporuj\u00edc\u00edm a respektuj\u00edc\u00edm prost\u0159ed\u00ed. Z\u00e1rove\u0148 vn\u00edm\u00e1me, \u017ee pedagogov\u00e9 jsou velmi ohro\u017eenou skupinou, co se t\u00fdk\u00e1 syndromu vyho\u0159en\u00ed a p\u00e9\u010de o n\u011b (v\u010detn\u011b sebep\u00e9\u010de), nap\u0159. formou sd\u00edlen\u00ed, superviz\u00ed, podpory, u\u010den\u00ed se nov\u00fdm dovednostem, je\u0161t\u011b nen\u00ed zcela b\u011b\u017en\u00e1.<\/p><p>Uk\u00e1\u017eeme v\u00e1m:<\/p><p>\u2022 pro\u010d n\u00e1m tento sm\u011br na\u0161\u00ed pr\u00e1ce d\u00e1v\u00e1 smysl a jak\u00e9 \u00favahy n\u00e1s vedou k mo\u017en\u00e9 prom\u011bn\u011b preventivn\u00ed pr\u00e1ce ve \u0161kol\u00e1ch;<\/p><p>\u2022 pro\u010d pova\u017eujeme za d\u016fle\u017eit\u00e9 pracovat s dosp\u011bl\u00fdmi ve \u0161kol\u00e1ch a jak podporujeme u\u010ditele v rozvoji sv\u00e9ho vlastn\u00edho wellbeingu a n\u00e1sledn\u011b t\u00edm i v rozvoji wellbeingu d\u011bt\u00ed, kter\u00e9 u\u010d\u00ed;<\/p><p>\u2022 jak\u00e9 k tomu vyu\u017e\u00edv\u00e1me strategie, metody a metodiky.<\/p>\t\t\t\t\t\t\t\t<\/div>\n\t\t\t\t<\/div>\n\t\t\t\t\t<\/div>\n\t\t<\/div>\n\t\t\t\t\t<\/div>\n\t\t<\/section>\n\t\t\t\t<section class=\"elementor-section elementor-top-section elementor-element elementor-element-4cfff4c elementor-section-boxed elementor-section-height-default elementor-section-height-default\" data-id=\"4cfff4c\" data-element_type=\"section\">\n\t\t\t\t\t\t<div class=\"elementor-container elementor-column-gap-default\">\n\t\t\t\t\t<div class=\"elementor-column elementor-col-100 elementor-top-column elementor-element elementor-element-1f81ca6\" data-id=\"1f81ca6\" data-element_type=\"column\">\n\t\t\t<div class=\"elementor-widget-wrap elementor-element-populated\">\n\t\t\t\t\t\t<div class=\"elementor-element elementor-element-3b51b54 elementor-widget__width-initial elementor-widget elementor-widget-video\" data-id=\"3b51b54\" data-element_type=\"widget\" data-settings=\"{&quot;youtube_url&quot;:&quot;https:\\\/\\\/youtu.be\\\/TZ3iej0-dLA&quot;,&quot;video_type&quot;:&quot;youtube&quot;,&quot;controls&quot;:&quot;yes&quot;}\" data-widget_type=\"video.default\">\n\t\t\t\t<div class=\"elementor-widget-container\">\n\t\t\t\t\t\t\t<div class=\"elementor-wrapper elementor-open-inline\">\n\t\t\t<div class=\"elementor-video\"><\/div>\t\t<\/div>\n\t\t\t\t\t\t<\/div>\n\t\t\t\t<\/div>\n\t\t\t\t\t<\/div>\n\t\t<\/div>\n\t\t\t\t\t<\/div>\n\t\t<\/section>\n\t\t\t\t<section class=\"elementor-section elementor-top-section elementor-element elementor-element-dcf0366 elementor-section-boxed elementor-section-height-default elementor-section-height-default\" data-id=\"dcf0366\" data-element_type=\"section\">\n\t\t\t\t\t\t<div class=\"elementor-container elementor-column-gap-default\">\n\t\t\t\t\t<div class=\"elementor-column elementor-col-100 elementor-top-column elementor-element elementor-element-8b6bc07\" data-id=\"8b6bc07\" data-element_type=\"column\">\n\t\t\t<div class=\"elementor-widget-wrap elementor-element-populated\">\n\t\t\t\t\t\t<div class=\"elementor-element elementor-element-ddce40a elementor-widget elementor-widget-text-editor\" data-id=\"ddce40a\" data-element_type=\"widget\" data-widget_type=\"text-editor.default\">\n\t\t\t\t<div class=\"elementor-widget-container\">\n\t\t\t\t\t\t\t\t\t<p>\u00a0<strong>T\u00fdden pro wellbeing 4.\u201311. \u00fanora 2025\u00a0 \u00a0 \u00a0 \u00a0 \u00a0 \u00a0 \u00a0 \u00a0\u00a0\u00a0\u00a0\u00a0\u00a0\u00a0\u00a0 \u00a0 \u00a0 <a href=\"http:\/\/www.tydenprowellbeing.cz\/\">http:\/\/www.tydenprowellbeing.cz<\/a>\u00a0 \u00a0 \u00a0 \u00a0\u00a0 \u00a0\u00a0\u00a0\u00a0\u00a0\u00a0\u00a0\u00a0\u00a0\u00a0\u00a0\u00a0 <a href=\"https:\/\/www.wellbeingveskole.cz\/\">https:\/\/www.wellbeingveskole.cz<\/a><br \/><\/strong><\/p>\t\t\t\t\t\t\t\t<\/div>\n\t\t\t\t<\/div>\n\t\t\t\t\t<\/div>\n\t\t<\/div>\n\t\t\t\t\t<\/div>\n\t\t<\/section>\n\t\t\t\t<\/div>\n\t\t","protected":false},"excerpt":{"rendered":"<p>Cesty vedouc\u00ed k pohod\u011b ve \u0161kole \u2013 sd\u00edlen\u00ed dobr\u00e9 praxe Kdy\u017e se do \u0161koly t\u011b\u0161\u00edm&#8230; TERM\u00cdN A \u010cAS AKCE: 6. \u00fanora 2025 15:30\u201316:30, webin\u00e1\u0159 O akci V r\u00e1mci webin\u00e1\u0159e s v\u00e1mi r\u00e1di posd\u00edl\u00edme pracovn\u00ed zku\u0161enosti t\u00fdmu Centra prevence a metodick\u00e9 podpory p\u0159i PPP a SPC KHK. P\u0159edstav\u00edme v\u00e1m projekt Implementace dlouhodob\u00e9ho z\u00e1m\u011bru, na jeho\u017e realizaci [&hellip;]<\/p>\n","protected":false},"author":1,"featured_media":0,"parent":0,"menu_order":0,"comment_status":"closed","ping_status":"closed","template":"","meta":{"site-sidebar-layout":"no-sidebar","site-content-layout":"page-builder","ast-site-content-layout":"full-width-container","site-content-style":"default","site-sidebar-style":"default","ast-global-header-display":"","ast-banner-title-visibility":"","ast-main-header-display":"","ast-hfb-above-header-display":"","ast-hfb-below-header-display":"","ast-hfb-mobile-header-display":"","site-post-title":"disabled","ast-breadcrumbs-content":"","ast-featured-img":"disabled","footer-sml-layout":"","theme-transparent-header-meta":"","adv-header-id-meta":"","stick-header-meta":"","header-above-stick-meta":"","header-main-stick-meta":"","header-below-stick-meta":"","astra-migrate-meta-layouts":"set","ast-page-background-enabled":"default","ast-page-background-meta":{"desktop":{"background-color":"","background-image":"","background-repeat":"repeat","background-position":"center center","background-size":"auto","background-attachment":"scroll","background-type":"","background-media":"","overlay-type":"","overlay-color":"","overlay-opacity":"","overlay-gradient":""},"tablet":{"background-color":"","background-image":"","background-repeat":"repeat","background-position":"center center","background-size":"auto","background-attachment":"scroll","background-type":"","background-media":"","overlay-type":"","overlay-color":"","overlay-opacity":"","overlay-gradient":""},"mobile":{"background-color":"","background-image":"","background-repeat":"repeat","background-position":"center center","background-size":"auto","background-attachment":"scroll","background-type":"","background-media":"","overlay-type":"","overlay-color":"","overlay-opacity":"","overlay-gradient":""}},"ast-content-background-meta":{"desktop":{"background-color":"var(--ast-global-color-5)","background-image":"","background-repeat":"repeat","background-position":"center center","background-size":"auto","background-attachment":"scroll","background-type":"","background-media":"","overlay-type":"","overlay-color":"","overlay-opacity":"","overlay-gradient":""},"tablet":{"background-color":"var(--ast-global-color-5)","background-image":"","background-repeat":"repeat","background-position":"center center","background-size":"auto","background-attachment":"scroll","background-type":"","background-media":"","overlay-type":"","overlay-color":"","overlay-opacity":"","overlay-gradient":""},"mobile":{"background-color":"var(--ast-global-color-5)","background-image":"","background-repeat":"repeat","background-position":"center center","background-size":"auto","background-attachment":"scroll","background-type":"","background-media":"","overlay-type":"","overlay-color":"","overlay-opacity":"","overlay-gradient":""}},"footnotes":""},"class_list":["post-2335","page","type-page","status-publish","hentry"],"_links":{"self":[{"href":"https:\/\/poradenstvikhk.cz\/akce\/wp-json\/wp\/v2\/pages\/2335","targetHints":{"allow":["GET"]}}],"collection":[{"href":"https:\/\/poradenstvikhk.cz\/akce\/wp-json\/wp\/v2\/pages"}],"about":[{"href":"https:\/\/poradenstvikhk.cz\/akce\/wp-json\/wp\/v2\/types\/page"}],"author":[{"embeddable":true,"href":"https:\/\/poradenstvikhk.cz\/akce\/wp-json\/wp\/v2\/users\/1"}],"replies":[{"embeddable":true,"href":"https:\/\/poradenstvikhk.cz\/akce\/wp-json\/wp\/v2\/comments?post=2335"}],"version-history":[{"count":25,"href":"https:\/\/poradenstvikhk.cz\/akce\/wp-json\/wp\/v2\/pages\/2335\/revisions"}],"predecessor-version":[{"id":2507,"href":"https:\/\/poradenstvikhk.cz\/akce\/wp-json\/wp\/v2\/pages\/2335\/revisions\/2507"}],"wp:attachment":[{"href":"https:\/\/poradenstvikhk.cz\/akce\/wp-json\/wp\/v2\/media?parent=2335"}],"curies":[{"name":"wp","href":"https:\/\/api.w.org\/{rel}","templated":true}]}}