{"id":2306,"date":"2024-11-12T10:30:27","date_gmt":"2024-11-12T09:30:27","guid":{"rendered":"https:\/\/poradenstvikhk.cz\/akce\/?page_id=2306"},"modified":"2025-02-28T12:29:51","modified_gmt":"2025-02-28T11:29:51","slug":"rozvoj-pohody","status":"publish","type":"page","link":"https:\/\/poradenstvikhk.cz\/akce\/rozvoj-pohody\/","title":{"rendered":"Rozvoj du\u0161evn\u00ed pohody u d\u011bt\u00ed a dosp\u00edvaj\u00edc\u00edch \u2013 jak m\u016f\u017eeme p\u0159isp\u011bt?"},"content":{"rendered":"\t\t<div data-elementor-type=\"wp-page\" data-elementor-id=\"2306\" class=\"elementor elementor-2306\">\n\t\t\t\t\t\t<section class=\"elementor-section elementor-top-section elementor-element elementor-element-23f0647 elementor-section-boxed elementor-section-height-default elementor-section-height-default\" data-id=\"23f0647\" data-element_type=\"section\">\n\t\t\t\t\t\t<div class=\"elementor-container elementor-column-gap-default\">\n\t\t\t\t\t<div class=\"elementor-column elementor-col-100 elementor-top-column elementor-element elementor-element-9297032\" data-id=\"9297032\" data-element_type=\"column\">\n\t\t\t<div class=\"elementor-widget-wrap elementor-element-populated\">\n\t\t\t\t\t\t<div class=\"elementor-element elementor-element-874fe94 elementor-widget elementor-widget-heading\" data-id=\"874fe94\" data-element_type=\"widget\" data-widget_type=\"heading.default\">\n\t\t\t\t<div class=\"elementor-widget-container\">\n\t\t\t\t\t<h3 class=\"elementor-heading-title elementor-size-default\">Rozvoj du\u0161evn\u00ed pohody u d\u011bt\u00ed a dosp\u00edvaj\u00edc\u00edch \u2013 jak m\u016f\u017eeme p\u0159isp\u011bt?<\/h3>\t\t\t\t<\/div>\n\t\t\t\t<\/div>\n\t\t\t\t<div class=\"elementor-element elementor-element-83ec995 elementor-widget elementor-widget-image\" data-id=\"83ec995\" data-element_type=\"widget\" data-widget_type=\"image.default\">\n\t\t\t\t<div class=\"elementor-widget-container\">\n\t\t\t\t\t\t\t\t\t\t\t\t\t\t\t<img fetchpriority=\"high\" decoding=\"async\" width=\"768\" height=\"526\" src=\"https:\/\/poradenstvikhk.cz\/akce\/wp-content\/uploads\/2024\/11\/PPP_KHK_Rozvoj_duszdravi-768x526.jpg\" class=\"attachment-medium_large size-medium_large wp-image-2295\" alt=\"\" srcset=\"https:\/\/poradenstvikhk.cz\/akce\/wp-content\/uploads\/2024\/11\/PPP_KHK_Rozvoj_duszdravi-768x526.jpg 768w, https:\/\/poradenstvikhk.cz\/akce\/wp-content\/uploads\/2024\/11\/PPP_KHK_Rozvoj_duszdravi-300x206.jpg 300w, https:\/\/poradenstvikhk.cz\/akce\/wp-content\/uploads\/2024\/11\/PPP_KHK_Rozvoj_duszdravi-1024x702.jpg 1024w, https:\/\/poradenstvikhk.cz\/akce\/wp-content\/uploads\/2024\/11\/PPP_KHK_Rozvoj_duszdravi-1536x1053.jpg 1536w, https:\/\/poradenstvikhk.cz\/akce\/wp-content\/uploads\/2024\/11\/PPP_KHK_Rozvoj_duszdravi-2048x1403.jpg 2048w\" sizes=\"(max-width: 768px) 100vw, 768px\" \/>\t\t\t\t\t\t\t\t\t\t\t\t\t\t\t<\/div>\n\t\t\t\t<\/div>\n\t\t\t\t<div class=\"elementor-element elementor-element-94a1c4b elementor-widget elementor-widget-text-editor\" data-id=\"94a1c4b\" data-element_type=\"widget\" data-widget_type=\"text-editor.default\">\n\t\t\t\t<div class=\"elementor-widget-container\">\n\t\t\t\t\t\t\t\t\t<h5><b><span style=\"color: #cc99ff;\">Kdy\u017e se do \u0161koly t\u011b\u0161\u00edm&#8230;<\/span><\/b><\/h5>\t\t\t\t\t\t\t\t<\/div>\n\t\t\t\t<\/div>\n\t\t\t\t<div class=\"elementor-element elementor-element-db5ae9b elementor-widget elementor-widget-text-editor\" data-id=\"db5ae9b\" data-element_type=\"widget\" data-widget_type=\"text-editor.default\">\n\t\t\t\t<div class=\"elementor-widget-container\">\n\t\t\t\t\t\t\t\t\t<p><b>Term\u00edn a \u010das akce:&nbsp;<\/b><\/p>\n<p>5. \u00fanora 2025 14:00-15:30, webin\u00e1\u0159&nbsp;<\/p>\n<p><b>O akci:&nbsp;<\/b><\/p>\n<p>V r\u00e1mci webin\u00e1\u0159e se pod\u00edv\u00e1me na mo\u017enosti, jak m\u016f\u017eeme p\u0159isp\u00edvat rozvoji du\u0161evn\u00ed pohody. V\u0161ichni vn\u00edm\u00e1me, \u017ee v dne\u0161n\u00ed dob\u011b \u010del\u00ed d\u011bti i dosp\u00edvaj\u00edc\u00ed rostouc\u00edmu tlaku a v\u00fdzv\u00e1m, kter\u00e9 mohou ovliv\u0148ovat jejich du\u0161evn\u00ed pohodu. N\u011bkter\u00e9 mlad\u00e9 lidi mohou obavy dokonce ochromovat. P\u0159esto stres s\u00e1m o sob\u011b nen\u00ed \u0161kodliv\u00fd a ve vhodn\u00e9 m\u00ed\u0159e a p\u0159i vhodn\u00fdch podm\u00ednk\u00e1ch m\u016f\u017ee b\u00fdt v\u00fdznamn\u00fdm faktorem p\u0159ekon\u00e1v\u00e1n\u00ed p\u0159ek\u00e1\u017eek a osobn\u00edho r\u016fstu, stejn\u011b jako faktorem pro pos\u00edlen\u00ed psychick\u00e9 odolnosti.<\/p>\n<p>Pod\u00edv\u00e1me se, jak\u00e9 m\u00e1me mo\u017enosti podpory a jak m\u016f\u017eeme rozv\u00edjet:<\/p>\n<p>\u2022 v\u0161\u00edmavost k emoc\u00edm,&nbsp;<\/p>\n<p>\u2022 respektuj\u00edc\u00ed komunikaci,&nbsp;<\/p>\n<p>\u2022 v\u011bdom\u00ed vlastn\u00ed hodnoty,<\/p>\n<p>\u2022 vztahovost apod.<\/p>\n<p>Tento webin\u00e1\u0159 m\u016f\u017ee b\u00fdt inspirac\u00ed, jak d\u011btem i dosp\u00edvaj\u00edc\u00edm umo\u017enit za\u017e\u00edvat, \u017ee jsou schopn\u00ed a d\u016fle\u017eit\u00ed a \u017ee mo\u017enosti existuj\u00ed.<\/p>\t\t\t\t\t\t\t\t<\/div>\n\t\t\t\t<\/div>\n\t\t\t\t\t<\/div>\n\t\t<\/div>\n\t\t\t\t\t<\/div>\n\t\t<\/section>\n\t\t\t\t<section class=\"elementor-section elementor-top-section elementor-element elementor-element-9fba4ba elementor-section-boxed elementor-section-height-default elementor-section-height-default\" data-id=\"9fba4ba\" data-element_type=\"section\">\n\t\t\t\t\t\t<div class=\"elementor-container elementor-column-gap-default\">\n\t\t\t\t\t<div class=\"elementor-column elementor-col-100 elementor-top-column elementor-element elementor-element-8e9d100\" data-id=\"8e9d100\" data-element_type=\"column\">\n\t\t\t<div class=\"elementor-widget-wrap elementor-element-populated\">\n\t\t\t\t\t\t<div class=\"elementor-element elementor-element-3604139 elementor-widget__width-initial elementor-widget-mobile__width-initial elementor-widget elementor-widget-video\" data-id=\"3604139\" data-element_type=\"widget\" data-settings=\"{&quot;youtube_url&quot;:&quot;https:\\\/\\\/youtu.be\\\/Vlcmd2aO3HI&quot;,&quot;video_type&quot;:&quot;youtube&quot;,&quot;controls&quot;:&quot;yes&quot;}\" data-widget_type=\"video.default\">\n\t\t\t\t<div class=\"elementor-widget-container\">\n\t\t\t\t\t\t\t<div class=\"elementor-wrapper elementor-open-inline\">\n\t\t\t<div class=\"elementor-video\"><\/div>\t\t<\/div>\n\t\t\t\t\t\t<\/div>\n\t\t\t\t<\/div>\n\t\t\t\t\t<\/div>\n\t\t<\/div>\n\t\t\t\t\t<\/div>\n\t\t<\/section>\n\t\t\t\t<section class=\"elementor-section elementor-top-section elementor-element elementor-element-1e6e222 elementor-section-boxed elementor-section-height-default elementor-section-height-default\" data-id=\"1e6e222\" data-element_type=\"section\">\n\t\t\t\t\t\t<div class=\"elementor-container elementor-column-gap-default\">\n\t\t\t\t\t<div class=\"elementor-column elementor-col-100 elementor-top-column elementor-element elementor-element-2d50ece\" data-id=\"2d50ece\" data-element_type=\"column\">\n\t\t\t<div class=\"elementor-widget-wrap elementor-element-populated\">\n\t\t\t\t\t\t<div class=\"elementor-element elementor-element-4390077 elementor-widget elementor-widget-text-editor\" data-id=\"4390077\" data-element_type=\"widget\" data-widget_type=\"text-editor.default\">\n\t\t\t\t<div class=\"elementor-widget-container\">\n\t\t\t\t\t\t\t\t\t<p><strong>T\u00fdden pro wellbeing 4.\u201311. \u00fanora 2025<\/strong> \u00a0\u00a0 \u00a0\u00a0 \u00a0\u00a0 \u00a0\u00a0 \u00a0 \u00a0 \u00a0 \u00a0 \u00a0 \u00a0 \u00a0 \u00a0 \u00a0 <a href=\"http:\/\/www.tydenprowellbeing.cz\">http:\/\/www.tydenprowellbeing.cz \u00a0 \u00a0 \u00a0 \u00a0 \u00a0 \u00a0 \u00a0 \u00a0 \u00a0 \u00a0 \u00a0\u00a0<\/a><a href=\"http:\/\/www.wellbeingveskole.cz\">\u00a0\u00a0\u00a0 http:\/\/www.wellbeingveskole.cz<\/a><\/p>\t\t\t\t\t\t\t\t<\/div>\n\t\t\t\t<\/div>\n\t\t\t\t\t<\/div>\n\t\t<\/div>\n\t\t\t\t\t<\/div>\n\t\t<\/section>\n\t\t\t\t<\/div>\n\t\t","protected":false},"excerpt":{"rendered":"<p>Rozvoj du\u0161evn\u00ed pohody u d\u011bt\u00ed a dosp\u00edvaj\u00edc\u00edch \u2013 jak m\u016f\u017eeme p\u0159isp\u011bt? Kdy\u017e se do \u0161koly t\u011b\u0161\u00edm&#8230; Term\u00edn a \u010das akce:&nbsp; 5. \u00fanora 2025 14:00-15:30, webin\u00e1\u0159&nbsp; O akci:&nbsp; V r\u00e1mci webin\u00e1\u0159e se pod\u00edv\u00e1me na mo\u017enosti, jak m\u016f\u017eeme p\u0159isp\u00edvat rozvoji du\u0161evn\u00ed pohody. V\u0161ichni vn\u00edm\u00e1me, \u017ee v dne\u0161n\u00ed dob\u011b \u010del\u00ed d\u011bti i dosp\u00edvaj\u00edc\u00ed rostouc\u00edmu tlaku a v\u00fdzv\u00e1m, kter\u00e9 [&hellip;]<\/p>\n","protected":false},"author":1,"featured_media":0,"parent":0,"menu_order":0,"comment_status":"closed","ping_status":"closed","template":"","meta":{"site-sidebar-layout":"no-sidebar","site-content-layout":"page-builder","ast-site-content-layout":"full-width-container","site-content-style":"default","site-sidebar-style":"default","ast-global-header-display":"","ast-banner-title-visibility":"","ast-main-header-display":"","ast-hfb-above-header-display":"","ast-hfb-below-header-display":"","ast-hfb-mobile-header-display":"","site-post-title":"disabled","ast-breadcrumbs-content":"","ast-featured-img":"disabled","footer-sml-layout":"","theme-transparent-header-meta":"","adv-header-id-meta":"","stick-header-meta":"","header-above-stick-meta":"","header-main-stick-meta":"","header-below-stick-meta":"","astra-migrate-meta-layouts":"set","ast-page-background-enabled":"default","ast-page-background-meta":{"desktop":{"background-color":"","background-image":"","background-repeat":"repeat","background-position":"center center","background-size":"auto","background-attachment":"scroll","background-type":"","background-media":"","overlay-type":"","overlay-color":"","overlay-opacity":"","overlay-gradient":""},"tablet":{"background-color":"","background-image":"","background-repeat":"repeat","background-position":"center center","background-size":"auto","background-attachment":"scroll","background-type":"","background-media":"","overlay-type":"","overlay-color":"","overlay-opacity":"","overlay-gradient":""},"mobile":{"background-color":"","background-image":"","background-repeat":"repeat","background-position":"center center","background-size":"auto","background-attachment":"scroll","background-type":"","background-media":"","overlay-type":"","overlay-color":"","overlay-opacity":"","overlay-gradient":""}},"ast-content-background-meta":{"desktop":{"background-color":"var(--ast-global-color-5)","background-image":"","background-repeat":"repeat","background-position":"center center","background-size":"auto","background-attachment":"scroll","background-type":"","background-media":"","overlay-type":"","overlay-color":"","overlay-opacity":"","overlay-gradient":""},"tablet":{"background-color":"var(--ast-global-color-5)","background-image":"","background-repeat":"repeat","background-position":"center center","background-size":"auto","background-attachment":"scroll","background-type":"","background-media":"","overlay-type":"","overlay-color":"","overlay-opacity":"","overlay-gradient":""},"mobile":{"background-color":"var(--ast-global-color-5)","background-image":"","background-repeat":"repeat","background-position":"center center","background-size":"auto","background-attachment":"scroll","background-type":"","background-media":"","overlay-type":"","overlay-color":"","overlay-opacity":"","overlay-gradient":""}},"footnotes":""},"class_list":["post-2306","page","type-page","status-publish","hentry"],"_links":{"self":[{"href":"https:\/\/poradenstvikhk.cz\/akce\/wp-json\/wp\/v2\/pages\/2306","targetHints":{"allow":["GET"]}}],"collection":[{"href":"https:\/\/poradenstvikhk.cz\/akce\/wp-json\/wp\/v2\/pages"}],"about":[{"href":"https:\/\/poradenstvikhk.cz\/akce\/wp-json\/wp\/v2\/types\/page"}],"author":[{"embeddable":true,"href":"https:\/\/poradenstvikhk.cz\/akce\/wp-json\/wp\/v2\/users\/1"}],"replies":[{"embeddable":true,"href":"https:\/\/poradenstvikhk.cz\/akce\/wp-json\/wp\/v2\/comments?post=2306"}],"version-history":[{"count":42,"href":"https:\/\/poradenstvikhk.cz\/akce\/wp-json\/wp\/v2\/pages\/2306\/revisions"}],"predecessor-version":[{"id":2503,"href":"https:\/\/poradenstvikhk.cz\/akce\/wp-json\/wp\/v2\/pages\/2306\/revisions\/2503"}],"wp:attachment":[{"href":"https:\/\/poradenstvikhk.cz\/akce\/wp-json\/wp\/v2\/media?parent=2306"}],"curies":[{"name":"wp","href":"https:\/\/api.w.org\/{rel}","templated":true}]}}