{"id":2118,"date":"2024-03-07T20:04:32","date_gmt":"2024-03-07T19:04:32","guid":{"rendered":"https:\/\/poradenstvikhk.cz\/akce\/?page_id=2118"},"modified":"2024-03-07T22:28:46","modified_gmt":"2024-03-07T21:28:46","slug":"kalisky202444","status":"publish","type":"page","link":"https:\/\/poradenstvikhk.cz\/akce\/kalisky202444\/","title":{"rendered":"Kalisk\u00fd A 2024"},"content":{"rendered":"\t\t<div data-elementor-type=\"wp-page\" data-elementor-id=\"2118\" class=\"elementor elementor-2118\">\n\t\t\t\t\t\t<section class=\"elementor-section elementor-top-section elementor-element elementor-element-69035c1 elementor-section-boxed elementor-section-height-default elementor-section-height-default\" data-id=\"69035c1\" data-element_type=\"section\">\n\t\t\t\t\t\t<div class=\"elementor-container elementor-column-gap-default\">\n\t\t\t\t\t<div class=\"elementor-column elementor-col-100 elementor-top-column elementor-element elementor-element-77cabfd\" data-id=\"77cabfd\" data-element_type=\"column\">\n\t\t\t<div class=\"elementor-widget-wrap elementor-element-populated\">\n\t\t\t\t\t\t<div class=\"elementor-element elementor-element-d979da5 elementor-widget elementor-widget-spacer\" data-id=\"d979da5\" data-element_type=\"widget\" data-widget_type=\"spacer.default\">\n\t\t\t\t<div class=\"elementor-widget-container\">\n\t\t\t\t\t\t\t<div class=\"elementor-spacer\">\n\t\t\t<div class=\"elementor-spacer-inner\"><\/div>\n\t\t<\/div>\n\t\t\t\t\t\t<\/div>\n\t\t\t\t<\/div>\n\t\t\t\t<div class=\"elementor-element elementor-element-480b997 elementor-widget elementor-widget-heading\" data-id=\"480b997\" data-element_type=\"widget\" data-widget_type=\"heading.default\">\n\t\t\t\t<div class=\"elementor-widget-container\">\n\t\t\t\t\t<h2 class=\"elementor-heading-title elementor-size-default\">DOC. MGR. J\u00c1N KALISK\u00dd, PH.D.<\/h2>\t\t\t\t<\/div>\n\t\t\t\t<\/div>\n\t\t\t\t\t<\/div>\n\t\t<\/div>\n\t\t\t\t\t<\/div>\n\t\t<\/section>\n\t\t\t\t<section class=\"elementor-section elementor-top-section elementor-element elementor-element-9814350 elementor-section-boxed elementor-section-height-default elementor-section-height-default\" data-id=\"9814350\" data-element_type=\"section\">\n\t\t\t\t\t\t<div class=\"elementor-container elementor-column-gap-default\">\n\t\t\t\t\t<div class=\"elementor-column elementor-col-50 elementor-top-column elementor-element elementor-element-4b0aa01\" data-id=\"4b0aa01\" data-element_type=\"column\">\n\t\t\t<div class=\"elementor-widget-wrap elementor-element-populated\">\n\t\t\t\t\t\t<div class=\"elementor-element elementor-element-e9ac56f elementor-widget elementor-widget-text-editor\" data-id=\"e9ac56f\" data-element_type=\"widget\" data-widget_type=\"text-editor.default\">\n\t\t\t\t<div class=\"elementor-widget-container\">\n\t\t\t\t\t\t\t\t\t<h5 style=\"text-align: left;\">Workshop: <span class=\"NormalTextRun SpellingErrorV2Themed SCXW186957262 BCX8\">Konstantsk\u00e1<\/span><span class=\"NormalTextRun SCXW186957262 BCX8\"> metoda \u0159e\u0161en\u00ed mor\u00e1ln\u00edch dilemat<\/span><\/h5>\t\t\t\t\t\t\t\t<\/div>\n\t\t\t\t<\/div>\n\t\t\t\t<div class=\"elementor-element elementor-element-67c59d7 elementor-widget elementor-widget-text-editor\" data-id=\"67c59d7\" data-element_type=\"widget\" data-widget_type=\"text-editor.default\">\n\t\t\t\t<div class=\"elementor-widget-container\">\n\t\t\t\t\t\t\t\t\t<p><em>Absolvoval magistersk\u00e9 studium v\u00a0oboru d\u011bjiny filozofie a n\u011bmeck\u00fd jazyk na FF UFK v\u00a0Nit\u0159e. Z\u00edskal doktor\u00e1t z\u00a0d\u011bjin filozofie a\u00a0habilitoval se v\u00a0pedagogice v\u00fdzkumem ekologick\u00fdch hodnot v\u00a0kontextu kurikula etick\u00e9 v\u00fdchovy. Od roku 2005\u00a0 p\u016fsob\u00ed na Pedagogick\u00e9 fakult\u011b Univerzity Mat\u011bje Bela v\u00a0Bansk\u00e9 Bystrici.\u00a0<\/em><\/p>\t\t\t\t\t\t\t\t<\/div>\n\t\t\t\t<\/div>\n\t\t\t\t\t<\/div>\n\t\t<\/div>\n\t\t\t\t<div class=\"elementor-column elementor-col-50 elementor-top-column elementor-element elementor-element-2e61059\" data-id=\"2e61059\" data-element_type=\"column\">\n\t\t\t<div class=\"elementor-widget-wrap elementor-element-populated\">\n\t\t\t\t\t\t<div class=\"elementor-element elementor-element-34d16e2 elementor-widget elementor-widget-spacer\" data-id=\"34d16e2\" data-element_type=\"widget\" data-widget_type=\"spacer.default\">\n\t\t\t\t<div class=\"elementor-widget-container\">\n\t\t\t\t\t\t\t<div class=\"elementor-spacer\">\n\t\t\t<div class=\"elementor-spacer-inner\"><\/div>\n\t\t<\/div>\n\t\t\t\t\t\t<\/div>\n\t\t\t\t<\/div>\n\t\t\t\t<div class=\"elementor-element elementor-element-1d4a60b elementor-widget elementor-widget-image\" data-id=\"1d4a60b\" data-element_type=\"widget\" data-widget_type=\"image.default\">\n\t\t\t\t<div class=\"elementor-widget-container\">\n\t\t\t\t\t\t\t\t\t\t\t\t\t\t\t<img decoding=\"async\" width=\"150\" height=\"150\" src=\"https:\/\/poradenstvikhk.cz\/akce\/wp-content\/uploads\/2024\/03\/Kalisky-150x150.jpg\" class=\"attachment-thumbnail size-thumbnail wp-image-1896\" alt=\"\" srcset=\"https:\/\/poradenstvikhk.cz\/akce\/wp-content\/uploads\/2024\/03\/Kalisky-150x150.jpg 150w, https:\/\/poradenstvikhk.cz\/akce\/wp-content\/uploads\/2024\/03\/Kalisky-300x300.jpg 300w, https:\/\/poradenstvikhk.cz\/akce\/wp-content\/uploads\/2024\/03\/Kalisky.jpg 370w\" sizes=\"(max-width: 150px) 100vw, 150px\" \/>\t\t\t\t\t\t\t\t\t\t\t\t\t\t\t<\/div>\n\t\t\t\t<\/div>\n\t\t\t\t\t<\/div>\n\t\t<\/div>\n\t\t\t\t\t<\/div>\n\t\t<\/section>\n\t\t\t\t<section class=\"elementor-section elementor-top-section elementor-element elementor-element-49e045d elementor-section-boxed elementor-section-height-default elementor-section-height-default\" data-id=\"49e045d\" data-element_type=\"section\">\n\t\t\t\t\t\t<div class=\"elementor-container elementor-column-gap-default\">\n\t\t\t\t\t<div class=\"elementor-column elementor-col-100 elementor-top-column elementor-element elementor-element-9ffaf56\" data-id=\"9ffaf56\" data-element_type=\"column\">\n\t\t\t<div class=\"elementor-widget-wrap elementor-element-populated\">\n\t\t\t\t\t\t<div class=\"elementor-element elementor-element-c33c296 elementor-widget elementor-widget-text-editor\" data-id=\"c33c296\" data-element_type=\"widget\" data-widget_type=\"text-editor.default\">\n\t\t\t\t<div class=\"elementor-widget-container\">\n\t\t\t\t\t\t\t\t\t<p><em>Do roku 2021 byl garantem studijn\u00edho programu U\u010ditelstv\u00ed etick\u00e9 v\u00fdchovy a&nbsp;od roku 2023 je spolugarantem programu V\u00fdchova a&nbsp;vzd\u011bl\u00e1v\u00e1n\u00ed d\u011bt\u00ed, ml\u00e1de\u017ee a&nbsp;dosp\u011bl\u00fdch. Na fakult\u011b p\u0159edn\u00e1\u0161\u00ed etick\u00e9 a&nbsp;filozofick\u00e9 discipl\u00edny, environment\u00e1ln\u00ed v\u00fdchovu a&nbsp;z\u00e1\u017eitkovou pedagogiku. Odborn\u011b se v\u011bnuje filozofick\u00e9 a&nbsp;pedagogick\u00e9 antropologii, ekoetice a&nbsp;filozofii v\u00fdchovy. Realizoval mnoh\u00e9 v\u00fdzkumy v&nbsp;oblasti mravn\u00ed v\u00fdchovy \u017e\u00e1ka a v&nbsp;oblasti programu P4C&nbsp; &#8211; Filozofov\u00e1n\u00ed s&nbsp;d\u011btmi jako prost\u0159edek rozvoje my\u0161len\u00ed.<\/em><br><\/p>\t\t\t\t\t\t\t\t<\/div>\n\t\t\t\t<\/div>\n\t\t\t\t<div class=\"elementor-element elementor-element-211507a elementor-widget elementor-widget-text-editor\" data-id=\"211507a\" data-element_type=\"widget\" data-widget_type=\"text-editor.default\">\n\t\t\t\t<div class=\"elementor-widget-container\">\n\t\t\t\t\t\t\t\t\t<p><span lang=\"SK\">K\u00fapili ste si v jednom, zjavne chaotickom internetovom obchode, nov\u00fd notebook a ke\u010f v\u00e1m ho kuri\u00e9r doru\u010dil, na fakt\u00fare ste zbadali, \u017ee je zaplaten\u00fd, hoci vy ste ho e\u0161te neplatili, lebo pri objedn\u00e1vke na webstr\u00e1nke ste za\u0161krtli mo\u017enos\u0165 uhradi\u0165 pri doru\u010den\u00ed. \u010co teraz urob\u00edte? Budete d\u00fafa\u0165, \u017ee predajca si chybu neuvedom\u00ed&#8230; alebo siahnete po telef\u00f3ne, aby ste sa op\u00fdtali, \u010di omylom nedo\u0161lo k nedorozumeniu? T\u00e1to situ\u00e1cia sa n\u00e1m v dne\u0161nom svete m\u00f4\u017ee sta\u0165 a mnoh\u00fdm sa aj nie\u010do podobn\u00e9 stalo, ke\u010f napr\u00edklad platili pri pokladni v n\u00e1kupnom centre a mlad\u00e1 pokladn\u00ed\u010dka im vydala namiesto desa\u0165 eurovej bankovky p\u00e4\u0165desiat eurov\u00fa bez toho, aby si to v\u00f4bec uvedomila. Ot\u00e1zka je t\u00e1 ist\u00e1, upozorn\u00edte ju na to? Od \u010doho to z\u00e1vis\u00ed? Od v\u00fd\u0161ky sumy? 40 Eur je menej ako 500 Eurov\u00fd notebook, ako to ovplyvn\u00ed rozhodnutie? Od pr\u00edjemn\u00e9ho vystupovania kuri\u00e9ra, \u010di sympatickosti mladej pokladn\u00ed\u010dky? Od va\u0161ej moment\u00e1lnej finan\u010dnej situ\u00e1cie? Ot\u00e1zka je jedin\u00e1: Ako sa zachova\u0165 a pre\u010do?<\/span><\/p>\n<p><\/p>\n<p><span lang=\"SK\">Domnievam sa, \u017ee schopnos\u0165 spr\u00e1vne rie\u0161i\u0165 mor\u00e1lne situ\u00e1cie predstavuje vo v\u0161etk\u00fdch oblastiach \u017eivota k\u013e\u00fa\u010dov\u00fa kvalifik\u00e1ciu, ktorej je potrebn\u00e9 priradi\u0165 rovnak\u00fd v\u00fdznam ako \u010d\u00edtaniu, p\u00edsaniu a po\u010d\u00edtaniu. Na workshope tieto \u00favahy rozohr\u00e1me intenz\u00edvnej\u0161ie.<\/span><\/p>\t\t\t\t\t\t\t\t<\/div>\n\t\t\t\t<\/div>\n\t\t\t\t<div class=\"elementor-element elementor-element-9015db2 elementor-widget elementor-widget-spacer\" data-id=\"9015db2\" data-element_type=\"widget\" data-widget_type=\"spacer.default\">\n\t\t\t\t<div class=\"elementor-widget-container\">\n\t\t\t\t\t\t\t<div class=\"elementor-spacer\">\n\t\t\t<div class=\"elementor-spacer-inner\"><\/div>\n\t\t<\/div>\n\t\t\t\t\t\t<\/div>\n\t\t\t\t<\/div>\n\t\t\t\t\t<\/div>\n\t\t<\/div>\n\t\t\t\t\t<\/div>\n\t\t<\/section>\n\t\t\t\t<\/div>\n\t\t","protected":false},"excerpt":{"rendered":"<p>DOC. MGR. J\u00c1N KALISK\u00dd, PH.D. Workshop: Konstantsk\u00e1 metoda \u0159e\u0161en\u00ed mor\u00e1ln\u00edch dilemat Absolvoval magistersk\u00e9 studium v\u00a0oboru d\u011bjiny filozofie a n\u011bmeck\u00fd jazyk na FF UFK v\u00a0Nit\u0159e. Z\u00edskal doktor\u00e1t z\u00a0d\u011bjin filozofie a\u00a0habilitoval se v\u00a0pedagogice v\u00fdzkumem ekologick\u00fdch hodnot v\u00a0kontextu kurikula etick\u00e9 v\u00fdchovy. Od roku 2005\u00a0 p\u016fsob\u00ed na Pedagogick\u00e9 fakult\u011b Univerzity Mat\u011bje Bela v\u00a0Bansk\u00e9 Bystrici.\u00a0 Do roku 2021 byl garantem [&hellip;]<\/p>\n","protected":false},"author":2,"featured_media":0,"parent":0,"menu_order":0,"comment_status":"closed","ping_status":"closed","template":"","meta":{"site-sidebar-layout":"no-sidebar","site-content-layout":"page-builder","ast-site-content-layout":"full-width-container","site-content-style":"default","site-sidebar-style":"default","ast-global-header-display":"","ast-banner-title-visibility":"","ast-main-header-display":"","ast-hfb-above-header-display":"","ast-hfb-below-header-display":"","ast-hfb-mobile-header-display":"","site-post-title":"disabled","ast-breadcrumbs-content":"","ast-featured-img":"disabled","footer-sml-layout":"","theme-transparent-header-meta":"","adv-header-id-meta":"","stick-header-meta":"","header-above-stick-meta":"","header-main-stick-meta":"","header-below-stick-meta":"","astra-migrate-meta-layouts":"set","ast-page-background-enabled":"default","ast-page-background-meta":{"desktop":{"background-color":"","background-image":"","background-repeat":"repeat","background-position":"center center","background-size":"auto","background-attachment":"scroll","background-type":"","background-media":"","overlay-type":"","overlay-color":"","overlay-opacity":"","overlay-gradient":""},"tablet":{"background-color":"","background-image":"","background-repeat":"repeat","background-position":"center center","background-size":"auto","background-attachment":"scroll","background-type":"","background-media":"","overlay-type":"","overlay-color":"","overlay-opacity":"","overlay-gradient":""},"mobile":{"background-color":"","background-image":"","background-repeat":"repeat","background-position":"center center","background-size":"auto","background-attachment":"scroll","background-type":"","background-media":"","overlay-type":"","overlay-color":"","overlay-opacity":"","overlay-gradient":""}},"ast-content-background-meta":{"desktop":{"background-color":"var(--ast-global-color-5)","background-image":"","background-repeat":"repeat","background-position":"center center","background-size":"auto","background-attachment":"scroll","background-type":"","background-media":"","overlay-type":"","overlay-color":"","overlay-opacity":"","overlay-gradient":""},"tablet":{"background-color":"var(--ast-global-color-5)","background-image":"","background-repeat":"repeat","background-position":"center center","background-size":"auto","background-attachment":"scroll","background-type":"","background-media":"","overlay-type":"","overlay-color":"","overlay-opacity":"","overlay-gradient":""},"mobile":{"background-color":"var(--ast-global-color-5)","background-image":"","background-repeat":"repeat","background-position":"center center","background-size":"auto","background-attachment":"scroll","background-type":"","background-media":"","overlay-type":"","overlay-color":"","overlay-opacity":"","overlay-gradient":""}},"footnotes":""},"class_list":["post-2118","page","type-page","status-publish","hentry"],"_links":{"self":[{"href":"https:\/\/poradenstvikhk.cz\/akce\/wp-json\/wp\/v2\/pages\/2118","targetHints":{"allow":["GET"]}}],"collection":[{"href":"https:\/\/poradenstvikhk.cz\/akce\/wp-json\/wp\/v2\/pages"}],"about":[{"href":"https:\/\/poradenstvikhk.cz\/akce\/wp-json\/wp\/v2\/types\/page"}],"author":[{"embeddable":true,"href":"https:\/\/poradenstvikhk.cz\/akce\/wp-json\/wp\/v2\/users\/2"}],"replies":[{"embeddable":true,"href":"https:\/\/poradenstvikhk.cz\/akce\/wp-json\/wp\/v2\/comments?post=2118"}],"version-history":[{"count":20,"href":"https:\/\/poradenstvikhk.cz\/akce\/wp-json\/wp\/v2\/pages\/2118\/revisions"}],"predecessor-version":[{"id":2180,"href":"https:\/\/poradenstvikhk.cz\/akce\/wp-json\/wp\/v2\/pages\/2118\/revisions\/2180"}],"wp:attachment":[{"href":"https:\/\/poradenstvikhk.cz\/akce\/wp-json\/wp\/v2\/media?parent=2118"}],"curies":[{"name":"wp","href":"https:\/\/api.w.org\/{rel}","templated":true}]}}