{"id":2034,"date":"2024-03-07T15:39:21","date_gmt":"2024-03-07T14:39:21","guid":{"rendered":"https:\/\/poradenstvikhk.cz\/akce\/?page_id=2034"},"modified":"2024-03-08T00:33:19","modified_gmt":"2024-03-07T23:33:19","slug":"cervena2024","status":"publish","type":"page","link":"https:\/\/poradenstvikhk.cz\/akce\/cervena2024\/","title":{"rendered":"\u010cerven\u00e1 2024"},"content":{"rendered":"\t\t<div data-elementor-type=\"wp-page\" data-elementor-id=\"2034\" class=\"elementor elementor-2034\">\n\t\t\t\t\t\t<section class=\"elementor-section elementor-top-section elementor-element elementor-element-1ae5c4f elementor-section-boxed elementor-section-height-default elementor-section-height-default\" data-id=\"1ae5c4f\" data-element_type=\"section\">\n\t\t\t\t\t\t<div class=\"elementor-container elementor-column-gap-default\">\n\t\t\t\t\t<div class=\"elementor-column elementor-col-100 elementor-top-column elementor-element elementor-element-d125ad0\" data-id=\"d125ad0\" data-element_type=\"column\">\n\t\t\t<div class=\"elementor-widget-wrap elementor-element-populated\">\n\t\t\t\t\t\t<div class=\"elementor-element elementor-element-815e923 elementor-widget elementor-widget-spacer\" data-id=\"815e923\" data-element_type=\"widget\" data-widget_type=\"spacer.default\">\n\t\t\t\t<div class=\"elementor-widget-container\">\n\t\t\t\t\t\t\t<div class=\"elementor-spacer\">\n\t\t\t<div class=\"elementor-spacer-inner\"><\/div>\n\t\t<\/div>\n\t\t\t\t\t\t<\/div>\n\t\t\t\t<\/div>\n\t\t\t\t<div class=\"elementor-element elementor-element-55371ba elementor-widget elementor-widget-heading\" data-id=\"55371ba\" data-element_type=\"widget\" data-widget_type=\"heading.default\">\n\t\t\t\t<div class=\"elementor-widget-container\">\n\t\t\t\t\t<h2 class=\"elementor-heading-title elementor-size-default\">PhDr. Krist\u00fdna \u010cerven\u00e1, Mgr. Sylvie Sedl\u00e1\u010dkov\u00e1<\/h2>\t\t\t\t<\/div>\n\t\t\t\t<\/div>\n\t\t\t\t\t<\/div>\n\t\t<\/div>\n\t\t\t\t\t<\/div>\n\t\t<\/section>\n\t\t\t\t<section class=\"elementor-section elementor-top-section elementor-element elementor-element-39c0a35 elementor-section-boxed elementor-section-height-default elementor-section-height-default\" data-id=\"39c0a35\" data-element_type=\"section\">\n\t\t\t\t\t\t<div class=\"elementor-container elementor-column-gap-default\">\n\t\t\t\t\t<div class=\"elementor-column elementor-col-50 elementor-top-column elementor-element elementor-element-7af4c58\" data-id=\"7af4c58\" data-element_type=\"column\">\n\t\t\t<div class=\"elementor-widget-wrap elementor-element-populated\">\n\t\t\t\t\t\t<div class=\"elementor-element elementor-element-cb060db elementor-widget elementor-widget-text-editor\" data-id=\"cb060db\" data-element_type=\"widget\" data-widget_type=\"text-editor.default\">\n\t\t\t\t<div class=\"elementor-widget-container\">\n\t\t\t\t\t\t\t\t\t<h5>P\u0159\u00edsp\u011bvek: <span class=\"NormalTextRun SCXW7190276 BCX8\">K<\/span><span class=\"NormalTextRun SCXW7190276 BCX8\">ari\u00e9rov\u00e9 poradenstv\u00ed pro 3. tis\u00edcilet\u00ed<\/span><\/h5>\t\t\t\t\t\t\t\t<\/div>\n\t\t\t\t<\/div>\n\t\t\t\t<div class=\"elementor-element elementor-element-e347b8b elementor-widget elementor-widget-text-editor\" data-id=\"e347b8b\" data-element_type=\"widget\" data-widget_type=\"text-editor.default\">\n\t\t\t\t<div class=\"elementor-widget-container\">\n\t\t\t\t\t\t\t\t\t<p style=\"text-align: left;\"><em>\u201eNez\u00e1le\u017e\u00ed na tom, na co se d\u00edv\u00e1\u0161. Z\u00e1le\u017e\u00ed na tom, co vid\u00ed\u0161.\u201c\u00a0<\/em><\/p><p style=\"text-align: right;\">Henry David Thoreau<\/p>\t\t\t\t\t\t\t\t<\/div>\n\t\t\t\t<\/div>\n\t\t\t\t\t<\/div>\n\t\t<\/div>\n\t\t\t\t<div class=\"elementor-column elementor-col-50 elementor-top-column elementor-element elementor-element-85b611e\" data-id=\"85b611e\" data-element_type=\"column\">\n\t\t\t<div class=\"elementor-widget-wrap elementor-element-populated\">\n\t\t\t\t\t\t<div class=\"elementor-element elementor-element-09d6d7a elementor-widget__width-initial elementor-widget elementor-widget-image\" data-id=\"09d6d7a\" data-element_type=\"widget\" data-widget_type=\"image.default\">\n\t\t\t\t<div class=\"elementor-widget-container\">\n\t\t\t\t\t\t\t\t\t\t\t\t\t\t\t<img decoding=\"async\" width=\"150\" height=\"150\" src=\"https:\/\/poradenstvikhk.cz\/akce\/wp-content\/uploads\/2024\/03\/Cervena-foto-150x150.jpg\" class=\"attachment-thumbnail size-thumbnail wp-image-2037\" alt=\"\" \/>\t\t\t\t\t\t\t\t\t\t\t\t\t\t\t<\/div>\n\t\t\t\t<\/div>\n\t\t\t\t\t<\/div>\n\t\t<\/div>\n\t\t\t\t\t<\/div>\n\t\t<\/section>\n\t\t\t\t<section class=\"elementor-section elementor-top-section elementor-element elementor-element-db0692c elementor-section-boxed elementor-section-height-default elementor-section-height-default\" data-id=\"db0692c\" data-element_type=\"section\">\n\t\t\t\t\t\t<div class=\"elementor-container elementor-column-gap-default\">\n\t\t\t\t\t<div class=\"elementor-column elementor-col-100 elementor-top-column elementor-element elementor-element-dd5efe2\" data-id=\"dd5efe2\" data-element_type=\"column\">\n\t\t\t<div class=\"elementor-widget-wrap elementor-element-populated\">\n\t\t\t\t\t\t<div class=\"elementor-element elementor-element-06455cb elementor-widget elementor-widget-text-editor\" data-id=\"06455cb\" data-element_type=\"widget\" data-widget_type=\"text-editor.default\">\n\t\t\t\t<div class=\"elementor-widget-container\">\n\t\t\t\t\t\t\t\t\t<p>Uva\u017eov\u00e1n\u00ed o \u017eivotn\u00edm sm\u011b\u0159ov\u00e1n\u00ed n\u00e1s ve specifick\u00e9 podob\u011b prov\u00e1z\u00ed v ka\u017ed\u00e9 v\u011bkov\u00e9 kategorii. Sou\u010d\u00e1st\u00ed t\u011bchto \u00favah jsou i my\u0161lenky, \u010d\u00edm chci jednou b\u00fdt, co je pro m\u011b v \u017eivot\u011b d\u016fle\u017eit\u00e9, jak chci b\u00fdt prosp\u011b\u0161n\u00fd ostatn\u00edm. Vzhledem k v\u00fdvoji spole\u010dnosti se prom\u011b\u0148uj\u00ed i pot\u0159eby jednotlivc\u016f a jejich p\u0159edstavy o plnohodnotn\u00e9m profesn\u00edm i soukrom\u00e9m \u017eivot\u011b. Smyslem kari\u00e9rov\u00e9ho poradenstv\u00ed pak p\u0159est\u00e1v\u00e1 b\u00fdt jednor\u00e1zov\u00e1 rada, t\u00fdkaj\u00edc\u00ed se volby studijn\u00edho \u010di u\u010debn\u00edho oboru, ale komplexn\u00ed proces hlub\u0161\u00edho sebepozn\u00e1n\u00ed a specifikace kr\u00e1tkodob\u00fdch i dlouhodob\u011bj\u0161\u00edch c\u00edl\u016f.<\/p><p>Intervizn\u00ed setk\u00e1n\u00ed bude formou diskuse a wokshopu nab\u00edzet varianty dal\u0161\u00edho sm\u011b\u0159ov\u00e1n\u00ed kari\u00e9rov\u00e9ho pozn\u00e1v\u00e1n\u00ed v r\u00e1mci pedagogicko \u2013 psychologick\u00e9ho poradenstv\u00ed.<\/p>\t\t\t\t\t\t\t\t<\/div>\n\t\t\t\t<\/div>\n\t\t\t\t<div class=\"elementor-element elementor-element-af7bbea elementor-widget elementor-widget-spacer\" data-id=\"af7bbea\" data-element_type=\"widget\" data-widget_type=\"spacer.default\">\n\t\t\t\t<div class=\"elementor-widget-container\">\n\t\t\t\t\t\t\t<div class=\"elementor-spacer\">\n\t\t\t<div class=\"elementor-spacer-inner\"><\/div>\n\t\t<\/div>\n\t\t\t\t\t\t<\/div>\n\t\t\t\t<\/div>\n\t\t\t\t\t<\/div>\n\t\t<\/div>\n\t\t\t\t\t<\/div>\n\t\t<\/section>\n\t\t\t\t<\/div>\n\t\t","protected":false},"excerpt":{"rendered":"<p>PhDr. Krist\u00fdna \u010cerven\u00e1, Mgr. Sylvie Sedl\u00e1\u010dkov\u00e1 P\u0159\u00edsp\u011bvek: Kari\u00e9rov\u00e9 poradenstv\u00ed pro 3. tis\u00edcilet\u00ed \u201eNez\u00e1le\u017e\u00ed na tom, na co se d\u00edv\u00e1\u0161. Z\u00e1le\u017e\u00ed na tom, co vid\u00ed\u0161.\u201c\u00a0 Henry David Thoreau Uva\u017eov\u00e1n\u00ed o \u017eivotn\u00edm sm\u011b\u0159ov\u00e1n\u00ed n\u00e1s ve specifick\u00e9 podob\u011b prov\u00e1z\u00ed v ka\u017ed\u00e9 v\u011bkov\u00e9 kategorii. Sou\u010d\u00e1st\u00ed t\u011bchto \u00favah jsou i my\u0161lenky, \u010d\u00edm chci jednou b\u00fdt, co je pro m\u011b v [&hellip;]<\/p>\n","protected":false},"author":2,"featured_media":0,"parent":0,"menu_order":0,"comment_status":"closed","ping_status":"closed","template":"","meta":{"site-sidebar-layout":"no-sidebar","site-content-layout":"page-builder","ast-site-content-layout":"full-width-container","site-content-style":"default","site-sidebar-style":"default","ast-global-header-display":"","ast-banner-title-visibility":"","ast-main-header-display":"","ast-hfb-above-header-display":"","ast-hfb-below-header-display":"","ast-hfb-mobile-header-display":"","site-post-title":"disabled","ast-breadcrumbs-content":"","ast-featured-img":"disabled","footer-sml-layout":"","theme-transparent-header-meta":"","adv-header-id-meta":"","stick-header-meta":"","header-above-stick-meta":"","header-main-stick-meta":"","header-below-stick-meta":"","astra-migrate-meta-layouts":"set","ast-page-background-enabled":"default","ast-page-background-meta":{"desktop":{"background-color":"","background-image":"","background-repeat":"repeat","background-position":"center center","background-size":"auto","background-attachment":"scroll","background-type":"","background-media":"","overlay-type":"","overlay-color":"","overlay-opacity":"","overlay-gradient":""},"tablet":{"background-color":"","background-image":"","background-repeat":"repeat","background-position":"center center","background-size":"auto","background-attachment":"scroll","background-type":"","background-media":"","overlay-type":"","overlay-color":"","overlay-opacity":"","overlay-gradient":""},"mobile":{"background-color":"","background-image":"","background-repeat":"repeat","background-position":"center center","background-size":"auto","background-attachment":"scroll","background-type":"","background-media":"","overlay-type":"","overlay-color":"","overlay-opacity":"","overlay-gradient":""}},"ast-content-background-meta":{"desktop":{"background-color":"var(--ast-global-color-5)","background-image":"","background-repeat":"repeat","background-position":"center center","background-size":"auto","background-attachment":"scroll","background-type":"","background-media":"","overlay-type":"","overlay-color":"","overlay-opacity":"","overlay-gradient":""},"tablet":{"background-color":"var(--ast-global-color-5)","background-image":"","background-repeat":"repeat","background-position":"center center","background-size":"auto","background-attachment":"scroll","background-type":"","background-media":"","overlay-type":"","overlay-color":"","overlay-opacity":"","overlay-gradient":""},"mobile":{"background-color":"var(--ast-global-color-5)","background-image":"","background-repeat":"repeat","background-position":"center center","background-size":"auto","background-attachment":"scroll","background-type":"","background-media":"","overlay-type":"","overlay-color":"","overlay-opacity":"","overlay-gradient":""}},"footnotes":""},"class_list":["post-2034","page","type-page","status-publish","hentry"],"_links":{"self":[{"href":"https:\/\/poradenstvikhk.cz\/akce\/wp-json\/wp\/v2\/pages\/2034","targetHints":{"allow":["GET"]}}],"collection":[{"href":"https:\/\/poradenstvikhk.cz\/akce\/wp-json\/wp\/v2\/pages"}],"about":[{"href":"https:\/\/poradenstvikhk.cz\/akce\/wp-json\/wp\/v2\/types\/page"}],"author":[{"embeddable":true,"href":"https:\/\/poradenstvikhk.cz\/akce\/wp-json\/wp\/v2\/users\/2"}],"replies":[{"embeddable":true,"href":"https:\/\/poradenstvikhk.cz\/akce\/wp-json\/wp\/v2\/comments?post=2034"}],"version-history":[{"count":17,"href":"https:\/\/poradenstvikhk.cz\/akce\/wp-json\/wp\/v2\/pages\/2034\/revisions"}],"predecessor-version":[{"id":2246,"href":"https:\/\/poradenstvikhk.cz\/akce\/wp-json\/wp\/v2\/pages\/2034\/revisions\/2246"}],"wp:attachment":[{"href":"https:\/\/poradenstvikhk.cz\/akce\/wp-json\/wp\/v2\/media?parent=2034"}],"curies":[{"name":"wp","href":"https:\/\/api.w.org\/{rel}","templated":true}]}}