{"id":1985,"date":"2024-03-07T14:42:03","date_gmt":"2024-03-07T13:42:03","guid":{"rendered":"https:\/\/poradenstvikhk.cz\/akce\/?page_id=1985"},"modified":"2024-03-11T18:05:52","modified_gmt":"2024-03-11T17:05:52","slug":"brychtova2024","status":"publish","type":"page","link":"https:\/\/poradenstvikhk.cz\/akce\/brychtova2024\/","title":{"rendered":"Brychtov\u00e1 2024"},"content":{"rendered":"\t\t<div data-elementor-type=\"wp-page\" data-elementor-id=\"1985\" class=\"elementor elementor-1985\">\n\t\t\t\t\t\t<section class=\"elementor-section elementor-top-section elementor-element elementor-element-4494774 elementor-section-boxed elementor-section-height-default elementor-section-height-default\" data-id=\"4494774\" data-element_type=\"section\">\n\t\t\t\t\t\t<div class=\"elementor-container elementor-column-gap-default\">\n\t\t\t\t\t<div class=\"elementor-column elementor-col-100 elementor-top-column elementor-element elementor-element-1c5caca\" data-id=\"1c5caca\" data-element_type=\"column\">\n\t\t\t<div class=\"elementor-widget-wrap elementor-element-populated\">\n\t\t\t\t\t\t<div class=\"elementor-element elementor-element-ed9f6b0 elementor-widget elementor-widget-spacer\" data-id=\"ed9f6b0\" data-element_type=\"widget\" data-widget_type=\"spacer.default\">\n\t\t\t\t<div class=\"elementor-widget-container\">\n\t\t\t\t\t\t\t<div class=\"elementor-spacer\">\n\t\t\t<div class=\"elementor-spacer-inner\"><\/div>\n\t\t<\/div>\n\t\t\t\t\t\t<\/div>\n\t\t\t\t<\/div>\n\t\t\t\t<div class=\"elementor-element elementor-element-6e62ef1 elementor-widget elementor-widget-heading\" data-id=\"6e62ef1\" data-element_type=\"widget\" data-widget_type=\"heading.default\">\n\t\t\t\t<div class=\"elementor-widget-container\">\n\t\t\t\t\t<h2 class=\"elementor-heading-title elementor-size-default\">Mgr. Veronika Brychtov\u00e1, MGR. \u0160\u00c1RKA JANKOVSK\u00c1<\/h2>\t\t\t\t<\/div>\n\t\t\t\t<\/div>\n\t\t\t\t<div class=\"elementor-element elementor-element-31111d5 elementor-widget elementor-widget-text-editor\" data-id=\"31111d5\" data-element_type=\"widget\" data-widget_type=\"text-editor.default\">\n\t\t\t\t<div class=\"elementor-widget-container\">\n\t\t\t\t\t\t\t\t\t<h5>Workshop: Vliv motorick\u00e9ho v\u00fdvoje d\u00edt\u011bte na \u00fasp\u011b\u0161nost ve \u0161kole<\/h5>\t\t\t\t\t\t\t\t<\/div>\n\t\t\t\t<\/div>\n\t\t\t\t\t<\/div>\n\t\t<\/div>\n\t\t\t\t\t<\/div>\n\t\t<\/section>\n\t\t\t\t<section class=\"elementor-section elementor-top-section elementor-element elementor-element-d5802e8 elementor-section-boxed elementor-section-height-default elementor-section-height-default\" data-id=\"d5802e8\" data-element_type=\"section\">\n\t\t\t\t\t\t<div class=\"elementor-container elementor-column-gap-default\">\n\t\t\t\t\t<div class=\"elementor-column elementor-col-33 elementor-top-column elementor-element elementor-element-6b1f39e\" data-id=\"6b1f39e\" data-element_type=\"column\">\n\t\t\t<div class=\"elementor-widget-wrap elementor-element-populated\">\n\t\t\t\t\t\t<div class=\"elementor-element elementor-element-1b3aafc elementor-widget elementor-widget-text-editor\" data-id=\"1b3aafc\" data-element_type=\"widget\" data-widget_type=\"text-editor.default\">\n\t\t\t\t<div class=\"elementor-widget-container\">\n\t\t\t\t\t\t\t\t\t<p><span class=\"TextRun SCXW159276473 BCX8\" lang=\"CS-CZ\" xml:lang=\"CS-CZ\" data-contrast=\"auto\"><span class=\"NormalTextRun SCXW159276473 BCX8\">St\u00e1le \u010dast\u011bji se v pr\u00e1ci speci\u00e1ln\u00edho pedagoga setk\u00e1v\u00e1me s d\u011btmi, kter\u00e9 maj\u00ed obt\u00ed\u017ee\u00a0<\/span><\/span><span class=\"TextRun SCXW159276473 BCX8\" lang=\"CS-CZ\" xml:lang=\"CS-CZ\" data-contrast=\"auto\"><span class=\"NormalTextRun SCXW159276473 BCX8\">nejen v \u0159e\u010di, ale i koordinaci pohyb\u016f a v propojen\u00ed informac\u00ed, kter\u00e9 p\u0159ij\u00edmaj\u00ed\u00a0<\/span><\/span><span class=\"TextRun SCXW159276473 BCX8\" lang=\"CS-CZ\" xml:lang=\"CS-CZ\" data-contrast=\"auto\"><span class=\"NormalTextRun SCXW159276473 BCX8\">smysly. D\u011bti se mohou zd\u00e1t neklidn\u00e9, maj\u00ed obt\u00ed\u017ee s pozornost\u00ed a n\u00e1sledn\u011b se pro n\u011b st\u00e1v\u00e1 n\u00e1ro\u010dn\u00fd i cel\u00fd proces vzd\u011bl\u00e1v\u00e1n\u00ed. S kolegyn\u00ed Mgr. \u0160\u00e1rkou Jankovskou se ub\u00edr\u00e1me cestou hled\u00e1n\u00ed p\u0159\u00ed\u010din vzniku tohoto typu obt\u00ed\u017e\u00ed.\u00a0<\/span><\/span><\/p>\t\t\t\t\t\t\t\t<\/div>\n\t\t\t\t<\/div>\n\t\t\t\t\t<\/div>\n\t\t<\/div>\n\t\t\t\t<div class=\"elementor-column elementor-col-33 elementor-top-column elementor-element elementor-element-c7568ec\" data-id=\"c7568ec\" data-element_type=\"column\">\n\t\t\t<div class=\"elementor-widget-wrap elementor-element-populated\">\n\t\t\t\t\t\t<div class=\"elementor-element elementor-element-4588a9a elementor-widget__width-initial elementor-widget elementor-widget-image\" data-id=\"4588a9a\" data-element_type=\"widget\" data-widget_type=\"image.default\">\n\t\t\t\t<div class=\"elementor-widget-container\">\n\t\t\t\t\t\t\t\t\t\t\t\t\t\t\t<img decoding=\"async\" width=\"120\" height=\"120\" src=\"https:\/\/poradenstvikhk.cz\/akce\/wp-content\/uploads\/2024\/03\/v.brychtova.png\" class=\"attachment-large size-large wp-image-1993\" alt=\"\" \/>\t\t\t\t\t\t\t\t\t\t\t\t\t\t\t<\/div>\n\t\t\t\t<\/div>\n\t\t\t\t\t<\/div>\n\t\t<\/div>\n\t\t\t\t<div class=\"elementor-column elementor-col-33 elementor-top-column elementor-element elementor-element-884bc0f\" data-id=\"884bc0f\" data-element_type=\"column\">\n\t\t\t<div class=\"elementor-widget-wrap elementor-element-populated\">\n\t\t\t\t\t\t<div class=\"elementor-element elementor-element-ce56631 elementor-widget elementor-widget-image\" data-id=\"ce56631\" data-element_type=\"widget\" data-widget_type=\"image.default\">\n\t\t\t\t<div class=\"elementor-widget-container\">\n\t\t\t\t\t\t\t\t\t\t\t\t\t\t\t<img decoding=\"async\" width=\"120\" height=\"120\" src=\"https:\/\/poradenstvikhk.cz\/akce\/wp-content\/uploads\/2024\/03\/S_Jankovska2.jpg\" class=\"attachment-thumbnail size-thumbnail wp-image-2279\" alt=\"\" \/>\t\t\t\t\t\t\t\t\t\t\t\t\t\t\t<\/div>\n\t\t\t\t<\/div>\n\t\t\t\t\t<\/div>\n\t\t<\/div>\n\t\t\t\t\t<\/div>\n\t\t<\/section>\n\t\t\t\t<section class=\"elementor-section elementor-top-section elementor-element elementor-element-d7f5222 elementor-section-boxed elementor-section-height-default elementor-section-height-default\" data-id=\"d7f5222\" data-element_type=\"section\">\n\t\t\t\t\t\t<div class=\"elementor-container elementor-column-gap-default\">\n\t\t\t\t\t<div class=\"elementor-column elementor-col-100 elementor-top-column elementor-element elementor-element-23f28e0\" data-id=\"23f28e0\" data-element_type=\"column\">\n\t\t\t<div class=\"elementor-widget-wrap elementor-element-populated\">\n\t\t\t\t\t\t<div class=\"elementor-element elementor-element-91dfd49 elementor-widget elementor-widget-text-editor\" data-id=\"91dfd49\" data-element_type=\"widget\" data-widget_type=\"text-editor.default\">\n\t\t\t\t<div class=\"elementor-widget-container\">\n\t\t\t\t\t\t\t\t\t<p><span lang=\"CS-CZ\" xml:lang=\"CS-CZ\" data-contrast=\"auto\"><span lang=\"CS-CZ\" xml:lang=\"CS-CZ\" data-contrast=\"auto\">V tomto \u0161koln\u00edm roce jsme za\u010daly pracovat se skupinami d\u011bt\u00ed v b\u011b\u017en\u00fdch M\u0160, kde si p\u0159ejeme p\u016fsobit preventivn\u011b a podpo\u0159it v\u010dasn\u00fd z\u00e1chyt\u00a0<\/span><span lang=\"CS-CZ\" xml:lang=\"CS-CZ\" data-contrast=\"auto\">vzniku\u00a0neurov\u00fdvojov\u00fdch\u00a0poruch.\u00a0<\/span><span lang=\"CS-CZ\" xml:lang=\"CS-CZ\" data-contrast=\"auto\">S u\u010ditelkami M\u0160 a asistenty pedagoga besedujeme na t\u00e9ma p\u0159etrv\u00e1vaj\u00edc\u00edch prim\u00e1rn\u00edch reflex\u016f, smyslov\u00e9ho vn\u00edm\u00e1n\u00ed, vn\u00edm\u00e1n\u00ed hranic a propojov\u00e1n\u00ed mozkov\u00fdch hemisf\u00e9r v re\u017eimu b\u011b\u017en\u00e9 M\u0160. Letos bychom se v r\u00e1mci\u00a0intervizn\u00edho\u00a0setk\u00e1n\u00ed cht\u011bly zam\u011b\u0159it na podstatu n\u011bkter\u00fdch anamnestick\u00fdch \u00fadaj\u016f a d\u016fle\u017eitost propojov\u00e1n\u00ed hemisf\u00e9r v\u010detn\u011b efektivn\u00edho vyu\u017eit\u00ed k\u0159\u00ed\u017eov\u00fdch cvi\u010den\u00ed.<\/span><span data-ccp-props=\"{&quot;201341983&quot;:2,&quot;335551550&quot;:1,&quot;335551620&quot;:1,&quot;335557856&quot;:16183795,&quot;335559685&quot;:0,&quot;335559739&quot;:300,&quot;335559740&quot;:336}\">\u00a0<\/span><br \/><\/span><\/p>\t\t\t\t\t\t\t\t<\/div>\n\t\t\t\t<\/div>\n\t\t\t\t<div class=\"elementor-element elementor-element-a1e9d01 elementor-widget elementor-widget-spacer\" data-id=\"a1e9d01\" data-element_type=\"widget\" data-widget_type=\"spacer.default\">\n\t\t\t\t<div class=\"elementor-widget-container\">\n\t\t\t\t\t\t\t<div class=\"elementor-spacer\">\n\t\t\t<div class=\"elementor-spacer-inner\"><\/div>\n\t\t<\/div>\n\t\t\t\t\t\t<\/div>\n\t\t\t\t<\/div>\n\t\t\t\t\t<\/div>\n\t\t<\/div>\n\t\t\t\t\t<\/div>\n\t\t<\/section>\n\t\t\t\t<\/div>\n\t\t","protected":false},"excerpt":{"rendered":"<p>Mgr. Veronika Brychtov\u00e1, MGR. \u0160\u00c1RKA JANKOVSK\u00c1 Workshop: Vliv motorick\u00e9ho v\u00fdvoje d\u00edt\u011bte na \u00fasp\u011b\u0161nost ve \u0161kole St\u00e1le \u010dast\u011bji se v pr\u00e1ci speci\u00e1ln\u00edho pedagoga setk\u00e1v\u00e1me s d\u011btmi, kter\u00e9 maj\u00ed obt\u00ed\u017ee\u00a0nejen v \u0159e\u010di, ale i koordinaci pohyb\u016f a v propojen\u00ed informac\u00ed, kter\u00e9 p\u0159ij\u00edmaj\u00ed\u00a0smysly. D\u011bti se mohou zd\u00e1t neklidn\u00e9, maj\u00ed obt\u00ed\u017ee s pozornost\u00ed a n\u00e1sledn\u011b se pro n\u011b st\u00e1v\u00e1 [&hellip;]<\/p>\n","protected":false},"author":2,"featured_media":0,"parent":0,"menu_order":0,"comment_status":"closed","ping_status":"closed","template":"","meta":{"site-sidebar-layout":"no-sidebar","site-content-layout":"page-builder","ast-site-content-layout":"full-width-container","site-content-style":"default","site-sidebar-style":"default","ast-global-header-display":"","ast-banner-title-visibility":"","ast-main-header-display":"","ast-hfb-above-header-display":"","ast-hfb-below-header-display":"","ast-hfb-mobile-header-display":"","site-post-title":"disabled","ast-breadcrumbs-content":"","ast-featured-img":"disabled","footer-sml-layout":"","theme-transparent-header-meta":"","adv-header-id-meta":"","stick-header-meta":"","header-above-stick-meta":"","header-main-stick-meta":"","header-below-stick-meta":"","astra-migrate-meta-layouts":"set","ast-page-background-enabled":"default","ast-page-background-meta":{"desktop":{"background-color":"","background-image":"","background-repeat":"repeat","background-position":"center center","background-size":"auto","background-attachment":"scroll","background-type":"","background-media":"","overlay-type":"","overlay-color":"","overlay-opacity":"","overlay-gradient":""},"tablet":{"background-color":"","background-image":"","background-repeat":"repeat","background-position":"center center","background-size":"auto","background-attachment":"scroll","background-type":"","background-media":"","overlay-type":"","overlay-color":"","overlay-opacity":"","overlay-gradient":""},"mobile":{"background-color":"","background-image":"","background-repeat":"repeat","background-position":"center center","background-size":"auto","background-attachment":"scroll","background-type":"","background-media":"","overlay-type":"","overlay-color":"","overlay-opacity":"","overlay-gradient":""}},"ast-content-background-meta":{"desktop":{"background-color":"var(--ast-global-color-5)","background-image":"","background-repeat":"repeat","background-position":"center center","background-size":"auto","background-attachment":"scroll","background-type":"","background-media":"","overlay-type":"","overlay-color":"","overlay-opacity":"","overlay-gradient":""},"tablet":{"background-color":"var(--ast-global-color-5)","background-image":"","background-repeat":"repeat","background-position":"center center","background-size":"auto","background-attachment":"scroll","background-type":"","background-media":"","overlay-type":"","overlay-color":"","overlay-opacity":"","overlay-gradient":""},"mobile":{"background-color":"var(--ast-global-color-5)","background-image":"","background-repeat":"repeat","background-position":"center center","background-size":"auto","background-attachment":"scroll","background-type":"","background-media":"","overlay-type":"","overlay-color":"","overlay-opacity":"","overlay-gradient":""}},"footnotes":""},"class_list":["post-1985","page","type-page","status-publish","hentry"],"_links":{"self":[{"href":"https:\/\/poradenstvikhk.cz\/akce\/wp-json\/wp\/v2\/pages\/1985","targetHints":{"allow":["GET"]}}],"collection":[{"href":"https:\/\/poradenstvikhk.cz\/akce\/wp-json\/wp\/v2\/pages"}],"about":[{"href":"https:\/\/poradenstvikhk.cz\/akce\/wp-json\/wp\/v2\/types\/page"}],"author":[{"embeddable":true,"href":"https:\/\/poradenstvikhk.cz\/akce\/wp-json\/wp\/v2\/users\/2"}],"replies":[{"embeddable":true,"href":"https:\/\/poradenstvikhk.cz\/akce\/wp-json\/wp\/v2\/comments?post=1985"}],"version-history":[{"count":29,"href":"https:\/\/poradenstvikhk.cz\/akce\/wp-json\/wp\/v2\/pages\/1985\/revisions"}],"predecessor-version":[{"id":2282,"href":"https:\/\/poradenstvikhk.cz\/akce\/wp-json\/wp\/v2\/pages\/1985\/revisions\/2282"}],"wp:attachment":[{"href":"https:\/\/poradenstvikhk.cz\/akce\/wp-json\/wp\/v2\/media?parent=1985"}],"curies":[{"name":"wp","href":"https:\/\/api.w.org\/{rel}","templated":true}]}}