{"id":1969,"date":"2024-03-07T14:33:30","date_gmt":"2024-03-07T13:33:30","guid":{"rendered":"https:\/\/poradenstvikhk.cz\/akce\/?page_id=1969"},"modified":"2024-03-07T14:40:38","modified_gmt":"2024-03-07T13:40:38","slug":"vojtova2024","status":"publish","type":"page","link":"https:\/\/poradenstvikhk.cz\/akce\/vojtova2024\/","title":{"rendered":"Vojtov\u00e1 2024"},"content":{"rendered":"\t\t<div data-elementor-type=\"wp-page\" data-elementor-id=\"1969\" class=\"elementor elementor-1969\">\n\t\t\t\t\t\t<section class=\"elementor-section elementor-top-section elementor-element elementor-element-0356c93 elementor-section-boxed elementor-section-height-default elementor-section-height-default\" data-id=\"0356c93\" data-element_type=\"section\">\n\t\t\t\t\t\t<div class=\"elementor-container elementor-column-gap-default\">\n\t\t\t\t\t<div class=\"elementor-column elementor-col-100 elementor-top-column elementor-element elementor-element-be65ac3\" data-id=\"be65ac3\" data-element_type=\"column\">\n\t\t\t<div class=\"elementor-widget-wrap elementor-element-populated\">\n\t\t\t\t\t\t<div class=\"elementor-element elementor-element-874f506 elementor-widget elementor-widget-spacer\" data-id=\"874f506\" data-element_type=\"widget\" data-widget_type=\"spacer.default\">\n\t\t\t\t<div class=\"elementor-widget-container\">\n\t\t\t\t\t\t\t<div class=\"elementor-spacer\">\n\t\t\t<div class=\"elementor-spacer-inner\"><\/div>\n\t\t<\/div>\n\t\t\t\t\t\t<\/div>\n\t\t\t\t<\/div>\n\t\t\t\t<div class=\"elementor-element elementor-element-f0ab189 elementor-widget elementor-widget-heading\" data-id=\"f0ab189\" data-element_type=\"widget\" data-widget_type=\"heading.default\">\n\t\t\t\t<div class=\"elementor-widget-container\">\n\t\t\t\t\t<h2 class=\"elementor-heading-title elementor-size-default\">Mgr. Hana Vojtov\u00e1<\/h2>\t\t\t\t<\/div>\n\t\t\t\t<\/div>\n\t\t\t\t<div class=\"elementor-element elementor-element-8bc5328 elementor-widget elementor-widget-text-editor\" data-id=\"8bc5328\" data-element_type=\"widget\" data-widget_type=\"text-editor.default\">\n\t\t\t\t<div class=\"elementor-widget-container\">\n\t\t\t\t\t\t\t\t\t<h5 style=\"text-align: left;\">P\u0159\u00edsp\u011bvek: <strong>Porozumenie traume a pr\u00edstup k traumatizovan\u00fdm \u013eu\u010fom<\/strong><\/h5>\t\t\t\t\t\t\t\t<\/div>\n\t\t\t\t<\/div>\n\t\t\t\t\t<\/div>\n\t\t<\/div>\n\t\t\t\t\t<\/div>\n\t\t<\/section>\n\t\t\t\t<section class=\"elementor-section elementor-top-section elementor-element elementor-element-bf48f11 elementor-section-boxed elementor-section-height-default elementor-section-height-default\" data-id=\"bf48f11\" data-element_type=\"section\">\n\t\t\t\t\t\t<div class=\"elementor-container elementor-column-gap-default\">\n\t\t\t\t\t<div class=\"elementor-column elementor-col-50 elementor-top-column elementor-element elementor-element-e19dc8f\" data-id=\"e19dc8f\" data-element_type=\"column\">\n\t\t\t<div class=\"elementor-widget-wrap elementor-element-populated\">\n\t\t\t\t\t\t<div class=\"elementor-element elementor-element-ee0f809 elementor-widget elementor-widget-text-editor\" data-id=\"ee0f809\" data-element_type=\"widget\" data-widget_type=\"text-editor.default\">\n\t\t\t\t<div class=\"elementor-widget-container\">\n\t\t\t\t\t\t\t\t\t<p>V pr\u00edspevku sa zameriam na z\u00e1kladn\u00e9 objasnenie pojmu traumatiz\u00e1cie, jej dopadov na \u017eivot \u010dloveka a jeho vz\u0165ahy a z toho vypl\u00fdvaj\u00face odpor\u00fa\u010dania pre pr\u00edstup k traumatizovan\u00fdm \u013eu\u010fom.<\/p><p>Predbe\u017en\u00fd obsah: Defin\u00edcia traumy, reakcie na traumu, posttraumatick\u00e9 \u0165a\u017ekosti, v\u00fdznam interperson\u00e1lnych a soci\u00e1lnych aspektov a pr\u00edstup, ktor\u00fd je re\u0161pektuje poznatky o traume.\u00a0\u00a0<\/p>\t\t\t\t\t\t\t\t<\/div>\n\t\t\t\t<\/div>\n\t\t\t\t\t<\/div>\n\t\t<\/div>\n\t\t\t\t<div class=\"elementor-column elementor-col-50 elementor-top-column elementor-element elementor-element-3bd87cb\" data-id=\"3bd87cb\" data-element_type=\"column\">\n\t\t\t<div class=\"elementor-widget-wrap elementor-element-populated\">\n\t\t\t\t\t\t<div class=\"elementor-element elementor-element-8626c82 elementor-widget elementor-widget-image\" data-id=\"8626c82\" data-element_type=\"widget\" data-widget_type=\"image.default\">\n\t\t\t\t<div class=\"elementor-widget-container\">\n\t\t\t\t\t\t\t\t\t\t\t\t\t\t\t<img decoding=\"async\" width=\"150\" height=\"150\" src=\"https:\/\/poradenstvikhk.cz\/akce\/wp-content\/uploads\/2024\/03\/Hana-Vojtova-150x150.jpg\" class=\"attachment-thumbnail size-thumbnail wp-image-1971\" alt=\"\" \/>\t\t\t\t\t\t\t\t\t\t\t\t\t\t\t<\/div>\n\t\t\t\t<\/div>\n\t\t\t\t\t<\/div>\n\t\t<\/div>\n\t\t\t\t\t<\/div>\n\t\t<\/section>\n\t\t\t\t<section class=\"elementor-section elementor-top-section elementor-element elementor-element-9ae3c4a elementor-section-boxed elementor-section-height-default elementor-section-height-default\" data-id=\"9ae3c4a\" data-element_type=\"section\">\n\t\t\t\t\t\t<div class=\"elementor-container elementor-column-gap-default\">\n\t\t\t\t\t<div class=\"elementor-column elementor-col-100 elementor-top-column elementor-element elementor-element-093330c\" data-id=\"093330c\" data-element_type=\"column\">\n\t\t\t<div class=\"elementor-widget-wrap elementor-element-populated\">\n\t\t\t\t\t\t<div class=\"elementor-element elementor-element-a1e129a elementor-widget elementor-widget-text-editor\" data-id=\"a1e129a\" data-element_type=\"widget\" data-widget_type=\"text-editor.default\">\n\t\t\t\t<div class=\"elementor-widget-container\">\n\t\t\t\t\t\t\t\t\t<p><span style=\"background-color: var(--ast-global-color-4);\"><i>Mgr. Hana Vojtov\u00e1 j<\/i><\/span><em>e klinick\u00e1 psycholo\u017eka a psychoterapeutka, akreditovan\u00e1 tren\u00e9rka EMDR. Je spoluzakladatelkou a lektorkou Slovensk\u00e9ho institutu pro psychotraumatologii a EMDR (SIPE), pro kter\u00fd vede a organizuje odborn\u00e9 vzd\u011bl\u00e1v\u00e1n\u00ed s psychotraumatologii a EMDR. M\u00e1 zku\u0161enosti v\u00a0oblasti psychoterapie dosp\u011bl\u00fdch a supervize, zejm\u00e9na v\u00a0oblasti psychick\u00e9 traumatizace a komplexn\u00edho traumatu.<\/em><\/p>\t\t\t\t\t\t\t\t<\/div>\n\t\t\t\t<\/div>\n\t\t\t\t<div class=\"elementor-element elementor-element-caa40e2 elementor-widget elementor-widget-spacer\" data-id=\"caa40e2\" data-element_type=\"widget\" data-widget_type=\"spacer.default\">\n\t\t\t\t<div class=\"elementor-widget-container\">\n\t\t\t\t\t\t\t<div class=\"elementor-spacer\">\n\t\t\t<div class=\"elementor-spacer-inner\"><\/div>\n\t\t<\/div>\n\t\t\t\t\t\t<\/div>\n\t\t\t\t<\/div>\n\t\t\t\t\t<\/div>\n\t\t<\/div>\n\t\t\t\t\t<\/div>\n\t\t<\/section>\n\t\t\t\t<\/div>\n\t\t","protected":false},"excerpt":{"rendered":"<p>Mgr. Hana Vojtov\u00e1 P\u0159\u00edsp\u011bvek: Porozumenie traume a pr\u00edstup k traumatizovan\u00fdm \u013eu\u010fom V pr\u00edspevku sa zameriam na z\u00e1kladn\u00e9 objasnenie pojmu traumatiz\u00e1cie, jej dopadov na \u017eivot \u010dloveka a jeho vz\u0165ahy a z toho vypl\u00fdvaj\u00face odpor\u00fa\u010dania pre pr\u00edstup k traumatizovan\u00fdm \u013eu\u010fom. Predbe\u017en\u00fd obsah: Defin\u00edcia traumy, reakcie na traumu, posttraumatick\u00e9 \u0165a\u017ekosti, v\u00fdznam interperson\u00e1lnych a soci\u00e1lnych aspektov a pr\u00edstup, ktor\u00fd [&hellip;]<\/p>\n","protected":false},"author":2,"featured_media":0,"parent":0,"menu_order":0,"comment_status":"closed","ping_status":"closed","template":"","meta":{"site-sidebar-layout":"no-sidebar","site-content-layout":"page-builder","ast-site-content-layout":"full-width-container","site-content-style":"default","site-sidebar-style":"default","ast-global-header-display":"","ast-banner-title-visibility":"","ast-main-header-display":"","ast-hfb-above-header-display":"","ast-hfb-below-header-display":"","ast-hfb-mobile-header-display":"","site-post-title":"disabled","ast-breadcrumbs-content":"","ast-featured-img":"disabled","footer-sml-layout":"","theme-transparent-header-meta":"","adv-header-id-meta":"","stick-header-meta":"","header-above-stick-meta":"","header-main-stick-meta":"","header-below-stick-meta":"","astra-migrate-meta-layouts":"set","ast-page-background-enabled":"default","ast-page-background-meta":{"desktop":{"background-color":"","background-image":"","background-repeat":"repeat","background-position":"center center","background-size":"auto","background-attachment":"scroll","background-type":"","background-media":"","overlay-type":"","overlay-color":"","overlay-opacity":"","overlay-gradient":""},"tablet":{"background-color":"","background-image":"","background-repeat":"repeat","background-position":"center center","background-size":"auto","background-attachment":"scroll","background-type":"","background-media":"","overlay-type":"","overlay-color":"","overlay-opacity":"","overlay-gradient":""},"mobile":{"background-color":"","background-image":"","background-repeat":"repeat","background-position":"center center","background-size":"auto","background-attachment":"scroll","background-type":"","background-media":"","overlay-type":"","overlay-color":"","overlay-opacity":"","overlay-gradient":""}},"ast-content-background-meta":{"desktop":{"background-color":"var(--ast-global-color-5)","background-image":"","background-repeat":"repeat","background-position":"center center","background-size":"auto","background-attachment":"scroll","background-type":"","background-media":"","overlay-type":"","overlay-color":"","overlay-opacity":"","overlay-gradient":""},"tablet":{"background-color":"var(--ast-global-color-5)","background-image":"","background-repeat":"repeat","background-position":"center center","background-size":"auto","background-attachment":"scroll","background-type":"","background-media":"","overlay-type":"","overlay-color":"","overlay-opacity":"","overlay-gradient":""},"mobile":{"background-color":"var(--ast-global-color-5)","background-image":"","background-repeat":"repeat","background-position":"center center","background-size":"auto","background-attachment":"scroll","background-type":"","background-media":"","overlay-type":"","overlay-color":"","overlay-opacity":"","overlay-gradient":""}},"footnotes":""},"class_list":["post-1969","page","type-page","status-publish","hentry"],"_links":{"self":[{"href":"https:\/\/poradenstvikhk.cz\/akce\/wp-json\/wp\/v2\/pages\/1969","targetHints":{"allow":["GET"]}}],"collection":[{"href":"https:\/\/poradenstvikhk.cz\/akce\/wp-json\/wp\/v2\/pages"}],"about":[{"href":"https:\/\/poradenstvikhk.cz\/akce\/wp-json\/wp\/v2\/types\/page"}],"author":[{"embeddable":true,"href":"https:\/\/poradenstvikhk.cz\/akce\/wp-json\/wp\/v2\/users\/2"}],"replies":[{"embeddable":true,"href":"https:\/\/poradenstvikhk.cz\/akce\/wp-json\/wp\/v2\/comments?post=1969"}],"version-history":[{"count":11,"href":"https:\/\/poradenstvikhk.cz\/akce\/wp-json\/wp\/v2\/pages\/1969\/revisions"}],"predecessor-version":[{"id":1984,"href":"https:\/\/poradenstvikhk.cz\/akce\/wp-json\/wp\/v2\/pages\/1969\/revisions\/1984"}],"wp:attachment":[{"href":"https:\/\/poradenstvikhk.cz\/akce\/wp-json\/wp\/v2\/media?parent=1969"}],"curies":[{"name":"wp","href":"https:\/\/api.w.org\/{rel}","templated":true}]}}