{"id":1945,"date":"2024-03-07T14:08:24","date_gmt":"2024-03-07T13:08:24","guid":{"rendered":"https:\/\/poradenstvikhk.cz\/akce\/?page_id=1945"},"modified":"2024-03-08T00:30:44","modified_gmt":"2024-03-07T23:30:44","slug":"novotny2024","status":"publish","type":"page","link":"https:\/\/poradenstvikhk.cz\/akce\/novotny2024\/","title":{"rendered":"Novotn\u00fd 2024"},"content":{"rendered":"\t\t<div data-elementor-type=\"wp-page\" data-elementor-id=\"1945\" class=\"elementor elementor-1945\">\n\t\t\t\t\t\t<section class=\"elementor-section elementor-top-section elementor-element elementor-element-eb20853 elementor-section-boxed elementor-section-height-default elementor-section-height-default\" data-id=\"eb20853\" data-element_type=\"section\">\n\t\t\t\t\t\t<div class=\"elementor-container elementor-column-gap-default\">\n\t\t\t\t\t<div class=\"elementor-column elementor-col-100 elementor-top-column elementor-element elementor-element-0b7d459\" data-id=\"0b7d459\" data-element_type=\"column\">\n\t\t\t<div class=\"elementor-widget-wrap elementor-element-populated\">\n\t\t\t\t\t\t<div class=\"elementor-element elementor-element-d172dad elementor-widget elementor-widget-spacer\" data-id=\"d172dad\" data-element_type=\"widget\" data-widget_type=\"spacer.default\">\n\t\t\t\t<div class=\"elementor-widget-container\">\n\t\t\t\t\t\t\t<div class=\"elementor-spacer\">\n\t\t\t<div class=\"elementor-spacer-inner\"><\/div>\n\t\t<\/div>\n\t\t\t\t\t\t<\/div>\n\t\t\t\t<\/div>\n\t\t\t\t\t<\/div>\n\t\t<\/div>\n\t\t\t\t\t<\/div>\n\t\t<\/section>\n\t\t\t\t<section class=\"elementor-section elementor-top-section elementor-element elementor-element-0ea5162 elementor-section-boxed elementor-section-height-default elementor-section-height-default\" data-id=\"0ea5162\" data-element_type=\"section\">\n\t\t\t\t\t\t<div class=\"elementor-container elementor-column-gap-default\">\n\t\t\t\t\t<div class=\"elementor-column elementor-col-100 elementor-top-column elementor-element elementor-element-30153f2\" data-id=\"30153f2\" data-element_type=\"column\">\n\t\t\t<div class=\"elementor-widget-wrap elementor-element-populated\">\n\t\t\t\t\t\t<div class=\"elementor-element elementor-element-c24463f elementor-widget elementor-widget-heading\" data-id=\"c24463f\" data-element_type=\"widget\" data-widget_type=\"heading.default\">\n\t\t\t\t<div class=\"elementor-widget-container\">\n\t\t\t\t\t<h2 class=\"elementor-heading-title elementor-size-default\">MUDr. Miroslav Novotn\u00fd<\/h2>\t\t\t\t<\/div>\n\t\t\t\t<\/div>\n\t\t\t\t\t<\/div>\n\t\t<\/div>\n\t\t\t\t\t<\/div>\n\t\t<\/section>\n\t\t\t\t<section class=\"elementor-section elementor-top-section elementor-element elementor-element-76c46dd elementor-section-boxed elementor-section-height-default elementor-section-height-default\" data-id=\"76c46dd\" data-element_type=\"section\">\n\t\t\t\t\t\t<div class=\"elementor-container elementor-column-gap-default\">\n\t\t\t\t\t<div class=\"elementor-column elementor-col-50 elementor-top-column elementor-element elementor-element-ae03424\" data-id=\"ae03424\" data-element_type=\"column\">\n\t\t\t<div class=\"elementor-widget-wrap elementor-element-populated\">\n\t\t\t\t\t\t<div class=\"elementor-element elementor-element-23f0b35 elementor-widget elementor-widget-text-editor\" data-id=\"23f0b35\" data-element_type=\"widget\" data-widget_type=\"text-editor.default\">\n\t\t\t\t<div class=\"elementor-widget-container\">\n\t\t\t\t\t\t\t\t\t<h5 style=\"text-align: left;\">Workshop: <strong>ADHD &#8211; komplexn\u00ed p\u0159\u00edstup<\/strong><\/h5>\t\t\t\t\t\t\t\t<\/div>\n\t\t\t\t<\/div>\n\t\t\t\t<div class=\"elementor-element elementor-element-ee07106 elementor-widget elementor-widget-spacer\" data-id=\"ee07106\" data-element_type=\"widget\" data-widget_type=\"spacer.default\">\n\t\t\t\t<div class=\"elementor-widget-container\">\n\t\t\t\t\t\t\t<div class=\"elementor-spacer\">\n\t\t\t<div class=\"elementor-spacer-inner\"><\/div>\n\t\t<\/div>\n\t\t\t\t\t\t<\/div>\n\t\t\t\t<\/div>\n\t\t\t\t<div class=\"elementor-element elementor-element-d0d1e4b elementor-widget elementor-widget-text-editor\" data-id=\"d0d1e4b\" data-element_type=\"widget\" data-widget_type=\"text-editor.default\">\n\t\t\t\t<div class=\"elementor-widget-container\">\n\t\t\t\t\t\t\t\t\t<p>P\u0159\u00edsp\u011bvek je zam\u011b\u0159en na problematiku sy ADHD v kontextu aktu\u00e1ln\u00edch poznatk\u016f. Budeme se v\u011bnovat diagnostice ADHD a terapeutick\u00fdm strategi\u00edm.<\/p>\t\t\t\t\t\t\t\t<\/div>\n\t\t\t\t<\/div>\n\t\t\t\t\t<\/div>\n\t\t<\/div>\n\t\t\t\t<div class=\"elementor-column elementor-col-50 elementor-top-column elementor-element elementor-element-becf0ce\" data-id=\"becf0ce\" data-element_type=\"column\">\n\t\t\t<div class=\"elementor-widget-wrap elementor-element-populated\">\n\t\t\t\t\t\t<div class=\"elementor-element elementor-element-d24435e elementor-widget elementor-widget-image\" data-id=\"d24435e\" data-element_type=\"widget\" data-widget_type=\"image.default\">\n\t\t\t\t<div class=\"elementor-widget-container\">\n\t\t\t\t\t\t\t\t\t\t\t\t\t\t\t<img decoding=\"async\" width=\"150\" height=\"150\" src=\"https:\/\/poradenstvikhk.cz\/akce\/wp-content\/uploads\/2024\/03\/Novotny-150x150.jpg\" class=\"attachment-thumbnail size-thumbnail wp-image-1947\" alt=\"\" \/>\t\t\t\t\t\t\t\t\t\t\t\t\t\t\t<\/div>\n\t\t\t\t<\/div>\n\t\t\t\t\t<\/div>\n\t\t<\/div>\n\t\t\t\t\t<\/div>\n\t\t<\/section>\n\t\t\t\t<section class=\"elementor-section elementor-top-section elementor-element elementor-element-139ba1a elementor-section-boxed elementor-section-height-default elementor-section-height-default\" data-id=\"139ba1a\" data-element_type=\"section\">\n\t\t\t\t\t\t<div class=\"elementor-container elementor-column-gap-default\">\n\t\t\t\t\t<div class=\"elementor-column elementor-col-100 elementor-top-column elementor-element elementor-element-e979c25\" data-id=\"e979c25\" data-element_type=\"column\">\n\t\t\t<div class=\"elementor-widget-wrap elementor-element-populated\">\n\t\t\t\t\t\t<div class=\"elementor-element elementor-element-052b38b elementor-widget elementor-widget-text-editor\" data-id=\"052b38b\" data-element_type=\"widget\" data-widget_type=\"text-editor.default\">\n\t\t\t\t<div class=\"elementor-widget-container\">\n\t\t\t\t\t\t\t\t\t<p><em>Narozen 7. b\u0159ezna 1951 v Olomouci. Od roku 1993 zah\u00e1jil priv\u00e1tn\u00ed psychiatrickou praxi, kter\u00e1 funguje pod n\u00e1zvem Centrum du\u0161evn\u00edho zdrav\u00ed Jesen\u00edk + \u0160umperk. V letech 1995 a\u017e 2000 p\u016fsobil soub\u011b\u017en\u011b jako man\u017eelsk\u00fd terapeut v rodinn\u00e9 poradn\u011b Jesen\u00edk, kterou tak\u00e9 zalo\u017eil. V priv\u00e1tn\u00ed praxi sdru\u017euje a zam\u011bstn\u00e1v\u00e1 4 psychiatry, 6 psycholog\u016f, jednoho speci\u00e1ln\u00edho pedagoga 3 SZP a jednu EEG laborantku mimo to zalo\u017eil a pracoval 8 let jako v\u00fdkonn\u00fd p\u0159edseda ob\u010dansk\u00e9ho sdru\u017een\u00ed \u201eZahrada 2000\u201c, kter\u00e9 se v\u011bnuje sociorehabilitaci du\u0161evn\u00edch poruch formou denn\u00edho sanatoria. Odborn\u011b garantoval 2 psychiatry k atestaci z pedopsychiatrie. Vychoval 3 psychiatry k atestaci II. stupn\u011b a k atestaci ze systematick\u00e9 psychoterapie. Jeho pracovi\u0161t\u011b je akreditovan\u00e9 \u0161kol\u00edc\u00ed pracovi\u0161t\u011b IPVZ pro psychiatrii a pro psychologii k postgradu\u00e1ln\u00edmu atesta\u010dn\u00edmu vzd\u011bl\u00e1v\u00e1n\u00ed. V r\u00e1mci Institutu kognitivn\u011b behavior\u00e1ln\u00ed terapie (IKBT) se jako vyu\u010duj\u00edc\u00ed a supervizor pod\u00edl\u00ed na v\u00fdcviku KBT terapeut\u016f. Dlouhodob\u011b se v\u011bnuje publika\u010dn\u00ed \u010dinnosti \u2013 \u0161\u00e9fredaktor internetov\u00e9ho \u010dasopisu Cognitive Remediation Journal, aktivn\u011b se \u00fa\u010dastn\u00ed odborn\u00fdch konferenc\u00ed.<\/em><\/p>\t\t\t\t\t\t\t\t<\/div>\n\t\t\t\t<\/div>\n\t\t\t\t<div class=\"elementor-element elementor-element-f8d43db elementor-widget elementor-widget-spacer\" data-id=\"f8d43db\" data-element_type=\"widget\" data-widget_type=\"spacer.default\">\n\t\t\t\t<div class=\"elementor-widget-container\">\n\t\t\t\t\t\t\t<div class=\"elementor-spacer\">\n\t\t\t<div class=\"elementor-spacer-inner\"><\/div>\n\t\t<\/div>\n\t\t\t\t\t\t<\/div>\n\t\t\t\t<\/div>\n\t\t\t\t\t<\/div>\n\t\t<\/div>\n\t\t\t\t\t<\/div>\n\t\t<\/section>\n\t\t\t\t<\/div>\n\t\t","protected":false},"excerpt":{"rendered":"<p>MUDr. Miroslav Novotn\u00fd Workshop: ADHD &#8211; komplexn\u00ed p\u0159\u00edstup P\u0159\u00edsp\u011bvek je zam\u011b\u0159en na problematiku sy ADHD v kontextu aktu\u00e1ln\u00edch poznatk\u016f. Budeme se v\u011bnovat diagnostice ADHD a terapeutick\u00fdm strategi\u00edm. Narozen 7. b\u0159ezna 1951 v Olomouci. Od roku 1993 zah\u00e1jil priv\u00e1tn\u00ed psychiatrickou praxi, kter\u00e1 funguje pod n\u00e1zvem Centrum du\u0161evn\u00edho zdrav\u00ed Jesen\u00edk + \u0160umperk. V letech 1995 a\u017e 2000 [&hellip;]<\/p>\n","protected":false},"author":2,"featured_media":0,"parent":0,"menu_order":0,"comment_status":"closed","ping_status":"closed","template":"","meta":{"site-sidebar-layout":"no-sidebar","site-content-layout":"page-builder","ast-site-content-layout":"full-width-container","site-content-style":"default","site-sidebar-style":"default","ast-global-header-display":"","ast-banner-title-visibility":"","ast-main-header-display":"","ast-hfb-above-header-display":"","ast-hfb-below-header-display":"","ast-hfb-mobile-header-display":"","site-post-title":"disabled","ast-breadcrumbs-content":"","ast-featured-img":"disabled","footer-sml-layout":"","theme-transparent-header-meta":"","adv-header-id-meta":"","stick-header-meta":"","header-above-stick-meta":"","header-main-stick-meta":"","header-below-stick-meta":"","astra-migrate-meta-layouts":"set","ast-page-background-enabled":"default","ast-page-background-meta":{"desktop":{"background-color":"","background-image":"","background-repeat":"repeat","background-position":"center center","background-size":"auto","background-attachment":"scroll","background-type":"","background-media":"","overlay-type":"","overlay-color":"","overlay-opacity":"","overlay-gradient":""},"tablet":{"background-color":"","background-image":"","background-repeat":"repeat","background-position":"center center","background-size":"auto","background-attachment":"scroll","background-type":"","background-media":"","overlay-type":"","overlay-color":"","overlay-opacity":"","overlay-gradient":""},"mobile":{"background-color":"","background-image":"","background-repeat":"repeat","background-position":"center center","background-size":"auto","background-attachment":"scroll","background-type":"","background-media":"","overlay-type":"","overlay-color":"","overlay-opacity":"","overlay-gradient":""}},"ast-content-background-meta":{"desktop":{"background-color":"var(--ast-global-color-5)","background-image":"","background-repeat":"repeat","background-position":"center center","background-size":"auto","background-attachment":"scroll","background-type":"","background-media":"","overlay-type":"","overlay-color":"","overlay-opacity":"","overlay-gradient":""},"tablet":{"background-color":"var(--ast-global-color-5)","background-image":"","background-repeat":"repeat","background-position":"center center","background-size":"auto","background-attachment":"scroll","background-type":"","background-media":"","overlay-type":"","overlay-color":"","overlay-opacity":"","overlay-gradient":""},"mobile":{"background-color":"var(--ast-global-color-5)","background-image":"","background-repeat":"repeat","background-position":"center center","background-size":"auto","background-attachment":"scroll","background-type":"","background-media":"","overlay-type":"","overlay-color":"","overlay-opacity":"","overlay-gradient":""}},"footnotes":""},"class_list":["post-1945","page","type-page","status-publish","hentry"],"_links":{"self":[{"href":"https:\/\/poradenstvikhk.cz\/akce\/wp-json\/wp\/v2\/pages\/1945","targetHints":{"allow":["GET"]}}],"collection":[{"href":"https:\/\/poradenstvikhk.cz\/akce\/wp-json\/wp\/v2\/pages"}],"about":[{"href":"https:\/\/poradenstvikhk.cz\/akce\/wp-json\/wp\/v2\/types\/page"}],"author":[{"embeddable":true,"href":"https:\/\/poradenstvikhk.cz\/akce\/wp-json\/wp\/v2\/users\/2"}],"replies":[{"embeddable":true,"href":"https:\/\/poradenstvikhk.cz\/akce\/wp-json\/wp\/v2\/comments?post=1945"}],"version-history":[{"count":11,"href":"https:\/\/poradenstvikhk.cz\/akce\/wp-json\/wp\/v2\/pages\/1945\/revisions"}],"predecessor-version":[{"id":2236,"href":"https:\/\/poradenstvikhk.cz\/akce\/wp-json\/wp\/v2\/pages\/1945\/revisions\/2236"}],"wp:attachment":[{"href":"https:\/\/poradenstvikhk.cz\/akce\/wp-json\/wp\/v2\/media?parent=1945"}],"curies":[{"name":"wp","href":"https:\/\/api.w.org\/{rel}","templated":true}]}}