{"id":1903,"date":"2024-03-07T13:24:50","date_gmt":"2024-03-07T12:24:50","guid":{"rendered":"https:\/\/poradenstvikhk.cz\/akce\/?page_id=1903"},"modified":"2024-03-07T16:48:37","modified_gmt":"2024-03-07T15:48:37","slug":"kopista2024","status":"publish","type":"page","link":"https:\/\/poradenstvikhk.cz\/akce\/kopista2024\/","title":{"rendered":"Kopista 2024"},"content":{"rendered":"\t\t<div data-elementor-type=\"wp-page\" data-elementor-id=\"1903\" class=\"elementor elementor-1903\">\n\t\t\t\t\t\t<section class=\"elementor-section elementor-top-section elementor-element elementor-element-1f36460 elementor-section-boxed elementor-section-height-default elementor-section-height-default\" data-id=\"1f36460\" data-element_type=\"section\">\n\t\t\t\t\t\t<div class=\"elementor-container elementor-column-gap-default\">\n\t\t\t\t\t<div class=\"elementor-column elementor-col-100 elementor-top-column elementor-element elementor-element-0d7e779\" data-id=\"0d7e779\" data-element_type=\"column\">\n\t\t\t<div class=\"elementor-widget-wrap elementor-element-populated\">\n\t\t\t\t\t\t<div class=\"elementor-element elementor-element-3f661e4 elementor-widget elementor-widget-spacer\" data-id=\"3f661e4\" data-element_type=\"widget\" data-widget_type=\"spacer.default\">\n\t\t\t\t<div class=\"elementor-widget-container\">\n\t\t\t\t\t\t\t<div class=\"elementor-spacer\">\n\t\t\t<div class=\"elementor-spacer-inner\"><\/div>\n\t\t<\/div>\n\t\t\t\t\t\t<\/div>\n\t\t\t\t<\/div>\n\t\t\t\t<div class=\"elementor-element elementor-element-6c014ad elementor-widget elementor-widget-heading\" data-id=\"6c014ad\" data-element_type=\"widget\" data-widget_type=\"heading.default\">\n\t\t\t\t<div class=\"elementor-widget-container\">\n\t\t\t\t\t<h2 class=\"elementor-heading-title elementor-size-default\">MUDr. Petr Kopista<\/h2>\t\t\t\t<\/div>\n\t\t\t\t<\/div>\n\t\t\t\t\t<\/div>\n\t\t<\/div>\n\t\t\t\t\t<\/div>\n\t\t<\/section>\n\t\t\t\t<section class=\"elementor-section elementor-top-section elementor-element elementor-element-8255f7c elementor-section-boxed elementor-section-height-default elementor-section-height-default\" data-id=\"8255f7c\" data-element_type=\"section\">\n\t\t\t\t\t\t<div class=\"elementor-container elementor-column-gap-default\">\n\t\t\t\t\t<div class=\"elementor-column elementor-col-50 elementor-top-column elementor-element elementor-element-695490f\" data-id=\"695490f\" data-element_type=\"column\">\n\t\t\t<div class=\"elementor-widget-wrap elementor-element-populated\">\n\t\t\t\t\t\t<div class=\"elementor-element elementor-element-f6aec39 elementor-widget elementor-widget-text-editor\" data-id=\"f6aec39\" data-element_type=\"widget\" data-widget_type=\"text-editor.default\">\n\t\t\t\t<div class=\"elementor-widget-container\">\n\t\t\t\t\t\t\t\t\t<h5 style=\"text-align: left;\">P\u0159\u00edsp\u011bvek: <strong>\u00dazkostn\u00e9 stavy a my\u0161lenky<\/strong><\/h5>\t\t\t\t\t\t\t\t<\/div>\n\t\t\t\t<\/div>\n\t\t\t\t<div class=\"elementor-element elementor-element-6005651 elementor-widget__width-initial elementor-widget elementor-widget-text-editor\" data-id=\"6005651\" data-element_type=\"widget\" data-widget_type=\"text-editor.default\">\n\t\t\t\t<div class=\"elementor-widget-container\">\n\t\t\t\t\t\t\t\t\t<p>V p\u0159\u00edsp\u011bvku se dotkneme t\u00e9mat Fungov\u00e1n\u00ed \u00fazkosti \u2013 edukace jako z\u00e1klad pro dal\u0161\u00ed \u0159e\u0161en\u00ed. KBT a \u00fazkostn\u00e9 stavy. Pr\u00e1ce s\u00a0my\u0161lenkami \u2013 re\u00e1ln\u00e9 mo\u017enosti a c\u00edle. Konkr\u00e9tn\u00ed typy \u00fazkostn\u00fdch poruch. Prvn\u00ed pomoc p\u0159i panick\u00fdch stavech. Farmakoterapie \u00fazkostn\u00fdch stav\u016f. P\u0159edstaven\u00ed knihy Stra\u0161\u00e1k v\u00a0hlav\u011b.<\/p>\t\t\t\t\t\t\t\t<\/div>\n\t\t\t\t<\/div>\n\t\t\t\t\t<\/div>\n\t\t<\/div>\n\t\t\t\t<div class=\"elementor-column elementor-col-50 elementor-top-column elementor-element elementor-element-40cd256\" data-id=\"40cd256\" data-element_type=\"column\">\n\t\t\t<div class=\"elementor-widget-wrap elementor-element-populated\">\n\t\t\t\t\t\t<div class=\"elementor-element elementor-element-c074717 elementor-widget elementor-widget-spacer\" data-id=\"c074717\" data-element_type=\"widget\" data-widget_type=\"spacer.default\">\n\t\t\t\t<div class=\"elementor-widget-container\">\n\t\t\t\t\t\t\t<div class=\"elementor-spacer\">\n\t\t\t<div class=\"elementor-spacer-inner\"><\/div>\n\t\t<\/div>\n\t\t\t\t\t\t<\/div>\n\t\t\t\t<\/div>\n\t\t\t\t<div class=\"elementor-element elementor-element-bb83c1c elementor-widget elementor-widget-image\" data-id=\"bb83c1c\" data-element_type=\"widget\" data-widget_type=\"image.default\">\n\t\t\t\t<div class=\"elementor-widget-container\">\n\t\t\t\t\t\t\t\t\t\t\t\t\t\t\t<img decoding=\"async\" width=\"150\" height=\"150\" src=\"https:\/\/poradenstvikhk.cz\/akce\/wp-content\/uploads\/2024\/03\/ff-150x150.jpg\" class=\"attachment-thumbnail size-thumbnail wp-image-1917\" alt=\"\" \/>\t\t\t\t\t\t\t\t\t\t\t\t\t\t\t<\/div>\n\t\t\t\t<\/div>\n\t\t\t\t\t<\/div>\n\t\t<\/div>\n\t\t\t\t\t<\/div>\n\t\t<\/section>\n\t\t\t\t<section class=\"elementor-section elementor-top-section elementor-element elementor-element-fed635a elementor-section-boxed elementor-section-height-default elementor-section-height-default\" data-id=\"fed635a\" data-element_type=\"section\">\n\t\t\t\t\t\t<div class=\"elementor-container elementor-column-gap-default\">\n\t\t\t\t\t<div class=\"elementor-column elementor-col-100 elementor-top-column elementor-element elementor-element-ed2d9ce\" data-id=\"ed2d9ce\" data-element_type=\"column\">\n\t\t\t<div class=\"elementor-widget-wrap elementor-element-populated\">\n\t\t\t\t\t\t<div class=\"elementor-element elementor-element-9b62070 elementor-widget elementor-widget-text-editor\" data-id=\"9b62070\" data-element_type=\"widget\" data-widget_type=\"text-editor.default\">\n\t\t\t\t<div class=\"elementor-widget-container\">\n\t\t\t\t\t\t\t\t\t<p><em> MUDr. Petr Kopista je psychiatr, psychoterapeut. V roce 1998 ukon\u010dil v\u00fdcvik v Kognitivn\u011b behavior\u00e1ln\u00ed terapii a z\u00edskal psychoterapeutickou licenci. Po promoci do roku 2000 pracoval jako sekund\u00e1rn\u00ed l\u00e9ka\u0159 na psychiatrick\u00e9m odd\u011blen\u00ed v n\u00e1chodsk\u00e9 nemocnici. Pot\u00e9 se za\u010dal v\u011bnovat sv\u00e9 terapeutick\u00e9 praxi. Postupn\u011b se specializoval na terapii \u00fazkostn\u00fdch stav\u016f. V roce 2023 vydal popul\u00e1rn\u011b nau\u010dnou knihu Stra\u0161\u00e1k v hlav\u011b, jak se zbavit \u00fazkosti a pracovat s my\u0161lenkami. Pracuje s dosp\u011bl\u00fdmi a dosp\u00edvaj\u00edc\u00edmi klienty (cca od 15 let).<\/em><\/p>\t\t\t\t\t\t\t\t<\/div>\n\t\t\t\t<\/div>\n\t\t\t\t<div class=\"elementor-element elementor-element-f936a6b elementor-widget elementor-widget-spacer\" data-id=\"f936a6b\" data-element_type=\"widget\" data-widget_type=\"spacer.default\">\n\t\t\t\t<div class=\"elementor-widget-container\">\n\t\t\t\t\t\t\t<div class=\"elementor-spacer\">\n\t\t\t<div class=\"elementor-spacer-inner\"><\/div>\n\t\t<\/div>\n\t\t\t\t\t\t<\/div>\n\t\t\t\t<\/div>\n\t\t\t\t\t<\/div>\n\t\t<\/div>\n\t\t\t\t\t<\/div>\n\t\t<\/section>\n\t\t\t\t<\/div>\n\t\t","protected":false},"excerpt":{"rendered":"<p>MUDr. Petr Kopista P\u0159\u00edsp\u011bvek: \u00dazkostn\u00e9 stavy a my\u0161lenky V p\u0159\u00edsp\u011bvku se dotkneme t\u00e9mat Fungov\u00e1n\u00ed \u00fazkosti \u2013 edukace jako z\u00e1klad pro dal\u0161\u00ed \u0159e\u0161en\u00ed. KBT a \u00fazkostn\u00e9 stavy. Pr\u00e1ce s\u00a0my\u0161lenkami \u2013 re\u00e1ln\u00e9 mo\u017enosti a c\u00edle. Konkr\u00e9tn\u00ed typy \u00fazkostn\u00fdch poruch. Prvn\u00ed pomoc p\u0159i panick\u00fdch stavech. Farmakoterapie \u00fazkostn\u00fdch stav\u016f. P\u0159edstaven\u00ed knihy Stra\u0161\u00e1k v\u00a0hlav\u011b. MUDr. Petr Kopista je psychiatr, psychoterapeut. [&hellip;]<\/p>\n","protected":false},"author":2,"featured_media":0,"parent":0,"menu_order":0,"comment_status":"closed","ping_status":"closed","template":"","meta":{"site-sidebar-layout":"no-sidebar","site-content-layout":"page-builder","ast-site-content-layout":"full-width-container","site-content-style":"default","site-sidebar-style":"default","ast-global-header-display":"","ast-banner-title-visibility":"","ast-main-header-display":"","ast-hfb-above-header-display":"","ast-hfb-below-header-display":"","ast-hfb-mobile-header-display":"","site-post-title":"disabled","ast-breadcrumbs-content":"","ast-featured-img":"disabled","footer-sml-layout":"","theme-transparent-header-meta":"","adv-header-id-meta":"","stick-header-meta":"","header-above-stick-meta":"","header-main-stick-meta":"","header-below-stick-meta":"","astra-migrate-meta-layouts":"set","ast-page-background-enabled":"default","ast-page-background-meta":{"desktop":{"background-color":"","background-image":"","background-repeat":"repeat","background-position":"center center","background-size":"auto","background-attachment":"scroll","background-type":"","background-media":"","overlay-type":"","overlay-color":"","overlay-opacity":"","overlay-gradient":""},"tablet":{"background-color":"","background-image":"","background-repeat":"repeat","background-position":"center center","background-size":"auto","background-attachment":"scroll","background-type":"","background-media":"","overlay-type":"","overlay-color":"","overlay-opacity":"","overlay-gradient":""},"mobile":{"background-color":"","background-image":"","background-repeat":"repeat","background-position":"center center","background-size":"auto","background-attachment":"scroll","background-type":"","background-media":"","overlay-type":"","overlay-color":"","overlay-opacity":"","overlay-gradient":""}},"ast-content-background-meta":{"desktop":{"background-color":"var(--ast-global-color-5)","background-image":"","background-repeat":"repeat","background-position":"center center","background-size":"auto","background-attachment":"scroll","background-type":"","background-media":"","overlay-type":"","overlay-color":"","overlay-opacity":"","overlay-gradient":""},"tablet":{"background-color":"var(--ast-global-color-5)","background-image":"","background-repeat":"repeat","background-position":"center center","background-size":"auto","background-attachment":"scroll","background-type":"","background-media":"","overlay-type":"","overlay-color":"","overlay-opacity":"","overlay-gradient":""},"mobile":{"background-color":"var(--ast-global-color-5)","background-image":"","background-repeat":"repeat","background-position":"center center","background-size":"auto","background-attachment":"scroll","background-type":"","background-media":"","overlay-type":"","overlay-color":"","overlay-opacity":"","overlay-gradient":""}},"footnotes":""},"class_list":["post-1903","page","type-page","status-publish","hentry"],"_links":{"self":[{"href":"https:\/\/poradenstvikhk.cz\/akce\/wp-json\/wp\/v2\/pages\/1903","targetHints":{"allow":["GET"]}}],"collection":[{"href":"https:\/\/poradenstvikhk.cz\/akce\/wp-json\/wp\/v2\/pages"}],"about":[{"href":"https:\/\/poradenstvikhk.cz\/akce\/wp-json\/wp\/v2\/types\/page"}],"author":[{"embeddable":true,"href":"https:\/\/poradenstvikhk.cz\/akce\/wp-json\/wp\/v2\/users\/2"}],"replies":[{"embeddable":true,"href":"https:\/\/poradenstvikhk.cz\/akce\/wp-json\/wp\/v2\/comments?post=1903"}],"version-history":[{"count":17,"href":"https:\/\/poradenstvikhk.cz\/akce\/wp-json\/wp\/v2\/pages\/1903\/revisions"}],"predecessor-version":[{"id":2096,"href":"https:\/\/poradenstvikhk.cz\/akce\/wp-json\/wp\/v2\/pages\/1903\/revisions\/2096"}],"wp:attachment":[{"href":"https:\/\/poradenstvikhk.cz\/akce\/wp-json\/wp\/v2\/media?parent=1903"}],"curies":[{"name":"wp","href":"https:\/\/api.w.org\/{rel}","templated":true}]}}