{"id":1894,"date":"2024-03-07T13:09:24","date_gmt":"2024-03-07T12:09:24","guid":{"rendered":"https:\/\/poradenstvikhk.cz\/akce\/?page_id=1894"},"modified":"2024-03-07T22:26:29","modified_gmt":"2024-03-07T21:26:29","slug":"kalisky2024prednaska","status":"publish","type":"page","link":"https:\/\/poradenstvikhk.cz\/akce\/kalisky2024prednaska\/","title":{"rendered":"Kalisk\u00fd 2024"},"content":{"rendered":"\t\t<div data-elementor-type=\"wp-page\" data-elementor-id=\"1894\" class=\"elementor elementor-1894\">\n\t\t\t\t\t\t<section class=\"elementor-section elementor-top-section elementor-element elementor-element-9d0818b elementor-section-boxed elementor-section-height-default elementor-section-height-default\" data-id=\"9d0818b\" data-element_type=\"section\">\n\t\t\t\t\t\t<div class=\"elementor-container elementor-column-gap-default\">\n\t\t\t\t\t<div class=\"elementor-column elementor-col-100 elementor-top-column elementor-element elementor-element-1307186\" data-id=\"1307186\" data-element_type=\"column\">\n\t\t\t<div class=\"elementor-widget-wrap elementor-element-populated\">\n\t\t\t\t\t\t<div class=\"elementor-element elementor-element-d7e7000 elementor-widget elementor-widget-spacer\" data-id=\"d7e7000\" data-element_type=\"widget\" data-widget_type=\"spacer.default\">\n\t\t\t\t<div class=\"elementor-widget-container\">\n\t\t\t\t\t\t\t<div class=\"elementor-spacer\">\n\t\t\t<div class=\"elementor-spacer-inner\"><\/div>\n\t\t<\/div>\n\t\t\t\t\t\t<\/div>\n\t\t\t\t<\/div>\n\t\t\t\t<div class=\"elementor-element elementor-element-7ad7bde elementor-widget__width-initial elementor-widget elementor-widget-heading\" data-id=\"7ad7bde\" data-element_type=\"widget\" data-widget_type=\"heading.default\">\n\t\t\t\t<div class=\"elementor-widget-container\">\n\t\t\t\t\t<h2 class=\"elementor-heading-title elementor-size-default\">doc. Mgr. J\u00e1n Kalisk\u00fd, Ph.D.<\/h2>\t\t\t\t<\/div>\n\t\t\t\t<\/div>\n\t\t\t\t\t<\/div>\n\t\t<\/div>\n\t\t\t\t\t<\/div>\n\t\t<\/section>\n\t\t\t\t<section class=\"elementor-section elementor-top-section elementor-element elementor-element-c6b9659 elementor-section-boxed elementor-section-height-default elementor-section-height-default\" data-id=\"c6b9659\" data-element_type=\"section\">\n\t\t\t\t\t\t<div class=\"elementor-container elementor-column-gap-default\">\n\t\t\t\t\t<div class=\"elementor-column elementor-col-50 elementor-top-column elementor-element elementor-element-c337cfd\" data-id=\"c337cfd\" data-element_type=\"column\">\n\t\t\t<div class=\"elementor-widget-wrap elementor-element-populated\">\n\t\t\t\t\t\t<div class=\"elementor-element elementor-element-e68b934 elementor-widget elementor-widget-text-editor\" data-id=\"e68b934\" data-element_type=\"widget\" data-widget_type=\"text-editor.default\">\n\t\t\t\t<div class=\"elementor-widget-container\">\n\t\t\t\t\t\t\t\t\t<h5 style=\"text-align: left;\">P\u0159\u00edsp\u011bvek: <strong>Filozofovan\u00ed s\u00a0d\u011btmi a\u00a0z\u00e1\u017eitkov\u00e1 pedagogika<\/strong><\/h5>\t\t\t\t\t\t\t\t<\/div>\n\t\t\t\t<\/div>\n\t\t\t\t<div class=\"elementor-element elementor-element-047eefd elementor-widget elementor-widget-text-editor\" data-id=\"047eefd\" data-element_type=\"widget\" data-widget_type=\"text-editor.default\">\n\t\t\t\t<div class=\"elementor-widget-container\">\n\t\t\t\t\t\t\t\t\t<p><em>Absolvoval magistersk\u00e9 studium v\u00a0oboru d\u011bjiny filozofie a n\u011bmeck\u00fd jazyk na FF UFK v\u00a0Nit\u0159e. Z\u00edskal doktor\u00e1t z\u00a0d\u011bjin filozofie a\u00a0habilitoval se v\u00a0pedagogice v\u00fdzkumem ekologick\u00fdch hodnot v\u00a0kontextu kurikula etick\u00e9 v\u00fdchovy. Od roku 2005\u00a0 p\u016fsob\u00ed na Pedagogick\u00e9 fakult\u011b Univerzity Mat\u011bje Bela v\u00a0Bansk\u00e9 Bystrici.\u00a0<\/em><\/p>\t\t\t\t\t\t\t\t<\/div>\n\t\t\t\t<\/div>\n\t\t\t\t\t<\/div>\n\t\t<\/div>\n\t\t\t\t<div class=\"elementor-column elementor-col-50 elementor-top-column elementor-element elementor-element-b47db21\" data-id=\"b47db21\" data-element_type=\"column\">\n\t\t\t<div class=\"elementor-widget-wrap elementor-element-populated\">\n\t\t\t\t\t\t<div class=\"elementor-element elementor-element-c17f1ef elementor-widget elementor-widget-spacer\" data-id=\"c17f1ef\" data-element_type=\"widget\" data-widget_type=\"spacer.default\">\n\t\t\t\t<div class=\"elementor-widget-container\">\n\t\t\t\t\t\t\t<div class=\"elementor-spacer\">\n\t\t\t<div class=\"elementor-spacer-inner\"><\/div>\n\t\t<\/div>\n\t\t\t\t\t\t<\/div>\n\t\t\t\t<\/div>\n\t\t\t\t<div class=\"elementor-element elementor-element-91f74ab elementor-widget elementor-widget-image\" data-id=\"91f74ab\" data-element_type=\"widget\" data-widget_type=\"image.default\">\n\t\t\t\t<div class=\"elementor-widget-container\">\n\t\t\t\t\t\t\t\t\t\t\t\t\t\t\t<img decoding=\"async\" width=\"150\" height=\"150\" src=\"https:\/\/poradenstvikhk.cz\/akce\/wp-content\/uploads\/2024\/03\/Kalisky-150x150.jpg\" class=\"attachment-thumbnail size-thumbnail wp-image-1896\" alt=\"\" srcset=\"https:\/\/poradenstvikhk.cz\/akce\/wp-content\/uploads\/2024\/03\/Kalisky-150x150.jpg 150w, https:\/\/poradenstvikhk.cz\/akce\/wp-content\/uploads\/2024\/03\/Kalisky-300x300.jpg 300w, https:\/\/poradenstvikhk.cz\/akce\/wp-content\/uploads\/2024\/03\/Kalisky.jpg 370w\" sizes=\"(max-width: 150px) 100vw, 150px\" \/>\t\t\t\t\t\t\t\t\t\t\t\t\t\t\t<\/div>\n\t\t\t\t<\/div>\n\t\t\t\t\t<\/div>\n\t\t<\/div>\n\t\t\t\t\t<\/div>\n\t\t<\/section>\n\t\t\t\t<section class=\"elementor-section elementor-top-section elementor-element elementor-element-4536c85 elementor-section-boxed elementor-section-height-default elementor-section-height-default\" data-id=\"4536c85\" data-element_type=\"section\">\n\t\t\t\t\t\t<div class=\"elementor-container elementor-column-gap-default\">\n\t\t\t\t\t<div class=\"elementor-column elementor-col-100 elementor-top-column elementor-element elementor-element-7bbaa1d\" data-id=\"7bbaa1d\" data-element_type=\"column\">\n\t\t\t<div class=\"elementor-widget-wrap elementor-element-populated\">\n\t\t\t\t\t\t<div class=\"elementor-element elementor-element-9200141 elementor-widget elementor-widget-text-editor\" data-id=\"9200141\" data-element_type=\"widget\" data-widget_type=\"text-editor.default\">\n\t\t\t\t<div class=\"elementor-widget-container\">\n\t\t\t\t\t\t\t\t\t<p><em>Do roku 2021 byl garantem studijn\u00edho programu U\u010ditelstv\u00ed etick\u00e9 v\u00fdchovy a&nbsp;od roku 2023 je spolugarantem programu V\u00fdchova a&nbsp;vzd\u011bl\u00e1v\u00e1n\u00ed d\u011bt\u00ed, ml\u00e1de\u017ee a&nbsp;dosp\u011bl\u00fdch. Na fakult\u011b p\u0159edn\u00e1\u0161\u00ed etick\u00e9 a&nbsp;filozofick\u00e9 discipl\u00edny, environment\u00e1ln\u00ed v\u00fdchovu a&nbsp;z\u00e1\u017eitkovou pedagogiku. Odborn\u011b se v\u011bnuje filozofick\u00e9 a&nbsp;pedagogick\u00e9 antropologii, ekoetice a&nbsp;filozofii v\u00fdchovy. Realizoval mnoh\u00e9 v\u00fdzkumy v&nbsp;oblasti mravn\u00ed v\u00fdchovy \u017e\u00e1ka a v&nbsp;oblasti programu P4C&nbsp; &#8211; Filozofov\u00e1n\u00ed s&nbsp;d\u011btmi jako prost\u0159edek rozvoje my\u0161len\u00ed.<\/em><br><\/p>\t\t\t\t\t\t\t\t<\/div>\n\t\t\t\t<\/div>\n\t\t\t\t<div class=\"elementor-element elementor-element-cbd1f0b elementor-widget elementor-widget-text-editor\" data-id=\"cbd1f0b\" data-element_type=\"widget\" data-widget_type=\"text-editor.default\">\n\t\t\t\t<div class=\"elementor-widget-container\">\n\t\t\t\t\t\t\t\t\t<p class=\"MsoNormal\"><span lang=\"SK\">Deti maj\u00fa filozofick\u00e9 ot\u00e1zky u\u017e odmala, je na rodi\u010doch a u\u010dite\u013eoch, \u010di s\u00fa na ne citliv\u00ed a vedia ich kompetentne rozv\u00edja\u0165. Tie\u017e tvrd\u00edm, \u017ee filozofick\u00e9 prem\u00fd\u0161\u013eanie \u010dloveka men\u00ed a obohacuje. Zatia\u013e \u010do mravn\u00e1 v\u00fdchova \u017eiaka (v slovenskom kurikule) vedie k tomu, \u010do m\u00e1 \u017eiak kona\u0165, filozofick\u00e9 (kritick\u00e9, bezpredpokladov\u00e9, nedogmatick\u00e9, nestereotypn\u00e9) myslenie mu pods\u00fava ot\u00e1zku <i>Pre\u010do pr\u00e1ve takto kona\u0165?<\/i>. Hodnoty by mal \u010dlovek zvn\u00fatorni\u0165 a\u017e potom, \u010do ich kriticky analyzuje a pos\u00fadi. A to u\u010d\u00ed filozofia. My\u0161lienka filozofovania s de\u0165mi a ml\u00e1de\u017eou v \u0161kole nie je nov\u00e1. Vznikla koncom \u0161es\u0165desiatych rokov v aktivit\u00e1ch americk\u00e9ho pedag\u00f3ga Mathewa Lipmana v pedagogickom koncepte Philosophy for Children. Jeho cie\u013eom bolo vytvori\u0165 tak\u00fd koncept v\u00fdu\u010dby filozofie, ktor\u00fd by bol de\u0165om a mlad\u00fdm \u013eu\u010fom sk\u00fasenostne bl\u00edzky, a v\u010faka ktor\u00e9mu by sa mohlo cielene rozv\u00edja\u0165 nielen kritick\u00e9, ale aj tvoriv\u00e9 a spolupracuj\u00face myslenie, v procese ktor\u00e9ho cie\u013e cesty je nezn\u00e1my, av\u0161ak prostriedky procesu s\u00fa ve\u013emi dobre uchopite\u013en\u00e9. Na pedagogickom programe filozofovanie s de\u0165mi je \u00fa\u017easn\u00e9 to, \u017ee dopredu nevieme, k ak\u00e9mu v\u00fdsledku n\u00e1s spolo\u010dn\u00e9 myslenie v diskusnej skupine zavedie, ani ako dlho n\u00e1m to bude trva\u0165 a \u010di v\u00f4bec k v\u00fdsledku pr\u00eddeme, av\u0161ak samotn\u00fd proces je heuristick\u00fd, m\u00e1 svoju \u0161trukt\u00faru, vy\u017eaduje kognit\u00edvne a soci\u00e1lne zru\u010dnosti a tie s\u00fa ve\u013emi dobre pozorovate\u013en\u00e9 a rozv\u00edjate\u013en\u00e9.<\/span><\/p>\t\t\t\t\t\t\t\t<\/div>\n\t\t\t\t<\/div>\n\t\t\t\t<div class=\"elementor-element elementor-element-c16533a elementor-widget elementor-widget-spacer\" data-id=\"c16533a\" data-element_type=\"widget\" data-widget_type=\"spacer.default\">\n\t\t\t\t<div class=\"elementor-widget-container\">\n\t\t\t\t\t\t\t<div class=\"elementor-spacer\">\n\t\t\t<div class=\"elementor-spacer-inner\"><\/div>\n\t\t<\/div>\n\t\t\t\t\t\t<\/div>\n\t\t\t\t<\/div>\n\t\t\t\t\t<\/div>\n\t\t<\/div>\n\t\t\t\t\t<\/div>\n\t\t<\/section>\n\t\t\t\t<\/div>\n\t\t","protected":false},"excerpt":{"rendered":"<p>doc. Mgr. J\u00e1n Kalisk\u00fd, Ph.D. P\u0159\u00edsp\u011bvek: Filozofovan\u00ed s\u00a0d\u011btmi a\u00a0z\u00e1\u017eitkov\u00e1 pedagogika Absolvoval magistersk\u00e9 studium v\u00a0oboru d\u011bjiny filozofie a n\u011bmeck\u00fd jazyk na FF UFK v\u00a0Nit\u0159e. Z\u00edskal doktor\u00e1t z\u00a0d\u011bjin filozofie a\u00a0habilitoval se v\u00a0pedagogice v\u00fdzkumem ekologick\u00fdch hodnot v\u00a0kontextu kurikula etick\u00e9 v\u00fdchovy. Od roku 2005\u00a0 p\u016fsob\u00ed na Pedagogick\u00e9 fakult\u011b Univerzity Mat\u011bje Bela v\u00a0Bansk\u00e9 Bystrici.\u00a0 Do roku 2021 byl garantem studijn\u00edho [&hellip;]<\/p>\n","protected":false},"author":2,"featured_media":0,"parent":0,"menu_order":0,"comment_status":"closed","ping_status":"closed","template":"","meta":{"site-sidebar-layout":"no-sidebar","site-content-layout":"page-builder","ast-site-content-layout":"full-width-container","site-content-style":"default","site-sidebar-style":"default","ast-global-header-display":"","ast-banner-title-visibility":"","ast-main-header-display":"","ast-hfb-above-header-display":"","ast-hfb-below-header-display":"","ast-hfb-mobile-header-display":"","site-post-title":"disabled","ast-breadcrumbs-content":"","ast-featured-img":"disabled","footer-sml-layout":"","theme-transparent-header-meta":"","adv-header-id-meta":"","stick-header-meta":"","header-above-stick-meta":"","header-main-stick-meta":"","header-below-stick-meta":"","astra-migrate-meta-layouts":"set","ast-page-background-enabled":"default","ast-page-background-meta":{"desktop":{"background-color":"","background-image":"","background-repeat":"repeat","background-position":"center center","background-size":"auto","background-attachment":"scroll","background-type":"","background-media":"","overlay-type":"","overlay-color":"","overlay-opacity":"","overlay-gradient":""},"tablet":{"background-color":"","background-image":"","background-repeat":"repeat","background-position":"center center","background-size":"auto","background-attachment":"scroll","background-type":"","background-media":"","overlay-type":"","overlay-color":"","overlay-opacity":"","overlay-gradient":""},"mobile":{"background-color":"","background-image":"","background-repeat":"repeat","background-position":"center center","background-size":"auto","background-attachment":"scroll","background-type":"","background-media":"","overlay-type":"","overlay-color":"","overlay-opacity":"","overlay-gradient":""}},"ast-content-background-meta":{"desktop":{"background-color":"var(--ast-global-color-5)","background-image":"","background-repeat":"repeat","background-position":"center center","background-size":"auto","background-attachment":"scroll","background-type":"","background-media":"","overlay-type":"","overlay-color":"","overlay-opacity":"","overlay-gradient":""},"tablet":{"background-color":"var(--ast-global-color-5)","background-image":"","background-repeat":"repeat","background-position":"center center","background-size":"auto","background-attachment":"scroll","background-type":"","background-media":"","overlay-type":"","overlay-color":"","overlay-opacity":"","overlay-gradient":""},"mobile":{"background-color":"var(--ast-global-color-5)","background-image":"","background-repeat":"repeat","background-position":"center center","background-size":"auto","background-attachment":"scroll","background-type":"","background-media":"","overlay-type":"","overlay-color":"","overlay-opacity":"","overlay-gradient":""}},"footnotes":""},"class_list":["post-1894","page","type-page","status-publish","hentry"],"_links":{"self":[{"href":"https:\/\/poradenstvikhk.cz\/akce\/wp-json\/wp\/v2\/pages\/1894","targetHints":{"allow":["GET"]}}],"collection":[{"href":"https:\/\/poradenstvikhk.cz\/akce\/wp-json\/wp\/v2\/pages"}],"about":[{"href":"https:\/\/poradenstvikhk.cz\/akce\/wp-json\/wp\/v2\/types\/page"}],"author":[{"embeddable":true,"href":"https:\/\/poradenstvikhk.cz\/akce\/wp-json\/wp\/v2\/users\/2"}],"replies":[{"embeddable":true,"href":"https:\/\/poradenstvikhk.cz\/akce\/wp-json\/wp\/v2\/comments?post=1894"}],"version-history":[{"count":17,"href":"https:\/\/poradenstvikhk.cz\/akce\/wp-json\/wp\/v2\/pages\/1894\/revisions"}],"predecessor-version":[{"id":2174,"href":"https:\/\/poradenstvikhk.cz\/akce\/wp-json\/wp\/v2\/pages\/1894\/revisions\/2174"}],"wp:attachment":[{"href":"https:\/\/poradenstvikhk.cz\/akce\/wp-json\/wp\/v2\/media?parent=1894"}],"curies":[{"name":"wp","href":"https:\/\/api.w.org\/{rel}","templated":true}]}}