{"id":1877,"date":"2024-03-07T13:03:08","date_gmt":"2024-03-07T12:03:08","guid":{"rendered":"https:\/\/poradenstvikhk.cz\/akce\/?page_id=1877"},"modified":"2024-03-07T13:07:04","modified_gmt":"2024-03-07T12:07:04","slug":"habl2024","status":"publish","type":"page","link":"https:\/\/poradenstvikhk.cz\/akce\/habl2024\/","title":{"rendered":"H\u00e1bl 2024"},"content":{"rendered":"\t\t<div data-elementor-type=\"wp-page\" data-elementor-id=\"1877\" class=\"elementor elementor-1877\">\n\t\t\t\t\t\t<section class=\"elementor-section elementor-top-section elementor-element elementor-element-5273902 elementor-section-boxed elementor-section-height-default elementor-section-height-default\" data-id=\"5273902\" data-element_type=\"section\">\n\t\t\t\t\t\t<div class=\"elementor-container elementor-column-gap-default\">\n\t\t\t\t\t<div class=\"elementor-column elementor-col-100 elementor-top-column elementor-element elementor-element-cba08fc\" data-id=\"cba08fc\" data-element_type=\"column\">\n\t\t\t<div class=\"elementor-widget-wrap elementor-element-populated\">\n\t\t\t\t\t\t<div class=\"elementor-element elementor-element-90b7cc1 elementor-widget elementor-widget-spacer\" data-id=\"90b7cc1\" data-element_type=\"widget\" data-widget_type=\"spacer.default\">\n\t\t\t\t<div class=\"elementor-widget-container\">\n\t\t\t\t\t\t\t<div class=\"elementor-spacer\">\n\t\t\t<div class=\"elementor-spacer-inner\"><\/div>\n\t\t<\/div>\n\t\t\t\t\t\t<\/div>\n\t\t\t\t<\/div>\n\t\t\t\t\t<\/div>\n\t\t<\/div>\n\t\t\t\t\t<\/div>\n\t\t<\/section>\n\t\t\t\t<section class=\"elementor-section elementor-top-section elementor-element elementor-element-34e86a5 elementor-section-boxed elementor-section-height-default elementor-section-height-default\" data-id=\"34e86a5\" data-element_type=\"section\">\n\t\t\t\t\t\t<div class=\"elementor-container elementor-column-gap-default\">\n\t\t\t\t\t<div class=\"elementor-column elementor-col-100 elementor-top-column elementor-element elementor-element-f4d1589\" data-id=\"f4d1589\" data-element_type=\"column\">\n\t\t\t<div class=\"elementor-widget-wrap elementor-element-populated\">\n\t\t\t\t\t\t<div class=\"elementor-element elementor-element-5461852 elementor-widget elementor-widget-heading\" data-id=\"5461852\" data-element_type=\"widget\" data-widget_type=\"heading.default\">\n\t\t\t\t<div class=\"elementor-widget-container\">\n\t\t\t\t\t<h2 class=\"elementor-heading-title elementor-size-default\">prof. PhDr. Jan H\u00e1bl, Ph.D.<\/h2>\t\t\t\t<\/div>\n\t\t\t\t<\/div>\n\t\t\t\t<div class=\"elementor-element elementor-element-7a0311f elementor-widget elementor-widget-text-editor\" data-id=\"7a0311f\" data-element_type=\"widget\" data-widget_type=\"text-editor.default\">\n\t\t\t\t<div class=\"elementor-widget-container\">\n\t\t\t\t\t\t\t\t\t<h5 style=\"text-align: left;\">P\u0159\u00edsp\u011bvek: <strong>Didaktick\u00e1 kr\u00e1sa Komensk\u00e9ho Labyrintu<\/strong><\/h5>\t\t\t\t\t\t\t\t<\/div>\n\t\t\t\t<\/div>\n\t\t\t\t\t<\/div>\n\t\t<\/div>\n\t\t\t\t\t<\/div>\n\t\t<\/section>\n\t\t\t\t<section class=\"elementor-section elementor-top-section elementor-element elementor-element-386ed35 elementor-section-boxed elementor-section-height-default elementor-section-height-default\" data-id=\"386ed35\" data-element_type=\"section\">\n\t\t\t\t\t\t<div class=\"elementor-container elementor-column-gap-default\">\n\t\t\t\t\t<div class=\"elementor-column elementor-col-50 elementor-top-column elementor-element elementor-element-4b1d693\" data-id=\"4b1d693\" data-element_type=\"column\">\n\t\t\t<div class=\"elementor-widget-wrap elementor-element-populated\">\n\t\t\t\t\t\t<div class=\"elementor-element elementor-element-c1a6c56 elementor-widget elementor-widget-text-editor\" data-id=\"c1a6c56\" data-element_type=\"widget\" data-widget_type=\"text-editor.default\">\n\t\t\t\t<div class=\"elementor-widget-container\">\n\t\t\t\t\t\t\t\t\t<p>Pro\u010d se dodnes Komensk\u00e9ho Labyrint sv\u011bta a r\u00e1j srdce \u010dte? Pro\u010d by se m\u011bl \u010d\u00edst? Jak\u00fd potenci\u00e1l sk\u00fdt\u00e1 alegorie z\u00a0hlediska didaktick\u00e9ho? U\u010debnice kritick\u00e9ho my\u0161len\u00ed? U\u010debnice mor\u00e1ln\u00ed odolnosti? U\u010debnice smyslu lidsk\u00e9ho \u017eivota? V\u00a0\u010dem spo\u010d\u00edv\u00e1 Labyrint? V\u00a0\u010dem r\u00e1j?<\/p><p>V\u00a0p\u0159\u00edsp\u011bvku se pokus\u00edme spole\u010dn\u011b naj\u00edt odpov\u011bdi\u2026<\/p>\t\t\t\t\t\t\t\t<\/div>\n\t\t\t\t<\/div>\n\t\t\t\t\t<\/div>\n\t\t<\/div>\n\t\t\t\t<div class=\"elementor-column elementor-col-50 elementor-top-column elementor-element elementor-element-a026b85\" data-id=\"a026b85\" data-element_type=\"column\">\n\t\t\t<div class=\"elementor-widget-wrap elementor-element-populated\">\n\t\t\t\t\t\t<div class=\"elementor-element elementor-element-fa86fb3 elementor-widget elementor-widget-image\" data-id=\"fa86fb3\" data-element_type=\"widget\" data-widget_type=\"image.default\">\n\t\t\t\t<div class=\"elementor-widget-container\">\n\t\t\t\t\t\t\t\t\t\t\t\t\t\t\t<img decoding=\"async\" width=\"150\" height=\"150\" src=\"https:\/\/poradenstvikhk.cz\/akce\/wp-content\/uploads\/2024\/03\/fv-150x150.png\" class=\"attachment-thumbnail size-thumbnail wp-image-1880\" alt=\"\" srcset=\"https:\/\/poradenstvikhk.cz\/akce\/wp-content\/uploads\/2024\/03\/fv-150x150.png 150w, https:\/\/poradenstvikhk.cz\/akce\/wp-content\/uploads\/2024\/03\/fv.png 152w\" sizes=\"(max-width: 150px) 100vw, 150px\" \/>\t\t\t\t\t\t\t\t\t\t\t\t\t\t\t<\/div>\n\t\t\t\t<\/div>\n\t\t\t\t\t<\/div>\n\t\t<\/div>\n\t\t\t\t\t<\/div>\n\t\t<\/section>\n\t\t\t\t<section class=\"elementor-section elementor-top-section elementor-element elementor-element-8f3a280 elementor-section-boxed elementor-section-height-default elementor-section-height-default\" data-id=\"8f3a280\" data-element_type=\"section\">\n\t\t\t\t\t\t<div class=\"elementor-container elementor-column-gap-default\">\n\t\t\t\t\t<div class=\"elementor-column elementor-col-100 elementor-top-column elementor-element elementor-element-ac7b0dc\" data-id=\"ac7b0dc\" data-element_type=\"column\">\n\t\t\t<div class=\"elementor-widget-wrap elementor-element-populated\">\n\t\t\t\t\t\t<div class=\"elementor-element elementor-element-5188329 elementor-widget elementor-widget-text-editor\" data-id=\"5188329\" data-element_type=\"widget\" data-widget_type=\"text-editor.default\">\n\t\t\t\t<div class=\"elementor-widget-container\">\n\t\t\t\t\t\t\t\t\t<p><em>Je man\u017eel, otec, pedagog a komeniolog. P\u0159edn\u00e1\u0161\u00ed na Univerzit\u011b Hradec Kr\u00e1lov\u00e9 na rozhran\u00ed pedagogiky, filosofie v\u00fdchovy, antropologie a etiky. Je autorem titul\u016f odborn\u00fdch i kr\u00e1sn\u00fdch, nap\u0159. Labyrint upgrade, Jinotajn\u00fd rom\u00e1n (nejen) pro d\u011bti (2015), I kdy\u017e se nikdo ned\u00edv\u00e1, fundament\u00e1ln\u00ed ot\u00e1zky etick\u00e9ho vychovatelstv\u00ed (nakl. P. Mervart 2015), Aby \u010dlov\u011bk neupadal v ne\u010dlov\u011bka (nakl. P. Mervart 2015), U\u010dit (se) p\u0159\u00edb\u011bhem. (Host 2013), On being human(e) (Wipf&amp;Stock 2017).<\/em><\/p>\t\t\t\t\t\t\t\t<\/div>\n\t\t\t\t<\/div>\n\t\t\t\t<div class=\"elementor-element elementor-element-e99f1d6 elementor-widget elementor-widget-spacer\" data-id=\"e99f1d6\" data-element_type=\"widget\" data-widget_type=\"spacer.default\">\n\t\t\t\t<div class=\"elementor-widget-container\">\n\t\t\t\t\t\t\t<div class=\"elementor-spacer\">\n\t\t\t<div class=\"elementor-spacer-inner\"><\/div>\n\t\t<\/div>\n\t\t\t\t\t\t<\/div>\n\t\t\t\t<\/div>\n\t\t\t\t\t<\/div>\n\t\t<\/div>\n\t\t\t\t\t<\/div>\n\t\t<\/section>\n\t\t\t\t<\/div>\n\t\t","protected":false},"excerpt":{"rendered":"<p>prof. PhDr. Jan H\u00e1bl, Ph.D. P\u0159\u00edsp\u011bvek: Didaktick\u00e1 kr\u00e1sa Komensk\u00e9ho Labyrintu Pro\u010d se dodnes Komensk\u00e9ho Labyrint sv\u011bta a r\u00e1j srdce \u010dte? Pro\u010d by se m\u011bl \u010d\u00edst? Jak\u00fd potenci\u00e1l sk\u00fdt\u00e1 alegorie z\u00a0hlediska didaktick\u00e9ho? U\u010debnice kritick\u00e9ho my\u0161len\u00ed? U\u010debnice mor\u00e1ln\u00ed odolnosti? U\u010debnice smyslu lidsk\u00e9ho \u017eivota? V\u00a0\u010dem spo\u010d\u00edv\u00e1 Labyrint? V\u00a0\u010dem r\u00e1j? V\u00a0p\u0159\u00edsp\u011bvku se pokus\u00edme spole\u010dn\u011b naj\u00edt odpov\u011bdi\u2026 Je man\u017eel, otec, [&hellip;]<\/p>\n","protected":false},"author":2,"featured_media":0,"parent":0,"menu_order":0,"comment_status":"closed","ping_status":"closed","template":"","meta":{"site-sidebar-layout":"no-sidebar","site-content-layout":"page-builder","ast-site-content-layout":"full-width-container","site-content-style":"default","site-sidebar-style":"default","ast-global-header-display":"","ast-banner-title-visibility":"","ast-main-header-display":"","ast-hfb-above-header-display":"","ast-hfb-below-header-display":"","ast-hfb-mobile-header-display":"","site-post-title":"disabled","ast-breadcrumbs-content":"","ast-featured-img":"disabled","footer-sml-layout":"","theme-transparent-header-meta":"","adv-header-id-meta":"","stick-header-meta":"","header-above-stick-meta":"","header-main-stick-meta":"","header-below-stick-meta":"","astra-migrate-meta-layouts":"set","ast-page-background-enabled":"default","ast-page-background-meta":{"desktop":{"background-color":"","background-image":"","background-repeat":"repeat","background-position":"center center","background-size":"auto","background-attachment":"scroll","background-type":"","background-media":"","overlay-type":"","overlay-color":"","overlay-opacity":"","overlay-gradient":""},"tablet":{"background-color":"","background-image":"","background-repeat":"repeat","background-position":"center center","background-size":"auto","background-attachment":"scroll","background-type":"","background-media":"","overlay-type":"","overlay-color":"","overlay-opacity":"","overlay-gradient":""},"mobile":{"background-color":"","background-image":"","background-repeat":"repeat","background-position":"center center","background-size":"auto","background-attachment":"scroll","background-type":"","background-media":"","overlay-type":"","overlay-color":"","overlay-opacity":"","overlay-gradient":""}},"ast-content-background-meta":{"desktop":{"background-color":"var(--ast-global-color-5)","background-image":"","background-repeat":"repeat","background-position":"center center","background-size":"auto","background-attachment":"scroll","background-type":"","background-media":"","overlay-type":"","overlay-color":"","overlay-opacity":"","overlay-gradient":""},"tablet":{"background-color":"var(--ast-global-color-5)","background-image":"","background-repeat":"repeat","background-position":"center center","background-size":"auto","background-attachment":"scroll","background-type":"","background-media":"","overlay-type":"","overlay-color":"","overlay-opacity":"","overlay-gradient":""},"mobile":{"background-color":"var(--ast-global-color-5)","background-image":"","background-repeat":"repeat","background-position":"center center","background-size":"auto","background-attachment":"scroll","background-type":"","background-media":"","overlay-type":"","overlay-color":"","overlay-opacity":"","overlay-gradient":""}},"footnotes":""},"class_list":["post-1877","page","type-page","status-publish","hentry"],"_links":{"self":[{"href":"https:\/\/poradenstvikhk.cz\/akce\/wp-json\/wp\/v2\/pages\/1877","targetHints":{"allow":["GET"]}}],"collection":[{"href":"https:\/\/poradenstvikhk.cz\/akce\/wp-json\/wp\/v2\/pages"}],"about":[{"href":"https:\/\/poradenstvikhk.cz\/akce\/wp-json\/wp\/v2\/types\/page"}],"author":[{"embeddable":true,"href":"https:\/\/poradenstvikhk.cz\/akce\/wp-json\/wp\/v2\/users\/2"}],"replies":[{"embeddable":true,"href":"https:\/\/poradenstvikhk.cz\/akce\/wp-json\/wp\/v2\/comments?post=1877"}],"version-history":[{"count":11,"href":"https:\/\/poradenstvikhk.cz\/akce\/wp-json\/wp\/v2\/pages\/1877\/revisions"}],"predecessor-version":[{"id":1893,"href":"https:\/\/poradenstvikhk.cz\/akce\/wp-json\/wp\/v2\/pages\/1877\/revisions\/1893"}],"wp:attachment":[{"href":"https:\/\/poradenstvikhk.cz\/akce\/wp-json\/wp\/v2\/media?parent=1877"}],"curies":[{"name":"wp","href":"https:\/\/api.w.org\/{rel}","templated":true}]}}