{"id":1865,"date":"2024-03-07T12:50:49","date_gmt":"2024-03-07T11:50:49","guid":{"rendered":"https:\/\/poradenstvikhk.cz\/akce\/?page_id=1865"},"modified":"2024-03-07T12:56:19","modified_gmt":"2024-03-07T11:56:19","slug":"bubenickova2024","status":"publish","type":"page","link":"https:\/\/poradenstvikhk.cz\/akce\/bubenickova2024\/","title":{"rendered":"Buben\u00ed\u010dkov\u00e1 2024"},"content":{"rendered":"\t\t<div data-elementor-type=\"wp-page\" data-elementor-id=\"1865\" class=\"elementor elementor-1865\">\n\t\t\t\t\t\t<section class=\"elementor-section elementor-top-section elementor-element elementor-element-3764f36 elementor-section-boxed elementor-section-height-default elementor-section-height-default\" data-id=\"3764f36\" data-element_type=\"section\">\n\t\t\t\t\t\t<div class=\"elementor-container elementor-column-gap-default\">\n\t\t\t\t\t<div class=\"elementor-column elementor-col-100 elementor-top-column elementor-element elementor-element-ff178db\" data-id=\"ff178db\" data-element_type=\"column\">\n\t\t\t<div class=\"elementor-widget-wrap elementor-element-populated\">\n\t\t\t\t\t\t<div class=\"elementor-element elementor-element-fc8f7ed elementor-widget elementor-widget-spacer\" data-id=\"fc8f7ed\" data-element_type=\"widget\" data-widget_type=\"spacer.default\">\n\t\t\t\t<div class=\"elementor-widget-container\">\n\t\t\t\t\t\t\t<div class=\"elementor-spacer\">\n\t\t\t<div class=\"elementor-spacer-inner\"><\/div>\n\t\t<\/div>\n\t\t\t\t\t\t<\/div>\n\t\t\t\t<\/div>\n\t\t\t\t\t<\/div>\n\t\t<\/div>\n\t\t\t\t\t<\/div>\n\t\t<\/section>\n\t\t\t\t<section class=\"elementor-section elementor-top-section elementor-element elementor-element-600ea1d elementor-section-boxed elementor-section-height-default elementor-section-height-default\" data-id=\"600ea1d\" data-element_type=\"section\">\n\t\t\t\t\t\t<div class=\"elementor-container elementor-column-gap-default\">\n\t\t\t\t\t<div class=\"elementor-column elementor-col-100 elementor-top-column elementor-element elementor-element-915bd05\" data-id=\"915bd05\" data-element_type=\"column\">\n\t\t\t<div class=\"elementor-widget-wrap elementor-element-populated\">\n\t\t\t\t\t\t<div class=\"elementor-element elementor-element-3be0199 elementor-widget elementor-widget-heading\" data-id=\"3be0199\" data-element_type=\"widget\" data-widget_type=\"heading.default\">\n\t\t\t\t<div class=\"elementor-widget-container\">\n\t\t\t\t\t<h2 class=\"elementor-heading-title elementor-size-default\">Mgr. Petra Buben\u00ed\u010dkov\u00e1, Ph.D.<\/h2>\t\t\t\t<\/div>\n\t\t\t\t<\/div>\n\t\t\t\t\t<\/div>\n\t\t<\/div>\n\t\t\t\t\t<\/div>\n\t\t<\/section>\n\t\t\t\t<section class=\"elementor-section elementor-top-section elementor-element elementor-element-7165fcb elementor-section-boxed elementor-section-height-default elementor-section-height-default\" data-id=\"7165fcb\" data-element_type=\"section\">\n\t\t\t\t\t\t<div class=\"elementor-container elementor-column-gap-default\">\n\t\t\t\t\t<div class=\"elementor-column elementor-col-100 elementor-top-column elementor-element elementor-element-cc6d790\" data-id=\"cc6d790\" data-element_type=\"column\">\n\t\t\t<div class=\"elementor-widget-wrap elementor-element-populated\">\n\t\t\t\t\t\t<div class=\"elementor-element elementor-element-36fe591 elementor-widget elementor-widget-text-editor\" data-id=\"36fe591\" data-element_type=\"widget\" data-widget_type=\"text-editor.default\">\n\t\t\t\t<div class=\"elementor-widget-container\">\n\t\t\t\t\t\t\t\t\t<h5 style=\"text-align: left;\">P\u0159\u00edsp\u011bvek: <strong>Aplikace biblioterapie v\u00a0modern\u00edch \u010d\u00edtank\u00e1ch<\/strong><\/h5>\t\t\t\t\t\t\t\t<\/div>\n\t\t\t\t<\/div>\n\t\t\t\t\t<\/div>\n\t\t<\/div>\n\t\t\t\t\t<\/div>\n\t\t<\/section>\n\t\t\t\t<section class=\"elementor-section elementor-top-section elementor-element elementor-element-b35b5bd elementor-section-boxed elementor-section-height-default elementor-section-height-default\" data-id=\"b35b5bd\" data-element_type=\"section\">\n\t\t\t\t\t\t<div class=\"elementor-container elementor-column-gap-default\">\n\t\t\t\t\t<div class=\"elementor-column elementor-col-100 elementor-top-column elementor-element elementor-element-b275421\" data-id=\"b275421\" data-element_type=\"column\">\n\t\t\t<div class=\"elementor-widget-wrap elementor-element-populated\">\n\t\t\t\t\t\t<div class=\"elementor-element elementor-element-f28720f elementor-widget elementor-widget-text-editor\" data-id=\"f28720f\" data-element_type=\"widget\" data-widget_type=\"text-editor.default\">\n\t\t\t\t<div class=\"elementor-widget-container\">\n\t\t\t\t\t\t\t\t\t<p>P\u0159edn\u00e1\u0161ka se zam\u011b\u0159\u00ed na prezentaci \u010d\u00edtanek nov\u00e9 generace, kter\u00e9 jsou navr\u017eeny tak, aby podporovaly vzd\u011bl\u00e1v\u00e1n\u00ed d\u011bt\u00ed prost\u0159ednictv\u00edm literatury s tzv. biblioterapeutick\u00fdm potenci\u00e1lem. \u010c\u00edtanky obsahuj\u00ed soubory text\u016f r\u016fzn\u00fdch \u017e\u00e1nr\u016f a t\u00e9mat, jejich\u017e v\u00fdb\u011br koresponduje s emo\u010dn\u00edm zr\u00e1n\u00edm d\u00edt\u011bte v ur\u010dit\u00e9m v\u011bku. V\u00a0p\u0159edn\u00e1\u0161ce bude pozornost p\u0159ednostn\u011b v\u011bnov\u00e1na liter\u00e1rn\u00edm text\u016fm s tematikou smrti. Sou\u010d\u00e1st\u00ed prezentace budou t\u00e9\u017e \u010dten\u00e1\u0159sk\u00e9 a vypr\u00e1v\u011bc\u00ed karty Kouzeln\u00e1 cesta, kter\u00e9 byly autorkou koncipov\u00e1ny jako n\u00e1stroj nejen pro podporu \u010dten\u00e1\u0159sk\u00fdch dovednost\u00ed, ale i pro anal\u00fdzu probl\u00e9mov\u00fdch \u017eivotn\u00edch situac\u00ed d\u011bt\u00ed, dosp\u00edvaj\u00edc\u00edch i dosp\u011bl\u00fdch.<\/p>\t\t\t\t\t\t\t\t<\/div>\n\t\t\t\t<\/div>\n\t\t\t\t<div class=\"elementor-element elementor-element-2cff929 elementor-widget elementor-widget-text-editor\" data-id=\"2cff929\" data-element_type=\"widget\" data-widget_type=\"text-editor.default\">\n\t\t\t\t<div class=\"elementor-widget-container\">\n\t\t\t\t\t\t\t\t\t<p><em>Mgr. Petra Buben\u00ed\u010dkov\u00e1, Ph.D., p\u016fsob\u00ed na Kated\u0159e \u010desk\u00e9ho jazyka a literatury Pedagogick\u00e9 fakulty Univerzity Hradec Kr\u00e1lov\u00e9. Odborn\u011b\u00a0se v\u011bnuje d\u011btsk\u00e9 literatu\u0159e, v\u00fdvojov\u00e9 biblioterapii\u00a0a didaktice literatury. Zab\u00fdv\u00e1 se t\u00e9\u017e\u00a0terapeutick\u00fdm vlivem knihy na \u010dten\u00e1\u0159e. Je autorkou unik\u00e1tn\u00edch \u010dten\u00e1\u0159sk\u00fdch karet Kouzeln\u00e1 cesta a spoluautorkou \u010d\u00edtanek a metodik pro prvn\u00ed i druh\u00fd stupe\u0148 z\u00e1kladn\u00ed \u0161koly. Jako spoluautorka se pod\u00edlela na monografi\u00edch v\u011bnovan\u00fdch \u010dten\u00e1\u0159sk\u00e9 gramotnosti: Kontexty \u010dten\u00e1\u0159stv\u00ed, Rozm\u011bry \u010dten\u00e1\u0159stv\u00ed a \u010cten\u00e1\u0159stv\u00ed v\u00a0souvislostech. Nyn\u00ed vych\u00e1z\u00ed jej\u00ed monografie Biblioterapie v\u00a0pedagogick\u00e9 a knihovnick\u00e9 praxi. \u00a0<\/em><\/p>\t\t\t\t\t\t\t\t<\/div>\n\t\t\t\t<\/div>\n\t\t\t\t\t<\/div>\n\t\t<\/div>\n\t\t\t\t\t<\/div>\n\t\t<\/section>\n\t\t\t\t<section class=\"elementor-section elementor-top-section elementor-element elementor-element-2c5fc56 elementor-section-boxed elementor-section-height-default elementor-section-height-default\" data-id=\"2c5fc56\" data-element_type=\"section\">\n\t\t\t\t\t\t<div class=\"elementor-container elementor-column-gap-default\">\n\t\t\t\t\t<div class=\"elementor-column elementor-col-100 elementor-top-column elementor-element elementor-element-82f1d30\" data-id=\"82f1d30\" data-element_type=\"column\">\n\t\t\t<div class=\"elementor-widget-wrap elementor-element-populated\">\n\t\t\t\t\t\t<div class=\"elementor-element elementor-element-24152ec elementor-widget elementor-widget-spacer\" data-id=\"24152ec\" data-element_type=\"widget\" data-widget_type=\"spacer.default\">\n\t\t\t\t<div class=\"elementor-widget-container\">\n\t\t\t\t\t\t\t<div class=\"elementor-spacer\">\n\t\t\t<div class=\"elementor-spacer-inner\"><\/div>\n\t\t<\/div>\n\t\t\t\t\t\t<\/div>\n\t\t\t\t<\/div>\n\t\t\t\t\t<\/div>\n\t\t<\/div>\n\t\t\t\t\t<\/div>\n\t\t<\/section>\n\t\t\t\t<\/div>\n\t\t","protected":false},"excerpt":{"rendered":"<p>Mgr. Petra Buben\u00ed\u010dkov\u00e1, Ph.D. P\u0159\u00edsp\u011bvek: Aplikace biblioterapie v\u00a0modern\u00edch \u010d\u00edtank\u00e1ch P\u0159edn\u00e1\u0161ka se zam\u011b\u0159\u00ed na prezentaci \u010d\u00edtanek nov\u00e9 generace, kter\u00e9 jsou navr\u017eeny tak, aby podporovaly vzd\u011bl\u00e1v\u00e1n\u00ed d\u011bt\u00ed prost\u0159ednictv\u00edm literatury s tzv. biblioterapeutick\u00fdm potenci\u00e1lem. \u010c\u00edtanky obsahuj\u00ed soubory text\u016f r\u016fzn\u00fdch \u017e\u00e1nr\u016f a t\u00e9mat, jejich\u017e v\u00fdb\u011br koresponduje s emo\u010dn\u00edm zr\u00e1n\u00edm d\u00edt\u011bte v ur\u010dit\u00e9m v\u011bku. V\u00a0p\u0159edn\u00e1\u0161ce bude pozornost p\u0159ednostn\u011b v\u011bnov\u00e1na liter\u00e1rn\u00edm [&hellip;]<\/p>\n","protected":false},"author":2,"featured_media":0,"parent":0,"menu_order":0,"comment_status":"closed","ping_status":"closed","template":"","meta":{"site-sidebar-layout":"no-sidebar","site-content-layout":"page-builder","ast-site-content-layout":"full-width-container","site-content-style":"default","site-sidebar-style":"default","ast-global-header-display":"","ast-banner-title-visibility":"","ast-main-header-display":"","ast-hfb-above-header-display":"","ast-hfb-below-header-display":"","ast-hfb-mobile-header-display":"","site-post-title":"disabled","ast-breadcrumbs-content":"","ast-featured-img":"disabled","footer-sml-layout":"","theme-transparent-header-meta":"","adv-header-id-meta":"","stick-header-meta":"","header-above-stick-meta":"","header-main-stick-meta":"","header-below-stick-meta":"","astra-migrate-meta-layouts":"set","ast-page-background-enabled":"default","ast-page-background-meta":{"desktop":{"background-color":"","background-image":"","background-repeat":"repeat","background-position":"center center","background-size":"auto","background-attachment":"scroll","background-type":"","background-media":"","overlay-type":"","overlay-color":"","overlay-opacity":"","overlay-gradient":""},"tablet":{"background-color":"","background-image":"","background-repeat":"repeat","background-position":"center center","background-size":"auto","background-attachment":"scroll","background-type":"","background-media":"","overlay-type":"","overlay-color":"","overlay-opacity":"","overlay-gradient":""},"mobile":{"background-color":"","background-image":"","background-repeat":"repeat","background-position":"center center","background-size":"auto","background-attachment":"scroll","background-type":"","background-media":"","overlay-type":"","overlay-color":"","overlay-opacity":"","overlay-gradient":""}},"ast-content-background-meta":{"desktop":{"background-color":"var(--ast-global-color-5)","background-image":"","background-repeat":"repeat","background-position":"center center","background-size":"auto","background-attachment":"scroll","background-type":"","background-media":"","overlay-type":"","overlay-color":"","overlay-opacity":"","overlay-gradient":""},"tablet":{"background-color":"var(--ast-global-color-5)","background-image":"","background-repeat":"repeat","background-position":"center center","background-size":"auto","background-attachment":"scroll","background-type":"","background-media":"","overlay-type":"","overlay-color":"","overlay-opacity":"","overlay-gradient":""},"mobile":{"background-color":"var(--ast-global-color-5)","background-image":"","background-repeat":"repeat","background-position":"center center","background-size":"auto","background-attachment":"scroll","background-type":"","background-media":"","overlay-type":"","overlay-color":"","overlay-opacity":"","overlay-gradient":""}},"footnotes":""},"class_list":["post-1865","page","type-page","status-publish","hentry"],"_links":{"self":[{"href":"https:\/\/poradenstvikhk.cz\/akce\/wp-json\/wp\/v2\/pages\/1865","targetHints":{"allow":["GET"]}}],"collection":[{"href":"https:\/\/poradenstvikhk.cz\/akce\/wp-json\/wp\/v2\/pages"}],"about":[{"href":"https:\/\/poradenstvikhk.cz\/akce\/wp-json\/wp\/v2\/types\/page"}],"author":[{"embeddable":true,"href":"https:\/\/poradenstvikhk.cz\/akce\/wp-json\/wp\/v2\/users\/2"}],"replies":[{"embeddable":true,"href":"https:\/\/poradenstvikhk.cz\/akce\/wp-json\/wp\/v2\/comments?post=1865"}],"version-history":[{"count":5,"href":"https:\/\/poradenstvikhk.cz\/akce\/wp-json\/wp\/v2\/pages\/1865\/revisions"}],"predecessor-version":[{"id":1873,"href":"https:\/\/poradenstvikhk.cz\/akce\/wp-json\/wp\/v2\/pages\/1865\/revisions\/1873"}],"wp:attachment":[{"href":"https:\/\/poradenstvikhk.cz\/akce\/wp-json\/wp\/v2\/media?parent=1865"}],"curies":[{"name":"wp","href":"https:\/\/api.w.org\/{rel}","templated":true}]}}