{"id":1856,"date":"2024-03-07T12:34:45","date_gmt":"2024-03-07T11:34:45","guid":{"rendered":"https:\/\/poradenstvikhk.cz\/akce\/?page_id=1856"},"modified":"2024-03-08T00:26:21","modified_gmt":"2024-03-07T23:26:21","slug":"balharova2024","status":"publish","type":"page","link":"https:\/\/poradenstvikhk.cz\/akce\/balharova2024\/","title":{"rendered":"Balharov\u00e1 2024"},"content":{"rendered":"\t\t<div data-elementor-type=\"wp-page\" data-elementor-id=\"1856\" class=\"elementor elementor-1856\">\n\t\t\t\t\t\t<section class=\"elementor-section elementor-top-section elementor-element elementor-element-3dc7cf5 elementor-section-boxed elementor-section-height-default elementor-section-height-default\" data-id=\"3dc7cf5\" data-element_type=\"section\">\n\t\t\t\t\t\t<div class=\"elementor-container elementor-column-gap-default\">\n\t\t\t\t\t<div class=\"elementor-column elementor-col-100 elementor-top-column elementor-element elementor-element-4e42883\" data-id=\"4e42883\" data-element_type=\"column\">\n\t\t\t<div class=\"elementor-widget-wrap elementor-element-populated\">\n\t\t\t\t\t\t<div class=\"elementor-element elementor-element-6514b3a elementor-widget elementor-widget-spacer\" data-id=\"6514b3a\" data-element_type=\"widget\" data-widget_type=\"spacer.default\">\n\t\t\t\t<div class=\"elementor-widget-container\">\n\t\t\t\t\t\t\t<div class=\"elementor-spacer\">\n\t\t\t<div class=\"elementor-spacer-inner\"><\/div>\n\t\t<\/div>\n\t\t\t\t\t\t<\/div>\n\t\t\t\t<\/div>\n\t\t\t\t<div class=\"elementor-element elementor-element-d61ae94 elementor-widget elementor-widget-heading\" data-id=\"d61ae94\" data-element_type=\"widget\" data-widget_type=\"heading.default\">\n\t\t\t\t<div class=\"elementor-widget-container\">\n\t\t\t\t\t<h2 class=\"elementor-heading-title elementor-size-default\">PhDr. Kamila Balharov\u00e1<\/h2>\t\t\t\t<\/div>\n\t\t\t\t<\/div>\n\t\t\t\t\t<\/div>\n\t\t<\/div>\n\t\t\t\t\t<\/div>\n\t\t<\/section>\n\t\t\t\t<section class=\"elementor-section elementor-top-section elementor-element elementor-element-9561524 elementor-section-boxed elementor-section-height-default elementor-section-height-default\" data-id=\"9561524\" data-element_type=\"section\">\n\t\t\t\t\t\t<div class=\"elementor-container elementor-column-gap-default\">\n\t\t\t\t\t<div class=\"elementor-column elementor-col-50 elementor-top-column elementor-element elementor-element-02fd5e1\" data-id=\"02fd5e1\" data-element_type=\"column\">\n\t\t\t<div class=\"elementor-widget-wrap elementor-element-populated\">\n\t\t\t\t\t\t<div class=\"elementor-element elementor-element-5915e48 elementor-widget elementor-widget-text-editor\" data-id=\"5915e48\" data-element_type=\"widget\" data-widget_type=\"text-editor.default\">\n\t\t\t\t<div class=\"elementor-widget-container\">\n\t\t\t\t\t\t\t\t\t<h5 style=\"text-align: left;\">Workshop: <strong>Rozvoj \u010dten\u00e1\u0159sk\u00fdch dovednost\u00ed u \u017e\u00e1k\u016f I. a II. stupn\u011b z\u00e1kladn\u00ed \u0161koly<\/strong><\/h5>\t\t\t\t\t\t\t\t<\/div>\n\t\t\t\t<\/div>\n\t\t\t\t<div class=\"elementor-element elementor-element-b03c203 elementor-widget__width-initial elementor-widget elementor-widget-text-editor\" data-id=\"b03c203\" data-element_type=\"widget\" data-widget_type=\"text-editor.default\">\n\t\t\t\t<div class=\"elementor-widget-container\">\n\t\t\t\t\t\t\t\t\t<p>V\u011bnuje se speci\u00e1ln\u00ed pedagogice a v\u00fduce \u010desk\u00e9ho jazyka nejv\u00edce u \u017e\u00e1k\u016f se specifick\u00fdmi poruchami u\u010den\u00ed. M\u00e1 za sebou 37 let praxe ve \u0161kolstv\u00ed na pozic\u00edch u\u010ditelka a speci\u00e1ln\u00ed pedago\u017eka na 1. i 2. stupni z\u00e1kladn\u00ed \u0161koly. V sou\u010dasnosti vede soukromou praxi. Profesn\u011b zam\u011b\u0159en\u00e9 osobn\u00ed str\u00e1nky najdete na <a href=\"http:\/\/kamilabalharova.kaminet.cz\/\">http:\/\/kamilabalharova.kaminet.cz<\/a>.<\/p>\t\t\t\t\t\t\t\t<\/div>\n\t\t\t\t<\/div>\n\t\t\t\t\t<\/div>\n\t\t<\/div>\n\t\t\t\t<div class=\"elementor-column elementor-col-50 elementor-top-column elementor-element elementor-element-c1dd919\" data-id=\"c1dd919\" data-element_type=\"column\">\n\t\t\t<div class=\"elementor-widget-wrap elementor-element-populated\">\n\t\t\t\t\t\t<div class=\"elementor-element elementor-element-056a7b5 elementor-widget elementor-widget-image\" data-id=\"056a7b5\" data-element_type=\"widget\" data-widget_type=\"image.default\">\n\t\t\t\t<div class=\"elementor-widget-container\">\n\t\t\t\t\t\t\t\t\t\t\t\t\t\t\t<img decoding=\"async\" width=\"150\" height=\"150\" src=\"https:\/\/poradenstvikhk.cz\/akce\/wp-content\/uploads\/2024\/03\/ballharova-150x150.webp\" class=\"attachment-thumbnail size-thumbnail wp-image-1860\" alt=\"\" srcset=\"https:\/\/poradenstvikhk.cz\/akce\/wp-content\/uploads\/2024\/03\/ballharova-150x150.webp 150w, https:\/\/poradenstvikhk.cz\/akce\/wp-content\/uploads\/2024\/03\/ballharova.webp 200w\" sizes=\"(max-width: 150px) 100vw, 150px\" \/>\t\t\t\t\t\t\t\t\t\t\t\t\t\t\t<\/div>\n\t\t\t\t<\/div>\n\t\t\t\t\t<\/div>\n\t\t<\/div>\n\t\t\t\t\t<\/div>\n\t\t<\/section>\n\t\t\t\t<section class=\"elementor-section elementor-top-section elementor-element elementor-element-0eed763 elementor-section-boxed elementor-section-height-default elementor-section-height-default\" data-id=\"0eed763\" data-element_type=\"section\">\n\t\t\t\t\t\t<div class=\"elementor-container elementor-column-gap-default\">\n\t\t\t\t\t<div class=\"elementor-column elementor-col-100 elementor-top-column elementor-element elementor-element-2293166\" data-id=\"2293166\" data-element_type=\"column\">\n\t\t\t<div class=\"elementor-widget-wrap elementor-element-populated\">\n\t\t\t\t\t\t<div class=\"elementor-element elementor-element-5c30d1d elementor-widget elementor-widget-text-editor\" data-id=\"5c30d1d\" data-element_type=\"widget\" data-widget_type=\"text-editor.default\">\n\t\t\t\t<div class=\"elementor-widget-container\">\n\t\t\t\t\t\t\t\t\t<p><em>PhDr. Kamila Balharov\u00e1 p\u00ed\u0161e knihy zam\u011b\u0159en\u00e9 na rozvoj \u010dten\u00e1\u0159sk\u00e9 gramotnosti \u017e\u00e1k\u016f s poruchami u\u010den\u00ed, lektoruje akreditovan\u00e9 semin\u00e1\u0159e. Je autorkou vzd\u011bl\u00e1vac\u00edch internetov\u00fdch str\u00e1nek v\u011bnovan\u00fdch v\u00fduce \u010desk\u00e9ho a anglick\u00e9ho jazyka p\u0159edev\u0161\u00edm pro \u017e\u00e1ky se specifick\u00fdmi poruchami u\u010den\u00ed \u2013 <a href=\"http:\/\/kaminet.cz\">http:\/\/kaminet.cz<\/a>.<\/em><\/p><p><em>Byla \u010dlenkou celoevropsk\u00e9ho v\u00fdzkumn\u00e9ho projektu Literacy, v\u00a0n\u011bm\u017e zast\u00e1vala funkci expert na adaptaci online n\u00e1stroj\u016f pro dosp\u00edvaj\u00edc\u00ed a dosp\u011bl\u00e9 s dyslexi\u00ed. Zku\u0161enosti nejen z tohoto projektu publikovala spole\u010dn\u011b s kolegy v knize Dyslexia and Accessibility in the Modern Era, vydan\u00e9 v USA v nakladatelstv\u00ed IGI Global: <a href=\"https:\/\/www.igi-global.com\/book\/dyslexia-accessibility-modern-era\/244400\">https:\/\/www.igi-global.com\/book\/dyslexia-accessibility-modern-era\/244400<\/a>. Byla \u010dlenkou odborn\u00e9 skupiny NUV pro podporu vzd\u011bl\u00e1vac\u00edho oboru \u010desk\u00fd jazyk a literatura.<\/em><\/p>\t\t\t\t\t\t\t\t<\/div>\n\t\t\t\t<\/div>\n\t\t\t\t<div class=\"elementor-element elementor-element-6c08a4d elementor-widget elementor-widget-spacer\" data-id=\"6c08a4d\" data-element_type=\"widget\" data-widget_type=\"spacer.default\">\n\t\t\t\t<div class=\"elementor-widget-container\">\n\t\t\t\t\t\t\t<div class=\"elementor-spacer\">\n\t\t\t<div class=\"elementor-spacer-inner\"><\/div>\n\t\t<\/div>\n\t\t\t\t\t\t<\/div>\n\t\t\t\t<\/div>\n\t\t\t\t\t<\/div>\n\t\t<\/div>\n\t\t\t\t\t<\/div>\n\t\t<\/section>\n\t\t\t\t<\/div>\n\t\t","protected":false},"excerpt":{"rendered":"<p>PhDr. Kamila Balharov\u00e1 Workshop: Rozvoj \u010dten\u00e1\u0159sk\u00fdch dovednost\u00ed u \u017e\u00e1k\u016f I. a II. stupn\u011b z\u00e1kladn\u00ed \u0161koly V\u011bnuje se speci\u00e1ln\u00ed pedagogice a v\u00fduce \u010desk\u00e9ho jazyka nejv\u00edce u \u017e\u00e1k\u016f se specifick\u00fdmi poruchami u\u010den\u00ed. M\u00e1 za sebou 37 let praxe ve \u0161kolstv\u00ed na pozic\u00edch u\u010ditelka a speci\u00e1ln\u00ed pedago\u017eka na 1. i 2. stupni z\u00e1kladn\u00ed \u0161koly. V sou\u010dasnosti vede soukromou [&hellip;]<\/p>\n","protected":false},"author":2,"featured_media":0,"parent":0,"menu_order":0,"comment_status":"closed","ping_status":"closed","template":"","meta":{"site-sidebar-layout":"no-sidebar","site-content-layout":"page-builder","ast-site-content-layout":"full-width-container","site-content-style":"default","site-sidebar-style":"default","ast-global-header-display":"","ast-banner-title-visibility":"","ast-main-header-display":"","ast-hfb-above-header-display":"","ast-hfb-below-header-display":"","ast-hfb-mobile-header-display":"","site-post-title":"disabled","ast-breadcrumbs-content":"","ast-featured-img":"disabled","footer-sml-layout":"","theme-transparent-header-meta":"","adv-header-id-meta":"","stick-header-meta":"","header-above-stick-meta":"","header-main-stick-meta":"","header-below-stick-meta":"","astra-migrate-meta-layouts":"set","ast-page-background-enabled":"default","ast-page-background-meta":{"desktop":{"background-color":"","background-image":"","background-repeat":"repeat","background-position":"center center","background-size":"auto","background-attachment":"scroll","background-type":"","background-media":"","overlay-type":"","overlay-color":"","overlay-opacity":"","overlay-gradient":""},"tablet":{"background-color":"","background-image":"","background-repeat":"repeat","background-position":"center center","background-size":"auto","background-attachment":"scroll","background-type":"","background-media":"","overlay-type":"","overlay-color":"","overlay-opacity":"","overlay-gradient":""},"mobile":{"background-color":"","background-image":"","background-repeat":"repeat","background-position":"center center","background-size":"auto","background-attachment":"scroll","background-type":"","background-media":"","overlay-type":"","overlay-color":"","overlay-opacity":"","overlay-gradient":""}},"ast-content-background-meta":{"desktop":{"background-color":"var(--ast-global-color-5)","background-image":"","background-repeat":"repeat","background-position":"center center","background-size":"auto","background-attachment":"scroll","background-type":"","background-media":"","overlay-type":"","overlay-color":"","overlay-opacity":"","overlay-gradient":""},"tablet":{"background-color":"var(--ast-global-color-5)","background-image":"","background-repeat":"repeat","background-position":"center center","background-size":"auto","background-attachment":"scroll","background-type":"","background-media":"","overlay-type":"","overlay-color":"","overlay-opacity":"","overlay-gradient":""},"mobile":{"background-color":"var(--ast-global-color-5)","background-image":"","background-repeat":"repeat","background-position":"center center","background-size":"auto","background-attachment":"scroll","background-type":"","background-media":"","overlay-type":"","overlay-color":"","overlay-opacity":"","overlay-gradient":""}},"footnotes":""},"class_list":["post-1856","page","type-page","status-publish","hentry"],"_links":{"self":[{"href":"https:\/\/poradenstvikhk.cz\/akce\/wp-json\/wp\/v2\/pages\/1856","targetHints":{"allow":["GET"]}}],"collection":[{"href":"https:\/\/poradenstvikhk.cz\/akce\/wp-json\/wp\/v2\/pages"}],"about":[{"href":"https:\/\/poradenstvikhk.cz\/akce\/wp-json\/wp\/v2\/types\/page"}],"author":[{"embeddable":true,"href":"https:\/\/poradenstvikhk.cz\/akce\/wp-json\/wp\/v2\/users\/2"}],"replies":[{"embeddable":true,"href":"https:\/\/poradenstvikhk.cz\/akce\/wp-json\/wp\/v2\/comments?post=1856"}],"version-history":[{"count":21,"href":"https:\/\/poradenstvikhk.cz\/akce\/wp-json\/wp\/v2\/pages\/1856\/revisions"}],"predecessor-version":[{"id":2539,"href":"https:\/\/poradenstvikhk.cz\/akce\/wp-json\/wp\/v2\/pages\/1856\/revisions\/2539"}],"wp:attachment":[{"href":"https:\/\/poradenstvikhk.cz\/akce\/wp-json\/wp\/v2\/media?parent=1856"}],"curies":[{"name":"wp","href":"https:\/\/api.w.org\/{rel}","templated":true}]}}