{"id":1303,"date":"2023-04-10T21:53:02","date_gmt":"2023-04-10T19:53:02","guid":{"rendered":"https:\/\/poradenstvikhk.cz\/akce\/?page_id=1303"},"modified":"2024-03-07T12:14:50","modified_gmt":"2024-03-07T11:14:50","slug":"prsprd","status":"publish","type":"page","link":"https:\/\/poradenstvikhk.cz\/akce\/prsprd\/","title":{"rendered":"PRSPRD 2023"},"content":{"rendered":"\t\t<div data-elementor-type=\"wp-page\" data-elementor-id=\"1303\" class=\"elementor elementor-1303\">\n\t\t\t\t\t\t<section class=\"elementor-section elementor-top-section elementor-element elementor-element-0f4285a elementor-section-boxed elementor-section-height-default elementor-section-height-default\" data-id=\"0f4285a\" data-element_type=\"section\">\n\t\t\t\t\t\t<div class=\"elementor-container elementor-column-gap-default\">\n\t\t\t\t\t<div class=\"elementor-column elementor-col-100 elementor-top-column elementor-element elementor-element-0fc6df8\" data-id=\"0fc6df8\" data-element_type=\"column\">\n\t\t\t<div class=\"elementor-widget-wrap elementor-element-populated\">\n\t\t\t\t\t\t<div class=\"elementor-element elementor-element-2d21874 elementor-widget elementor-widget-spacer\" data-id=\"2d21874\" data-element_type=\"widget\" data-widget_type=\"spacer.default\">\n\t\t\t\t<div class=\"elementor-widget-container\">\n\t\t\t\t\t\t\t<div class=\"elementor-spacer\">\n\t\t\t<div class=\"elementor-spacer-inner\"><\/div>\n\t\t<\/div>\n\t\t\t\t\t\t<\/div>\n\t\t\t\t<\/div>\n\t\t\t\t<div class=\"elementor-element elementor-element-a77d5c2 elementor-widget elementor-widget-heading\" data-id=\"a77d5c2\" data-element_type=\"widget\" data-widget_type=\"heading.default\">\n\t\t\t\t<div class=\"elementor-widget-container\">\n\t\t\t\t\t<h2 class=\"elementor-heading-title elementor-size-default\">Mgr. Jana Kalvachov\u00e1, Mgr. Ivana Krabcov\u00e1, <br>Mgr. Dana K\u0159ivkov\u00e1, Mgr. Luk\u00e1\u0161 N\u00e1levka<\/h2>\t\t\t\t<\/div>\n\t\t\t\t<\/div>\n\t\t\t\t<div class=\"elementor-element elementor-element-40615c6 elementor-widget elementor-widget-text-editor\" data-id=\"40615c6\" data-element_type=\"widget\" data-widget_type=\"text-editor.default\">\n\t\t\t\t<div class=\"elementor-widget-container\">\n\t\t\t\t\t\t\t\t\t<p><strong>P\u0159\u00edsp\u011bvek:\u00a0<span style=\"text-align: center; background-color: var(--ast-global-color-4); color: var(--ast-global-color-3); font-size: 1rem;\">Podp\u016frn\u00e1 rozvojov\u00e1 skupina pro rodi\u010de a d\u011bti<\/span><\/strong><\/p>\t\t\t\t\t\t\t\t<\/div>\n\t\t\t\t<\/div>\n\t\t\t\t<div class=\"elementor-element elementor-element-bbe36bf elementor-widget elementor-widget-text-editor\" data-id=\"bbe36bf\" data-element_type=\"widget\" data-widget_type=\"text-editor.default\">\n\t\t\t\t<div class=\"elementor-widget-container\">\n\t\t\t\t\t\t\t\t\t<p>Podp\u016frn\u00e1 rozvojov\u00e1 skupina pro rodi\u010de a d\u011bti vznikla z\u00a0popudu pot\u0159eby \u0159e\u0161en\u00ed nedostatku interven\u010dn\u00ed p\u00e9\u010de o d\u011bti s\u00a0probl\u00e9mov\u00fdm chov\u00e1n\u00edm a pro\u017e\u00edv\u00e1n\u00edm jako jsou adaptace na nov\u00e9 situace a prost\u0159ed\u00ed, nejistota, strach \u010di obavy (n\u00edzk\u00e9 sebev\u011bdom\u00ed a sebehodnocen\u00ed), navazov\u00e1n\u00ed a udr\u017eov\u00e1n\u00ed vztah\u016f s\u00a0vrstevn\u00edky (nejist\u00e9, nesamostatn\u00e9, v\u00fdbu\u0161n\u00e9), vyrovn\u00e1v\u00e1n\u00ed se s\u00a0ne\u00fasp\u011bchem (obava z\u00a0chybov\u00e1n\u00ed). Pracovn\u00ed skupina ve slo\u017een\u00ed Ivana Krabcov\u00e1, Dana K\u0159ivkov\u00e1, Luk\u00e1\u0161 N\u00e1levka a Jana Kalvachov\u00e1 se sch\u00e1zela po cel\u00fd minul\u00fd \u0161koln\u00ed rok k\u00a0pravideln\u00fdm m\u011bs\u00ed\u010dn\u00edm setk\u00e1n\u00edm a postupn\u011b pracovala na jednotliv\u00fdch lekc\u00edch setk\u00e1n\u00ed.\u00a0<\/p><p>V\u00a0prvopo\u010d\u00e1tku jsme se domluvili, \u017ee chceme pracovat jak s\u00a0d\u011btmi, tak i s\u00a0jejich rodi\u010di a tento tandem je nezbytnou podm\u00ednkou \u00fa\u010dasti v\u00a0programu. Rodi\u010dovsk\u00e1 skupina byla koncipov\u00e1na jako sd\u00edlej\u00edc\u00ed, nemaj\u00edc\u00ed v\u011bt\u0161\u00ed interven\u010dn\u00ed a terapeutick\u00fd p\u0159esah. V\u00a0d\u011btsk\u00e9 skupin\u011b jsme si stanovili t\u0159i hlavn\u00ed oblasti, kter\u00fdm se budeme v\u011bnovat \u2013 emoce, komunikace a spolupr\u00e1ce. Jako \u00fast\u0159edn\u00ed motiv pr\u00e1ce byly zvoleny Ostrovy. V\u00fdb\u011br \u00fa\u010dastn\u00edk\u016f byl c\u00edlen\u00fd, rekrutoval se z\u00a0ji\u017e st\u00e1vaj\u00edc\u00edch klient\u016f PPP. V\u011bkov\u00e9 rozmez\u00ed \u00fa\u010dastn\u00edk\u016f bylo 10 -12 let. Na konci \u0161koln\u00edho roku prob\u011bhlo prvn\u00ed setk\u00e1n\u00ed s\u00a0osloven\u00fdmi rodi\u010di a byl jim podrobn\u011bji p\u0159edstaven cel\u00fd projekt.\u00a0<\/p><p>R\u00e1di bychom se s v\u00e1mi pod\u011blili o na\u0161e zku\u0161enosti z pr\u00e1ce s t\u00edmto projektem.<\/p>\t\t\t\t\t\t\t\t<\/div>\n\t\t\t\t<\/div>\n\t\t\t\t<div class=\"elementor-element elementor-element-97dc514 elementor-widget elementor-widget-spacer\" data-id=\"97dc514\" data-element_type=\"widget\" data-widget_type=\"spacer.default\">\n\t\t\t\t<div class=\"elementor-widget-container\">\n\t\t\t\t\t\t\t<div class=\"elementor-spacer\">\n\t\t\t<div class=\"elementor-spacer-inner\"><\/div>\n\t\t<\/div>\n\t\t\t\t\t\t<\/div>\n\t\t\t\t<\/div>\n\t\t\t\t\t<\/div>\n\t\t<\/div>\n\t\t\t\t\t<\/div>\n\t\t<\/section>\n\t\t\t\t<\/div>\n\t\t","protected":false},"excerpt":{"rendered":"<p>Mgr. Jana Kalvachov\u00e1, Mgr. Ivana Krabcov\u00e1, Mgr. Dana K\u0159ivkov\u00e1, Mgr. Luk\u00e1\u0161 N\u00e1levka P\u0159\u00edsp\u011bvek:\u00a0Podp\u016frn\u00e1 rozvojov\u00e1 skupina pro rodi\u010de a d\u011bti Podp\u016frn\u00e1 rozvojov\u00e1 skupina pro rodi\u010de a d\u011bti vznikla z\u00a0popudu pot\u0159eby \u0159e\u0161en\u00ed nedostatku interven\u010dn\u00ed p\u00e9\u010de o d\u011bti s\u00a0probl\u00e9mov\u00fdm chov\u00e1n\u00edm a pro\u017e\u00edv\u00e1n\u00edm jako jsou adaptace na nov\u00e9 situace a prost\u0159ed\u00ed, nejistota, strach \u010di obavy (n\u00edzk\u00e9 sebev\u011bdom\u00ed a sebehodnocen\u00ed), [&hellip;]<\/p>\n","protected":false},"author":2,"featured_media":0,"parent":0,"menu_order":0,"comment_status":"closed","ping_status":"closed","template":"","meta":{"site-sidebar-layout":"no-sidebar","site-content-layout":"page-builder","ast-site-content-layout":"","site-content-style":"default","site-sidebar-style":"default","ast-global-header-display":"","ast-banner-title-visibility":"","ast-main-header-display":"","ast-hfb-above-header-display":"","ast-hfb-below-header-display":"","ast-hfb-mobile-header-display":"","site-post-title":"disabled","ast-breadcrumbs-content":"","ast-featured-img":"disabled","footer-sml-layout":"","theme-transparent-header-meta":"","adv-header-id-meta":"","stick-header-meta":"","header-above-stick-meta":"","header-main-stick-meta":"","header-below-stick-meta":"","astra-migrate-meta-layouts":"default","ast-page-background-enabled":"default","ast-page-background-meta":{"desktop":{"background-color":"","background-image":"","background-repeat":"repeat","background-position":"center center","background-size":"auto","background-attachment":"scroll","background-type":"","background-media":"","overlay-type":"","overlay-color":"","overlay-opacity":"","overlay-gradient":""},"tablet":{"background-color":"","background-image":"","background-repeat":"repeat","background-position":"center center","background-size":"auto","background-attachment":"scroll","background-type":"","background-media":"","overlay-type":"","overlay-color":"","overlay-opacity":"","overlay-gradient":""},"mobile":{"background-color":"","background-image":"","background-repeat":"repeat","background-position":"center center","background-size":"auto","background-attachment":"scroll","background-type":"","background-media":"","overlay-type":"","overlay-color":"","overlay-opacity":"","overlay-gradient":""}},"ast-content-background-meta":{"desktop":{"background-color":"var(--ast-global-color-5)","background-image":"","background-repeat":"repeat","background-position":"center center","background-size":"auto","background-attachment":"scroll","background-type":"","background-media":"","overlay-type":"","overlay-color":"","overlay-opacity":"","overlay-gradient":""},"tablet":{"background-color":"var(--ast-global-color-5)","background-image":"","background-repeat":"repeat","background-position":"center center","background-size":"auto","background-attachment":"scroll","background-type":"","background-media":"","overlay-type":"","overlay-color":"","overlay-opacity":"","overlay-gradient":""},"mobile":{"background-color":"var(--ast-global-color-5)","background-image":"","background-repeat":"repeat","background-position":"center center","background-size":"auto","background-attachment":"scroll","background-type":"","background-media":"","overlay-type":"","overlay-color":"","overlay-opacity":"","overlay-gradient":""}},"footnotes":""},"class_list":["post-1303","page","type-page","status-publish","hentry"],"_links":{"self":[{"href":"https:\/\/poradenstvikhk.cz\/akce\/wp-json\/wp\/v2\/pages\/1303","targetHints":{"allow":["GET"]}}],"collection":[{"href":"https:\/\/poradenstvikhk.cz\/akce\/wp-json\/wp\/v2\/pages"}],"about":[{"href":"https:\/\/poradenstvikhk.cz\/akce\/wp-json\/wp\/v2\/types\/page"}],"author":[{"embeddable":true,"href":"https:\/\/poradenstvikhk.cz\/akce\/wp-json\/wp\/v2\/users\/2"}],"replies":[{"embeddable":true,"href":"https:\/\/poradenstvikhk.cz\/akce\/wp-json\/wp\/v2\/comments?post=1303"}],"version-history":[{"count":6,"href":"https:\/\/poradenstvikhk.cz\/akce\/wp-json\/wp\/v2\/pages\/1303\/revisions"}],"predecessor-version":[{"id":1854,"href":"https:\/\/poradenstvikhk.cz\/akce\/wp-json\/wp\/v2\/pages\/1303\/revisions\/1854"}],"wp:attachment":[{"href":"https:\/\/poradenstvikhk.cz\/akce\/wp-json\/wp\/v2\/media?parent=1303"}],"curies":[{"name":"wp","href":"https:\/\/api.w.org\/{rel}","templated":true}]}}