{"id":1176,"date":"2023-04-09T02:14:20","date_gmt":"2023-04-09T00:14:20","guid":{"rendered":"https:\/\/poradenstvikhk.cz\/akce\/?page_id=1176"},"modified":"2024-03-07T12:13:35","modified_gmt":"2024-03-07T11:13:35","slug":"drnek","status":"publish","type":"page","link":"https:\/\/poradenstvikhk.cz\/akce\/drnek\/","title":{"rendered":"Drnek 2023"},"content":{"rendered":"\t\t<div data-elementor-type=\"wp-page\" data-elementor-id=\"1176\" class=\"elementor elementor-1176\">\n\t\t\t\t\t\t<section class=\"elementor-section elementor-top-section elementor-element elementor-element-f47447d elementor-section-boxed elementor-section-height-default elementor-section-height-default\" data-id=\"f47447d\" data-element_type=\"section\">\n\t\t\t\t\t\t<div class=\"elementor-container elementor-column-gap-default\">\n\t\t\t\t\t<div class=\"elementor-column elementor-col-100 elementor-top-column elementor-element elementor-element-143ee69\" data-id=\"143ee69\" data-element_type=\"column\">\n\t\t\t<div class=\"elementor-widget-wrap elementor-element-populated\">\n\t\t\t\t\t\t<div class=\"elementor-element elementor-element-47d1e7d elementor-widget elementor-widget-spacer\" data-id=\"47d1e7d\" data-element_type=\"widget\" data-widget_type=\"spacer.default\">\n\t\t\t\t<div class=\"elementor-widget-container\">\n\t\t\t\t\t\t\t<div class=\"elementor-spacer\">\n\t\t\t<div class=\"elementor-spacer-inner\"><\/div>\n\t\t<\/div>\n\t\t\t\t\t\t<\/div>\n\t\t\t\t<\/div>\n\t\t\t\t<div class=\"elementor-element elementor-element-131e45b elementor-widget elementor-widget-heading\" data-id=\"131e45b\" data-element_type=\"widget\" data-widget_type=\"heading.default\">\n\t\t\t\t<div class=\"elementor-widget-container\">\n\t\t\t\t\t<h2 class=\"elementor-heading-title elementor-size-default\">Setk\u00e1n\u00ed s osobnost\u00ed - Jan William Drnek<\/h2>\t\t\t\t<\/div>\n\t\t\t\t<\/div>\n\t\t\t\t\t<\/div>\n\t\t<\/div>\n\t\t\t\t\t<\/div>\n\t\t<\/section>\n\t\t\t\t<section class=\"elementor-section elementor-top-section elementor-element elementor-element-3b9dad6 elementor-section-boxed elementor-section-height-default elementor-section-height-default\" data-id=\"3b9dad6\" data-element_type=\"section\">\n\t\t\t\t\t\t<div class=\"elementor-container elementor-column-gap-default\">\n\t\t\t\t\t<div class=\"elementor-column elementor-col-50 elementor-top-column elementor-element elementor-element-ea569e9\" data-id=\"ea569e9\" data-element_type=\"column\">\n\t\t\t<div class=\"elementor-widget-wrap elementor-element-populated\">\n\t\t\t\t\t\t<div class=\"elementor-element elementor-element-9b8980d elementor-widget__width-initial elementor-widget elementor-widget-text-editor\" data-id=\"9b8980d\" data-element_type=\"widget\" data-widget_type=\"text-editor.default\">\n\t\t\t\t<div class=\"elementor-widget-container\">\n\t\t\t\t\t\t\t\t\t<p>N\u00e1\u0161 leto\u0161n\u00ed host Wilda Drnek, jak je zn\u00e1m\u00fd nejen mezi bl\u00edzk\u00fdmi kamar\u00e1dy, se ji\u017e v\u00edce jak 50 let v\u011bnuje fotografii. Intenz\u00edvn\u011b se zab\u00fdval zvl\u00e1\u0161tnostmi lidsk\u00e9ho oka, vn\u00edm\u00e1n\u00ed barev a obrazu, vyvinul p\u0159\u00edstroj na sledov\u00e1n\u00ed o\u010dn\u00edch pohyb\u016f. Jako jeden z m\u00e1la fotograf\u016f zvl\u00e1d\u00e1 perfektn\u011b v\u0161echny f\u00e1ze v\u00fdroby fotografie \u2013 od teorie lidsk\u00e9 percepce, sn\u00edm\u00e1n\u00ed, digit\u00e1ln\u00ed postprodukce, p\u0159es tisk a\u017e po adjustaci. Je p\u0159edn\u00edm sv\u011btov\u00fdm odborn\u00edkem na spr\u00e1vu barev tiskov\u00fdch technologi\u00ed.<\/p><p>Ve sv\u00e9 tvorb\u011b se zam\u011b\u0159uje na n\u00e1ro\u010dn\u00e9 techniky panoramatick\u00e9 velkoform\u00e1tov\u00e9 fotografie s vysok\u00fdm rozli\u0161en\u00edm a na techniku HDR. Ve sv\u00e9m portfoliu m\u00e1 \u0159adu zda\u0159il\u00fdch v\u00fdstav s t\u00e9maty krajiny a portr\u00e9t\u016f, fotografoval interi\u00e9ry hradu Karl\u0161tejn, v\u010detn\u011b kaple sv. K\u0159\u00ed\u017ee, z\u00e1mku v \u010cesk\u00e9m Krumlov\u011b a speci\u00e1ln\u00ed technikou Pra\u017esk\u00fd Orloj. Fotografie jsou sou\u010d\u00e1st\u00ed kni\u017en\u00edch publikac\u00ed, kter\u00e9 vy\u0161ly ve t\u0159ech jazykov\u00fdch mutac\u00edch.<\/p>\t\t\t\t\t\t\t\t<\/div>\n\t\t\t\t<\/div>\n\t\t\t\t\t<\/div>\n\t\t<\/div>\n\t\t\t\t<div class=\"elementor-column elementor-col-50 elementor-top-column elementor-element elementor-element-2166f5c\" data-id=\"2166f5c\" data-element_type=\"column\">\n\t\t\t<div class=\"elementor-widget-wrap elementor-element-populated\">\n\t\t\t\t\t\t<div class=\"elementor-element elementor-element-c6078c6 elementor-widget__width-initial elementor-widget elementor-widget-image\" data-id=\"c6078c6\" data-element_type=\"widget\" data-widget_type=\"image.default\">\n\t\t\t\t<div class=\"elementor-widget-container\">\n\t\t\t\t\t\t\t\t\t\t\t\t\t\t\t<img fetchpriority=\"high\" decoding=\"async\" width=\"1024\" height=\"683\" src=\"https:\/\/poradenstvikhk.cz\/akce\/wp-content\/uploads\/2023\/03\/jwd-foceni-slovanske-epopeje-1024x683.jpg\" class=\"attachment-large size-large wp-image-898\" alt=\"\" srcset=\"https:\/\/poradenstvikhk.cz\/akce\/wp-content\/uploads\/2023\/03\/jwd-foceni-slovanske-epopeje-1024x683.jpg 1024w, https:\/\/poradenstvikhk.cz\/akce\/wp-content\/uploads\/2023\/03\/jwd-foceni-slovanske-epopeje-300x200.jpg 300w, https:\/\/poradenstvikhk.cz\/akce\/wp-content\/uploads\/2023\/03\/jwd-foceni-slovanske-epopeje-768x512.jpg 768w, https:\/\/poradenstvikhk.cz\/akce\/wp-content\/uploads\/2023\/03\/jwd-foceni-slovanske-epopeje.jpg 1500w\" sizes=\"(max-width: 1024px) 100vw, 1024px\" \/>\t\t\t\t\t\t\t\t\t\t\t\t\t\t\t<\/div>\n\t\t\t\t<\/div>\n\t\t\t\t\t<\/div>\n\t\t<\/div>\n\t\t\t\t\t<\/div>\n\t\t<\/section>\n\t\t\t\t<section class=\"elementor-section elementor-top-section elementor-element elementor-element-1666f57 elementor-section-boxed elementor-section-height-default elementor-section-height-default\" data-id=\"1666f57\" data-element_type=\"section\">\n\t\t\t\t\t\t<div class=\"elementor-container elementor-column-gap-default\">\n\t\t\t\t\t<div class=\"elementor-column elementor-col-100 elementor-top-column elementor-element elementor-element-29b2934\" data-id=\"29b2934\" data-element_type=\"column\">\n\t\t\t<div class=\"elementor-widget-wrap elementor-element-populated\">\n\t\t\t\t\t\t<div class=\"elementor-element elementor-element-4451521 elementor-widget elementor-widget-text-editor\" data-id=\"4451521\" data-element_type=\"widget\" data-widget_type=\"text-editor.default\">\n\t\t\t\t<div class=\"elementor-widget-container\">\n\t\t\t\t\t\t\t\t\t<p>V sou\u010dasn\u00e9 dob\u011b se intenzivn\u011b v\u011bnuje pr\u00e1v\u011b digitalizaci a uchov\u00e1n\u00ed um\u011bleck\u00fdch d\u011bl. Zat\u00edm nejv\u011bt\u0161\u00edm projektem byla digitalizace Slovansk\u00e9 epopeje Alfonse Muchy. Na z\u00e1klad\u011b t\u00e9to pr\u00e1ce vzniklo v roce 2019 naprosto unik\u00e1tn\u00ed d\u00edlo\u00a0<strong>\u201cepopej\u201d<\/strong>. Velkoform\u00e1tovou publikaci v limitovan\u00e9m vyd\u00e1n\u00ed vytvo\u0159il pracovn\u00ed t\u00fdm pod veden\u00edm J.W. Drnka na kl\u00ed\u010d pro vydavatelsk\u00fd d\u016fm Albatrosmedia.<\/p>\t\t\t\t\t\t\t\t<\/div>\n\t\t\t\t<\/div>\n\t\t\t\t<div class=\"elementor-element elementor-element-6edf8ba elementor-widget elementor-widget-spacer\" data-id=\"6edf8ba\" data-element_type=\"widget\" data-widget_type=\"spacer.default\">\n\t\t\t\t<div class=\"elementor-widget-container\">\n\t\t\t\t\t\t\t<div class=\"elementor-spacer\">\n\t\t\t<div class=\"elementor-spacer-inner\"><\/div>\n\t\t<\/div>\n\t\t\t\t\t\t<\/div>\n\t\t\t\t<\/div>\n\t\t\t\t\t<\/div>\n\t\t<\/div>\n\t\t\t\t\t<\/div>\n\t\t<\/section>\n\t\t\t\t<\/div>\n\t\t","protected":false},"excerpt":{"rendered":"<p>Setk\u00e1n\u00ed s osobnost\u00ed &#8211; Jan William Drnek N\u00e1\u0161 leto\u0161n\u00ed host Wilda Drnek, jak je zn\u00e1m\u00fd nejen mezi bl\u00edzk\u00fdmi kamar\u00e1dy, se ji\u017e v\u00edce jak 50 let v\u011bnuje fotografii. Intenz\u00edvn\u011b se zab\u00fdval zvl\u00e1\u0161tnostmi lidsk\u00e9ho oka, vn\u00edm\u00e1n\u00ed barev a obrazu, vyvinul p\u0159\u00edstroj na sledov\u00e1n\u00ed o\u010dn\u00edch pohyb\u016f. Jako jeden z m\u00e1la fotograf\u016f zvl\u00e1d\u00e1 perfektn\u011b v\u0161echny f\u00e1ze v\u00fdroby fotografie \u2013 [&hellip;]<\/p>\n","protected":false},"author":2,"featured_media":0,"parent":0,"menu_order":0,"comment_status":"closed","ping_status":"closed","template":"","meta":{"site-sidebar-layout":"no-sidebar","site-content-layout":"page-builder","ast-site-content-layout":"","site-content-style":"default","site-sidebar-style":"default","ast-global-header-display":"","ast-banner-title-visibility":"","ast-main-header-display":"","ast-hfb-above-header-display":"","ast-hfb-below-header-display":"","ast-hfb-mobile-header-display":"","site-post-title":"disabled","ast-breadcrumbs-content":"","ast-featured-img":"disabled","footer-sml-layout":"","theme-transparent-header-meta":"","adv-header-id-meta":"","stick-header-meta":"","header-above-stick-meta":"","header-main-stick-meta":"","header-below-stick-meta":"","astra-migrate-meta-layouts":"default","ast-page-background-enabled":"default","ast-page-background-meta":{"desktop":{"background-color":"","background-image":"","background-repeat":"repeat","background-position":"center center","background-size":"auto","background-attachment":"scroll","background-type":"","background-media":"","overlay-type":"","overlay-color":"","overlay-opacity":"","overlay-gradient":""},"tablet":{"background-color":"","background-image":"","background-repeat":"repeat","background-position":"center center","background-size":"auto","background-attachment":"scroll","background-type":"","background-media":"","overlay-type":"","overlay-color":"","overlay-opacity":"","overlay-gradient":""},"mobile":{"background-color":"","background-image":"","background-repeat":"repeat","background-position":"center center","background-size":"auto","background-attachment":"scroll","background-type":"","background-media":"","overlay-type":"","overlay-color":"","overlay-opacity":"","overlay-gradient":""}},"ast-content-background-meta":{"desktop":{"background-color":"var(--ast-global-color-5)","background-image":"","background-repeat":"repeat","background-position":"center center","background-size":"auto","background-attachment":"scroll","background-type":"","background-media":"","overlay-type":"","overlay-color":"","overlay-opacity":"","overlay-gradient":""},"tablet":{"background-color":"var(--ast-global-color-5)","background-image":"","background-repeat":"repeat","background-position":"center center","background-size":"auto","background-attachment":"scroll","background-type":"","background-media":"","overlay-type":"","overlay-color":"","overlay-opacity":"","overlay-gradient":""},"mobile":{"background-color":"var(--ast-global-color-5)","background-image":"","background-repeat":"repeat","background-position":"center center","background-size":"auto","background-attachment":"scroll","background-type":"","background-media":"","overlay-type":"","overlay-color":"","overlay-opacity":"","overlay-gradient":""}},"footnotes":""},"class_list":["post-1176","page","type-page","status-publish","hentry"],"_links":{"self":[{"href":"https:\/\/poradenstvikhk.cz\/akce\/wp-json\/wp\/v2\/pages\/1176","targetHints":{"allow":["GET"]}}],"collection":[{"href":"https:\/\/poradenstvikhk.cz\/akce\/wp-json\/wp\/v2\/pages"}],"about":[{"href":"https:\/\/poradenstvikhk.cz\/akce\/wp-json\/wp\/v2\/types\/page"}],"author":[{"embeddable":true,"href":"https:\/\/poradenstvikhk.cz\/akce\/wp-json\/wp\/v2\/users\/2"}],"replies":[{"embeddable":true,"href":"https:\/\/poradenstvikhk.cz\/akce\/wp-json\/wp\/v2\/comments?post=1176"}],"version-history":[{"count":6,"href":"https:\/\/poradenstvikhk.cz\/akce\/wp-json\/wp\/v2\/pages\/1176\/revisions"}],"predecessor-version":[{"id":1845,"href":"https:\/\/poradenstvikhk.cz\/akce\/wp-json\/wp\/v2\/pages\/1176\/revisions\/1845"}],"wp:attachment":[{"href":"https:\/\/poradenstvikhk.cz\/akce\/wp-json\/wp\/v2\/media?parent=1176"}],"curies":[{"name":"wp","href":"https:\/\/api.w.org\/{rel}","templated":true}]}}