{"id":1158,"date":"2023-04-09T02:03:27","date_gmt":"2023-04-09T00:03:27","guid":{"rendered":"https:\/\/poradenstvikhk.cz\/akce\/?page_id=1158"},"modified":"2024-03-07T12:14:20","modified_gmt":"2024-03-07T11:14:20","slug":"martinek","status":"publish","type":"page","link":"https:\/\/poradenstvikhk.cz\/akce\/martinek\/","title":{"rendered":"Martinek 2023"},"content":{"rendered":"\t\t<div data-elementor-type=\"wp-page\" data-elementor-id=\"1158\" class=\"elementor elementor-1158\">\n\t\t\t\t\t\t<section class=\"elementor-section elementor-top-section elementor-element elementor-element-e8808b9 elementor-section-boxed elementor-section-height-default elementor-section-height-default\" data-id=\"e8808b9\" data-element_type=\"section\">\n\t\t\t\t\t\t<div class=\"elementor-container elementor-column-gap-default\">\n\t\t\t\t\t<div class=\"elementor-column elementor-col-100 elementor-top-column elementor-element elementor-element-cad052b\" data-id=\"cad052b\" data-element_type=\"column\">\n\t\t\t<div class=\"elementor-widget-wrap elementor-element-populated\">\n\t\t\t\t\t\t<div class=\"elementor-element elementor-element-63b5bcb elementor-widget elementor-widget-spacer\" data-id=\"63b5bcb\" data-element_type=\"widget\" data-widget_type=\"spacer.default\">\n\t\t\t\t<div class=\"elementor-widget-container\">\n\t\t\t\t\t\t\t<div class=\"elementor-spacer\">\n\t\t\t<div class=\"elementor-spacer-inner\"><\/div>\n\t\t<\/div>\n\t\t\t\t\t\t<\/div>\n\t\t\t\t<\/div>\n\t\t\t\t<div class=\"elementor-element elementor-element-74a8376 elementor-widget elementor-widget-heading\" data-id=\"74a8376\" data-element_type=\"widget\" data-widget_type=\"heading.default\">\n\t\t\t\t<div class=\"elementor-widget-container\">\n\t\t\t\t\t<h2 class=\"elementor-heading-title elementor-size-default\">Mgr. Ing. Ladislav Martinek<\/h2>\t\t\t\t<\/div>\n\t\t\t\t<\/div>\n\t\t\t\t\t<\/div>\n\t\t<\/div>\n\t\t\t\t\t<\/div>\n\t\t<\/section>\n\t\t\t\t<section class=\"elementor-section elementor-top-section elementor-element elementor-element-24f96ee elementor-section-boxed elementor-section-height-default elementor-section-height-default\" data-id=\"24f96ee\" data-element_type=\"section\">\n\t\t\t\t\t\t<div class=\"elementor-container elementor-column-gap-default\">\n\t\t\t\t\t<div class=\"elementor-column elementor-col-50 elementor-top-column elementor-element elementor-element-d9e14b3\" data-id=\"d9e14b3\" data-element_type=\"column\">\n\t\t\t<div class=\"elementor-widget-wrap elementor-element-populated\">\n\t\t\t\t\t\t<div class=\"elementor-element elementor-element-be2d64e elementor-widget elementor-widget-text-editor\" data-id=\"be2d64e\" data-element_type=\"widget\" data-widget_type=\"text-editor.default\">\n\t\t\t\t<div class=\"elementor-widget-container\">\n\t\t\t\t\t\t\t\t\t<h5>P\u0159\u00edsp\u011bvek: <strong>T\u00fdmov\u00e1 a interdisciplin\u00e1rn\u00ed spolupr\u00e1ce je v\u00edce ne\u017e prost\u00fd sou\u010det jednotlivc\u016f<\/strong><\/h5>\t\t\t\t\t\t\t\t<\/div>\n\t\t\t\t<\/div>\n\t\t\t\t<div class=\"elementor-element elementor-element-f888dae elementor-widget elementor-widget-text-editor\" data-id=\"f888dae\" data-element_type=\"widget\" data-widget_type=\"text-editor.default\">\n\t\t\t\t<div class=\"elementor-widget-container\">\n\t\t\t\t\t\t\t\t\t<p><!-- [if !supportLists]--><span style=\"font-family: Symbol; mso-fareast-font-family: Symbol; mso-bidi-font-family: Symbol;\">\u00b7<span style=\"font-variant-numeric: normal; font-variant-east-asian: normal; font-variant-alternates: normal; font-kerning: auto; font-optical-sizing: auto; font-feature-settings: normal; font-variation-settings: normal; font-stretch: normal; font-size: 7pt; line-height: normal; font-family: 'Times New Roman';\">\u00a0\u00a0\u00a0\u00a0\u00a0\u00a0\u00a0 <\/span><\/span><!--[endif]-->Smysl a hodnota t\u00fdmov\u00e9\/interdisciplin\u00e1rn\u00ed spolupr\u00e1ce v kontextu roku 2023<\/p><p><!-- [if !supportLists]--><span style=\"font-family: Symbol; mso-fareast-font-family: Symbol; mso-bidi-font-family: Symbol;\">\u00b7<span style=\"font-variant-numeric: normal; font-variant-east-asian: normal; font-variant-alternates: normal; font-kerning: auto; font-optical-sizing: auto; font-feature-settings: normal; font-variation-settings: normal; font-stretch: normal; font-size: 7pt; line-height: normal; font-family: 'Times New Roman';\">\u00a0\u00a0\u00a0\u00a0\u00a0\u00a0\u00a0 <\/span><\/span><!--[endif]-->Kontinu\u00e1ln\u00ed vz\u00e1jemn\u00e9 obohacov\u00e1n\u00ed jako cesta ke zlep\u0161en\u00ed \u00farovn\u011b odbornosti v cel\u00e9m t\u00fdmu<\/p><p><!-- [if !supportLists]--><span style=\"font-family: Symbol; mso-fareast-font-family: Symbol; mso-bidi-font-family: Symbol;\">\u00b7<span style=\"font-variant-numeric: normal; font-variant-east-asian: normal; font-variant-alternates: normal; font-kerning: auto; font-optical-sizing: auto; font-feature-settings: normal; font-variation-settings: normal; font-stretch: normal; font-size: 7pt; line-height: normal; font-family: 'Times New Roman';\">\u00a0\u00a0\u00a0\u00a0\u00a0\u00a0\u00a0 <\/span><\/span><!--[endif]-->V\u00fdhody \u0161ir\u0161\u00edho zdroje odborn\u00fdch znalost\u00ed a zku\u0161enost\u00ed<\/p><p><!-- [if !supportLists]--><span style=\"font-family: Symbol; mso-fareast-font-family: Symbol; mso-bidi-font-family: Symbol;\">\u00b7<span style=\"font-variant-numeric: normal; font-variant-east-asian: normal; font-variant-alternates: normal; font-kerning: auto; font-optical-sizing: auto; font-feature-settings: normal; font-variation-settings: normal; font-stretch: normal; font-size: 7pt; line-height: normal; font-family: 'Times New Roman';\">\u00a0\u00a0\u00a0\u00a0\u00a0\u00a0\u00a0 <\/span><\/span><!--[endif]-->Jak spolupr\u00e1ce odborn\u00edk\u016f pom\u00e1h\u00e1 d\u011btem\/\u017e\u00e1k\u016fm\/student\u016fm dos\u00e1hnout sv\u00e9ho potenci\u00e1lu<\/p><p><!-- [if !supportLists]--><span style=\"font-family: Symbol; mso-fareast-font-family: Symbol; mso-bidi-font-family: Symbol;\">\u00b7<span style=\"font-variant-numeric: normal; font-variant-east-asian: normal; font-variant-alternates: normal; font-kerning: auto; font-optical-sizing: auto; font-feature-settings: normal; font-variation-settings: normal; font-stretch: normal; font-size: 7pt; line-height: normal; font-family: 'Times New Roman';\">\u00a0\u00a0\u00a0\u00a0\u00a0\u00a0\u00a0 <\/span><\/span><!--[endif]-->P\u0159emost\u011bn\u00ed uveden\u00fdch t\u00e9mat do re\u00e1ln\u00e9ho prost\u0159ed\u00ed na z\u00e1klad\u011b vybran\u00fdch kazuistik\u00a0<\/p>\t\t\t\t\t\t\t\t<\/div>\n\t\t\t\t<\/div>\n\t\t\t\t\t<\/div>\n\t\t<\/div>\n\t\t\t\t<div class=\"elementor-column elementor-col-50 elementor-top-column elementor-element elementor-element-39aeda1\" data-id=\"39aeda1\" data-element_type=\"column\">\n\t\t\t<div class=\"elementor-widget-wrap elementor-element-populated\">\n\t\t\t\t\t\t<div class=\"elementor-element elementor-element-f764ea9 elementor-widget__width-initial elementor-widget elementor-widget-image\" data-id=\"f764ea9\" data-element_type=\"widget\" data-widget_type=\"image.default\">\n\t\t\t\t<div class=\"elementor-widget-container\">\n\t\t\t\t\t\t\t\t\t\t\t\t\t\t\t<img decoding=\"async\" width=\"173\" height=\"264\" src=\"https:\/\/poradenstvikhk.cz\/akce\/wp-content\/uploads\/2023\/04\/Obrazek10.png\" class=\"attachment-large size-large wp-image-1160\" alt=\"\" \/>\t\t\t\t\t\t\t\t\t\t\t\t\t\t\t<\/div>\n\t\t\t\t<\/div>\n\t\t\t\t\t<\/div>\n\t\t<\/div>\n\t\t\t\t\t<\/div>\n\t\t<\/section>\n\t\t\t\t<section class=\"elementor-section elementor-top-section elementor-element elementor-element-e278a45 elementor-section-boxed elementor-section-height-default elementor-section-height-default\" data-id=\"e278a45\" data-element_type=\"section\">\n\t\t\t\t\t\t<div class=\"elementor-container elementor-column-gap-default\">\n\t\t\t\t\t<div class=\"elementor-column elementor-col-100 elementor-top-column elementor-element elementor-element-498f7aa\" data-id=\"498f7aa\" data-element_type=\"column\">\n\t\t\t<div class=\"elementor-widget-wrap elementor-element-populated\">\n\t\t\t\t\t\t<div class=\"elementor-element elementor-element-bb0ecc5 elementor-widget elementor-widget-text-editor\" data-id=\"bb0ecc5\" data-element_type=\"widget\" data-widget_type=\"text-editor.default\">\n\t\t\t\t<div class=\"elementor-widget-container\">\n\t\t\t\t\t\t\t\t\t<p><em>Ve sv\u00e9 pr\u00e1ci r\u00e1d kombinuji znalosti a zku\u0161enosti z oblasti informa\u010dn\u00edch technologi\u00ed a psychologie. Se z\u00e1jmem rozv\u00edj\u00edm vlastn\u00ed kompetence a dovednosti v psychologick\u00e9m poradenstv\u00ed a vyu\u017e\u00edv\u00e1m princip\u016f kognitivn\u011b behavior\u00e1ln\u00ed terapie. V\u00fdchodiskem pro pr\u00e1ci s klienty je efektivn\u00ed t\u00fdmov\u00e1 spolupr\u00e1ce na jejich specifick\u00fdch zak\u00e1zk\u00e1ch. Jsem \u0161\u0165astn\u00fdm otcem dvou skv\u011bl\u00fdch d\u011bt\u00ed. Ve voln\u00e9m \u010dase se r\u00e1d v\u011bnuji aktivit\u00e1m, kter\u00e9 vy\u017eaduj\u00ed odhodl\u00e1n\u00ed a vytrvalost.<\/em><\/p>\t\t\t\t\t\t\t\t<\/div>\n\t\t\t\t<\/div>\n\t\t\t\t<div class=\"elementor-element elementor-element-0a08b5f elementor-widget elementor-widget-spacer\" data-id=\"0a08b5f\" data-element_type=\"widget\" data-widget_type=\"spacer.default\">\n\t\t\t\t<div class=\"elementor-widget-container\">\n\t\t\t\t\t\t\t<div class=\"elementor-spacer\">\n\t\t\t<div class=\"elementor-spacer-inner\"><\/div>\n\t\t<\/div>\n\t\t\t\t\t\t<\/div>\n\t\t\t\t<\/div>\n\t\t\t\t\t<\/div>\n\t\t<\/div>\n\t\t\t\t\t<\/div>\n\t\t<\/section>\n\t\t\t\t<\/div>\n\t\t","protected":false},"excerpt":{"rendered":"<p>Mgr. Ing. Ladislav Martinek P\u0159\u00edsp\u011bvek: T\u00fdmov\u00e1 a interdisciplin\u00e1rn\u00ed spolupr\u00e1ce je v\u00edce ne\u017e prost\u00fd sou\u010det jednotlivc\u016f \u00b7\u00a0\u00a0\u00a0\u00a0\u00a0\u00a0\u00a0 Smysl a hodnota t\u00fdmov\u00e9\/interdisciplin\u00e1rn\u00ed spolupr\u00e1ce v kontextu roku 2023 \u00b7\u00a0\u00a0\u00a0\u00a0\u00a0\u00a0\u00a0 Kontinu\u00e1ln\u00ed vz\u00e1jemn\u00e9 obohacov\u00e1n\u00ed jako cesta ke zlep\u0161en\u00ed \u00farovn\u011b odbornosti v cel\u00e9m t\u00fdmu \u00b7\u00a0\u00a0\u00a0\u00a0\u00a0\u00a0\u00a0 V\u00fdhody \u0161ir\u0161\u00edho zdroje odborn\u00fdch znalost\u00ed a zku\u0161enost\u00ed \u00b7\u00a0\u00a0\u00a0\u00a0\u00a0\u00a0\u00a0 Jak spolupr\u00e1ce odborn\u00edk\u016f pom\u00e1h\u00e1 d\u011btem\/\u017e\u00e1k\u016fm\/student\u016fm dos\u00e1hnout sv\u00e9ho potenci\u00e1lu [&hellip;]<\/p>\n","protected":false},"author":2,"featured_media":0,"parent":0,"menu_order":0,"comment_status":"closed","ping_status":"closed","template":"","meta":{"site-sidebar-layout":"no-sidebar","site-content-layout":"page-builder","ast-site-content-layout":"","site-content-style":"default","site-sidebar-style":"default","ast-global-header-display":"","ast-banner-title-visibility":"","ast-main-header-display":"","ast-hfb-above-header-display":"","ast-hfb-below-header-display":"","ast-hfb-mobile-header-display":"","site-post-title":"disabled","ast-breadcrumbs-content":"","ast-featured-img":"disabled","footer-sml-layout":"","theme-transparent-header-meta":"","adv-header-id-meta":"","stick-header-meta":"","header-above-stick-meta":"","header-main-stick-meta":"","header-below-stick-meta":"","astra-migrate-meta-layouts":"default","ast-page-background-enabled":"default","ast-page-background-meta":{"desktop":{"background-color":"","background-image":"","background-repeat":"repeat","background-position":"center center","background-size":"auto","background-attachment":"scroll","background-type":"","background-media":"","overlay-type":"","overlay-color":"","overlay-opacity":"","overlay-gradient":""},"tablet":{"background-color":"","background-image":"","background-repeat":"repeat","background-position":"center center","background-size":"auto","background-attachment":"scroll","background-type":"","background-media":"","overlay-type":"","overlay-color":"","overlay-opacity":"","overlay-gradient":""},"mobile":{"background-color":"","background-image":"","background-repeat":"repeat","background-position":"center center","background-size":"auto","background-attachment":"scroll","background-type":"","background-media":"","overlay-type":"","overlay-color":"","overlay-opacity":"","overlay-gradient":""}},"ast-content-background-meta":{"desktop":{"background-color":"var(--ast-global-color-5)","background-image":"","background-repeat":"repeat","background-position":"center center","background-size":"auto","background-attachment":"scroll","background-type":"","background-media":"","overlay-type":"","overlay-color":"","overlay-opacity":"","overlay-gradient":""},"tablet":{"background-color":"var(--ast-global-color-5)","background-image":"","background-repeat":"repeat","background-position":"center center","background-size":"auto","background-attachment":"scroll","background-type":"","background-media":"","overlay-type":"","overlay-color":"","overlay-opacity":"","overlay-gradient":""},"mobile":{"background-color":"var(--ast-global-color-5)","background-image":"","background-repeat":"repeat","background-position":"center center","background-size":"auto","background-attachment":"scroll","background-type":"","background-media":"","overlay-type":"","overlay-color":"","overlay-opacity":"","overlay-gradient":""}},"footnotes":""},"class_list":["post-1158","page","type-page","status-publish","hentry"],"_links":{"self":[{"href":"https:\/\/poradenstvikhk.cz\/akce\/wp-json\/wp\/v2\/pages\/1158","targetHints":{"allow":["GET"]}}],"collection":[{"href":"https:\/\/poradenstvikhk.cz\/akce\/wp-json\/wp\/v2\/pages"}],"about":[{"href":"https:\/\/poradenstvikhk.cz\/akce\/wp-json\/wp\/v2\/types\/page"}],"author":[{"embeddable":true,"href":"https:\/\/poradenstvikhk.cz\/akce\/wp-json\/wp\/v2\/users\/2"}],"replies":[{"embeddable":true,"href":"https:\/\/poradenstvikhk.cz\/akce\/wp-json\/wp\/v2\/comments?post=1158"}],"version-history":[{"count":11,"href":"https:\/\/poradenstvikhk.cz\/akce\/wp-json\/wp\/v2\/pages\/1158\/revisions"}],"predecessor-version":[{"id":1851,"href":"https:\/\/poradenstvikhk.cz\/akce\/wp-json\/wp\/v2\/pages\/1158\/revisions\/1851"}],"wp:attachment":[{"href":"https:\/\/poradenstvikhk.cz\/akce\/wp-json\/wp\/v2\/media?parent=1158"}],"curies":[{"name":"wp","href":"https:\/\/api.w.org\/{rel}","templated":true}]}}