{"id":1151,"date":"2023-04-09T01:58:53","date_gmt":"2023-04-08T23:58:53","guid":{"rendered":"https:\/\/poradenstvikhk.cz\/akce\/?page_id=1151"},"modified":"2024-03-07T12:13:42","modified_gmt":"2024-03-07T11:13:42","slug":"eliasova","status":"publish","type":"page","link":"https:\/\/poradenstvikhk.cz\/akce\/eliasova\/","title":{"rendered":"Eli\u00e1\u0161ov\u00e1 2023"},"content":{"rendered":"\t\t<div data-elementor-type=\"wp-page\" data-elementor-id=\"1151\" class=\"elementor elementor-1151\">\n\t\t\t\t\t\t<section class=\"elementor-section elementor-top-section elementor-element elementor-element-921cd2c elementor-section-boxed elementor-section-height-default elementor-section-height-default\" data-id=\"921cd2c\" data-element_type=\"section\">\n\t\t\t\t\t\t<div class=\"elementor-container elementor-column-gap-default\">\n\t\t\t\t\t<div class=\"elementor-column elementor-col-100 elementor-top-column elementor-element elementor-element-97e7255\" data-id=\"97e7255\" data-element_type=\"column\">\n\t\t\t<div class=\"elementor-widget-wrap elementor-element-populated\">\n\t\t\t\t\t\t<div class=\"elementor-element elementor-element-9b0bff3 elementor-widget elementor-widget-spacer\" data-id=\"9b0bff3\" data-element_type=\"widget\" data-widget_type=\"spacer.default\">\n\t\t\t\t<div class=\"elementor-widget-container\">\n\t\t\t\t\t\t\t<div class=\"elementor-spacer\">\n\t\t\t<div class=\"elementor-spacer-inner\"><\/div>\n\t\t<\/div>\n\t\t\t\t\t\t<\/div>\n\t\t\t\t<\/div>\n\t\t\t\t<div class=\"elementor-element elementor-element-0d8f565 elementor-widget elementor-widget-heading\" data-id=\"0d8f565\" data-element_type=\"widget\" data-widget_type=\"heading.default\">\n\t\t\t\t<div class=\"elementor-widget-container\">\n\t\t\t\t\t<h2 class=\"elementor-heading-title elementor-size-default\">Mgr. Zuzana Eli\u00e1\u0161ov\u00e1<\/h2>\t\t\t\t<\/div>\n\t\t\t\t<\/div>\n\t\t\t\t\t<\/div>\n\t\t<\/div>\n\t\t\t\t\t<\/div>\n\t\t<\/section>\n\t\t\t\t<section class=\"elementor-section elementor-top-section elementor-element elementor-element-8b4bf1a elementor-section-boxed elementor-section-height-default elementor-section-height-default\" data-id=\"8b4bf1a\" data-element_type=\"section\">\n\t\t\t\t\t\t<div class=\"elementor-container elementor-column-gap-default\">\n\t\t\t\t\t<div class=\"elementor-column elementor-col-50 elementor-top-column elementor-element elementor-element-8c23b9b\" data-id=\"8c23b9b\" data-element_type=\"column\">\n\t\t\t<div class=\"elementor-widget-wrap elementor-element-populated\">\n\t\t\t\t\t\t<div class=\"elementor-element elementor-element-f5ef8cc elementor-widget elementor-widget-text-editor\" data-id=\"f5ef8cc\" data-element_type=\"widget\" data-widget_type=\"text-editor.default\">\n\t\t\t\t<div class=\"elementor-widget-container\">\n\t\t\t\t\t\t\t\t\t<h5>P\u0159\u00edsp\u011bvek: <strong>Mo\u017enosti psychologick\u00e9 intervence v\u00a0poradensk\u00e9m za\u0159\u00edzen\u00ed<\/strong><\/h5>\t\t\t\t\t\t\t\t<\/div>\n\t\t\t\t<\/div>\n\t\t\t\t<div class=\"elementor-element elementor-element-715f25f elementor-widget elementor-widget-text-editor\" data-id=\"715f25f\" data-element_type=\"widget\" data-widget_type=\"text-editor.default\">\n\t\t\t\t<div class=\"elementor-widget-container\">\n\t\t\t\t\t\t\t\t\t<p>M\u011bn\u00ed se doba, m\u011bn\u00ed se i zak\u00e1zky sm\u011brovan\u00e9 na \u0160PZ. St\u00e1le \u010dast\u011bji se setk\u00e1v\u00e1me s n\u00edzkou motivac\u00ed k u\u010den\u00ed, probl\u00e9my ve vrstevnick\u00fdch vztaz\u00edch, pocity vnit\u0159n\u00edho nap\u011bt\u00ed a t\u00edsn\u011b, se sebepo\u0161kozov\u00e1n\u00edm a dal\u0161\u00edmi jevy. Oslovili jsme proto na\u0161i b\u00fdvalou kolegyni Zuzku Eli\u00e1\u0161ovou, kter\u00e1 nyn\u00ed pracuje v NOMII, aby se n\u00e1mi pod\u011blila o sv\u00e9 zku\u0161enosti a diskutovala o tom, jakou p\u00e9\u010di m\u016f\u017eeme jako poraden\u0161t\u00ed pracovn\u00edci poskytovat na\u0161im klient\u016fm.<\/p>\t\t\t\t\t\t\t\t<\/div>\n\t\t\t\t<\/div>\n\t\t\t\t\t<\/div>\n\t\t<\/div>\n\t\t\t\t<div class=\"elementor-column elementor-col-50 elementor-top-column elementor-element elementor-element-f7337ba\" data-id=\"f7337ba\" data-element_type=\"column\">\n\t\t\t<div class=\"elementor-widget-wrap elementor-element-populated\">\n\t\t\t\t\t\t<div class=\"elementor-element elementor-element-cd4cda0 elementor-widget__width-initial elementor-widget elementor-widget-image\" data-id=\"cd4cda0\" data-element_type=\"widget\" data-widget_type=\"image.default\">\n\t\t\t\t<div class=\"elementor-widget-container\">\n\t\t\t\t\t\t\t\t\t\t\t\t\t\t\t<img decoding=\"async\" width=\"179\" height=\"168\" src=\"https:\/\/poradenstvikhk.cz\/akce\/wp-content\/uploads\/2023\/04\/Obrazek9.png\" class=\"attachment-large size-large wp-image-1153\" alt=\"\" \/>\t\t\t\t\t\t\t\t\t\t\t\t\t\t\t<\/div>\n\t\t\t\t<\/div>\n\t\t\t\t\t<\/div>\n\t\t<\/div>\n\t\t\t\t\t<\/div>\n\t\t<\/section>\n\t\t\t\t<section class=\"elementor-section elementor-top-section elementor-element elementor-element-7550000 elementor-section-boxed elementor-section-height-default elementor-section-height-default\" data-id=\"7550000\" data-element_type=\"section\">\n\t\t\t\t\t\t<div class=\"elementor-container elementor-column-gap-default\">\n\t\t\t\t\t<div class=\"elementor-column elementor-col-100 elementor-top-column elementor-element elementor-element-d948476\" data-id=\"d948476\" data-element_type=\"column\">\n\t\t\t<div class=\"elementor-widget-wrap elementor-element-populated\">\n\t\t\t\t\t\t<div class=\"elementor-element elementor-element-ad36fba elementor-widget elementor-widget-text-editor\" data-id=\"ad36fba\" data-element_type=\"widget\" data-widget_type=\"text-editor.default\">\n\t\t\t\t<div class=\"elementor-widget-container\">\n\t\t\t\t\t\t\t\t\t<p><em>Mgr. et Mgr. Zuzana Eli\u00e1\u0161ov\u00e1 vystudovala obor Filosofie na Univerzit\u011b Pardubice a obor Psychologie na Palack\u00e9ho Univerzit\u011b v Olomouci. Teoretick\u00fdm z\u00e1kladem jej\u00ed psychoterapeutick\u00e9 pr\u00e1ce je Individu\u00e1ln\u00ed psychologie A. Adlera. Je studentkou 2. ro\u010dn\u00edku v\u00fdcviku v Tane\u010dn\u011b-pohybov\u00e9 terapii. Ve sv\u00e9 pr\u00e1ci vyu\u017e\u00edv\u00e1 prvky MBTI a Teorie typ\u016f a pr\u00e1ci s hern\u00edm p\u00edskovi\u0161t\u011bm (sandplaying).\u00a0 Pracovn\u00ed zku\u0161enosti v poradenstv\u00ed a diagnostice z\u00edskala v Pedagogicko-psychologick\u00e9 poradn\u011b v N\u00e1chod\u011b. V posledn\u00edch letech se v\u011bnuje psychoterapeutick\u00e9 pr\u00e1ci a poradenstv\u00ed v soci\u00e1ln\u00ed sf\u00e9\u0159e. V sou\u010dasn\u00e9 dob\u011b v Psychologick\u00e9 poradn\u011b a D\u011btsk\u00e9m krizov\u00e9m centru NOMIA v Hradci Kr\u00e1lov\u00e9, kde se potk\u00e1v\u00e1 s d\u011btmi, jejich rodi\u010di a tak\u00e9 dosp\u00edvaj\u00edc\u00edmi, pro kter\u00e9 po\u0159\u00e1d\u00e1 podp\u016frn\u00e9 a sebepozn\u00e1vac\u00ed skupiny. Na \u010d\u00e1ste\u010dn\u00fd \u00favazek pracuje ve sv\u00e9 soukrom\u00e9 praxi. <\/em><\/p>\t\t\t\t\t\t\t\t<\/div>\n\t\t\t\t<\/div>\n\t\t\t\t<div class=\"elementor-element elementor-element-df10a39 elementor-widget elementor-widget-spacer\" data-id=\"df10a39\" data-element_type=\"widget\" data-widget_type=\"spacer.default\">\n\t\t\t\t<div class=\"elementor-widget-container\">\n\t\t\t\t\t\t\t<div class=\"elementor-spacer\">\n\t\t\t<div class=\"elementor-spacer-inner\"><\/div>\n\t\t<\/div>\n\t\t\t\t\t\t<\/div>\n\t\t\t\t<\/div>\n\t\t\t\t\t<\/div>\n\t\t<\/div>\n\t\t\t\t\t<\/div>\n\t\t<\/section>\n\t\t\t\t<\/div>\n\t\t","protected":false},"excerpt":{"rendered":"<p>Mgr. Zuzana Eli\u00e1\u0161ov\u00e1 P\u0159\u00edsp\u011bvek: Mo\u017enosti psychologick\u00e9 intervence v\u00a0poradensk\u00e9m za\u0159\u00edzen\u00ed M\u011bn\u00ed se doba, m\u011bn\u00ed se i zak\u00e1zky sm\u011brovan\u00e9 na \u0160PZ. St\u00e1le \u010dast\u011bji se setk\u00e1v\u00e1me s n\u00edzkou motivac\u00ed k u\u010den\u00ed, probl\u00e9my ve vrstevnick\u00fdch vztaz\u00edch, pocity vnit\u0159n\u00edho nap\u011bt\u00ed a t\u00edsn\u011b, se sebepo\u0161kozov\u00e1n\u00edm a dal\u0161\u00edmi jevy. Oslovili jsme proto na\u0161i b\u00fdvalou kolegyni Zuzku Eli\u00e1\u0161ovou, kter\u00e1 nyn\u00ed pracuje v NOMII, [&hellip;]<\/p>\n","protected":false},"author":2,"featured_media":0,"parent":0,"menu_order":0,"comment_status":"closed","ping_status":"closed","template":"","meta":{"site-sidebar-layout":"no-sidebar","site-content-layout":"page-builder","ast-site-content-layout":"","site-content-style":"default","site-sidebar-style":"default","ast-global-header-display":"","ast-banner-title-visibility":"","ast-main-header-display":"","ast-hfb-above-header-display":"","ast-hfb-below-header-display":"","ast-hfb-mobile-header-display":"","site-post-title":"disabled","ast-breadcrumbs-content":"","ast-featured-img":"disabled","footer-sml-layout":"","theme-transparent-header-meta":"","adv-header-id-meta":"","stick-header-meta":"","header-above-stick-meta":"","header-main-stick-meta":"","header-below-stick-meta":"","astra-migrate-meta-layouts":"default","ast-page-background-enabled":"default","ast-page-background-meta":{"desktop":{"background-color":"","background-image":"","background-repeat":"repeat","background-position":"center center","background-size":"auto","background-attachment":"scroll","background-type":"","background-media":"","overlay-type":"","overlay-color":"","overlay-opacity":"","overlay-gradient":""},"tablet":{"background-color":"","background-image":"","background-repeat":"repeat","background-position":"center center","background-size":"auto","background-attachment":"scroll","background-type":"","background-media":"","overlay-type":"","overlay-color":"","overlay-opacity":"","overlay-gradient":""},"mobile":{"background-color":"","background-image":"","background-repeat":"repeat","background-position":"center center","background-size":"auto","background-attachment":"scroll","background-type":"","background-media":"","overlay-type":"","overlay-color":"","overlay-opacity":"","overlay-gradient":""}},"ast-content-background-meta":{"desktop":{"background-color":"var(--ast-global-color-5)","background-image":"","background-repeat":"repeat","background-position":"center center","background-size":"auto","background-attachment":"scroll","background-type":"","background-media":"","overlay-type":"","overlay-color":"","overlay-opacity":"","overlay-gradient":""},"tablet":{"background-color":"var(--ast-global-color-5)","background-image":"","background-repeat":"repeat","background-position":"center center","background-size":"auto","background-attachment":"scroll","background-type":"","background-media":"","overlay-type":"","overlay-color":"","overlay-opacity":"","overlay-gradient":""},"mobile":{"background-color":"var(--ast-global-color-5)","background-image":"","background-repeat":"repeat","background-position":"center center","background-size":"auto","background-attachment":"scroll","background-type":"","background-media":"","overlay-type":"","overlay-color":"","overlay-opacity":"","overlay-gradient":""}},"footnotes":""},"class_list":["post-1151","page","type-page","status-publish","hentry"],"_links":{"self":[{"href":"https:\/\/poradenstvikhk.cz\/akce\/wp-json\/wp\/v2\/pages\/1151","targetHints":{"allow":["GET"]}}],"collection":[{"href":"https:\/\/poradenstvikhk.cz\/akce\/wp-json\/wp\/v2\/pages"}],"about":[{"href":"https:\/\/poradenstvikhk.cz\/akce\/wp-json\/wp\/v2\/types\/page"}],"author":[{"embeddable":true,"href":"https:\/\/poradenstvikhk.cz\/akce\/wp-json\/wp\/v2\/users\/2"}],"replies":[{"embeddable":true,"href":"https:\/\/poradenstvikhk.cz\/akce\/wp-json\/wp\/v2\/comments?post=1151"}],"version-history":[{"count":12,"href":"https:\/\/poradenstvikhk.cz\/akce\/wp-json\/wp\/v2\/pages\/1151\/revisions"}],"predecessor-version":[{"id":1846,"href":"https:\/\/poradenstvikhk.cz\/akce\/wp-json\/wp\/v2\/pages\/1151\/revisions\/1846"}],"wp:attachment":[{"href":"https:\/\/poradenstvikhk.cz\/akce\/wp-json\/wp\/v2\/media?parent=1151"}],"curies":[{"name":"wp","href":"https:\/\/api.w.org\/{rel}","templated":true}]}}