{"id":1144,"date":"2023-04-09T01:52:17","date_gmt":"2023-04-08T23:52:17","guid":{"rendered":"https:\/\/poradenstvikhk.cz\/akce\/?page_id=1144"},"modified":"2024-03-07T12:14:34","modified_gmt":"2024-03-07T11:14:34","slug":"matys","status":"publish","type":"page","link":"https:\/\/poradenstvikhk.cz\/akce\/matys\/","title":{"rendered":"Mat\u00fds 2023"},"content":{"rendered":"\t\t<div data-elementor-type=\"wp-page\" data-elementor-id=\"1144\" class=\"elementor elementor-1144\">\n\t\t\t\t\t\t<section class=\"elementor-section elementor-top-section elementor-element elementor-element-72d1f3f elementor-section-boxed elementor-section-height-default elementor-section-height-default\" data-id=\"72d1f3f\" data-element_type=\"section\">\n\t\t\t\t\t\t<div class=\"elementor-container elementor-column-gap-default\">\n\t\t\t\t\t<div class=\"elementor-column elementor-col-100 elementor-top-column elementor-element elementor-element-c3ebce4\" data-id=\"c3ebce4\" data-element_type=\"column\">\n\t\t\t<div class=\"elementor-widget-wrap elementor-element-populated\">\n\t\t\t\t\t\t<div class=\"elementor-element elementor-element-cf148c9 elementor-widget elementor-widget-spacer\" data-id=\"cf148c9\" data-element_type=\"widget\" data-widget_type=\"spacer.default\">\n\t\t\t\t<div class=\"elementor-widget-container\">\n\t\t\t\t\t\t\t<div class=\"elementor-spacer\">\n\t\t\t<div class=\"elementor-spacer-inner\"><\/div>\n\t\t<\/div>\n\t\t\t\t\t\t<\/div>\n\t\t\t\t<\/div>\n\t\t\t\t<div class=\"elementor-element elementor-element-dc4b7a4 elementor-widget elementor-widget-heading\" data-id=\"dc4b7a4\" data-element_type=\"widget\" data-widget_type=\"heading.default\">\n\t\t\t\t<div class=\"elementor-widget-container\">\n\t\t\t\t\t<h2 class=\"elementor-heading-title elementor-size-default\">MUDr. Jaroslav Mat\u00fds<\/h2>\t\t\t\t<\/div>\n\t\t\t\t<\/div>\n\t\t\t\t\t<\/div>\n\t\t<\/div>\n\t\t\t\t\t<\/div>\n\t\t<\/section>\n\t\t\t\t<section class=\"elementor-section elementor-top-section elementor-element elementor-element-ece21ce elementor-section-boxed elementor-section-height-default elementor-section-height-default\" data-id=\"ece21ce\" data-element_type=\"section\">\n\t\t\t\t\t\t<div class=\"elementor-container elementor-column-gap-default\">\n\t\t\t\t\t<div class=\"elementor-column elementor-col-50 elementor-top-column elementor-element elementor-element-e03e4a5\" data-id=\"e03e4a5\" data-element_type=\"column\">\n\t\t\t<div class=\"elementor-widget-wrap elementor-element-populated\">\n\t\t\t\t\t\t<div class=\"elementor-element elementor-element-2203d64 elementor-widget elementor-widget-text-editor\" data-id=\"2203d64\" data-element_type=\"widget\" data-widget_type=\"text-editor.default\">\n\t\t\t\t<div class=\"elementor-widget-container\">\n\t\t\t\t\t\t\t\t\t<h5>P\u0159\u00edsp\u011bvek: <strong>Deprese a \u00fazkosti u d\u011bt\u00ed v dob\u011b postcovidov\u00e9 (postinfek\u010dn\u00ed organick\u00e1 porucha nebo d\u016fsledek digit\u00e1ln\u00ed z\u00e1vislosti a p\u0159et\u00ed\u017een\u00ed?)<\/strong><\/h5>\t\t\t\t\t\t\t\t<\/div>\n\t\t\t\t<\/div>\n\t\t\t\t<div class=\"elementor-element elementor-element-e0e6125 elementor-widget elementor-widget-text-editor\" data-id=\"e0e6125\" data-element_type=\"widget\" data-widget_type=\"text-editor.default\">\n\t\t\t\t<div class=\"elementor-widget-container\">\n\t\t\t\t\t\t\t\t\t<p>Cel\u00e1 planeta si pro\u0161la pandemii COVIDem, typem virov\u00e9 infekce, s jak\u00fdm jsme se zat\u00edm nesetkali. Je obecn\u011b zn\u00e1mo, \u017ee v t\u011b\u017ek\u00fdch dob\u00e1ch \u2013 v\u00e1lky, sucho hlad,\u2026 pandemie, se psychick\u00e9 poruchy rozv\u00edjej\u00ed po zvl\u00e1dnut\u00ed existen\u010dn\u00ed, \u017eivot ohro\u017euj\u00edc\u00ed situace, po ur\u010dit\u00e9 latenci.<\/p><p>V dob\u011b COVIDu se \u0159e\u0161ili zcela p\u0159irozen\u011b p\u0159ev\u00e1\u017en\u011b akutn\u00ed a n\u00e1sledn\u00e9 somatick\u00e9 n\u00e1sledky infekce a protiepidemick\u00e1 opat\u0159en\u00ed. Seri\u00f3zn\u00ed v\u011bdeck\u00e9 pr\u00e1ce postupn\u011b prok\u00e1zaly, \u017ee COVIDov\u00e1 infekce ovliv\u0148uje imunitu tak, \u017ee m\u016f\u017ee doj\u00edt k napaden\u00ed jak\u00e9hokoliv org\u00e1nu, tedy i mozku, i kdy\u017e predispozi\u010dn\u011b jsou to pl\u00edce.\u00a0 Jenom okrajov\u011b se \u0159e\u0161il vliv COVIDov\u00e9 infekce a dopady protiepidemick\u00fdch opat\u0159en\u00ed na psychiku dosp\u011bl\u00fdch a d\u011bt\u00ed.<\/p><p>Hlavn\u00edm mottem odp\u016frc\u016f epidemick\u00fdch opat\u0159en\u00ed \u2013 karant\u00e9ny, byl argument nevhodnosti a \u0161kodlivosti soci\u00e1ln\u00ed izolace hlavn\u011b u senior\u016f, ale i d\u011bt\u00ed a dorostu \u2013 \u0161kol\u00e1k\u016f. U d\u011bt\u00ed a dorostu m\u011bla z\u00e1sadn\u00ed vliv distan\u010dn\u00ed v\u00fduka, v\u00fduka prost\u0159ednictv\u00edm elektronick\u00fdch prost\u0159edk\u016f.\u00a0 Jako \u201ez\u00e1chranou\u201c ve v\u00fduce, ale i pro soci\u00e1ln\u00ed kontakty se jevilo vyu\u017eit\u00ed modern\u00edch technologi\u00ed \u2013 soci\u00e1ln\u00ed s\u00edt\u011b, internet. T\u00edm do\u0161lo nepozorovan\u011b doslovn\u011b k naru\u0161en\u00ed denn\u00edch a \u201epracovn\u00edch ritu\u00e1l\u016f\u201c a n\u00e1vyk\u016f, ke sn\u00ed\u017een\u00ed a\u017e n\u011bkdy i ztr\u00e1t\u011b \u0161koln\u00ed \u2013 pracovn\u00ed v\u00fdkonnosti.\u00a0 Sekund\u00e1rn\u011b do\u0161lo u d\u011bt\u00ed a dorostu k fixaci na elektronick\u00e9 digit\u00e1ln\u00ed technologie, do\u0161lo k p\u0159et\u00ed\u017een\u00ed a vy\u010derp\u00e1n\u00ed se v\u0161emi d\u016fsledky v chov\u00e1n\u00ed, n\u00e1lad\u00e1ch, \u0161koln\u00ed v\u00fdkonnosti, v soci\u00e1ln\u00edch vztaz\u00edch. S n\u00e1stupem na prezen\u010dn\u00ed v\u00fduku se v\u0161e jenom demaskovalo.<\/p><p>Lektor sv\u00fdm sd\u011blen\u00edm pouk\u00e1\u017ee na maskovan\u00fd fenom\u00e9n \u201epostkovidov\u00e1 pandemie digit\u00e1ln\u00ed z\u00e1vislosti a p\u0159et\u00ed\u017een\u00ed\u201c, kter\u00e1 je medi\u00e1ln\u011b prezentov\u00e1na jako postkovidov\u00e1 deprese a \u00fazkost.\u00a0\u00a0<\/p><p>Bohu\u017eel pravdou je, \u017ee a\u017e s odstupem \u010dasu bude psychiatrie schopna odli\u0161it, kter\u00e9 du\u0161evn\u00ed poruchy jsou d\u016fsledkem organick\u00e9ho po\u0161kozen\u00ed mozku \u2013 postinfek\u010dn\u00ed organick\u00e9 poruchy, a kter\u00e9 jsou d\u016fsledek dlouhodob\u00e9 soci\u00e1ln\u00ed izolace \u2013 reaktivn\u00ed du\u0161evn\u00ed poruchy.\u00a0 V obou skupin\u00e1ch jsou projevy velice podobn\u00e9 a\u017e identick\u00e9, ale pr\u016fb\u011bh a l\u00e9\u010dba je odli\u0161n\u00e1. Tady m\u00e1 lektor na mysli hlavn\u011b medi\u00e1ln\u011b prezentovan\u00e9 \u201epostkovidov\u00e9 \u00fazkostn\u00e9 stavy, fobie, deprese, sebepo\u0161kozov\u00e1n\u00ed\u2026\u201c .<\/p>\t\t\t\t\t\t\t\t<\/div>\n\t\t\t\t<\/div>\n\t\t\t\t\t<\/div>\n\t\t<\/div>\n\t\t\t\t<div class=\"elementor-column elementor-col-50 elementor-top-column elementor-element elementor-element-7e153bb\" data-id=\"7e153bb\" data-element_type=\"column\">\n\t\t\t<div class=\"elementor-widget-wrap elementor-element-populated\">\n\t\t\t\t\t\t<div class=\"elementor-element elementor-element-3b44bb1 elementor-widget elementor-widget-image\" data-id=\"3b44bb1\" data-element_type=\"widget\" data-widget_type=\"image.default\">\n\t\t\t\t<div class=\"elementor-widget-container\">\n\t\t\t\t\t\t\t\t\t\t\t\t\t\t\t<img fetchpriority=\"high\" decoding=\"async\" width=\"417\" height=\"401\" src=\"https:\/\/poradenstvikhk.cz\/akce\/wp-content\/uploads\/2023\/04\/Obrazek8.png\" class=\"attachment-large size-large wp-image-1146\" alt=\"\" srcset=\"https:\/\/poradenstvikhk.cz\/akce\/wp-content\/uploads\/2023\/04\/Obrazek8.png 417w, https:\/\/poradenstvikhk.cz\/akce\/wp-content\/uploads\/2023\/04\/Obrazek8-300x288.png 300w\" sizes=\"(max-width: 417px) 100vw, 417px\" \/>\t\t\t\t\t\t\t\t\t\t\t\t\t\t\t<\/div>\n\t\t\t\t<\/div>\n\t\t\t\t<div class=\"elementor-element elementor-element-6a9cebc elementor-widget elementor-widget-text-editor\" data-id=\"6a9cebc\" data-element_type=\"widget\" data-widget_type=\"text-editor.default\">\n\t\t\t\t<div class=\"elementor-widget-container\">\n\t\t\t\t\t\t\t\t\t<p><em>MUDr. Jaroslav Mat\u00fds, d\u011btsk\u00fd a dorostov\u00fd psychiatr, \u010destn\u00fd \u010dlen Asociace klinick\u00fdch logoped\u016f \u010cR. Za svou v\u00edce ne\u017e 20 letou praxi v oboru d\u011btsk\u00e9 a dorostov\u00e9 psychiatrie jsem se setkal s mnoha rozli\u010dn\u00fdmi p\u0159\u00edb\u011bhy d\u011bt\u00ed, jejich rodi\u010d\u016f a cel\u00fdch rodin. M\u011bl jsem mo\u017enost aktivn\u011b nahl\u00e9dnout do sv\u011bta klinick\u00fdch logoped\u016f, pedagog\u016f a soci\u00e1ln\u00edch pracovn\u00edk\u016f, d\u00edky kter\u00fdm jsem mohl l\u00e9pe ch\u00e1pat \u0161irok\u00e9 spektrum pr\u00e1ce s d\u011btmi, nejenom z pohledu l\u00e9ka\u0159e. Jako dlouholet\u00fd p\u0159edseda Asociace d\u011btsk\u00e9 a dorostov\u00e9 psychiatrie jsem dok\u00e1zal vytvo\u0159it, prosadit a udr\u017eet d\u011btskou psychiatrii jako z\u00e1kladn\u00ed medic\u00ednsk\u00fd obor, d\u00edky kter\u00e9mu maj\u00ed dnes v\u0161ichni d\u011bt\u0161t\u00ed pacienti vy\u0161\u0161\u00ed \u0161anci, \u017ee budou m\u00edt dostupnou, odbornou a plnohodnotnou kvalitn\u00ed l\u00e9ka\u0159skou p\u00e9\u010di.<\/em><\/p>\t\t\t\t\t\t\t\t<\/div>\n\t\t\t\t<\/div>\n\t\t\t\t\t<\/div>\n\t\t<\/div>\n\t\t\t\t\t<\/div>\n\t\t<\/section>\n\t\t\t\t<section class=\"elementor-section elementor-top-section elementor-element elementor-element-f7c899f elementor-section-boxed elementor-section-height-default elementor-section-height-default\" data-id=\"f7c899f\" data-element_type=\"section\">\n\t\t\t\t\t\t<div class=\"elementor-container elementor-column-gap-default\">\n\t\t\t\t\t<div class=\"elementor-column elementor-col-100 elementor-top-column elementor-element elementor-element-cd537db\" data-id=\"cd537db\" data-element_type=\"column\">\n\t\t\t<div class=\"elementor-widget-wrap elementor-element-populated\">\n\t\t\t\t\t\t<div class=\"elementor-element elementor-element-5f54892 elementor-widget elementor-widget-spacer\" data-id=\"5f54892\" data-element_type=\"widget\" data-widget_type=\"spacer.default\">\n\t\t\t\t<div class=\"elementor-widget-container\">\n\t\t\t\t\t\t\t<div class=\"elementor-spacer\">\n\t\t\t<div class=\"elementor-spacer-inner\"><\/div>\n\t\t<\/div>\n\t\t\t\t\t\t<\/div>\n\t\t\t\t<\/div>\n\t\t\t\t\t<\/div>\n\t\t<\/div>\n\t\t\t\t\t<\/div>\n\t\t<\/section>\n\t\t\t\t<\/div>\n\t\t","protected":false},"excerpt":{"rendered":"<p>MUDr. Jaroslav Mat\u00fds P\u0159\u00edsp\u011bvek: Deprese a \u00fazkosti u d\u011bt\u00ed v dob\u011b postcovidov\u00e9 (postinfek\u010dn\u00ed organick\u00e1 porucha nebo d\u016fsledek digit\u00e1ln\u00ed z\u00e1vislosti a p\u0159et\u00ed\u017een\u00ed?) Cel\u00e1 planeta si pro\u0161la pandemii COVIDem, typem virov\u00e9 infekce, s jak\u00fdm jsme se zat\u00edm nesetkali. Je obecn\u011b zn\u00e1mo, \u017ee v t\u011b\u017ek\u00fdch dob\u00e1ch \u2013 v\u00e1lky, sucho hlad,\u2026 pandemie, se psychick\u00e9 poruchy rozv\u00edjej\u00ed po zvl\u00e1dnut\u00ed existen\u010dn\u00ed, [&hellip;]<\/p>\n","protected":false},"author":2,"featured_media":0,"parent":0,"menu_order":0,"comment_status":"closed","ping_status":"closed","template":"","meta":{"site-sidebar-layout":"no-sidebar","site-content-layout":"page-builder","ast-site-content-layout":"","site-content-style":"default","site-sidebar-style":"default","ast-global-header-display":"","ast-banner-title-visibility":"","ast-main-header-display":"","ast-hfb-above-header-display":"","ast-hfb-below-header-display":"","ast-hfb-mobile-header-display":"","site-post-title":"disabled","ast-breadcrumbs-content":"","ast-featured-img":"disabled","footer-sml-layout":"","theme-transparent-header-meta":"","adv-header-id-meta":"","stick-header-meta":"","header-above-stick-meta":"","header-main-stick-meta":"","header-below-stick-meta":"","astra-migrate-meta-layouts":"default","ast-page-background-enabled":"default","ast-page-background-meta":{"desktop":{"background-color":"","background-image":"","background-repeat":"repeat","background-position":"center center","background-size":"auto","background-attachment":"scroll","background-type":"","background-media":"","overlay-type":"","overlay-color":"","overlay-opacity":"","overlay-gradient":""},"tablet":{"background-color":"","background-image":"","background-repeat":"repeat","background-position":"center center","background-size":"auto","background-attachment":"scroll","background-type":"","background-media":"","overlay-type":"","overlay-color":"","overlay-opacity":"","overlay-gradient":""},"mobile":{"background-color":"","background-image":"","background-repeat":"repeat","background-position":"center center","background-size":"auto","background-attachment":"scroll","background-type":"","background-media":"","overlay-type":"","overlay-color":"","overlay-opacity":"","overlay-gradient":""}},"ast-content-background-meta":{"desktop":{"background-color":"var(--ast-global-color-5)","background-image":"","background-repeat":"repeat","background-position":"center center","background-size":"auto","background-attachment":"scroll","background-type":"","background-media":"","overlay-type":"","overlay-color":"","overlay-opacity":"","overlay-gradient":""},"tablet":{"background-color":"var(--ast-global-color-5)","background-image":"","background-repeat":"repeat","background-position":"center center","background-size":"auto","background-attachment":"scroll","background-type":"","background-media":"","overlay-type":"","overlay-color":"","overlay-opacity":"","overlay-gradient":""},"mobile":{"background-color":"var(--ast-global-color-5)","background-image":"","background-repeat":"repeat","background-position":"center center","background-size":"auto","background-attachment":"scroll","background-type":"","background-media":"","overlay-type":"","overlay-color":"","overlay-opacity":"","overlay-gradient":""}},"footnotes":""},"class_list":["post-1144","page","type-page","status-publish","hentry"],"_links":{"self":[{"href":"https:\/\/poradenstvikhk.cz\/akce\/wp-json\/wp\/v2\/pages\/1144","targetHints":{"allow":["GET"]}}],"collection":[{"href":"https:\/\/poradenstvikhk.cz\/akce\/wp-json\/wp\/v2\/pages"}],"about":[{"href":"https:\/\/poradenstvikhk.cz\/akce\/wp-json\/wp\/v2\/types\/page"}],"author":[{"embeddable":true,"href":"https:\/\/poradenstvikhk.cz\/akce\/wp-json\/wp\/v2\/users\/2"}],"replies":[{"embeddable":true,"href":"https:\/\/poradenstvikhk.cz\/akce\/wp-json\/wp\/v2\/comments?post=1144"}],"version-history":[{"count":12,"href":"https:\/\/poradenstvikhk.cz\/akce\/wp-json\/wp\/v2\/pages\/1144\/revisions"}],"predecessor-version":[{"id":1852,"href":"https:\/\/poradenstvikhk.cz\/akce\/wp-json\/wp\/v2\/pages\/1144\/revisions\/1852"}],"wp:attachment":[{"href":"https:\/\/poradenstvikhk.cz\/akce\/wp-json\/wp\/v2\/media?parent=1144"}],"curies":[{"name":"wp","href":"https:\/\/api.w.org\/{rel}","templated":true}]}}