{"id":1136,"date":"2023-04-09T01:49:34","date_gmt":"2023-04-08T23:49:34","guid":{"rendered":"https:\/\/poradenstvikhk.cz\/akce\/?page_id=1136"},"modified":"2024-03-07T12:15:03","modified_gmt":"2024-03-07T11:15:03","slug":"brychtova","status":"publish","type":"page","link":"https:\/\/poradenstvikhk.cz\/akce\/brychtova\/","title":{"rendered":"Brychtov\u00e1  2023"},"content":{"rendered":"\t\t<div data-elementor-type=\"wp-page\" data-elementor-id=\"1136\" class=\"elementor elementor-1136\">\n\t\t\t\t\t\t<section class=\"elementor-section elementor-top-section elementor-element elementor-element-90d66ae elementor-section-boxed elementor-section-height-default elementor-section-height-default\" data-id=\"90d66ae\" data-element_type=\"section\">\n\t\t\t\t\t\t<div class=\"elementor-container elementor-column-gap-default\">\n\t\t\t\t\t<div class=\"elementor-column elementor-col-100 elementor-top-column elementor-element elementor-element-de08699\" data-id=\"de08699\" data-element_type=\"column\">\n\t\t\t<div class=\"elementor-widget-wrap elementor-element-populated\">\n\t\t\t\t\t\t<div class=\"elementor-element elementor-element-b8243d5 elementor-widget elementor-widget-spacer\" data-id=\"b8243d5\" data-element_type=\"widget\" data-widget_type=\"spacer.default\">\n\t\t\t\t<div class=\"elementor-widget-container\">\n\t\t\t\t\t\t\t<div class=\"elementor-spacer\">\n\t\t\t<div class=\"elementor-spacer-inner\"><\/div>\n\t\t<\/div>\n\t\t\t\t\t\t<\/div>\n\t\t\t\t<\/div>\n\t\t\t\t\t<\/div>\n\t\t<\/div>\n\t\t\t\t\t<\/div>\n\t\t<\/section>\n\t\t\t\t<section class=\"elementor-section elementor-top-section elementor-element elementor-element-1854461 elementor-section-boxed elementor-section-height-default elementor-section-height-default\" data-id=\"1854461\" data-element_type=\"section\">\n\t\t\t\t\t\t<div class=\"elementor-container elementor-column-gap-default\">\n\t\t\t\t\t<div class=\"elementor-column elementor-col-100 elementor-top-column elementor-element elementor-element-5d2aa89\" data-id=\"5d2aa89\" data-element_type=\"column\">\n\t\t\t<div class=\"elementor-widget-wrap elementor-element-populated\">\n\t\t\t\t\t\t<div class=\"elementor-element elementor-element-d8020dd elementor-widget elementor-widget-heading\" data-id=\"d8020dd\" data-element_type=\"widget\" data-widget_type=\"heading.default\">\n\t\t\t\t<div class=\"elementor-widget-container\">\n\t\t\t\t\t<h2 class=\"elementor-heading-title elementor-size-default\">Mgr. Veronika Brychtov\u00e1, MGR. \u0160\u00c1RKA JANKOVSK\u00c1<\/h2>\t\t\t\t<\/div>\n\t\t\t\t<\/div>\n\t\t\t\t\t<\/div>\n\t\t<\/div>\n\t\t\t\t\t<\/div>\n\t\t<\/section>\n\t\t\t\t<section class=\"elementor-section elementor-top-section elementor-element elementor-element-00f4b6c elementor-section-boxed elementor-section-height-default elementor-section-height-default\" data-id=\"00f4b6c\" data-element_type=\"section\">\n\t\t\t\t\t\t<div class=\"elementor-container elementor-column-gap-default\">\n\t\t\t\t\t<div class=\"elementor-column elementor-col-100 elementor-top-column elementor-element elementor-element-a838a7d\" data-id=\"a838a7d\" data-element_type=\"column\">\n\t\t\t<div class=\"elementor-widget-wrap elementor-element-populated\">\n\t\t\t\t\t\t<div class=\"elementor-element elementor-element-42e9b84 elementor-widget elementor-widget-text-editor\" data-id=\"42e9b84\" data-element_type=\"widget\" data-widget_type=\"text-editor.default\">\n\t\t\t\t<div class=\"elementor-widget-container\">\n\t\t\t\t\t\t\t\t\t<h5 style=\"text-align: left;\">P\u0159\u00edsp\u011bvek: <strong>Senzorick\u00e9 vn\u00edm\u00e1n\u00ed, p\u0159etrv\u00e1vaj\u00edc\u00ed prim\u00e1rn\u00ed reflexy a jejich vliv na pro\u017e\u00edv\u00e1n\u00ed d\u00edt\u011bte a schopnost se u\u010dit <\/strong><\/h5>\t\t\t\t\t\t\t\t<\/div>\n\t\t\t\t<\/div>\n\t\t\t\t<div class=\"elementor-element elementor-element-31b7e33 elementor-widget elementor-widget-text-editor\" data-id=\"31b7e33\" data-element_type=\"widget\" data-widget_type=\"text-editor.default\">\n\t\t\t\t<div class=\"elementor-widget-container\">\n\t\t\t\t\t\t\t\t\t<p>Jsme speci\u00e1ln\u00ed pedago\u017eky z ji\u010d\u00ednsk\u00e9ho SPC, v r\u00e1mci na\u0161\u00ed logopedick\u00e9\/speci\u00e1ln\u011b pedagogick\u00e9 pr\u00e1ce a pr\u00e1ce s d\u011btmi s obt\u00ed\u017eemi v chov\u00e1n\u00ed a u\u010den\u00ed se sna\u017e\u00edme zam\u011b\u0159ovat na odstran\u011bn\u00ed p\u0159\u00ed\u010din nestandardn\u00edch projev\u016f d\u011bt\u00ed. V na\u0161\u00ed pr\u00e1ci mj. \u0159e\u0161\u00edme probl\u00e9my s adaptac\u00ed v kolektivu, pot\u00ed\u017ee s emo\u010dn\u00edm pro\u017e\u00edv\u00e1n\u00edm, celkov\u00fdm rozvojem d\u011bt\u00ed, ale i obt\u00ed\u017eemi v u\u010den\u00ed. P\u0159\u00ed\u010dinou m\u016f\u017ee b\u00fdt zv\u00fd\u0161en\u00e1 senzitivita d\u011bt\u00ed nebo p\u0159etrv\u00e1vaj\u00edc\u00ed prim\u00e1rn\u00ed motorick\u00e9 vzory, kter\u00e9 \u201ebrzd\u00ed\u201c dal\u0161\u00ed rozvoj d\u00edt\u011bte. R\u00e1dy bychom s v\u00e1mi prakticky sd\u00edlely poznatky z na\u0161\u00ed pr\u00e1ce: na co se zam\u011b\u0159it ve t\u0159\u00edd\u00e1ch, jak\u00e1 poskytnout opat\u0159en\u00ed pro senzoricky p\u0159et\u00ed\u017een\u00e9 d\u00edt\u011b nebo jak\u00e9 volit pom\u016fcky pro jeho uklidn\u011bn\u00ed, jak pracovat s p\u0159etrv\u00e1vaj\u00edc\u00edmi prim\u00e1rn\u00edmi reflexy (PPR) v r\u00e1mci b\u011b\u017en\u00e9 speci\u00e1ln\u011b pedagogick\u00e9 diagnostiky p\u0159\u00edpadn\u011b, co sledovat jako projev PPR, v\u010detn\u011b doporu\u010den\u00ed cvi\u010den\u00ed (mimo ucelen\u00e9 stimula\u010dn\u00ed programy) \u201ena doma\u201c.<\/p>\t\t\t\t\t\t\t\t<\/div>\n\t\t\t\t<\/div>\n\t\t\t\t<div class=\"elementor-element elementor-element-32d8c91 elementor-widget elementor-widget-spacer\" data-id=\"32d8c91\" data-element_type=\"widget\" data-widget_type=\"spacer.default\">\n\t\t\t\t<div class=\"elementor-widget-container\">\n\t\t\t\t\t\t\t<div class=\"elementor-spacer\">\n\t\t\t<div class=\"elementor-spacer-inner\"><\/div>\n\t\t<\/div>\n\t\t\t\t\t\t<\/div>\n\t\t\t\t<\/div>\n\t\t\t\t\t<\/div>\n\t\t<\/div>\n\t\t\t\t\t<\/div>\n\t\t<\/section>\n\t\t\t\t<\/div>\n\t\t","protected":false},"excerpt":{"rendered":"<p>Mgr. Veronika Brychtov\u00e1, MGR. \u0160\u00c1RKA JANKOVSK\u00c1 P\u0159\u00edsp\u011bvek: Senzorick\u00e9 vn\u00edm\u00e1n\u00ed, p\u0159etrv\u00e1vaj\u00edc\u00ed prim\u00e1rn\u00ed reflexy a jejich vliv na pro\u017e\u00edv\u00e1n\u00ed d\u00edt\u011bte a schopnost se u\u010dit Jsme speci\u00e1ln\u00ed pedago\u017eky z ji\u010d\u00ednsk\u00e9ho SPC, v r\u00e1mci na\u0161\u00ed logopedick\u00e9\/speci\u00e1ln\u011b pedagogick\u00e9 pr\u00e1ce a pr\u00e1ce s d\u011btmi s obt\u00ed\u017eemi v chov\u00e1n\u00ed a u\u010den\u00ed se sna\u017e\u00edme zam\u011b\u0159ovat na odstran\u011bn\u00ed p\u0159\u00ed\u010din nestandardn\u00edch projev\u016f d\u011bt\u00ed. V na\u0161\u00ed [&hellip;]<\/p>\n","protected":false},"author":2,"featured_media":0,"parent":0,"menu_order":0,"comment_status":"closed","ping_status":"closed","template":"","meta":{"site-sidebar-layout":"no-sidebar","site-content-layout":"page-builder","ast-site-content-layout":"full-width-container","site-content-style":"unboxed","site-sidebar-style":"unboxed","ast-global-header-display":"","ast-banner-title-visibility":"","ast-main-header-display":"","ast-hfb-above-header-display":"","ast-hfb-below-header-display":"","ast-hfb-mobile-header-display":"","site-post-title":"disabled","ast-breadcrumbs-content":"","ast-featured-img":"disabled","footer-sml-layout":"","theme-transparent-header-meta":"","adv-header-id-meta":"","stick-header-meta":"","header-above-stick-meta":"","header-main-stick-meta":"","header-below-stick-meta":"","astra-migrate-meta-layouts":"set","ast-page-background-enabled":"default","ast-page-background-meta":{"desktop":{"background-color":"","background-image":"","background-repeat":"repeat","background-position":"center center","background-size":"auto","background-attachment":"scroll","background-type":"","background-media":"","overlay-type":"","overlay-color":"","overlay-opacity":"","overlay-gradient":""},"tablet":{"background-color":"","background-image":"","background-repeat":"repeat","background-position":"center center","background-size":"auto","background-attachment":"scroll","background-type":"","background-media":"","overlay-type":"","overlay-color":"","overlay-opacity":"","overlay-gradient":""},"mobile":{"background-color":"","background-image":"","background-repeat":"repeat","background-position":"center center","background-size":"auto","background-attachment":"scroll","background-type":"","background-media":"","overlay-type":"","overlay-color":"","overlay-opacity":"","overlay-gradient":""}},"ast-content-background-meta":{"desktop":{"background-color":"var(--ast-global-color-5)","background-image":"","background-repeat":"repeat","background-position":"center center","background-size":"auto","background-attachment":"scroll","background-type":"","background-media":"","overlay-type":"","overlay-color":"","overlay-opacity":"","overlay-gradient":""},"tablet":{"background-color":"var(--ast-global-color-5)","background-image":"","background-repeat":"repeat","background-position":"center center","background-size":"auto","background-attachment":"scroll","background-type":"","background-media":"","overlay-type":"","overlay-color":"","overlay-opacity":"","overlay-gradient":""},"mobile":{"background-color":"var(--ast-global-color-5)","background-image":"","background-repeat":"repeat","background-position":"center center","background-size":"auto","background-attachment":"scroll","background-type":"","background-media":"","overlay-type":"","overlay-color":"","overlay-opacity":"","overlay-gradient":""}},"footnotes":""},"class_list":["post-1136","page","type-page","status-publish","hentry"],"_links":{"self":[{"href":"https:\/\/poradenstvikhk.cz\/akce\/wp-json\/wp\/v2\/pages\/1136","targetHints":{"allow":["GET"]}}],"collection":[{"href":"https:\/\/poradenstvikhk.cz\/akce\/wp-json\/wp\/v2\/pages"}],"about":[{"href":"https:\/\/poradenstvikhk.cz\/akce\/wp-json\/wp\/v2\/types\/page"}],"author":[{"embeddable":true,"href":"https:\/\/poradenstvikhk.cz\/akce\/wp-json\/wp\/v2\/users\/2"}],"replies":[{"embeddable":true,"href":"https:\/\/poradenstvikhk.cz\/akce\/wp-json\/wp\/v2\/comments?post=1136"}],"version-history":[{"count":12,"href":"https:\/\/poradenstvikhk.cz\/akce\/wp-json\/wp\/v2\/pages\/1136\/revisions"}],"predecessor-version":[{"id":1858,"href":"https:\/\/poradenstvikhk.cz\/akce\/wp-json\/wp\/v2\/pages\/1136\/revisions\/1858"}],"wp:attachment":[{"href":"https:\/\/poradenstvikhk.cz\/akce\/wp-json\/wp\/v2\/media?parent=1136"}],"curies":[{"name":"wp","href":"https:\/\/api.w.org\/{rel}","templated":true}]}}