{"id":1112,"date":"2023-04-09T01:25:30","date_gmt":"2023-04-08T23:25:30","guid":{"rendered":"https:\/\/poradenstvikhk.cz\/akce\/?page_id=1112"},"modified":"2024-03-07T12:14:07","modified_gmt":"2024-03-07T11:14:07","slug":"kucharska","status":"publish","type":"page","link":"https:\/\/poradenstvikhk.cz\/akce\/kucharska\/","title":{"rendered":"Kucharsk\u00e1 2023"},"content":{"rendered":"\t\t<div data-elementor-type=\"wp-page\" data-elementor-id=\"1112\" class=\"elementor elementor-1112\">\n\t\t\t\t\t\t<section class=\"elementor-section elementor-top-section elementor-element elementor-element-74be1c6 elementor-section-boxed elementor-section-height-default elementor-section-height-default\" data-id=\"74be1c6\" data-element_type=\"section\">\n\t\t\t\t\t\t<div class=\"elementor-container elementor-column-gap-default\">\n\t\t\t\t\t<div class=\"elementor-column elementor-col-100 elementor-top-column elementor-element elementor-element-bd5929c\" data-id=\"bd5929c\" data-element_type=\"column\">\n\t\t\t<div class=\"elementor-widget-wrap elementor-element-populated\">\n\t\t\t\t\t\t<div class=\"elementor-element elementor-element-34a4b0e elementor-widget elementor-widget-spacer\" data-id=\"34a4b0e\" data-element_type=\"widget\" data-widget_type=\"spacer.default\">\n\t\t\t\t<div class=\"elementor-widget-container\">\n\t\t\t\t\t\t\t<div class=\"elementor-spacer\">\n\t\t\t<div class=\"elementor-spacer-inner\"><\/div>\n\t\t<\/div>\n\t\t\t\t\t\t<\/div>\n\t\t\t\t<\/div>\n\t\t\t\t<div class=\"elementor-element elementor-element-33f2bbf elementor-widget elementor-widget-heading\" data-id=\"33f2bbf\" data-element_type=\"widget\" data-widget_type=\"heading.default\">\n\t\t\t\t<div class=\"elementor-widget-container\">\n\t\t\t\t\t<h2 class=\"elementor-heading-title elementor-size-default\">doc. PhDr. PaedDr. Anna Kucharsk\u00e1, Ph.D. <\/h2>\t\t\t\t<\/div>\n\t\t\t\t<\/div>\n\t\t\t\t\t<\/div>\n\t\t<\/div>\n\t\t\t\t\t<\/div>\n\t\t<\/section>\n\t\t\t\t<section class=\"elementor-section elementor-top-section elementor-element elementor-element-6b378cf elementor-section-boxed elementor-section-height-default elementor-section-height-default\" data-id=\"6b378cf\" data-element_type=\"section\">\n\t\t\t\t\t\t<div class=\"elementor-container elementor-column-gap-default\">\n\t\t\t\t\t<div class=\"elementor-column elementor-col-50 elementor-top-column elementor-element elementor-element-f12a637\" data-id=\"f12a637\" data-element_type=\"column\">\n\t\t\t<div class=\"elementor-widget-wrap elementor-element-populated\">\n\t\t\t\t\t\t<div class=\"elementor-element elementor-element-8bc34bf elementor-widget elementor-widget-text-editor\" data-id=\"8bc34bf\" data-element_type=\"widget\" data-widget_type=\"text-editor.default\">\n\t\t\t\t<div class=\"elementor-widget-container\">\n\t\t\t\t\t\t\t\t\t<h5><span class=\"NormalTextRun SCXW61537741 BCX8\" data-ccp-charstyle=\"Strong\">P\u0159\u00edsp\u011bvek: Diagnostika <\/span><span class=\"NormalTextRun SpellingErrorV2Themed SCXW61537741 BCX8\" data-ccp-charstyle=\"Strong\">gramotnostn\u00edch<\/span><span class=\"NormalTextRun SCXW61537741 BCX8\" data-ccp-charstyle=\"Strong\"> dovednost\u00ed u d\u011bt\u00ed ml. \u0161koln\u00edho v\u011bku<\/span><\/h5>\t\t\t\t\t\t\t\t<\/div>\n\t\t\t\t<\/div>\n\t\t\t\t<div class=\"elementor-element elementor-element-794e82d elementor-widget elementor-widget-text-editor\" data-id=\"794e82d\" data-element_type=\"widget\" data-widget_type=\"text-editor.default\">\n\t\t\t\t<div class=\"elementor-widget-container\">\n\t\t\t\t\t\t\t\t\t<p><span class=\"TextRun SCXW136293283 BCX8\" lang=\"CS-CZ\" xml:lang=\"CS-CZ\" data-contrast=\"auto\"><span class=\"NormalTextRun SCXW136293283 BCX8\" data-ccp-parastyle=\"Normal (Web)\">P\u0159\u00edsp\u011bvek bude zam\u011b\u0159en na prezentaci nov\u00e9 diagnostick\u00e9 baterie <\/span><span class=\"NormalTextRun SpellingErrorV2Themed SCXW136293283 BCX8\" data-ccp-parastyle=\"Normal (Web)\">gramotnostn\u00edch<\/span><span class=\"NormalTextRun SCXW136293283 BCX8\" data-ccp-parastyle=\"Normal (Web)\"> dovednost\u00ed <\/span><span class=\"NormalTextRun SpellingErrorV2Themed SCXW136293283 BCX8\" data-ccp-parastyle=\"Normal (Web)\">PorTex<\/span><span class=\"NormalTextRun SCXW136293283 BCX8\" data-ccp-parastyle=\"Normal (Web)\">,\u00a0<\/span> <span class=\"NormalTextRun SCXW136293283 BCX8\" data-ccp-parastyle=\"Normal (Web)\">kter\u00e1<\/span><span class=\"NormalTextRun SCXW136293283 BCX8\" data-ccp-parastyle=\"Normal (Web)\"> vznikla a byla standardizov\u00e1na v r\u00e1mci projektu TA\u010cR na kated\u0159e psychologie <\/span><span class=\"NormalTextRun SpellingErrorV2Themed SCXW136293283 BCX8\" data-ccp-parastyle=\"Normal (Web)\">PedF<\/span><span class=\"NormalTextRun SCXW136293283 BCX8\" data-ccp-parastyle=\"Normal (Web)\"> UK. P\u0159edstavena budou teoretick\u00e1 v\u00fdchodiska, struktura materi\u00e1lu a mo\u017enosti vyu\u017eit\u00ed diagnostick\u00fdch n\u00e1stroj\u016f, ve kter\u00fdch se prom\u00edt\u00e1 komplexn\u00ed p\u0159\u00edstup k diagnostice (od p\u0159edpoklad\u016f pro rozvoj \u010dten\u00e1\u0159sk\u00e9 gramotnosti, p\u0159es dek\u00f3dov\u00e1n\u00ed a porozum\u011bn\u00ed text\u016fm k osobnostn\u00edm a environment\u00e1ln\u00edm vliv\u016fm, kter\u00e9 rozvoj <\/span><span class=\"NormalTextRun SpellingErrorV2Themed SCXW136293283 BCX8\" data-ccp-parastyle=\"Normal (Web)\">gramotnostn\u00edch<\/span><span class=\"NormalTextRun SCXW136293283 BCX8\" data-ccp-parastyle=\"Normal (Web)\"> dovednost\u00ed determinuj\u00ed).\u202f<\/span><\/span><\/p>\t\t\t\t\t\t\t\t<\/div>\n\t\t\t\t<\/div>\n\t\t\t\t\t<\/div>\n\t\t<\/div>\n\t\t\t\t<div class=\"elementor-column elementor-col-50 elementor-top-column elementor-element elementor-element-c14729a\" data-id=\"c14729a\" data-element_type=\"column\">\n\t\t\t<div class=\"elementor-widget-wrap elementor-element-populated\">\n\t\t\t\t\t\t<div class=\"elementor-element elementor-element-da1064f elementor-widget elementor-widget-image\" data-id=\"da1064f\" data-element_type=\"widget\" data-widget_type=\"image.default\">\n\t\t\t\t<div class=\"elementor-widget-container\">\n\t\t\t\t\t\t\t\t\t\t\t\t\t\t\t<img fetchpriority=\"high\" decoding=\"async\" width=\"495\" height=\"329\" src=\"https:\/\/poradenstvikhk.cz\/akce\/wp-content\/uploads\/2023\/04\/5.png\" class=\"attachment-large size-large wp-image-1115\" alt=\"\" srcset=\"https:\/\/poradenstvikhk.cz\/akce\/wp-content\/uploads\/2023\/04\/5.png 495w, https:\/\/poradenstvikhk.cz\/akce\/wp-content\/uploads\/2023\/04\/5-300x199.png 300w\" sizes=\"(max-width: 495px) 100vw, 495px\" \/>\t\t\t\t\t\t\t\t\t\t\t\t\t\t\t<\/div>\n\t\t\t\t<\/div>\n\t\t\t\t\t<\/div>\n\t\t<\/div>\n\t\t\t\t\t<\/div>\n\t\t<\/section>\n\t\t\t\t<section class=\"elementor-section elementor-top-section elementor-element elementor-element-51fbac2 elementor-section-boxed elementor-section-height-default elementor-section-height-default\" data-id=\"51fbac2\" data-element_type=\"section\">\n\t\t\t\t\t\t<div class=\"elementor-container elementor-column-gap-default\">\n\t\t\t\t\t<div class=\"elementor-column elementor-col-100 elementor-top-column elementor-element elementor-element-7d5d1e2\" data-id=\"7d5d1e2\" data-element_type=\"column\">\n\t\t\t<div class=\"elementor-widget-wrap elementor-element-populated\">\n\t\t\t\t\t\t<div class=\"elementor-element elementor-element-7ef0445 elementor-widget elementor-widget-spacer\" data-id=\"7ef0445\" data-element_type=\"widget\" data-widget_type=\"spacer.default\">\n\t\t\t\t<div class=\"elementor-widget-container\">\n\t\t\t\t\t\t\t<div class=\"elementor-spacer\">\n\t\t\t<div class=\"elementor-spacer-inner\"><\/div>\n\t\t<\/div>\n\t\t\t\t\t\t<\/div>\n\t\t\t\t<\/div>\n\t\t\t\t\t<\/div>\n\t\t<\/div>\n\t\t\t\t\t<\/div>\n\t\t<\/section>\n\t\t\t\t<\/div>\n\t\t","protected":false},"excerpt":{"rendered":"<p>doc. PhDr. PaedDr. Anna Kucharsk\u00e1, Ph.D. P\u0159\u00edsp\u011bvek: Diagnostika gramotnostn\u00edch dovednost\u00ed u d\u011bt\u00ed ml. \u0161koln\u00edho v\u011bku P\u0159\u00edsp\u011bvek bude zam\u011b\u0159en na prezentaci nov\u00e9 diagnostick\u00e9 baterie gramotnostn\u00edch dovednost\u00ed PorTex,\u00a0 kter\u00e1 vznikla a byla standardizov\u00e1na v r\u00e1mci projektu TA\u010cR na kated\u0159e psychologie PedF UK. P\u0159edstavena budou teoretick\u00e1 v\u00fdchodiska, struktura materi\u00e1lu a mo\u017enosti vyu\u017eit\u00ed diagnostick\u00fdch n\u00e1stroj\u016f, ve kter\u00fdch se prom\u00edt\u00e1 [&hellip;]<\/p>\n","protected":false},"author":2,"featured_media":0,"parent":0,"menu_order":0,"comment_status":"closed","ping_status":"closed","template":"","meta":{"site-sidebar-layout":"no-sidebar","site-content-layout":"page-builder","ast-site-content-layout":"","site-content-style":"default","site-sidebar-style":"default","ast-global-header-display":"","ast-banner-title-visibility":"","ast-main-header-display":"","ast-hfb-above-header-display":"","ast-hfb-below-header-display":"","ast-hfb-mobile-header-display":"","site-post-title":"disabled","ast-breadcrumbs-content":"","ast-featured-img":"disabled","footer-sml-layout":"","theme-transparent-header-meta":"","adv-header-id-meta":"","stick-header-meta":"","header-above-stick-meta":"","header-main-stick-meta":"","header-below-stick-meta":"","astra-migrate-meta-layouts":"default","ast-page-background-enabled":"default","ast-page-background-meta":{"desktop":{"background-color":"","background-image":"","background-repeat":"repeat","background-position":"center center","background-size":"auto","background-attachment":"scroll","background-type":"","background-media":"","overlay-type":"","overlay-color":"","overlay-opacity":"","overlay-gradient":""},"tablet":{"background-color":"","background-image":"","background-repeat":"repeat","background-position":"center center","background-size":"auto","background-attachment":"scroll","background-type":"","background-media":"","overlay-type":"","overlay-color":"","overlay-opacity":"","overlay-gradient":""},"mobile":{"background-color":"","background-image":"","background-repeat":"repeat","background-position":"center center","background-size":"auto","background-attachment":"scroll","background-type":"","background-media":"","overlay-type":"","overlay-color":"","overlay-opacity":"","overlay-gradient":""}},"ast-content-background-meta":{"desktop":{"background-color":"var(--ast-global-color-5)","background-image":"","background-repeat":"repeat","background-position":"center center","background-size":"auto","background-attachment":"scroll","background-type":"","background-media":"","overlay-type":"","overlay-color":"","overlay-opacity":"","overlay-gradient":""},"tablet":{"background-color":"var(--ast-global-color-5)","background-image":"","background-repeat":"repeat","background-position":"center center","background-size":"auto","background-attachment":"scroll","background-type":"","background-media":"","overlay-type":"","overlay-color":"","overlay-opacity":"","overlay-gradient":""},"mobile":{"background-color":"var(--ast-global-color-5)","background-image":"","background-repeat":"repeat","background-position":"center center","background-size":"auto","background-attachment":"scroll","background-type":"","background-media":"","overlay-type":"","overlay-color":"","overlay-opacity":"","overlay-gradient":""}},"footnotes":""},"class_list":["post-1112","page","type-page","status-publish","hentry"],"_links":{"self":[{"href":"https:\/\/poradenstvikhk.cz\/akce\/wp-json\/wp\/v2\/pages\/1112","targetHints":{"allow":["GET"]}}],"collection":[{"href":"https:\/\/poradenstvikhk.cz\/akce\/wp-json\/wp\/v2\/pages"}],"about":[{"href":"https:\/\/poradenstvikhk.cz\/akce\/wp-json\/wp\/v2\/types\/page"}],"author":[{"embeddable":true,"href":"https:\/\/poradenstvikhk.cz\/akce\/wp-json\/wp\/v2\/users\/2"}],"replies":[{"embeddable":true,"href":"https:\/\/poradenstvikhk.cz\/akce\/wp-json\/wp\/v2\/comments?post=1112"}],"version-history":[{"count":12,"href":"https:\/\/poradenstvikhk.cz\/akce\/wp-json\/wp\/v2\/pages\/1112\/revisions"}],"predecessor-version":[{"id":1849,"href":"https:\/\/poradenstvikhk.cz\/akce\/wp-json\/wp\/v2\/pages\/1112\/revisions\/1849"}],"wp:attachment":[{"href":"https:\/\/poradenstvikhk.cz\/akce\/wp-json\/wp\/v2\/media?parent=1112"}],"curies":[{"name":"wp","href":"https:\/\/api.w.org\/{rel}","templated":true}]}}